{"id":654,"date":"2026-04-07T13:46:36","date_gmt":"2026-04-07T13:46:36","guid":{"rendered":"https:\/\/thefrenchywine.com\/?post_type=product&#038;p=654"},"modified":"2026-04-07T15:10:54","modified_gmt":"2026-04-07T15:10:54","slug":"prestige-anjou-blanc-domaine-de-langeliere","status":"publish","type":"product","link":"https:\/\/thefrenchywine.com\/en\/product\/prestige-anjou-blanc-domaine-de-langeliere\/","title":{"rendered":"Prestige Anjou Blanc &#8211; Domaine de l&#8217;Angeli\u00e8re"},"content":{"rendered":"<p>From 2 hectares of sandy and gravelly soils in Anjou, 20-year-old Chenin vines yield an exceptional raw material. Harvest takes place in early October, entirely by hand, with meticulous sorting of golden berries lightly affected by botrytis \u2014 a demanding selection that defines the wine\u2019s full complexity.<\/p>\n<p>ts robe is a bright yellow, destined to evolve into deep gold with age. On the nose, complexity reveals itself immediately: ripe pear, vineyard peach, and quince create an alluring, generous bouquet. On the palate, the attack is soft, just off-dry, before layers of ripe fruit and mineral expression gradually unfold. The finish is powerful and remarkably persistent \u2014 the hallmark of great Chenins from Anjou.<\/p>\n<p>Grape varieties: 100% Chenin<\/p>\n<p>Serving temperature: 6 - 8\u00b0C<\/p>\n<p>Drinking window: 7 - 8 years<\/p>\n<p>Foods pairing :<\/p>\n<ul>\n<li>Aperitif boards and foie gras<\/li>\n<li>Fish with a creamy sauce &amp; seared scallops<\/li>\n<li>Roasted poultry with a mushroom sauce<\/li>\n<li>Aged hard cheeses such as Comt\u00e9 and Beaufort<\/li>\n<\/ul>\n<p><img loading=\"lazy\" decoding=\"async\" class=\"alignnone wp-image-470\" src=\"https:\/\/thefrenchywine.com\/wp-content\/uploads\/2025\/10\/HVE-Blanc-300x300.png\" alt=\"\" width=\"205\" height=\"205\" srcset=\"https:\/\/thefrenchywine.com\/wp-content\/uploads\/2025\/10\/HVE-Blanc-300x300.png 300w, https:\/\/thefrenchywine.com\/wp-content\/uploads\/2025\/10\/HVE-Blanc-1024x1024.png 1024w, https:\/\/thefrenchywine.com\/wp-content\/uploads\/2025\/10\/HVE-Blanc-150x150.png 150w, https:\/\/thefrenchywine.com\/wp-content\/uploads\/2025\/10\/HVE-Blanc-768x768.png 768w, https:\/\/thefrenchywine.com\/wp-content\/uploads\/2025\/10\/HVE-Blanc-12x12.png 12w, https:\/\/thefrenchywine.com\/wp-content\/uploads\/2025\/10\/HVE-Blanc-600x600.png 600w, https:\/\/thefrenchywine.com\/wp-content\/uploads\/2025\/10\/HVE-Blanc-100x100.png 100w, https:\/\/thefrenchywine.com\/wp-content\/uploads\/2025\/10\/HVE-Blanc.png 1080w\" sizes=\"auto, (max-width: 205px) 100vw, 205px\" \/><img loading=\"lazy\" decoding=\"async\" class=\"alignnone wp-image-469\" src=\"https:\/\/thefrenchywine.com\/wp-content\/uploads\/2025\/10\/TerraVitis_NEW_Logo_FR_Blanc-1.png-228x300.webp\" alt=\"\" width=\"156\" height=\"205\" srcset=\"https:\/\/thefrenchywine.com\/wp-content\/uploads\/2025\/10\/TerraVitis_NEW_Logo_FR_Blanc-1.png-228x300.webp 228w, https:\/\/thefrenchywine.com\/wp-content\/uploads\/2025\/10\/TerraVitis_NEW_Logo_FR_Blanc-1.png-9x12.webp 9w, https:\/\/thefrenchywine.com\/wp-content\/uploads\/2025\/10\/TerraVitis_NEW_Logo_FR_Blanc-1.png.webp 591w\" sizes=\"auto, (max-width: 156px) 100vw, 156px\" \/><img loading=\"lazy\" decoding=\"async\" class=\"alignnone wp-image-663\" src=\"https:\/\/thefrenchywine.com\/wp-content\/uploads\/2026\/04\/LI-MEDAILLE-GRAND-OR-NM-2311-300x300.png\" alt=\"\" width=\"205\" height=\"205\" srcset=\"https:\/\/thefrenchywine.com\/wp-content\/uploads\/2026\/04\/LI-MEDAILLE-GRAND-OR-NM-2311-300x300.png 300w, https:\/\/thefrenchywine.com\/wp-content\/uploads\/2026\/04\/LI-MEDAILLE-GRAND-OR-NM-2311-150x150.png 150w, https:\/\/thefrenchywine.com\/wp-content\/uploads\/2026\/04\/LI-MEDAILLE-GRAND-OR-NM-2311-12x12.png 12w, https:\/\/thefrenchywine.com\/wp-content\/uploads\/2026\/04\/LI-MEDAILLE-GRAND-OR-NM-2311-100x100.png 100w, https:\/\/thefrenchywine.com\/wp-content\/uploads\/2026\/04\/LI-MEDAILLE-GRAND-OR-NM-2311.png 600w\" sizes=\"auto, (max-width: 205px) 100vw, 205px\" \/><\/p>","protected":false},"excerpt":{"rendered":"<p>Le Chenin qui fait passer votre ap\u00e9ritif au niveau sup\u00e9rieur. Ultra frais, ultra clean : poire, p\u00eache, coing et une min\u00e9ralit\u00e9 qui claque net.<br data-start=\"140\" data-end=\"143\" \/>Valid\u00e9 (et m\u00e9daill\u00e9) au <span class=\"hover:entity-accent entity-underline inline cursor-pointer align-baseline\"><span class=\"whitespace-normal\">Concours G\u00e9n\u00e9ral Agricole de Paris<\/span><\/span> \u2014 maintenant \u00e0 vous de voir pourquoi.<\/p>","protected":false},"featured_media":656,"comment_status":"open","ping_status":"closed","template":"","meta":{"_acf_changed":false,"content-type":"","om_disable_all_campaigns":false,"_monsterinsights_skip_tracking":false,"_monsterinsights_sitenote_active":false,"_monsterinsights_sitenote_note":"","_monsterinsights_sitenote_category":0},"product_brand":[89],"product_cat":[20],"product_tag":[],"class_list":{"0":"post-654","1":"product","2":"type-product","3":"status-publish","4":"has-post-thumbnail","6":"product_brand-domaine-de-langeliere","7":"product_cat-vins-blancs","9":"first","10":"instock","11":"shipping-taxable","12":"purchasable","13":"product-type-simple"},"acf":[],"aioseo_notices":[],"_links":{"self":[{"href":"https:\/\/thefrenchywine.com\/en\/wp-json\/wp\/v2\/product\/654","targetHints":{"allow":["GET"]}}],"collection":[{"href":"https:\/\/thefrenchywine.com\/en\/wp-json\/wp\/v2\/product"}],"about":[{"href":"https:\/\/thefrenchywine.com\/en\/wp-json\/wp\/v2\/types\/product"}],"replies":[{"embeddable":true,"href":"https:\/\/thefrenchywine.com\/en\/wp-json\/wp\/v2\/comments?post=654"}],"wp:featuredmedia":[{"embeddable":true,"href":"https:\/\/thefrenchywine.com\/en\/wp-json\/wp\/v2\/media\/656"}],"wp:attachment":[{"href":"https:\/\/thefrenchywine.com\/en\/wp-json\/wp\/v2\/media?parent=654"}],"wp:term":[{"taxonomy":"product_brand","embeddable":true,"href":"https:\/\/thefrenchywine.com\/en\/wp-json\/wp\/v2\/product_brand?post=654"},{"taxonomy":"product_cat","embeddable":true,"href":"https:\/\/thefrenchywine.com\/en\/wp-json\/wp\/v2\/product_cat?post=654"},{"taxonomy":"product_tag","embeddable":true,"href":"https:\/\/thefrenchywine.com\/en\/wp-json\/wp\/v2\/product_tag?post=654"}],"curies":[{"name":"wp","href":"https:\/\/api.w.org\/{rel}","templated":true}]}}