{"id":649,"date":"2026-04-07T13:46:10","date_gmt":"2026-04-07T13:46:10","guid":{"rendered":"https:\/\/thefrenchywine.com\/?post_type=product&#038;p=649"},"modified":"2026-04-07T13:46:11","modified_gmt":"2026-04-07T13:46:11","slug":"cremant-de-loire-demi-sec-domaine-de-langeliere","status":"publish","type":"product","link":"https:\/\/thefrenchywine.com\/en\/product\/cremant-de-loire-demi-sec-domaine-de-langeliere\/","title":{"rendered":"Cr\u00e9mant de Loire &#8211; Demi sec &#8211; Domaine de l&#8217;Angeli\u00e8re"},"content":{"rendered":"<p>Sur les Sables et Graviers d&#8217;Anjou, \u00e0 Bellevigne-en-Layon, le Domaine de l&#8217;Ang\u00e9li\u00e8re cultive 4 hectares de vignes \u00e2g\u00e9es en moyenne de 20 ans, r\u00e9colt\u00e9es \u00e0 la main, vendang\u00e9es d\u00e8s l&#8217;aube pour pr\u00e9server toute la fra\u00eecheur aromatique des raisins.<\/p>\n<p>L&#8217;assemblage Chardonnay (50 %), Chenin (35 %) et Cabernet Franc (15 %) fait la singularit\u00e9 de cette cuv\u00e9e. Apr\u00e8s un pressurage lent avec s\u00e9lection des jus, la premi\u00e8re fermentation a lieu en cuve. La deuxi\u00e8me \u2014 en bouteille, selon la m\u00e9thode traditionnelle \u2014 donne naissance \u00e0 ces bulles d&#8217;une finesse remarquable. Les bouteilles sont ensuite \u00e9lev\u00e9es 12 \u00e0 18 mois minimum en chai avant d\u00e9gorgement.<\/p>\n<p>Sa robe est cristalline et claire, anim\u00e9e de bulles fines et persistantes. Au nez, les agrumes frais dialoguent avec de d\u00e9licats fruits blancs. En bouche, l&#8217;attaque est \u00e9l\u00e9gante et fra\u00eeche, la structure bien pr\u00e9sente, et la finesse de bulle apporte une longueur aromatique caract\u00e9ristique des grands Cr\u00e9mants de Loire.<\/p>\n<p>Temp\u00e9rature de Service : 6 &#8211; 8\u00b0C<\/p>\n<p>Temps de garde conseill\u00e9 : 2 \u00e0 3 ans<\/p>\n<p>Foods pairing :<\/p>\n<ul>\n<li>Ap\u00e9ritif et cocktail<\/li>\n<li>Sushi<\/li>\n<li>Dessert fruit\u00e9 (fruits blancs), chocolat\u00e9, &#8230;<\/li>\n<\/ul>\n<p><img loading=\"lazy\" decoding=\"async\" class=\"alignnone wp-image-470\" src=\"https:\/\/thefrenchywine.com\/wp-content\/uploads\/2025\/10\/HVE-Blanc-300x300.png\" alt=\"\" width=\"205\" height=\"205\" srcset=\"https:\/\/thefrenchywine.com\/wp-content\/uploads\/2025\/10\/HVE-Blanc-300x300.png 300w, https:\/\/thefrenchywine.com\/wp-content\/uploads\/2025\/10\/HVE-Blanc-1024x1024.png 1024w, https:\/\/thefrenchywine.com\/wp-content\/uploads\/2025\/10\/HVE-Blanc-150x150.png 150w, https:\/\/thefrenchywine.com\/wp-content\/uploads\/2025\/10\/HVE-Blanc-768x768.png 768w, https:\/\/thefrenchywine.com\/wp-content\/uploads\/2025\/10\/HVE-Blanc-12x12.png 12w, https:\/\/thefrenchywine.com\/wp-content\/uploads\/2025\/10\/HVE-Blanc-600x600.png 600w, https:\/\/thefrenchywine.com\/wp-content\/uploads\/2025\/10\/HVE-Blanc-100x100.png 100w, https:\/\/thefrenchywine.com\/wp-content\/uploads\/2025\/10\/HVE-Blanc.png 1080w\" sizes=\"auto, (max-width: 205px) 100vw, 205px\" \/><img loading=\"lazy\" decoding=\"async\" class=\"alignnone wp-image-469\" src=\"https:\/\/thefrenchywine.com\/wp-content\/uploads\/2025\/10\/TerraVitis_NEW_Logo_FR_Blanc-1.png-228x300.webp\" alt=\"\" width=\"156\" height=\"206\" srcset=\"https:\/\/thefrenchywine.com\/wp-content\/uploads\/2025\/10\/TerraVitis_NEW_Logo_FR_Blanc-1.png-228x300.webp 228w, https:\/\/thefrenchywine.com\/wp-content\/uploads\/2025\/10\/TerraVitis_NEW_Logo_FR_Blanc-1.png-9x12.webp 9w, https:\/\/thefrenchywine.com\/wp-content\/uploads\/2025\/10\/TerraVitis_NEW_Logo_FR_Blanc-1.png.webp 591w\" sizes=\"auto, (max-width: 156px) 100vw, 156px\" \/><\/p>","protected":false},"excerpt":{"rendered":"<p>Des bulles d&#8217;exception n\u00e9es sur les terroirs d&#8217;Anjou. Ce Cr\u00e9mant de Loire Demi-Sec s&#8217;impose comme la signature p\u00e9tillante du Domaine de l&#8217;Ang\u00e9li\u00e8re. Une invitation \u00e0 c\u00e9l\u00e9brer \u2014 depuis l&#8217;ap\u00e9ritif jusqu&#8217;au dessert.<\/p>","protected":false},"featured_media":659,"comment_status":"open","ping_status":"closed","template":"","meta":{"_acf_changed":false,"content-type":"","om_disable_all_campaigns":false,"_monsterinsights_skip_tracking":false,"_monsterinsights_sitenote_active":false,"_monsterinsights_sitenote_note":"","_monsterinsights_sitenote_category":0},"product_brand":[89],"product_cat":[33,90],"product_tag":[],"class_list":{"0":"post-649","1":"product","2":"type-product","3":"status-publish","4":"has-post-thumbnail","6":"product_brand-domaine-de-langeliere","7":"product_cat-cremant","8":"product_cat-cremant-de-loire","10":"first","11":"instock","12":"shipping-taxable","13":"purchasable","14":"product-type-simple"},"acf":[],"aioseo_notices":[],"_links":{"self":[{"href":"https:\/\/thefrenchywine.com\/en\/wp-json\/wp\/v2\/product\/649","targetHints":{"allow":["GET"]}}],"collection":[{"href":"https:\/\/thefrenchywine.com\/en\/wp-json\/wp\/v2\/product"}],"about":[{"href":"https:\/\/thefrenchywine.com\/en\/wp-json\/wp\/v2\/types\/product"}],"replies":[{"embeddable":true,"href":"https:\/\/thefrenchywine.com\/en\/wp-json\/wp\/v2\/comments?post=649"}],"wp:featuredmedia":[{"embeddable":true,"href":"https:\/\/thefrenchywine.com\/en\/wp-json\/wp\/v2\/media\/659"}],"wp:attachment":[{"href":"https:\/\/thefrenchywine.com\/en\/wp-json\/wp\/v2\/media?parent=649"}],"wp:term":[{"taxonomy":"product_brand","embeddable":true,"href":"https:\/\/thefrenchywine.com\/en\/wp-json\/wp\/v2\/product_brand?post=649"},{"taxonomy":"product_cat","embeddable":true,"href":"https:\/\/thefrenchywine.com\/en\/wp-json\/wp\/v2\/product_cat?post=649"},{"taxonomy":"product_tag","embeddable":true,"href":"https:\/\/thefrenchywine.com\/en\/wp-json\/wp\/v2\/product_tag?post=649"}],"curies":[{"name":"wp","href":"https:\/\/api.w.org\/{rel}","templated":true}]}}