{"id":607,"date":"2026-02-28T17:21:33","date_gmt":"2026-02-28T17:21:33","guid":{"rendered":"https:\/\/thefrenchywine.com\/?post_type=product&#038;p=607"},"modified":"2026-03-26T10:18:44","modified_gmt":"2026-03-26T10:18:44","slug":"cru-pfann-2023-domaine-boehler","status":"publish","type":"product","link":"https:\/\/thefrenchywine.com\/en\/product\/cru-pfann-2023-domaine-boehler\/","title":{"rendered":"Cru Pfann 2023 &#8211; Domaine Boehler"},"content":{"rendered":"<p><strong>Pfann<\/strong> \u2014 <em>\"the sloping plot\"<\/em> in Alsatian dialect \u2014 carries within it the memory of the land. Drawn from an exceptional terroir in Bas-Rhin, this AOC Alsace white from Domaine Boehler captures everything the Alsatian vineyard has to offer at its most generous: freshness, depth, and character.<\/p>\n<p>The colour is golden with green highlights, luminous and inviting. The nose blooms with elegant floral notes \u2014 white blossom, acacia \u2014 followed by ripe, juicy fruit. On the palate, the wine is full and indulgent, carried by a bright acidity and a long, aromatic finish.<\/p>\n<p>Grape variety : 100% Pinot Grey<\/p>\n<p>Serving temperature: 10\u201312\u202f\u00b0C<\/p>\n<p>Recommended aging: 3 \u2013 6 years<\/p>\n<p>Pairing :<\/p>\n<ul>\n<li>Fishs,<\/li>\n<li>Poultry,<\/li>\n<li>Alsatian quiche<\/li>\n<li>Soft-rind cheeses<\/li>\n<li>Desserts :\u00a0<strong>yellow-fruit tarts<\/strong> (apricot, peach, mirabelle plum - a natural mirror pairing), <strong>Lemon &amp; poppy seed cake<\/strong> (the wine's freshness balances the richness) <strong>Light tarte tatin<\/strong> (the wine's roundness is a perfect match) <strong>Madeleines &amp; financiers<\/strong> (indulgent without being overly sweet)<\/li>\n<\/ul>\n<p><img loading=\"lazy\" decoding=\"async\" class=\"alignnone wp-image-181\" src=\"https:\/\/thefrenchywine.com\/wp-content\/uploads\/2025\/07\/ab_image_full-e1772293964231-300x128.png\" alt=\"\" width=\"260\" height=\"111\" srcset=\"https:\/\/thefrenchywine.com\/wp-content\/uploads\/2025\/07\/ab_image_full-e1772293964231-300x128.png 300w, https:\/\/thefrenchywine.com\/wp-content\/uploads\/2025\/07\/ab_image_full-e1772293964231-18x8.png 18w, https:\/\/thefrenchywine.com\/wp-content\/uploads\/2025\/07\/ab_image_full-e1772293964231.png 410w\" sizes=\"auto, (max-width: 260px) 100vw, 260px\" \/><\/p>\n<p>&nbsp;<\/p>","protected":false},"excerpt":{"rendered":"<p>Floral, d\u00e9licat, solaire. Le <strong>Pfann<\/strong> du Domaine Boehler, c&#8217;est l&#8217;Alsace dans toute sa g\u00e9n\u00e9rosit\u00e9 \u2014 un blanc AOC qui s&#8217;impose d\u00e8s la premi\u00e8re gorg\u00e9e.<\/p>","protected":false},"featured_media":601,"comment_status":"open","ping_status":"closed","template":"","meta":{"_acf_changed":false,"content-type":"","om_disable_all_campaigns":false,"_monsterinsights_skip_tracking":false,"_monsterinsights_sitenote_active":false,"_monsterinsights_sitenote_note":"","_monsterinsights_sitenote_category":0},"product_brand":[87],"product_cat":[20],"product_tag":[],"class_list":{"0":"post-607","1":"product","2":"type-product","3":"status-publish","4":"has-post-thumbnail","6":"product_brand-domaine-boehler","7":"product_cat-vins-blancs","9":"first","10":"instock","11":"shipping-taxable","12":"purchasable","13":"product-type-simple"},"acf":[],"aioseo_notices":[],"_links":{"self":[{"href":"https:\/\/thefrenchywine.com\/en\/wp-json\/wp\/v2\/product\/607","targetHints":{"allow":["GET"]}}],"collection":[{"href":"https:\/\/thefrenchywine.com\/en\/wp-json\/wp\/v2\/product"}],"about":[{"href":"https:\/\/thefrenchywine.com\/en\/wp-json\/wp\/v2\/types\/product"}],"replies":[{"embeddable":true,"href":"https:\/\/thefrenchywine.com\/en\/wp-json\/wp\/v2\/comments?post=607"}],"wp:featuredmedia":[{"embeddable":true,"href":"https:\/\/thefrenchywine.com\/en\/wp-json\/wp\/v2\/media\/601"}],"wp:attachment":[{"href":"https:\/\/thefrenchywine.com\/en\/wp-json\/wp\/v2\/media?parent=607"}],"wp:term":[{"taxonomy":"product_brand","embeddable":true,"href":"https:\/\/thefrenchywine.com\/en\/wp-json\/wp\/v2\/product_brand?post=607"},{"taxonomy":"product_cat","embeddable":true,"href":"https:\/\/thefrenchywine.com\/en\/wp-json\/wp\/v2\/product_cat?post=607"},{"taxonomy":"product_tag","embeddable":true,"href":"https:\/\/thefrenchywine.com\/en\/wp-json\/wp\/v2\/product_tag?post=607"}],"curies":[{"name":"wp","href":"https:\/\/api.w.org\/{rel}","templated":true}]}}