{"id":526,"date":"2025-11-01T10:00:00","date_gmt":"2025-11-01T10:00:00","guid":{"rendered":"https:\/\/thefrenchywine.com\/?post_type=product&#038;p=526"},"modified":"2026-03-01T19:59:06","modified_gmt":"2026-03-01T19:59:06","slug":"gcb-gaita-creisser-las-bestiolas-2022-domaine-carriere-pradal","status":"publish","type":"product","link":"https:\/\/thefrenchywine.com\/en\/product\/gcb-gaita-creisser-las-bestiolas-2022-domaine-carriere-pradal\/","title":{"rendered":"GCB Gaita Cr\u00e9isser las Besti\u00f2las &#8211; 2022 &#8211; Domaine Carri\u00e8re Pradal"},"content":{"rendered":"<p data-start=\"372\" data-end=\"590\">Un grand blanc du Languedoc, vibrant et plein d\u2019\u00e9quilibre.<br data-start=\"434\" data-end=\"437\" \/>La cuv\u00e9e <strong>GCB<\/strong> signe un vin \u00e0 la fois solaire et raffin\u00e9, n\u00e9 sur les terrasses villafranchiennes du domaine, au c\u0153ur d\u2019un environnement pr\u00e9serv\u00e9.<\/p>\n<p data-start=\"592\" data-end=\"963\">Derri\u00e8re son nom myst\u00e9rieux \u2014 <em data-start=\"622\" data-end=\"652\">Gaita Cr\u00e9isser las Besti\u00f2las<\/em> \u2014 se cache un vin sec et \u00e9l\u00e9gant, \u00e0 la robe lumineuse. Le nez s\u2019ouvre sur des notes de p\u00eache, de fleurs blanches et d\u2019immortelle, tandis que la bouche s\u00e9duit par sa rondeur d\u00e9licate et sa fra\u00eecheur persistante. Une finale subtilement toast\u00e9e et vanill\u00e9e lui apporte profondeur et distinction.<\/p>\n<p><strong>Grape variety :<\/strong> Grenache Blanc &#8211; Clairette &#8211; Bourboulenc<\/p>\n<p><strong>Serving temperature :<\/strong> 5 \u00e0 7 ans<\/p>\n<p><strong>Serving temperature :<\/strong> 10-12 \u00b0C<\/p>\n<p><strong>Foods pairing :<\/strong><\/p>\n<ul>\n<li>Poisson noble<\/li>\n<li>Volaille et abats (ris de veau croustillant)<\/li>\n<li>Morilles \u00e0 la cr\u00e8me<\/li>\n<\/ul>\n<p><img loading=\"lazy\" decoding=\"async\" class=\"alignnone  wp-image-620\" src=\"https:\/\/thefrenchywine.com\/wp-content\/uploads\/2025\/11\/mondiale-des-vins-bio-OR2026.png\" alt=\"\" width=\"182\" height=\"182\" srcset=\"https:\/\/thefrenchywine.com\/wp-content\/uploads\/2025\/11\/mondiale-des-vins-bio-OR2026.png 250w, https:\/\/thefrenchywine.com\/wp-content\/uploads\/2025\/11\/mondiale-des-vins-bio-OR2026-150x150.png 150w, https:\/\/thefrenchywine.com\/wp-content\/uploads\/2025\/11\/mondiale-des-vins-bio-OR2026-12x12.png 12w, https:\/\/thefrenchywine.com\/wp-content\/uploads\/2025\/11\/mondiale-des-vins-bio-OR2026-100x100.png 100w\" sizes=\"auto, (max-width: 182px) 100vw, 182px\" \/><img loading=\"lazy\" decoding=\"async\" class=\"alignnone wp-image-523\" src=\"https:\/\/thefrenchywine.com\/wp-content\/uploads\/2025\/10\/logo-original-civl-visuel-generique-rvb-300dpi-154273.png\" alt=\"\" width=\"229\" height=\"229\" srcset=\"https:\/\/thefrenchywine.com\/wp-content\/uploads\/2025\/10\/logo-original-civl-visuel-generique-rvb-300dpi-154273.png 200w, https:\/\/thefrenchywine.com\/wp-content\/uploads\/2025\/10\/logo-original-civl-visuel-generique-rvb-300dpi-154273-150x150.png 150w, https:\/\/thefrenchywine.com\/wp-content\/uploads\/2025\/10\/logo-original-civl-visuel-generique-rvb-300dpi-154273-12x12.png 12w, https:\/\/thefrenchywine.com\/wp-content\/uploads\/2025\/10\/logo-original-civl-visuel-generique-rvb-300dpi-154273-100x100.png 100w\" sizes=\"auto, (max-width: 229px) 100vw, 229px\" \/><\/p>","protected":false},"excerpt":{"rendered":"<p>Un grand blanc du Languedoc, vibrant et plein d\u2019\u00e9quilibre.La cuv\u00e9e GCB signe un vin \u00e0 la fois solaire et raffin\u00e9, n\u00e9 sur les terrasses villafranchiennes du domaine, au c\u0153ur d\u2019un environnement pr\u00e9serv\u00e9. Derri\u00e8re son nom myst\u00e9rieux \u2014 Gaita Cr\u00e9isser las Besti\u00f2las \u2014 se cache un vin sec et \u00e9l\u00e9gant, \u00e0 la robe lumineuse. Le nez [&hellip;]<\/p>\n","protected":false},"featured_media":527,"comment_status":"open","ping_status":"closed","template":"","meta":{"_acf_changed":false,"content-type":"","om_disable_all_campaigns":false,"_monsterinsights_skip_tracking":false,"_monsterinsights_sitenote_active":false,"_monsterinsights_sitenote_note":"","_monsterinsights_sitenote_category":0},"product_brand":[76],"product_cat":[20],"product_tag":[],"class_list":{"0":"post-526","1":"product","2":"type-product","3":"status-publish","4":"has-post-thumbnail","6":"product_brand-domaine-carriere-pradal","7":"product_cat-vins-blancs","9":"first","10":"instock","11":"shipping-taxable","12":"purchasable","13":"product-type-simple"},"acf":[],"aioseo_notices":[],"_links":{"self":[{"href":"https:\/\/thefrenchywine.com\/en\/wp-json\/wp\/v2\/product\/526","targetHints":{"allow":["GET"]}}],"collection":[{"href":"https:\/\/thefrenchywine.com\/en\/wp-json\/wp\/v2\/product"}],"about":[{"href":"https:\/\/thefrenchywine.com\/en\/wp-json\/wp\/v2\/types\/product"}],"replies":[{"embeddable":true,"href":"https:\/\/thefrenchywine.com\/en\/wp-json\/wp\/v2\/comments?post=526"}],"wp:featuredmedia":[{"embeddable":true,"href":"https:\/\/thefrenchywine.com\/en\/wp-json\/wp\/v2\/media\/527"}],"wp:attachment":[{"href":"https:\/\/thefrenchywine.com\/en\/wp-json\/wp\/v2\/media?parent=526"}],"wp:term":[{"taxonomy":"product_brand","embeddable":true,"href":"https:\/\/thefrenchywine.com\/en\/wp-json\/wp\/v2\/product_brand?post=526"},{"taxonomy":"product_cat","embeddable":true,"href":"https:\/\/thefrenchywine.com\/en\/wp-json\/wp\/v2\/product_cat?post=526"},{"taxonomy":"product_tag","embeddable":true,"href":"https:\/\/thefrenchywine.com\/en\/wp-json\/wp\/v2\/product_tag?post=526"}],"curies":[{"name":"wp","href":"https:\/\/api.w.org\/{rel}","templated":true}]}}