{"id":524,"date":"2025-11-01T10:00:47","date_gmt":"2025-11-01T10:00:47","guid":{"rendered":"https:\/\/thefrenchywine.com\/?post_type=product&#038;p=524"},"modified":"2025-10-30T19:30:16","modified_gmt":"2025-10-30T19:30:16","slug":"les-cousins-2023-domaine-carriere-pradal","status":"publish","type":"product","link":"https:\/\/thefrenchywine.com\/en\/product\/les-cousins-2023-domaine-carriere-pradal\/","title":{"rendered":"Les cousins &#8211; 2023 &#8211; Domaine Carri\u00e8re Pradal"},"content":{"rendered":"<p data-start=\"474\" data-end=\"778\">Cuv\u00e9e parcellaire du Languedoc aussi expressif qu\u2019\u00e9l\u00e9gant.<br data-start=\"531\" data-end=\"534\" \/>Les Cousins, c\u2019est l\u2019alliance parfaite entre la chaleur du sud et la fra\u00eecheur du Viognier, un c\u00e9page aussi rare que raffin\u00e9. Longtemps menac\u00e9 de disparition, il est aujourd\u2019hui recherch\u00e9 pour son intensit\u00e9 aromatique et sa texture soyeuse.<\/p>\n<p data-start=\"780\" data-end=\"1039\">Ce vin s\u00e9duit d\u2019abord par son nez gourmand de p\u00eache et d\u2019abricot, relev\u00e9 de fleurs blanches et de notes d\u00e9licatement exotiques. En bouche, la fra\u00eecheur \u00e9quilibre une belle rondeur, avec une finale l\u00e9g\u00e8rement saline qui appelle un deuxi\u00e8me verre.<\/p>\n<p data-start=\"780\" data-end=\"1039\"><strong>Grape variety :<\/strong> 100% Viognier<\/p>\n<p data-start=\"780\" data-end=\"1039\"><strong>Serving temperature :<\/strong> 10-12\u00b0C<\/p>\n<p data-start=\"780\" data-end=\"1039\"><strong>Recommended aging :<\/strong> 3 \u00e0 4 ans<\/p>\n<p data-start=\"780\" data-end=\"1039\"><strong>Foods pairing :<\/strong><\/p>\n<ul>\n<li data-start=\"780\" data-end=\"1039\">Ideal as an aperitif<\/li>\n<li data-start=\"780\" data-end=\"1039\">Poisson grill\u00e9<\/li>\n<li data-start=\"780\" data-end=\"1039\">Volaille r\u00f4tie (volaille de Bresse par exemple)<\/li>\n<li data-start=\"780\" data-end=\"1039\">Fromage de caract\u00e8re (Comt\u00e9 24 mois)<\/li>\n<\/ul>\n<p data-start=\"780\" data-end=\"1039\"><img loading=\"lazy\" decoding=\"async\" class=\"alignnone wp-image-520\" src=\"https:\/\/thefrenchywine.com\/wp-content\/uploads\/2025\/11\/IGP-OC-300x280.png\" alt=\"\" width=\"247\" height=\"230\" srcset=\"https:\/\/thefrenchywine.com\/wp-content\/uploads\/2025\/11\/IGP-OC-300x280.png 300w, https:\/\/thefrenchywine.com\/wp-content\/uploads\/2025\/11\/IGP-OC-13x12.png 13w, https:\/\/thefrenchywine.com\/wp-content\/uploads\/2025\/11\/IGP-OC.png 500w\" sizes=\"auto, (max-width: 247px) 100vw, 247px\" \/><\/p>","protected":false},"excerpt":{"rendered":"<p>Les Cousins, un vin blanc\u00a0\u00e9labor\u00e9 \u00e0 partir du c\u00e9page Viognier, rare et aromatique. Notes de fruits jaunes, fleurs blanches et fra\u00eecheur m\u00e9diterran\u00e9enne.<br \/>\n\u00c0 d\u00e9couvrir sans h\u00e9sitation!<\/p>","protected":false},"featured_media":525,"comment_status":"open","ping_status":"closed","template":"","meta":{"_acf_changed":false,"content-type":"","om_disable_all_campaigns":false,"_monsterinsights_skip_tracking":false,"_monsterinsights_sitenote_active":false,"_monsterinsights_sitenote_note":"","_monsterinsights_sitenote_category":0},"product_brand":[76],"product_cat":[18],"product_tag":[],"class_list":{"0":"post-524","1":"product","2":"type-product","3":"status-publish","4":"has-post-thumbnail","6":"product_brand-domaine-carriere-pradal","7":"product_cat-non-classe","9":"first","10":"instock","11":"shipping-taxable","12":"purchasable","13":"product-type-simple"},"acf":[],"aioseo_notices":[],"_links":{"self":[{"href":"https:\/\/thefrenchywine.com\/en\/wp-json\/wp\/v2\/product\/524","targetHints":{"allow":["GET"]}}],"collection":[{"href":"https:\/\/thefrenchywine.com\/en\/wp-json\/wp\/v2\/product"}],"about":[{"href":"https:\/\/thefrenchywine.com\/en\/wp-json\/wp\/v2\/types\/product"}],"replies":[{"embeddable":true,"href":"https:\/\/thefrenchywine.com\/en\/wp-json\/wp\/v2\/comments?post=524"}],"wp:featuredmedia":[{"embeddable":true,"href":"https:\/\/thefrenchywine.com\/en\/wp-json\/wp\/v2\/media\/525"}],"wp:attachment":[{"href":"https:\/\/thefrenchywine.com\/en\/wp-json\/wp\/v2\/media?parent=524"}],"wp:term":[{"taxonomy":"product_brand","embeddable":true,"href":"https:\/\/thefrenchywine.com\/en\/wp-json\/wp\/v2\/product_brand?post=524"},{"taxonomy":"product_cat","embeddable":true,"href":"https:\/\/thefrenchywine.com\/en\/wp-json\/wp\/v2\/product_cat?post=524"},{"taxonomy":"product_tag","embeddable":true,"href":"https:\/\/thefrenchywine.com\/en\/wp-json\/wp\/v2\/product_tag?post=524"}],"curies":[{"name":"wp","href":"https:\/\/api.w.org\/{rel}","templated":true}]}}