{"id":521,"date":"2025-11-01T10:00:01","date_gmt":"2025-11-01T10:00:01","guid":{"rendered":"https:\/\/thefrenchywine.com\/?post_type=product&#038;p=521"},"modified":"2026-03-02T18:13:13","modified_gmt":"2026-03-02T18:13:13","slug":"troglodytes-2019-domaine-carriere-pradal","status":"publish","type":"product","link":"https:\/\/thefrenchywine.com\/en\/product\/troglodytes-2019-domaine-carriere-pradal\/","title":{"rendered":"Troglodytes &#8211; 2019 &#8211; Domaine Carri\u00e8re Pradal"},"content":{"rendered":"<p data-start=\"520\" data-end=\"799\">Le <strong data-start=\"523\" data-end=\"538\">Troglodytes<\/strong> \u00a0est un vin rouge d\u2019exception, \u00e9labor\u00e9 avec soin \u00e0 Servian, au c\u0153ur du Languedoc. Ce vin rend hommage aux caves troglodytiques de la r\u00e9gion et au savoir-faire ancestral de la famille Carri\u00e8re-Pradal, vignerons depuis 1860.<\/p>\n<p data-start=\"520\" data-end=\"799\">Le Troglodytes est une Cuv\u00e9e parcellaire entour\u00e9e par la garrigue avec ses pins, mimosas, cistes\u2026 et de cigales?<\/p>\n<p data-start=\"801\" data-end=\"972\">Issu d\u2019un assemblage harmonieux de <em>Syrah<\/em> et de <em>Grenache<\/em>, ce vin exprime toute la richesse du terroir m\u00e9diterran\u00e9en sur des sols argilo-calcaires baign\u00e9s de soleil.<\/p>\n<p data-start=\"801\" data-end=\"972\">La robe est pourpre intense, profonde et brillante.<br data-start=\"1066\" data-end=\"1069\" \/>Le nez d\u00e9voile des ar\u00f4mes de fruits noirs m\u00fbrs, de confiture de cerise griotte, accompagn\u00e9s de notes \u00e9pic\u00e9es et bois\u00e9es.<br data-start=\"1196\" data-end=\"1199\" \/>En bouche, l\u2019\u00e9quilibre est parfait entre rondeur et structure : les tanins sont soyeux, la finale longue et persistante.<\/p>\n<p><strong>Grape variety :<\/strong> 60% Syrah &#8211; 40% Grenache Noir<\/p>\n<p><strong>Serving temperature :<\/strong> 14\u00b0C<\/p>\n<p><strong>Recommended aging :<\/strong> 8 ans<\/p>\n<p><strong>Foods pairing :<\/strong><\/p>\n<ul>\n<li>Gigot d&#8217;agneau de 7h<\/li>\n<li>Viande rouge grill\u00e9e ou en sauce<\/li>\n<li>Fromage affin\u00e9<\/li>\n<li>Fondant au chocolat<\/li>\n<\/ul>\n<p><img loading=\"lazy\" decoding=\"async\" class=\"alignnone wp-image-619\" src=\"https:\/\/thefrenchywine.com\/wp-content\/uploads\/2025\/11\/mondiale-des-vin-bio-ARGENT2026.png\" alt=\"\" width=\"203\" height=\"203\" srcset=\"https:\/\/thefrenchywine.com\/wp-content\/uploads\/2025\/11\/mondiale-des-vin-bio-ARGENT2026.png 250w, https:\/\/thefrenchywine.com\/wp-content\/uploads\/2025\/11\/mondiale-des-vin-bio-ARGENT2026-150x150.png 150w, https:\/\/thefrenchywine.com\/wp-content\/uploads\/2025\/11\/mondiale-des-vin-bio-ARGENT2026-12x12.png 12w, https:\/\/thefrenchywine.com\/wp-content\/uploads\/2025\/11\/mondiale-des-vin-bio-ARGENT2026-100x100.png 100w\" sizes=\"auto, (max-width: 203px) 100vw, 203px\" \/><img loading=\"lazy\" decoding=\"async\" class=\"alignnone wp-image-523\" src=\"https:\/\/thefrenchywine.com\/wp-content\/uploads\/2025\/10\/logo-original-civl-visuel-generique-rvb-300dpi-154273.png\" alt=\"\" width=\"246\" height=\"246\" srcset=\"https:\/\/thefrenchywine.com\/wp-content\/uploads\/2025\/10\/logo-original-civl-visuel-generique-rvb-300dpi-154273.png 200w, https:\/\/thefrenchywine.com\/wp-content\/uploads\/2025\/10\/logo-original-civl-visuel-generique-rvb-300dpi-154273-150x150.png 150w, https:\/\/thefrenchywine.com\/wp-content\/uploads\/2025\/10\/logo-original-civl-visuel-generique-rvb-300dpi-154273-12x12.png 12w, https:\/\/thefrenchywine.com\/wp-content\/uploads\/2025\/10\/logo-original-civl-visuel-generique-rvb-300dpi-154273-100x100.png 100w\" sizes=\"auto, (max-width: 246px) 100vw, 246px\" \/><\/p>","protected":false},"excerpt":{"rendered":"<p>le <em>Troglodytes<\/em> du Domaine Carri\u00e8re-Pradal est un vin de caract\u00e8re, chaleureux et \u00e9l\u00e9gant, qui incarne l\u2019\u00e2me du Languedoc.<br \/>\nLe soleil dans votre verre.<\/p>","protected":false},"featured_media":522,"comment_status":"open","ping_status":"closed","template":"","meta":{"_acf_changed":false,"content-type":"","om_disable_all_campaigns":false,"_monsterinsights_skip_tracking":false,"_monsterinsights_sitenote_active":false,"_monsterinsights_sitenote_note":"","_monsterinsights_sitenote_category":0},"product_brand":[76],"product_cat":[78,19],"product_tag":[],"class_list":{"0":"post-521","1":"product","2":"type-product","3":"status-publish","4":"has-post-thumbnail","6":"product_brand-domaine-carriere-pradal","7":"product_cat-aop-languedoc","8":"product_cat-vins-rouges","10":"first","11":"instock","12":"shipping-taxable","13":"purchasable","14":"product-type-simple"},"acf":[],"aioseo_notices":[],"_links":{"self":[{"href":"https:\/\/thefrenchywine.com\/en\/wp-json\/wp\/v2\/product\/521","targetHints":{"allow":["GET"]}}],"collection":[{"href":"https:\/\/thefrenchywine.com\/en\/wp-json\/wp\/v2\/product"}],"about":[{"href":"https:\/\/thefrenchywine.com\/en\/wp-json\/wp\/v2\/types\/product"}],"replies":[{"embeddable":true,"href":"https:\/\/thefrenchywine.com\/en\/wp-json\/wp\/v2\/comments?post=521"}],"wp:featuredmedia":[{"embeddable":true,"href":"https:\/\/thefrenchywine.com\/en\/wp-json\/wp\/v2\/media\/522"}],"wp:attachment":[{"href":"https:\/\/thefrenchywine.com\/en\/wp-json\/wp\/v2\/media?parent=521"}],"wp:term":[{"taxonomy":"product_brand","embeddable":true,"href":"https:\/\/thefrenchywine.com\/en\/wp-json\/wp\/v2\/product_brand?post=521"},{"taxonomy":"product_cat","embeddable":true,"href":"https:\/\/thefrenchywine.com\/en\/wp-json\/wp\/v2\/product_cat?post=521"},{"taxonomy":"product_tag","embeddable":true,"href":"https:\/\/thefrenchywine.com\/en\/wp-json\/wp\/v2\/product_tag?post=521"}],"curies":[{"name":"wp","href":"https:\/\/api.w.org\/{rel}","templated":true}]}}