{"id":518,"date":"2025-11-01T10:00:58","date_gmt":"2025-11-01T10:00:58","guid":{"rendered":"https:\/\/thefrenchywine.com\/?post_type=product&#038;p=518"},"modified":"2025-12-08T19:06:45","modified_gmt":"2025-12-08T19:06:45","slug":"alicante-2020-domaine-carriere-pradal","status":"publish","type":"product","link":"https:\/\/thefrenchywine.com\/en\/product\/alicante-2020-domaine-carriere-pradal\/","title":{"rendered":"Alicante &#8211; 2020 &#8211; Domaine Carri\u00e8re Pradal"},"content":{"rendered":"<p>Ce vin rouge est issu du c\u00e9page Alicante Bouschet, un c\u00e9page teinturier (\u00e0 la chair rouge) n\u00e9 au XIX\u1d49 si\u00e8cle dans le sud de la France.\u00a0<br data-start=\"497\" data-end=\"500\" \/>Reconnu pour sa couleur profonde et ses ar\u00f4mes g\u00e9n\u00e9reux, ce terroir est la plus vieille parcelle centenaire du \u00a0Domaine Carri\u00e8re-Pradal, un terroir id\u00e9al sur les coteaux argilo-calcaires de Servian, au c\u0153ur du Languedoc.<\/p>\n<p>Robe grenat intense, nez sur les fruits noirs m\u00fbrs (cerise burlat) , le kaki et une note d&#8217;olives noires<br data-start=\"826\" data-end=\"829\" \/>La bouche est ample, charnue et chaleureuse, avec des tanins soyeux et une belle persistance tout en fraicheur.<br data-start=\"926\" data-end=\"929\" \/>Un vin expressif, typique du sud, \u00e0 servir l\u00e9g\u00e8rement rafra\u00eechi.<\/p>\n<p>C\u00e9page : 100% Alicante Bouschet<\/p>\n<p>Temp\u00e9rature de Service : 14 \u00b0C<\/p>\n<p>Temps de garde : 10 ans<\/p>\n<p>Petit plus : S\u00e9rie Limit\u00e9e et bouteille num\u00e9rot\u00e9e.<\/p>\n<p>Foods pairing :<\/p>\n<ul>\n<li data-start=\"1049\" data-end=\"1078\">\n<p data-start=\"1051\" data-end=\"1078\">des viandes grill\u00e9es, Gibier (Gigot de sanglier marin\u00e9 et li\u00e8vre \u00e0 la royale)<\/p>\n<\/li>\n<li data-start=\"1079\" data-end=\"1139\">\n<p data-start=\"1081\" data-end=\"1139\">des plats m\u00e9diterran\u00e9ens (tajines, l\u00e9gumes confits),<\/p>\n<\/li>\n<li data-start=\"1140\" data-end=\"1181\">\n<p data-start=\"1142\" data-end=\"1181\">ou une planche de fromages affin\u00e9s.<\/p>\n<\/li>\n<\/ul>\n<p><img loading=\"lazy\" decoding=\"async\" class=\"alignnone wp-image-520\" src=\"https:\/\/thefrenchywine.com\/wp-content\/uploads\/2025\/11\/IGP-OC-300x280.png\" alt=\"\" width=\"185\" height=\"173\" srcset=\"https:\/\/thefrenchywine.com\/wp-content\/uploads\/2025\/11\/IGP-OC-300x280.png 300w, https:\/\/thefrenchywine.com\/wp-content\/uploads\/2025\/11\/IGP-OC-13x12.png 13w, https:\/\/thefrenchywine.com\/wp-content\/uploads\/2025\/11\/IGP-OC.png 500w\" sizes=\"auto, (max-width: 185px) 100vw, 185px\" \/><\/p>","protected":false},"excerpt":{"rendered":"<p>D\u00e9couvrez l\u2019<em>Alicante<\/em> du Domaine Carri\u00e8re-Pradal, un vin rouge profond et solaire issu du c\u00e9page Alicante Bouschet.<br data-start=\"1459\" data-end=\"1462\" \/>Entre puissance et rondeur, il incarne l\u2019expression g\u00e9n\u00e9reuse du terroir du Languedoc.<br data-start=\"1550\" data-end=\"1553\" \/>\u00c0 savourer aujourd\u2019hui ou \u00e0 garder quelques ann\u00e9es, ce vin d\u2019exception refl\u00e8te tout le savoir-faire de la famille Carri\u00e8re-Pradal, vignerons depuis 1860.<\/p>","protected":false},"featured_media":519,"comment_status":"open","ping_status":"closed","template":"","meta":{"_acf_changed":false,"content-type":"","om_disable_all_campaigns":false,"_monsterinsights_skip_tracking":false,"_monsterinsights_sitenote_active":false,"_monsterinsights_sitenote_note":"","_monsterinsights_sitenote_category":0},"product_brand":[76],"product_cat":[77,19],"product_tag":[],"class_list":{"0":"post-518","1":"product","2":"type-product","3":"status-publish","4":"has-post-thumbnail","6":"product_brand-domaine-carriere-pradal","7":"product_cat-igp-pays-doc","8":"product_cat-vins-rouges","10":"first","11":"instock","12":"shipping-taxable","13":"purchasable","14":"product-type-simple"},"acf":[],"aioseo_notices":[],"_links":{"self":[{"href":"https:\/\/thefrenchywine.com\/en\/wp-json\/wp\/v2\/product\/518","targetHints":{"allow":["GET"]}}],"collection":[{"href":"https:\/\/thefrenchywine.com\/en\/wp-json\/wp\/v2\/product"}],"about":[{"href":"https:\/\/thefrenchywine.com\/en\/wp-json\/wp\/v2\/types\/product"}],"replies":[{"embeddable":true,"href":"https:\/\/thefrenchywine.com\/en\/wp-json\/wp\/v2\/comments?post=518"}],"wp:featuredmedia":[{"embeddable":true,"href":"https:\/\/thefrenchywine.com\/en\/wp-json\/wp\/v2\/media\/519"}],"wp:attachment":[{"href":"https:\/\/thefrenchywine.com\/en\/wp-json\/wp\/v2\/media?parent=518"}],"wp:term":[{"taxonomy":"product_brand","embeddable":true,"href":"https:\/\/thefrenchywine.com\/en\/wp-json\/wp\/v2\/product_brand?post=518"},{"taxonomy":"product_cat","embeddable":true,"href":"https:\/\/thefrenchywine.com\/en\/wp-json\/wp\/v2\/product_cat?post=518"},{"taxonomy":"product_tag","embeddable":true,"href":"https:\/\/thefrenchywine.com\/en\/wp-json\/wp\/v2\/product_tag?post=518"}],"curies":[{"name":"wp","href":"https:\/\/api.w.org\/{rel}","templated":true}]}}