{"id":473,"date":"2025-10-11T08:21:08","date_gmt":"2025-10-11T08:21:08","guid":{"rendered":"https:\/\/thefrenchywine.com\/?post_type=product&#038;p=473"},"modified":"2025-10-26T20:12:48","modified_gmt":"2025-10-26T20:12:48","slug":"horizon-2024-chateau-de-brize","status":"publish","type":"product","link":"https:\/\/thefrenchywine.com\/en\/product\/horizon-2024-chateau-de-brize\/","title":{"rendered":"Horizon 2024 &#8211; Ch\u00e2teau de Briz\u00e9"},"content":{"rendered":"<p data-start=\"833\" data-end=\"1218\">Plongez dans la fra\u00eecheur de l\u2019Anjou avec <strong data-start=\"926\" data-end=\"937\">Horizon<\/strong>, le Sauvignon Blanc du Ch\u00e2teau de Briz\u00e9. Issu de vignes cultiv\u00e9es en viticulture responsable sur des sols silico-argileux m\u00eal\u00e9s de faluns et schistes-gr\u00e9seux, ce vin incarne la puret\u00e9 et l\u2019\u00e9l\u00e9gance typiques du c\u00e9page Sauvignon Blanc en Loire.<\/p>\n<p data-start=\"1220\" data-end=\"1567\">Au nez, \u201cHorizon\u201d s\u2019ouvre sur un bouquet \u00e9clatant d\u2019<strong data-start=\"1272\" data-end=\"1283\">agrumes<\/strong> (citron vert, pamplemousse) et de <strong data-start=\"1318\" data-end=\"1337\">fleurs blanches<\/strong>, relev\u00e9 d\u2019une touche herbac\u00e9e d\u00e9licate. En bouche, il offre une attaque vive, une acidit\u00e9 bien \u00e9quilibr\u00e9e, une belle tension rafra\u00eechissante sans exc\u00e8s, avec une finale sur les agrumes et peut-\u00eatre une note l\u00e9g\u00e8rement min\u00e9rale.<\/p>\n<p data-start=\"1569\" data-end=\"1790\">Un vin blanc <strong data-start=\"1582\" data-end=\"1618\">l\u00e9ger, aromatique et d\u00e9salt\u00e9rant<\/strong> \u2014 id\u00e9al \u00e0 d\u00e9guster frais. Parfait pour accompagner un plateau de fruits de mer, des poissons grill\u00e9s ou encore des salades d\u2019\u00e9t\u00e9, ou en ap\u00e9ritif.<\/p>\n<p data-start=\"642\" data-end=\"930\">Discover the freshness of the Loire with <strong data-start=\"683\" data-end=\"694\">Horizon<\/strong>, the <strong data-start=\"700\" data-end=\"719\">Sauvignon Blanc<\/strong> from <strong data-start=\"725\" data-end=\"745\">Ch\u00e2teau de Briz\u00e9<\/strong>. Grown on silica-clay and schist soils in Anjou, this wine reflects the estate\u2019s commitment to <strong data-start=\"841\" data-end=\"868\">sustainable viticulture<\/strong> and the pure, elegant style typical of Loire Valley whites.<\/p>\n<p data-start=\"932\" data-end=\"1191\">The nose opens with <strong data-start=\"952\" data-end=\"977\">vibrant citrus aromas<\/strong> \u2014 lime, grapefruit \u2014 combined with subtle notes of <strong data-start=\"1029\" data-end=\"1062\">white flowers and fresh herbs<\/strong>. On the palate, Horizon is lively and well-balanced, with bright acidity, a clean mineral edge, and a long, refreshing finish.<\/p>\n<p data-start=\"1193\" data-end=\"1387\">A <strong data-start=\"1195\" data-end=\"1247\">light, aromatic, and thirst-quenching white wine<\/strong>, perfect served chilled. It pairs beautifully with <strong data-start=\"1320\" data-end=\"1384\">seafood, grilled fish, summer salads, or as a crisp aperitif<\/strong>.<\/p>\n<p data-start=\"1569\" data-end=\"1790\"><strong>Grape variety :<\/strong> 100% Gamay<\/p>\n<p data-start=\"1569\" data-end=\"1790\"><strong>Serving temperature :<\/strong> 8 \u00e0 10\u00b0C<\/p>\n<p data-start=\"1569\" data-end=\"1790\"><strong>Recommended aging :<\/strong> 2 \u00e0 3 ans<\/p>\n<p data-start=\"1569\" data-end=\"1790\"><strong>Foods pairing :<\/strong><\/p>\n<ul>\n<li data-start=\"1569\" data-end=\"1790\">Ideal as an aperitif<\/li>\n<li data-start=\"1569\" data-end=\"1790\">Plateau de fruits de mer ou plat de poisson<\/li>\n<li data-start=\"1569\" data-end=\"1790\">Salade estival<\/li>\n<\/ul>\n<p>&nbsp;<\/p>\n<p><img loading=\"lazy\" decoding=\"async\" class=\"alignnone wp-image-470\" src=\"https:\/\/thefrenchywine.com\/wp-content\/uploads\/2025\/10\/HVE-Blanc-300x300.png\" alt=\"\" width=\"208\" height=\"208\" srcset=\"https:\/\/thefrenchywine.com\/wp-content\/uploads\/2025\/10\/HVE-Blanc-300x300.png 300w, https:\/\/thefrenchywine.com\/wp-content\/uploads\/2025\/10\/HVE-Blanc-1024x1024.png 1024w, https:\/\/thefrenchywine.com\/wp-content\/uploads\/2025\/10\/HVE-Blanc-150x150.png 150w, https:\/\/thefrenchywine.com\/wp-content\/uploads\/2025\/10\/HVE-Blanc-768x768.png 768w, https:\/\/thefrenchywine.com\/wp-content\/uploads\/2025\/10\/HVE-Blanc-12x12.png 12w, https:\/\/thefrenchywine.com\/wp-content\/uploads\/2025\/10\/HVE-Blanc-600x600.png 600w, https:\/\/thefrenchywine.com\/wp-content\/uploads\/2025\/10\/HVE-Blanc-100x100.png 100w, https:\/\/thefrenchywine.com\/wp-content\/uploads\/2025\/10\/HVE-Blanc.png 1080w\" sizes=\"auto, (max-width: 208px) 100vw, 208px\" \/>\u00a0 <img loading=\"lazy\" decoding=\"async\" class=\"alignnone wp-image-469\" src=\"https:\/\/thefrenchywine.com\/wp-content\/uploads\/2025\/10\/TerraVitis_NEW_Logo_FR_Blanc-1.png-228x300.webp\" alt=\"\" width=\"158\" height=\"208\" srcset=\"https:\/\/thefrenchywine.com\/wp-content\/uploads\/2025\/10\/TerraVitis_NEW_Logo_FR_Blanc-1.png-228x300.webp 228w, https:\/\/thefrenchywine.com\/wp-content\/uploads\/2025\/10\/TerraVitis_NEW_Logo_FR_Blanc-1.png-9x12.webp 9w, https:\/\/thefrenchywine.com\/wp-content\/uploads\/2025\/10\/TerraVitis_NEW_Logo_FR_Blanc-1.png.webp 591w\" sizes=\"auto, (max-width: 158px) 100vw, 158px\" \/><\/p>","protected":false},"excerpt":{"rendered":"<p>Plongez dans la fra\u00eecheur de l\u2019Anjou avec Horizon, le Sauvignon Blanc du Ch\u00e2teau de Briz\u00e9. Issu de vignes cultiv\u00e9es en viticulture responsable sur des sols silico-argileux m\u00eal\u00e9s de faluns et schistes-gr\u00e9seux, ce vin incarne la puret\u00e9 et l\u2019\u00e9l\u00e9gance typiques du c\u00e9page Sauvignon Blanc en Loire. Au nez, \u201cHorizon\u201d s\u2019ouvre sur un bouquet \u00e9clatant d\u2019agrumes (citron [&hellip;]<\/p>\n","protected":false},"featured_media":474,"comment_status":"open","ping_status":"closed","template":"","meta":{"_acf_changed":false,"content-type":"","om_disable_all_campaigns":false,"_monsterinsights_skip_tracking":false,"_monsterinsights_sitenote_active":false,"_monsterinsights_sitenote_note":"","_monsterinsights_sitenote_category":0},"product_brand":[74],"product_cat":[20],"product_tag":[],"class_list":{"0":"post-473","1":"product","2":"type-product","3":"status-publish","4":"has-post-thumbnail","6":"product_brand-chateau-de-brize","7":"product_cat-vins-blancs","9":"first","10":"instock","11":"shipping-taxable","12":"purchasable","13":"product-type-simple"},"acf":[],"aioseo_notices":[],"_links":{"self":[{"href":"https:\/\/thefrenchywine.com\/en\/wp-json\/wp\/v2\/product\/473","targetHints":{"allow":["GET"]}}],"collection":[{"href":"https:\/\/thefrenchywine.com\/en\/wp-json\/wp\/v2\/product"}],"about":[{"href":"https:\/\/thefrenchywine.com\/en\/wp-json\/wp\/v2\/types\/product"}],"replies":[{"embeddable":true,"href":"https:\/\/thefrenchywine.com\/en\/wp-json\/wp\/v2\/comments?post=473"}],"wp:featuredmedia":[{"embeddable":true,"href":"https:\/\/thefrenchywine.com\/en\/wp-json\/wp\/v2\/media\/474"}],"wp:attachment":[{"href":"https:\/\/thefrenchywine.com\/en\/wp-json\/wp\/v2\/media?parent=473"}],"wp:term":[{"taxonomy":"product_brand","embeddable":true,"href":"https:\/\/thefrenchywine.com\/en\/wp-json\/wp\/v2\/product_brand?post=473"},{"taxonomy":"product_cat","embeddable":true,"href":"https:\/\/thefrenchywine.com\/en\/wp-json\/wp\/v2\/product_cat?post=473"},{"taxonomy":"product_tag","embeddable":true,"href":"https:\/\/thefrenchywine.com\/en\/wp-json\/wp\/v2\/product_tag?post=473"}],"curies":[{"name":"wp","href":"https:\/\/api.w.org\/{rel}","templated":true}]}}