{"id":471,"date":"2025-10-11T08:22:42","date_gmt":"2025-10-11T08:22:42","guid":{"rendered":"https:\/\/thefrenchywine.com\/?post_type=product&#038;p=471"},"modified":"2025-10-26T20:11:30","modified_gmt":"2025-10-26T20:11:30","slug":"cabernet-danjou-louresses-2024-chateau-de-brize","status":"publish","type":"product","link":"https:\/\/thefrenchywine.com\/en\/product\/cabernet-danjou-louresses-2024-chateau-de-brize\/","title":{"rendered":"Cabernet d&#8217;Anjou &#8220;Louresses&#8221; 2024 &#8211; Ch\u00e2teau de Briz\u00e9"},"content":{"rendered":"<p data-start=\"840\" data-end=\"1175\">D\u00e9couvrez l\u2019expression la plus gourmande du <strong data-start=\"884\" data-end=\"904\">Cabernet d\u2019Anjou<\/strong> avec la cuv\u00e9e <strong data-start=\"919\" data-end=\"932\">Louresses<\/strong> du <strong data-start=\"936\" data-end=\"956\">Ch\u00e2teau de Briz\u00e9<\/strong>, domaine historique du Maine-et-Loire fond\u00e9 en 1755.<br data-start=\"1009\" data-end=\"1012\" \/>Ce vin ros\u00e9 s\u00e9duit par sa <strong data-start=\"1038\" data-end=\"1078\">robe brillante aux reflets framboise<\/strong> et son <strong data-start=\"1086\" data-end=\"1124\">nez intense de fruits rouges frais<\/strong>, m\u00ealant fraise, groseille et une touche de rose.<\/p>\n<p data-start=\"1177\" data-end=\"1491\">En bouche, la cuv\u00e9e Louresses offre un \u00e9quilibre parfait entre <strong data-start=\"1240\" data-end=\"1264\">fra\u00eecheur et douceur<\/strong> : une l\u00e9g\u00e8re sucrosit\u00e9 parfaitement int\u00e9gr\u00e9e, soutenue par une belle vivacit\u00e9.<br data-start=\"1343\" data-end=\"1346\" \/>Un <strong data-start=\"1349\" data-end=\"1377\">vin estival et convivial<\/strong>, id\u00e9al \u00e0 l\u2019ap\u00e9ritif, avec une tarte aux fruits rouges, des grillades ou une cuisine exotique l\u00e9g\u00e8rement \u00e9pic\u00e9e.<\/p>\n<p data-start=\"1493\" data-end=\"1669\">Issu d\u2019une <strong data-start=\"1504\" data-end=\"1531\">viticulture responsable<\/strong> et \u00e9labor\u00e9 par un domaine class\u00e9 <strong data-start=\"1565\" data-end=\"1598\">Haute Valeur Environnementale<\/strong>, ce Cabernet d\u2019Anjou incarne le savoir-faire et l\u2019\u00e9l\u00e9gance angevine.<\/p>\n<p data-start=\"638\" data-end=\"799\">Experience the elegance of the <strong data-start=\"669\" data-end=\"689\">Cabernet d\u2019Anjou<\/strong> with the <strong data-start=\"699\" data-end=\"718\">Louresses cuv\u00e9e<\/strong> from <strong data-start=\"724\" data-end=\"744\">Ch\u00e2teau de Briz\u00e9<\/strong>, a historic Loire Valley estate dating back to 1755.<\/p>\n<p data-start=\"801\" data-end=\"978\">This ros\u00e9 wine reveals a <strong data-start=\"826\" data-end=\"872\">bright pink hue with raspberry reflections<\/strong> and an <strong data-start=\"880\" data-end=\"914\">expressive nose of red berries<\/strong>, combining strawberry, redcurrant, and delicate floral notes.<\/p>\n<p data-start=\"980\" data-end=\"1232\">On the palate, Louresses is both <strong data-start=\"1013\" data-end=\"1039\">fresh and gently sweet<\/strong>, offering a perfect balance between smoothness and liveliness.<br data-start=\"1102\" data-end=\"1105\" \/>A <strong data-start=\"1107\" data-end=\"1143\">light and refreshing summer wine<\/strong>, ideal as an aperitif, with grilled dishes, fruit desserts, or lightly spiced cuisine.<\/p>\n<p data-start=\"1234\" data-end=\"1418\">Crafted with <strong data-start=\"1247\" data-end=\"1290\">environmentally responsible viticulture<\/strong> and certified <strong data-start=\"1305\" data-end=\"1339\">High Environmental Value (HVE)<\/strong>, this Cabernet d\u2019Anjou embodies the finesse and authenticity of Loire ros\u00e9s.<\/p>\n<p data-start=\"1234\" data-end=\"1418\"><strong>Grape variety :<\/strong> 50% Cabernet Franc &#8211; 50% Cabernet sauvignon<\/p>\n<p data-start=\"1234\" data-end=\"1418\"><strong>Serving temperature :<\/strong> 8 &#8211; 10\u00b0C<\/p>\n<p data-start=\"1234\" data-end=\"1418\"><strong>Recommended aging :<\/strong> 3 &#8211; 4 ans \/ year<\/p>\n<p data-start=\"1234\" data-end=\"1418\"><img loading=\"lazy\" decoding=\"async\" class=\"alignnone wp-image-470\" src=\"https:\/\/thefrenchywine.com\/wp-content\/uploads\/2025\/10\/HVE-Blanc-300x300.png\" alt=\"\" width=\"200\" height=\"200\" srcset=\"https:\/\/thefrenchywine.com\/wp-content\/uploads\/2025\/10\/HVE-Blanc-300x300.png 300w, https:\/\/thefrenchywine.com\/wp-content\/uploads\/2025\/10\/HVE-Blanc-1024x1024.png 1024w, https:\/\/thefrenchywine.com\/wp-content\/uploads\/2025\/10\/HVE-Blanc-150x150.png 150w, https:\/\/thefrenchywine.com\/wp-content\/uploads\/2025\/10\/HVE-Blanc-768x768.png 768w, https:\/\/thefrenchywine.com\/wp-content\/uploads\/2025\/10\/HVE-Blanc-12x12.png 12w, https:\/\/thefrenchywine.com\/wp-content\/uploads\/2025\/10\/HVE-Blanc-600x600.png 600w, https:\/\/thefrenchywine.com\/wp-content\/uploads\/2025\/10\/HVE-Blanc-100x100.png 100w, https:\/\/thefrenchywine.com\/wp-content\/uploads\/2025\/10\/HVE-Blanc.png 1080w\" sizes=\"auto, (max-width: 200px) 100vw, 200px\" \/> <img loading=\"lazy\" decoding=\"async\" class=\"alignnone wp-image-469\" src=\"https:\/\/thefrenchywine.com\/wp-content\/uploads\/2025\/10\/TerraVitis_NEW_Logo_FR_Blanc-1.png-228x300.webp\" alt=\"\" width=\"151\" height=\"199\" srcset=\"https:\/\/thefrenchywine.com\/wp-content\/uploads\/2025\/10\/TerraVitis_NEW_Logo_FR_Blanc-1.png-228x300.webp 228w, https:\/\/thefrenchywine.com\/wp-content\/uploads\/2025\/10\/TerraVitis_NEW_Logo_FR_Blanc-1.png-9x12.webp 9w, https:\/\/thefrenchywine.com\/wp-content\/uploads\/2025\/10\/TerraVitis_NEW_Logo_FR_Blanc-1.png.webp 591w\" sizes=\"auto, (max-width: 151px) 100vw, 151px\" \/><\/p>","protected":false},"excerpt":{"rendered":"<p>Tout rose, mais un vrai vin ! Un v\u00e9ritable vin d\u2019\u00e9t\u00e9, frais et l\u00e9g\u00e8rement sucr\u00e9.<br \/>\n<em>All pink but a real wine! A true summer ros\u00e9 \u2014 fresh, light, and delicately sweet.<\/em><\/p>","protected":false},"featured_media":472,"comment_status":"open","ping_status":"closed","template":"","meta":{"_acf_changed":false,"content-type":"","om_disable_all_campaigns":false,"_monsterinsights_skip_tracking":false,"_monsterinsights_sitenote_active":false,"_monsterinsights_sitenote_note":"","_monsterinsights_sitenote_category":0},"product_brand":[74],"product_cat":[75,73,22],"product_tag":[],"class_list":{"0":"post-471","1":"product","2":"type-product","3":"status-publish","4":"has-post-thumbnail","6":"product_brand-chateau-de-brize","7":"product_cat-cabernet-danjou","8":"product_cat-rose-doux","9":"product_cat-vins-roses","11":"first","12":"instock","13":"shipping-taxable","14":"purchasable","15":"product-type-simple"},"acf":[],"aioseo_notices":[],"_links":{"self":[{"href":"https:\/\/thefrenchywine.com\/en\/wp-json\/wp\/v2\/product\/471","targetHints":{"allow":["GET"]}}],"collection":[{"href":"https:\/\/thefrenchywine.com\/en\/wp-json\/wp\/v2\/product"}],"about":[{"href":"https:\/\/thefrenchywine.com\/en\/wp-json\/wp\/v2\/types\/product"}],"replies":[{"embeddable":true,"href":"https:\/\/thefrenchywine.com\/en\/wp-json\/wp\/v2\/comments?post=471"}],"wp:featuredmedia":[{"embeddable":true,"href":"https:\/\/thefrenchywine.com\/en\/wp-json\/wp\/v2\/media\/472"}],"wp:attachment":[{"href":"https:\/\/thefrenchywine.com\/en\/wp-json\/wp\/v2\/media?parent=471"}],"wp:term":[{"taxonomy":"product_brand","embeddable":true,"href":"https:\/\/thefrenchywine.com\/en\/wp-json\/wp\/v2\/product_brand?post=471"},{"taxonomy":"product_cat","embeddable":true,"href":"https:\/\/thefrenchywine.com\/en\/wp-json\/wp\/v2\/product_cat?post=471"},{"taxonomy":"product_tag","embeddable":true,"href":"https:\/\/thefrenchywine.com\/en\/wp-json\/wp\/v2\/product_tag?post=471"}],"curies":[{"name":"wp","href":"https:\/\/api.w.org\/{rel}","templated":true}]}}