{"id":466,"date":"2025-10-11T08:22:10","date_gmt":"2025-10-11T08:22:10","guid":{"rendered":"https:\/\/thefrenchywine.com\/?post_type=product&#038;p=466"},"modified":"2025-10-11T08:22:10","modified_gmt":"2025-10-11T08:22:10","slug":"1933-chateau-de-brize","status":"publish","type":"product","link":"https:\/\/thefrenchywine.com\/en\/product\/1933-chateau-de-brize\/","title":{"rendered":"1933 &#8211; Ch\u00e2teau de Briz\u00e9"},"content":{"rendered":"<p data-start=\"1451\" data-end=\"1849\">D\u00e9couvrez le charme des <strong data-start=\"1525\" data-end=\"1546\">bulles naturelles<\/strong> avec \u201c1933\u201d, la cuv\u00e9e P\u00e9tillant Naturel du <strong data-start=\"1590\" data-end=\"1610\">Ch\u00e2teau de Briz\u00e9<\/strong>, ancr\u00e9 au c\u0153ur de l\u2019Anjou sur un terroir silico-argileux aux faluns et schistes-gr\u00e9seux. Un vin effervescent issu d&#8217;une viticulture responsable, certifi\u00e9e Haute Valeur Environnementale, avec une ambition de conversion biologique totale.<\/p>\n<p data-start=\"1851\" data-end=\"2217\">Ce p\u00e9tillant charme le regard gr\u00e2ce \u00e0 sa teinte d\u00e9licate, et s\u00e9duit imm\u00e9diatement par son <strong data-start=\"1941\" data-end=\"1955\">nez fruit\u00e9<\/strong>, m\u00ealant agrumes frais, pomme verte et une touche florale. En bouche, il offre une <strong data-start=\"2038\" data-end=\"2068\">fra\u00eecheur vive et agr\u00e9able<\/strong>, avec une bulle fine, douce sucrosit\u00e9 tr\u00e8s \u00e9quilibr\u00e9e, et un faible degr\u00e9 d\u2019alcool \u2014 parfait pour ceux qui aiment les vins l\u00e9gers mais expressifs.<\/p>\n<p data-start=\"2219\" data-end=\"2408\">Id\u00e9al en ap\u00e9ritif, il accompagne agr\u00e9ablement des tapas, des plats de poisson, ou m\u00eame un dessert fruit\u00e9. \u00c0 appr\u00e9cier bien frais pour r\u00e9v\u00e9ler toutes ses vibrations aromatiques<\/p>\n<p data-start=\"644\" data-end=\"825\">Discover the charm of <strong data-start=\"666\" data-end=\"692\">natural sparkling wine<\/strong> with \u201c1933\u201d, the <strong data-start=\"710\" data-end=\"731\">P\u00e9tillant Naturel<\/strong> crafted by <strong data-start=\"743\" data-end=\"763\">Ch\u00e2teau de Briz\u00e9<\/strong>, a historic Loire Valley estate rooted in Anjou since 1755.<\/p>\n<p data-start=\"827\" data-end=\"1083\">Made from sustainably grown grapes on <strong data-start=\"865\" data-end=\"905\">silica-clay, falun, and schist soils<\/strong>, this effervescent cuv\u00e9e reflects the estate\u2019s commitment to <strong data-start=\"967\" data-end=\"995\">eco-friendly viticulture<\/strong> (High Environmental Value certified, and progressing toward full organic conversion).<\/p>\n<p data-start=\"1085\" data-end=\"1390\">\u201c1933\u201d reveals a <strong data-start=\"1102\" data-end=\"1120\">delicate color<\/strong> and a <strong data-start=\"1127\" data-end=\"1152\">fresh, fruity bouquet<\/strong>, blending green apple, citrus, and subtle floral notes. On the palate, it\u2019s lively and refreshing, with <strong data-start=\"1257\" data-end=\"1273\">fine bubbles<\/strong>, a touch of natural sweetness, and a pleasantly <strong data-start=\"1322\" data-end=\"1343\">low alcohol level<\/strong> \u2014 the perfect sparkling for relaxed moments.<\/p>\n<p data-start=\"1392\" data-end=\"1556\">Ideal as an <strong data-start=\"1404\" data-end=\"1416\">aperitif<\/strong>, or to pair with seafood, summer salads, or fruity desserts. Serve well chilled to reveal its pure and vibrant character.<\/p>\n<p>C\u00e9page : 50% Grolleau &#8211; 50% Verdhelo<\/p>\n<p>Temp\u00e9rature de service : 6 \u00e0 8\u00b0C<\/p>\n<p>Temps de garde conseill\u00e9 : 1 \u00e0 2 ans maximum<\/p>\n<p><img loading=\"lazy\" decoding=\"async\" class=\"alignnone wp-image-470\" src=\"https:\/\/thefrenchywine.com\/wp-content\/uploads\/2025\/10\/HVE-Blanc-300x300.png\" alt=\"\" width=\"174\" height=\"174\" srcset=\"https:\/\/thefrenchywine.com\/wp-content\/uploads\/2025\/10\/HVE-Blanc-300x300.png 300w, https:\/\/thefrenchywine.com\/wp-content\/uploads\/2025\/10\/HVE-Blanc-1024x1024.png 1024w, https:\/\/thefrenchywine.com\/wp-content\/uploads\/2025\/10\/HVE-Blanc-150x150.png 150w, https:\/\/thefrenchywine.com\/wp-content\/uploads\/2025\/10\/HVE-Blanc-768x768.png 768w, https:\/\/thefrenchywine.com\/wp-content\/uploads\/2025\/10\/HVE-Blanc-12x12.png 12w, https:\/\/thefrenchywine.com\/wp-content\/uploads\/2025\/10\/HVE-Blanc-600x600.png 600w, https:\/\/thefrenchywine.com\/wp-content\/uploads\/2025\/10\/HVE-Blanc-100x100.png 100w, https:\/\/thefrenchywine.com\/wp-content\/uploads\/2025\/10\/HVE-Blanc.png 1080w\" sizes=\"auto, (max-width: 174px) 100vw, 174px\" \/> \u00a0<img loading=\"lazy\" decoding=\"async\" class=\"alignnone wp-image-469\" src=\"https:\/\/thefrenchywine.com\/wp-content\/uploads\/2025\/10\/TerraVitis_NEW_Logo_FR_Blanc-1.png-228x300.webp\" alt=\"\" width=\"127\" height=\"167\" srcset=\"https:\/\/thefrenchywine.com\/wp-content\/uploads\/2025\/10\/TerraVitis_NEW_Logo_FR_Blanc-1.png-228x300.webp 228w, https:\/\/thefrenchywine.com\/wp-content\/uploads\/2025\/10\/TerraVitis_NEW_Logo_FR_Blanc-1.png-9x12.webp 9w, https:\/\/thefrenchywine.com\/wp-content\/uploads\/2025\/10\/TerraVitis_NEW_Logo_FR_Blanc-1.png.webp 591w\" sizes=\"auto, (max-width: 127px) 100vw, 127px\" \/><\/p>","protected":false},"excerpt":{"rendered":"<p>Ni Champagne, ni Cr\u00e9mant, ce p\u00e9tillant naturel se d\u00e9guste facilement \u00e0 toutes occasions.<\/p>\n<p>Not a Champagne, nor a Cr\u00e9mant, this natural sparkling wine is easy to enjoy on any occasion.<\/p>","protected":false},"featured_media":467,"comment_status":"open","ping_status":"closed","template":"","meta":{"_acf_changed":false,"content-type":"","om_disable_all_campaigns":false,"_monsterinsights_skip_tracking":false,"_monsterinsights_sitenote_active":false,"_monsterinsights_sitenote_note":"","_monsterinsights_sitenote_category":0},"product_brand":[74],"product_cat":[24],"product_tag":[],"class_list":{"0":"post-466","1":"product","2":"type-product","3":"status-publish","4":"has-post-thumbnail","6":"product_brand-chateau-de-brize","7":"product_cat-vins-effervescents","9":"first","10":"instock","11":"shipping-taxable","12":"purchasable","13":"product-type-simple"},"acf":[],"aioseo_notices":[],"_links":{"self":[{"href":"https:\/\/thefrenchywine.com\/en\/wp-json\/wp\/v2\/product\/466","targetHints":{"allow":["GET"]}}],"collection":[{"href":"https:\/\/thefrenchywine.com\/en\/wp-json\/wp\/v2\/product"}],"about":[{"href":"https:\/\/thefrenchywine.com\/en\/wp-json\/wp\/v2\/types\/product"}],"replies":[{"embeddable":true,"href":"https:\/\/thefrenchywine.com\/en\/wp-json\/wp\/v2\/comments?post=466"}],"wp:featuredmedia":[{"embeddable":true,"href":"https:\/\/thefrenchywine.com\/en\/wp-json\/wp\/v2\/media\/467"}],"wp:attachment":[{"href":"https:\/\/thefrenchywine.com\/en\/wp-json\/wp\/v2\/media?parent=466"}],"wp:term":[{"taxonomy":"product_brand","embeddable":true,"href":"https:\/\/thefrenchywine.com\/en\/wp-json\/wp\/v2\/product_brand?post=466"},{"taxonomy":"product_cat","embeddable":true,"href":"https:\/\/thefrenchywine.com\/en\/wp-json\/wp\/v2\/product_cat?post=466"},{"taxonomy":"product_tag","embeddable":true,"href":"https:\/\/thefrenchywine.com\/en\/wp-json\/wp\/v2\/product_tag?post=466"}],"curies":[{"name":"wp","href":"https:\/\/api.w.org\/{rel}","templated":true}]}}