{"id":462,"date":"2025-10-11T08:21:43","date_gmt":"2025-10-11T08:21:43","guid":{"rendered":"https:\/\/thefrenchywine.com\/?post_type=product&#038;p=462"},"modified":"2025-10-26T20:12:07","modified_gmt":"2025-10-26T20:12:07","slug":"les-gammes-2024-chateau-de-brize","status":"publish","type":"product","link":"https:\/\/thefrenchywine.com\/en\/product\/les-gammes-2024-chateau-de-brize\/","title":{"rendered":"Les Gammes 2024 &#8211; Ch\u00e2teau de Briz\u00e9"},"content":{"rendered":"<p data-start=\"1249\" data-end=\"1656\">Plongez dans l\u2019authenticit\u00e9 avec <strong data-start=\"1332\" data-end=\"1346\">Les Gammes<\/strong>, un vin rouge 100 % <strong data-start=\"1367\" data-end=\"1376\">Gamay<\/strong> issu de l\u2019Anjou-Villages, n\u00e9 sur les terroirs g\u00e9n\u00e9reux du Ch\u00e2teau de Briz\u00e9. \u00c9tabli \u00e0 Martign\u00e9-Briand, ce domaine travaille ses 36 hectares en viticulture responsable, sur des sols silico-argileux, schistes-gr\u00e9seux et faluns, avec la certification Haute Valeur Environnementale.<\/p>\n<p data-start=\"1658\" data-end=\"1927\">La cuv\u00e9e Les Gammes s\u00e9duit par son profil franc et joyeux : des ar\u00f4mes de fruits rouges frais \u2013 fraise, cerise \u2013 et une belle touche florale. Sa structure est l\u00e9g\u00e8re, souple, id\u00e9ale pour ceux qui recherchent un vin rouge facile \u00e0 boire, sans exc\u00e8s, mais de caract\u00e8re.<\/p>\n<p data-start=\"1929\" data-end=\"2165\">Un compagnon parfait pour les grillades, les plats simples (charcuteries, tarte sal\u00e9e, l\u00e9gumes r\u00f4tis) ou pour un moment d\u00e9tente entre amis. \u00c0 servir l\u00e9g\u00e8rement frais pour lib\u00e9rer toute sa fra\u00eecheur fruit\u00e9e.<\/p>\n<p data-start=\"2769\" data-end=\"3129\">Discover <strong data-start=\"2827\" data-end=\"2841\">Les Gammes<\/strong>, a vibrant red wine made from 100% <strong data-start=\"2877\" data-end=\"2886\">Gamay<\/strong> grapes in the Anjou-Villages appellation, by Ch\u00e2teau de Briz\u00e9. Located in Martign\u00e9-Briand, this estate tends its 36 hectares sustainably, on diverse soils of silica-clay, schist-gr\u00e9s, and falun, under High Environmental Value certification.<\/p>\n<p data-start=\"3131\" data-end=\"3358\">Les Gammes charms with its fresh and joyful profile: bright red fruit aromas\u2014strawberry, cherry\u2014with a light floral accent. Its texture is smooth and flexible, perfect for those who love an easy-drinking red with personality.<\/p>\n<p data-start=\"3360\" data-end=\"3575\">An ideal companion for grilled dishes, simple fare (charcuterie, savory tarts, roasted veggies), or relaxed moments with friends. Best served slightly chilled to enhance its fruity freshness.<\/p>\n<p>&nbsp;<\/p>\n<p><strong>Grape variety :<\/strong> 100% Gamay<\/p>\n<p><strong>Temp\u00e9rature de services :<\/strong> 12 \u00e0 15 \u00b0c<\/p>\n<p><strong>Temps de Garde conseill\u00e9 :<\/strong> 1 \u00e0 4 ans \/ years<\/p>\n<p><strong>Foods pairing :<\/strong><\/p>\n<ul>\n<li>Ap\u00e9ritif : plateau de charcuterie\/fromage<\/li>\n<li>barbecue estival<\/li>\n<li>Plat simple : quiche, tarte sal\u00e9e, l\u00e9gumes r\u00f4tis<\/li>\n<\/ul>\n<p>&nbsp;<\/p>\n<p><img loading=\"lazy\" decoding=\"async\" class=\"alignnone wp-image-470\" src=\"https:\/\/thefrenchywine.com\/wp-content\/uploads\/2025\/10\/HVE-Blanc-300x300.png\" alt=\"\" width=\"208\" height=\"208\" srcset=\"https:\/\/thefrenchywine.com\/wp-content\/uploads\/2025\/10\/HVE-Blanc-300x300.png 300w, https:\/\/thefrenchywine.com\/wp-content\/uploads\/2025\/10\/HVE-Blanc-1024x1024.png 1024w, https:\/\/thefrenchywine.com\/wp-content\/uploads\/2025\/10\/HVE-Blanc-150x150.png 150w, https:\/\/thefrenchywine.com\/wp-content\/uploads\/2025\/10\/HVE-Blanc-768x768.png 768w, https:\/\/thefrenchywine.com\/wp-content\/uploads\/2025\/10\/HVE-Blanc-12x12.png 12w, https:\/\/thefrenchywine.com\/wp-content\/uploads\/2025\/10\/HVE-Blanc-600x600.png 600w, https:\/\/thefrenchywine.com\/wp-content\/uploads\/2025\/10\/HVE-Blanc-100x100.png 100w, https:\/\/thefrenchywine.com\/wp-content\/uploads\/2025\/10\/HVE-Blanc.png 1080w\" sizes=\"auto, (max-width: 208px) 100vw, 208px\" \/> \u00a0<img loading=\"lazy\" decoding=\"async\" class=\"alignnone wp-image-469\" src=\"https:\/\/thefrenchywine.com\/wp-content\/uploads\/2025\/10\/TerraVitis_NEW_Logo_FR_Blanc-1.png-228x300.webp\" alt=\"\" width=\"158\" height=\"208\" srcset=\"https:\/\/thefrenchywine.com\/wp-content\/uploads\/2025\/10\/TerraVitis_NEW_Logo_FR_Blanc-1.png-228x300.webp 228w, https:\/\/thefrenchywine.com\/wp-content\/uploads\/2025\/10\/TerraVitis_NEW_Logo_FR_Blanc-1.png-9x12.webp 9w, https:\/\/thefrenchywine.com\/wp-content\/uploads\/2025\/10\/TerraVitis_NEW_Logo_FR_Blanc-1.png.webp 591w\" sizes=\"auto, (max-width: 158px) 100vw, 158px\" \/><\/p>","protected":false},"excerpt":{"rendered":"<p><em>Les Gammes<\/em> vous accompagnent \u00e0 tout moment, d\u00e9gustation, repas, etc.Un 100% Gamay \u00e9l\u00e9gant.<\/p>\n<p><em>Les Gammes<\/em> is the perfect companion for any moment \u2014 from casual tastings to refined meals. This 100% Gamay wine offers pure elegance, showcasing the vibrant character and finesse of French craftsmanship.<\/p>","protected":false},"featured_media":464,"comment_status":"open","ping_status":"closed","template":"","meta":{"_acf_changed":false,"content-type":"","om_disable_all_campaigns":false,"_monsterinsights_skip_tracking":false,"_monsterinsights_sitenote_active":false,"_monsterinsights_sitenote_note":"","_monsterinsights_sitenote_category":0},"product_brand":[74],"product_cat":[19],"product_tag":[],"class_list":{"0":"post-462","1":"product","2":"type-product","3":"status-publish","4":"has-post-thumbnail","6":"product_brand-chateau-de-brize","7":"product_cat-vins-rouges","9":"first","10":"instock","11":"shipping-taxable","12":"purchasable","13":"product-type-simple"},"acf":[],"aioseo_notices":[],"_links":{"self":[{"href":"https:\/\/thefrenchywine.com\/en\/wp-json\/wp\/v2\/product\/462","targetHints":{"allow":["GET"]}}],"collection":[{"href":"https:\/\/thefrenchywine.com\/en\/wp-json\/wp\/v2\/product"}],"about":[{"href":"https:\/\/thefrenchywine.com\/en\/wp-json\/wp\/v2\/types\/product"}],"replies":[{"embeddable":true,"href":"https:\/\/thefrenchywine.com\/en\/wp-json\/wp\/v2\/comments?post=462"}],"wp:featuredmedia":[{"embeddable":true,"href":"https:\/\/thefrenchywine.com\/en\/wp-json\/wp\/v2\/media\/464"}],"wp:attachment":[{"href":"https:\/\/thefrenchywine.com\/en\/wp-json\/wp\/v2\/media?parent=462"}],"wp:term":[{"taxonomy":"product_brand","embeddable":true,"href":"https:\/\/thefrenchywine.com\/en\/wp-json\/wp\/v2\/product_brand?post=462"},{"taxonomy":"product_cat","embeddable":true,"href":"https:\/\/thefrenchywine.com\/en\/wp-json\/wp\/v2\/product_cat?post=462"},{"taxonomy":"product_tag","embeddable":true,"href":"https:\/\/thefrenchywine.com\/en\/wp-json\/wp\/v2\/product_tag?post=462"}],"curies":[{"name":"wp","href":"https:\/\/api.w.org\/{rel}","templated":true}]}}