{"id":416,"date":"2025-11-08T12:29:29","date_gmt":"2025-11-08T12:29:29","guid":{"rendered":"https:\/\/thefrenchywine.com\/?post_type=product&#038;p=416"},"modified":"2026-02-27T18:37:50","modified_gmt":"2026-02-27T18:37:50","slug":"coffret-caractere-du-rouge-danjou","status":"publish","type":"product","link":"https:\/\/thefrenchywine.com\/en\/product\/coffret-caractere-du-rouge-danjou\/","title":{"rendered":"Coffret &#8220;Caract\u00e8re du Rouge d&#8217;Anjou&#8221;"},"content":{"rendered":"<p data-start=\"656\" data-end=\"898\" class=\"translation-block\">Explore the Loire Valley through the exclusive red wine selection from The Frenchy Wine. Three terroirs, three personalities, one grape - the elegant Cabernet Franc<\/p>\n<ul data-start=\"900\" data-end=\"1267\">\n<li data-start=\"900\" data-end=\"1013\">\n<p data-start=\"902\" data-end=\"1013\"><strong data-start=\"902\" data-end=\"926\">Les Herrines <\/strong><\/p>\n<\/li>\n<\/ul>\n<p data-start=\"902\" data-end=\"1013\">\u00a0 \u00a0 \u00a0 A fruity, indulgent red with soft tannins \u2014 the perfect companion for friendly, casual meals.<\/p>\n<ul data-start=\"900\" data-end=\"1267\">\n<li data-start=\"1014\" data-end=\"1124\">\n<p data-start=\"1016\" data-end=\"1124\"><strong data-start=\"1016\" data-end=\"1053\">Clo Point Z\u00e9ro<\/strong><\/p>\n<\/li>\n<\/ul>\n<p data-start=\"1016\" data-end=\"1124\">\u00a0 \u00a0 \u00a0 A wine with character, beautifully balanced between power and finesse.<\/p>\n<ul data-start=\"900\" data-end=\"1267\">\n<li data-start=\"1125\" data-end=\"1267\">\n<p data-start=\"1127\" data-end=\"1267\"><strong data-start=\"1127\" data-end=\"1169\">Le Blason de Parnay<\/strong><\/p>\n<\/li>\n<\/ul>\n<p data-start=\"1127\" data-end=\"1267\">\u00a0 \u00a0 \u00a0 A Loire classic \u2014 elegant, structured, and ideal alongside red meats.<\/p>\n<p data-start=\"1269\" data-end=\"1399\">A perfect gift set for discovering Loire reds, sharing with friends, or treating yourself to French elegance.<\/p>","protected":false},"excerpt":{"rendered":"<p>D\u00e9couvrez notre coffret de 3 vins rouges de Loire : Les Herrines, Point Z\u00e9ro et Le Blason de Parnay. Trois expressions uniques du Cabernet Franc au caract\u00e8re Lig\u00e9rien \u00e0 partager et \u00e0 d\u00e9guster sur vos tables de f\u00eates !<\/p>","protected":false},"featured_media":534,"comment_status":"open","ping_status":"closed","template":"","meta":{"_acf_changed":false,"content-type":"","om_disable_all_campaigns":false,"_monsterinsights_skip_tracking":false,"_monsterinsights_sitenote_active":false,"_monsterinsights_sitenote_note":"","_monsterinsights_sitenote_category":0},"product_brand":[32,67,64],"product_cat":[70,79,80,68,69,19],"product_tag":[],"class_list":{"0":"post-416","1":"product","2":"type-product","3":"status-publish","4":"has-post-thumbnail","6":"product_brand-chateau-de-parnay","7":"product_brand-domaine-clo","8":"product_brand-domaine-des-hauts-perrays","9":"product_cat-anjou-rouge","10":"product_cat-coffret","11":"product_cat-noel","12":"product_cat-puy-notre-dame","13":"product_cat-saumur-champigny","14":"product_cat-vins-rouges","16":"first","17":"instock","18":"shipping-taxable","19":"purchasable","20":"product-type-simple"},"acf":[],"aioseo_notices":[],"_links":{"self":[{"href":"https:\/\/thefrenchywine.com\/en\/wp-json\/wp\/v2\/product\/416","targetHints":{"allow":["GET"]}}],"collection":[{"href":"https:\/\/thefrenchywine.com\/en\/wp-json\/wp\/v2\/product"}],"about":[{"href":"https:\/\/thefrenchywine.com\/en\/wp-json\/wp\/v2\/types\/product"}],"replies":[{"embeddable":true,"href":"https:\/\/thefrenchywine.com\/en\/wp-json\/wp\/v2\/comments?post=416"}],"wp:featuredmedia":[{"embeddable":true,"href":"https:\/\/thefrenchywine.com\/en\/wp-json\/wp\/v2\/media\/534"}],"wp:attachment":[{"href":"https:\/\/thefrenchywine.com\/en\/wp-json\/wp\/v2\/media?parent=416"}],"wp:term":[{"taxonomy":"product_brand","embeddable":true,"href":"https:\/\/thefrenchywine.com\/en\/wp-json\/wp\/v2\/product_brand?post=416"},{"taxonomy":"product_cat","embeddable":true,"href":"https:\/\/thefrenchywine.com\/en\/wp-json\/wp\/v2\/product_cat?post=416"},{"taxonomy":"product_tag","embeddable":true,"href":"https:\/\/thefrenchywine.com\/en\/wp-json\/wp\/v2\/product_tag?post=416"}],"curies":[{"name":"wp","href":"https:\/\/api.w.org\/{rel}","templated":true}]}}