{"id":366,"date":"2025-08-28T11:27:53","date_gmt":"2025-08-28T11:27:53","guid":{"rendered":"https:\/\/thefrenchywine.com\/?post_type=product&#038;p=366"},"modified":"2025-11-16T17:49:40","modified_gmt":"2025-11-16T17:49:40","slug":"point-zero-puy-notre-dame-2020-domaine-clo","status":"publish","type":"product","link":"https:\/\/thefrenchywine.com\/en\/product\/point-zero-puy-notre-dame-2020-domaine-clo\/","title":{"rendered":"Point Z\u00e9ro &#8211; Puy-Notre-Dame &#8211; 2020 &#8211; Domaine Clo"},"content":{"rendered":"<p>Un Puy-Notre-Dame dont la robe est d&#8217;un rouge intense. Au nez et en bouche, des ar\u00f4mes de fruits noirs bien m\u00fbrs. Cuv\u00e9e avec un fort potentiel de garde.<\/p>\n<p><em>A Puy-Notre-Dame with a deep, intense red color. On the nose and palate, aromas of ripe black fruits unfold. This cuv\u00e9e has strong aging potential.<\/em><\/p>\n<p>C\u00e9page : 100% Cabernet Franc<\/p>\n<p>Temp\u00e9rature de service : 12-15\u00b0C, ne pas h\u00e9siter \u00e0 d\u00e9canter en carafe.<\/p>\n<p>Temps de garde conseill\u00e9 : 10 ans et plus.<\/p>\n<p>Foods pairing :<\/p>\n<ul>\n<li>En d\u00e9gustation<\/li>\n<li>Viande rouge de caract\u00e8re<\/li>\n<li>Fromages<\/li>\n<\/ul>\n<p><img loading=\"lazy\" decoding=\"async\" class=\"alignnone wp-image-181\" src=\"https:\/\/thefrenchywine.com\/wp-content\/uploads\/2025\/07\/ab_image_full-300x300.png\" alt=\"\" width=\"231\" height=\"231\" \/><\/p>","protected":false},"excerpt":{"rendered":"<p>Vin Rouge rare &#8211; La grande cuv\u00e9e du Domaine Clo. Un vin \u00e0 <em>d\u00e9-gus-ter<\/em>!<br \/>\n<em>Domaine Clo Grand Cuv\u00e9e \u2013 a rare red wine you\u2019ll want to taste!<\/em><\/p>","protected":false},"featured_media":367,"comment_status":"open","ping_status":"closed","template":"","meta":{"_acf_changed":false,"content-type":"","om_disable_all_campaigns":false,"_monsterinsights_skip_tracking":false,"_monsterinsights_sitenote_active":false,"_monsterinsights_sitenote_note":"","_monsterinsights_sitenote_category":0},"product_brand":[67],"product_cat":[68,19],"product_tag":[],"class_list":{"0":"post-366","1":"product","2":"type-product","3":"status-publish","4":"has-post-thumbnail","6":"product_brand-domaine-clo","7":"product_cat-puy-notre-dame","8":"product_cat-vins-rouges","10":"first","11":"instock","12":"shipping-taxable","13":"purchasable","14":"product-type-simple"},"acf":[],"aioseo_notices":[],"_links":{"self":[{"href":"https:\/\/thefrenchywine.com\/en\/wp-json\/wp\/v2\/product\/366","targetHints":{"allow":["GET"]}}],"collection":[{"href":"https:\/\/thefrenchywine.com\/en\/wp-json\/wp\/v2\/product"}],"about":[{"href":"https:\/\/thefrenchywine.com\/en\/wp-json\/wp\/v2\/types\/product"}],"replies":[{"embeddable":true,"href":"https:\/\/thefrenchywine.com\/en\/wp-json\/wp\/v2\/comments?post=366"}],"wp:featuredmedia":[{"embeddable":true,"href":"https:\/\/thefrenchywine.com\/en\/wp-json\/wp\/v2\/media\/367"}],"wp:attachment":[{"href":"https:\/\/thefrenchywine.com\/en\/wp-json\/wp\/v2\/media?parent=366"}],"wp:term":[{"taxonomy":"product_brand","embeddable":true,"href":"https:\/\/thefrenchywine.com\/en\/wp-json\/wp\/v2\/product_brand?post=366"},{"taxonomy":"product_cat","embeddable":true,"href":"https:\/\/thefrenchywine.com\/en\/wp-json\/wp\/v2\/product_cat?post=366"},{"taxonomy":"product_tag","embeddable":true,"href":"https:\/\/thefrenchywine.com\/en\/wp-json\/wp\/v2\/product_tag?post=366"}],"curies":[{"name":"wp","href":"https:\/\/api.w.org\/{rel}","templated":true}]}}