{"id":364,"date":"2025-08-28T11:27:35","date_gmt":"2025-08-28T11:27:35","guid":{"rendered":"https:\/\/thefrenchywine.com\/?post_type=product&#038;p=364"},"modified":"2025-12-14T07:05:54","modified_gmt":"2025-12-14T07:05:54","slug":"rouge-de-saumur-2020-domaine-clo","status":"publish","type":"product","link":"https:\/\/thefrenchywine.com\/en\/product\/rouge-de-saumur-2020-domaine-clo\/","title":{"rendered":"Rouge de Saumur &#8211; 2020 &#8211; Domaine Clo"},"content":{"rendered":"<p>Rouge d\u00e9licat \u00e0 la robe rouge cristalline intense, naturellement min\u00e9ral (sur la craie) et fruit\u00e9. \u00a0En bouche, des notes de fruits rouges notamment de cerise se d\u00e9veloppe sur la palet.<\/p>\n<p><em>A delicate red with an intense, crystalline red color, naturally mineral (on chalk) and fruity. On the palate, notes of red fruits, especially cherry, unfold beautifully.<\/em><\/p>\n<p><strong>Grape variety :<\/strong> 100% Cabernet Franc<\/p>\n<p><strong>Serving temperature :<\/strong> 12-15 \u00b0C<\/p>\n<p><strong>Recommended aging :<\/strong> 5 &#8211; 8 ans<\/p>\n<p><strong>Foods pairing :<\/strong><\/p>\n<ul>\n<li>Viande Rouge<\/li>\n<li>Fromage<\/li>\n<\/ul>\n<p>&#8220;En conversion biologique&#8221;<\/p>","protected":false},"excerpt":{"rendered":"<p>Rouge riche du sol saumurois.<br \/>\n<em>A red wine, rich with the character of Saumur&#8217;s soil.<\/em><\/p>","protected":false},"featured_media":567,"comment_status":"open","ping_status":"closed","template":"","meta":{"_acf_changed":false,"content-type":"","om_disable_all_campaigns":false,"_monsterinsights_skip_tracking":false,"_monsterinsights_sitenote_active":false,"_monsterinsights_sitenote_note":"","_monsterinsights_sitenote_category":0},"product_brand":[67],"product_cat":[71,19],"product_tag":[],"class_list":{"0":"post-364","1":"product","2":"type-product","3":"status-publish","4":"has-post-thumbnail","6":"product_brand-domaine-clo","7":"product_cat-saumur-rouge","8":"product_cat-vins-rouges","10":"first","11":"instock","12":"shipping-taxable","13":"purchasable","14":"product-type-simple"},"acf":[],"aioseo_notices":[],"_links":{"self":[{"href":"https:\/\/thefrenchywine.com\/en\/wp-json\/wp\/v2\/product\/364","targetHints":{"allow":["GET"]}}],"collection":[{"href":"https:\/\/thefrenchywine.com\/en\/wp-json\/wp\/v2\/product"}],"about":[{"href":"https:\/\/thefrenchywine.com\/en\/wp-json\/wp\/v2\/types\/product"}],"replies":[{"embeddable":true,"href":"https:\/\/thefrenchywine.com\/en\/wp-json\/wp\/v2\/comments?post=364"}],"wp:featuredmedia":[{"embeddable":true,"href":"https:\/\/thefrenchywine.com\/en\/wp-json\/wp\/v2\/media\/567"}],"wp:attachment":[{"href":"https:\/\/thefrenchywine.com\/en\/wp-json\/wp\/v2\/media?parent=364"}],"wp:term":[{"taxonomy":"product_brand","embeddable":true,"href":"https:\/\/thefrenchywine.com\/en\/wp-json\/wp\/v2\/product_brand?post=364"},{"taxonomy":"product_cat","embeddable":true,"href":"https:\/\/thefrenchywine.com\/en\/wp-json\/wp\/v2\/product_cat?post=364"},{"taxonomy":"product_tag","embeddable":true,"href":"https:\/\/thefrenchywine.com\/en\/wp-json\/wp\/v2\/product_tag?post=364"}],"curies":[{"name":"wp","href":"https:\/\/api.w.org\/{rel}","templated":true}]}}