{"id":363,"date":"2025-08-27T11:30:05","date_gmt":"2025-08-27T11:30:05","guid":{"rendered":"https:\/\/thefrenchywine.com\/?post_type=product&#038;p=363"},"modified":"2025-11-16T17:51:38","modified_gmt":"2025-11-16T17:51:38","slug":"le-mechant-rouge-anjou-rouge-2024-domaine-clo","status":"publish","type":"product","link":"https:\/\/thefrenchywine.com\/en\/product\/le-mechant-rouge-anjou-rouge-2024-domaine-clo\/","title":{"rendered":"Le M\u00e9chant Rouge &#8211; Anjou Rouge &#8211; 2024 &#8211; Domaine Clo"},"content":{"rendered":"<p>Vin rouge tr\u00e8s fruit\u00e9 avec une note de poivre.<\/p>\n<p><em>A very fruity red wine with a hint of pepper.<\/em><\/p>\n<p><strong>Grape variety :<\/strong> 100% Cabernet Franc<\/p>\n<p><strong>Serving temperature :<\/strong> 8 &#8211; 15 \u00b0C (selon votre go\u00fbt)<\/p>\n<p><strong>Recommended aging :<\/strong> 5 ans<\/p>\n<p><strong>Foods pairing :<\/strong><\/p>\n<ul>\n<li>Ideal as an aperitif<\/li>\n<li>Viande, grillade, &#8230;<\/li>\n<\/ul>\n<p><img loading=\"lazy\" decoding=\"async\" class=\"alignnone wp-image-181\" src=\"https:\/\/thefrenchywine.com\/wp-content\/uploads\/2025\/07\/ab_image_full-300x300.png\" alt=\"\" width=\"177\" height=\"177\" \/><\/p>\n<p>&nbsp;<\/p>\n<p>&nbsp;<\/p>","protected":false},"excerpt":{"rendered":"<p>Le rouge des copains! Le m\u00e9chant rouge s&#8217;ouvre \u00e0 tout moment&#8230;<br \/>\n<em>Red for friends! This cheeky red is ready to be enjoyed anytime\u2026<\/em><\/p>","protected":false},"featured_media":370,"comment_status":"open","ping_status":"closed","template":"","meta":{"_acf_changed":false,"content-type":"","om_disable_all_campaigns":false,"_monsterinsights_skip_tracking":false,"_monsterinsights_sitenote_active":false,"_monsterinsights_sitenote_note":"","_monsterinsights_sitenote_category":0},"product_brand":[67],"product_cat":[71,19],"product_tag":[],"class_list":{"0":"post-363","1":"product","2":"type-product","3":"status-publish","4":"has-post-thumbnail","6":"product_brand-domaine-clo","7":"product_cat-saumur-rouge","8":"product_cat-vins-rouges","10":"first","11":"instock","12":"shipping-taxable","13":"purchasable","14":"product-type-simple"},"acf":[],"aioseo_notices":[],"_links":{"self":[{"href":"https:\/\/thefrenchywine.com\/en\/wp-json\/wp\/v2\/product\/363","targetHints":{"allow":["GET"]}}],"collection":[{"href":"https:\/\/thefrenchywine.com\/en\/wp-json\/wp\/v2\/product"}],"about":[{"href":"https:\/\/thefrenchywine.com\/en\/wp-json\/wp\/v2\/types\/product"}],"replies":[{"embeddable":true,"href":"https:\/\/thefrenchywine.com\/en\/wp-json\/wp\/v2\/comments?post=363"}],"wp:featuredmedia":[{"embeddable":true,"href":"https:\/\/thefrenchywine.com\/en\/wp-json\/wp\/v2\/media\/370"}],"wp:attachment":[{"href":"https:\/\/thefrenchywine.com\/en\/wp-json\/wp\/v2\/media?parent=363"}],"wp:term":[{"taxonomy":"product_brand","embeddable":true,"href":"https:\/\/thefrenchywine.com\/en\/wp-json\/wp\/v2\/product_brand?post=363"},{"taxonomy":"product_cat","embeddable":true,"href":"https:\/\/thefrenchywine.com\/en\/wp-json\/wp\/v2\/product_cat?post=363"},{"taxonomy":"product_tag","embeddable":true,"href":"https:\/\/thefrenchywine.com\/en\/wp-json\/wp\/v2\/product_tag?post=363"}],"curies":[{"name":"wp","href":"https:\/\/api.w.org\/{rel}","templated":true}]}}