{"id":362,"date":"2025-08-27T11:30:22","date_gmt":"2025-08-27T11:30:22","guid":{"rendered":"https:\/\/thefrenchywine.com\/?post_type=product&#038;p=362"},"modified":"2026-04-04T09:40:21","modified_gmt":"2026-04-04T09:40:21","slug":"la-haute-cerisaie-saumur-blanc-2023-domaine-clo","status":"publish","type":"product","link":"https:\/\/thefrenchywine.com\/en\/product\/la-haute-cerisaie-saumur-blanc-2023-domaine-clo\/","title":{"rendered":"La Haute Cerisaie &#8211; Saumur Blanc &#8211; 2023 &#8211; Domaine Clo"},"content":{"rendered":"<p>Un Chenin au couleur or p\u00e2le, au nez floral et fruit\u00e9. En bouche, un soup\u00e7ons gras pr\u00e9pare \u00e0 la fraicheur fruit\u00e9 et fum\u00e9, une longueur d\u00e9licate mais structur\u00e9e.<\/p>\n<p><em>A Chenin with pale golden hues and floral, fruity aromas. On the palate, a hint of creaminess leads to fresh, fruity, and smoky notes, with a delicate yet structured finish.<\/em><\/p>\n<p><strong>Grape variety :<\/strong> 100% Chenin<\/p>\n<p><strong>Serving temperature :<\/strong> 8-12 \u00b0C<\/p>\n<p><strong>Recommended aging :<\/strong> 5-8 ans<\/p>\n<p><strong>Foods pairing :<\/strong><\/p>\n<ul>\n<li>Ideal as an aperitif<\/li>\n<li>plat de l\u00e9gumes (v\u00e9g\u00e9tarien)<\/li>\n<li>Viande blanche<\/li>\n<\/ul>\n<p>&#8220;En conversion biologique&#8221;<\/p>","protected":false},"excerpt":{"rendered":"<p>Rare blanc Puy-Notre-Dame! Une p\u00e9pite \u00e0 savourer!<br \/>\n<em>A rare Puy-Notre-Dame! A true hidden gem to enjoy!<\/em><\/p>","protected":false},"featured_media":368,"comment_status":"open","ping_status":"closed","template":"","meta":{"_acf_changed":false,"content-type":"","om_disable_all_campaigns":false,"_monsterinsights_skip_tracking":false,"_monsterinsights_sitenote_active":false,"_monsterinsights_sitenote_note":"","_monsterinsights_sitenote_category":0},"product_brand":[67],"product_cat":[20],"product_tag":[],"class_list":{"0":"post-362","1":"product","2":"type-product","3":"status-publish","4":"has-post-thumbnail","6":"product_brand-domaine-clo","7":"product_cat-vins-blancs","9":"first","10":"instock","11":"shipping-taxable","12":"purchasable","13":"product-type-simple"},"acf":[],"aioseo_notices":[],"_links":{"self":[{"href":"https:\/\/thefrenchywine.com\/en\/wp-json\/wp\/v2\/product\/362","targetHints":{"allow":["GET"]}}],"collection":[{"href":"https:\/\/thefrenchywine.com\/en\/wp-json\/wp\/v2\/product"}],"about":[{"href":"https:\/\/thefrenchywine.com\/en\/wp-json\/wp\/v2\/types\/product"}],"replies":[{"embeddable":true,"href":"https:\/\/thefrenchywine.com\/en\/wp-json\/wp\/v2\/comments?post=362"}],"wp:featuredmedia":[{"embeddable":true,"href":"https:\/\/thefrenchywine.com\/en\/wp-json\/wp\/v2\/media\/368"}],"wp:attachment":[{"href":"https:\/\/thefrenchywine.com\/en\/wp-json\/wp\/v2\/media?parent=362"}],"wp:term":[{"taxonomy":"product_brand","embeddable":true,"href":"https:\/\/thefrenchywine.com\/en\/wp-json\/wp\/v2\/product_brand?post=362"},{"taxonomy":"product_cat","embeddable":true,"href":"https:\/\/thefrenchywine.com\/en\/wp-json\/wp\/v2\/product_cat?post=362"},{"taxonomy":"product_tag","embeddable":true,"href":"https:\/\/thefrenchywine.com\/en\/wp-json\/wp\/v2\/product_tag?post=362"}],"curies":[{"name":"wp","href":"https:\/\/api.w.org\/{rel}","templated":true}]}}