{"id":361,"date":"2025-08-27T11:30:39","date_gmt":"2025-08-27T11:30:39","guid":{"rendered":"https:\/\/thefrenchywine.com\/?post_type=product&#038;p=361"},"modified":"2025-12-14T07:07:14","modified_gmt":"2025-12-14T07:07:14","slug":"blanc-de-saumur-2023-domaine-clo","status":"publish","type":"product","link":"https:\/\/thefrenchywine.com\/en\/product\/blanc-de-saumur-2023-domaine-clo\/","title":{"rendered":"Blanc de Saumur &#8211; 2023 &#8211; Domaine Clo"},"content":{"rendered":"<p>Blanc de Saumur est un Chenin d&#8217;une couleur jaune dor\u00e9 qui refl\u00e8te la richesse du sol saumurois. Au nez, une note de fruit m\u00fbrs et bois\u00e9 (\u00e9lev\u00e9 en f\u00fbt). En bouche, un l\u00e9ger gras laisse place \u00e0 une fraicheur persistante et saline en fin de bouche.<\/p>\n<p><em>Blanc de Saumur is a Chenin with a golden yellow color that reflects the richness of the Saumur soils. On the nose, notes of ripe fruit and oak (barrel-aged) emerge. On the palate, a slight creaminess gives way to a persistent, fresh, and saline finish.<\/em><\/p>\n<p><strong>Grape variety :<\/strong> 100% Chenin<\/p>\n<p><strong>Serving temperature :<\/strong> 10-12\u00b0C<\/p>\n<p><strong>Recommended aging :<\/strong> 5 ans<\/p>\n<p><strong>Foods pairing :<\/strong><\/p>\n<ul>\n<li>Ideal as an aperitif<\/li>\n<li>Fruits de Mer et poissons<\/li>\n<li>Viande blanche<\/li>\n<li>Fromage (ch\u00e8vre,&#8230;)<\/li>\n<\/ul>\n<p><img loading=\"lazy\" decoding=\"async\" class=\"alignnone wp-image-181\" src=\"https:\/\/thefrenchywine.com\/wp-content\/uploads\/2025\/07\/ab_image_full-300x300.png\" alt=\"\" width=\"230\" height=\"230\" \/><\/p>","protected":false},"excerpt":{"rendered":"<p>Blanc de Saumur, un blanc sec riche de la craie du sous-sol saumurois, Terre des Rois de France!<br \/>\n<em>Saumur Blanc, a white wine shaped by chalky&#8217;s subsoil &#8211; the historic land of Frence&#8217;s Kings!<\/em><\/p>","protected":false},"featured_media":566,"comment_status":"open","ping_status":"closed","template":"","meta":{"_acf_changed":false,"content-type":"","om_disable_all_campaigns":false,"_monsterinsights_skip_tracking":false,"_monsterinsights_sitenote_active":false,"_monsterinsights_sitenote_note":"","_monsterinsights_sitenote_category":0},"product_brand":[67],"product_cat":[20],"product_tag":[],"class_list":{"0":"post-361","1":"product","2":"type-product","3":"status-publish","4":"has-post-thumbnail","6":"product_brand-domaine-clo","7":"product_cat-vins-blancs","9":"first","10":"instock","11":"shipping-taxable","12":"purchasable","13":"product-type-simple"},"acf":[],"aioseo_notices":[],"_links":{"self":[{"href":"https:\/\/thefrenchywine.com\/en\/wp-json\/wp\/v2\/product\/361","targetHints":{"allow":["GET"]}}],"collection":[{"href":"https:\/\/thefrenchywine.com\/en\/wp-json\/wp\/v2\/product"}],"about":[{"href":"https:\/\/thefrenchywine.com\/en\/wp-json\/wp\/v2\/types\/product"}],"replies":[{"embeddable":true,"href":"https:\/\/thefrenchywine.com\/en\/wp-json\/wp\/v2\/comments?post=361"}],"wp:featuredmedia":[{"embeddable":true,"href":"https:\/\/thefrenchywine.com\/en\/wp-json\/wp\/v2\/media\/566"}],"wp:attachment":[{"href":"https:\/\/thefrenchywine.com\/en\/wp-json\/wp\/v2\/media?parent=361"}],"wp:term":[{"taxonomy":"product_brand","embeddable":true,"href":"https:\/\/thefrenchywine.com\/en\/wp-json\/wp\/v2\/product_brand?post=361"},{"taxonomy":"product_cat","embeddable":true,"href":"https:\/\/thefrenchywine.com\/en\/wp-json\/wp\/v2\/product_cat?post=361"},{"taxonomy":"product_tag","embeddable":true,"href":"https:\/\/thefrenchywine.com\/en\/wp-json\/wp\/v2\/product_tag?post=361"}],"curies":[{"name":"wp","href":"https:\/\/api.w.org\/{rel}","templated":true}]}}