{"id":359,"date":"2025-08-27T08:47:37","date_gmt":"2025-08-27T08:47:37","guid":{"rendered":"https:\/\/thefrenchywine.com\/?post_type=product&#038;p=359"},"modified":"2025-10-26T20:16:47","modified_gmt":"2025-10-26T20:16:47","slug":"loriginal-cabernet-franc-2023-domaine-clo","status":"publish","type":"product","link":"https:\/\/thefrenchywine.com\/en\/product\/loriginal-cabernet-franc-2023-domaine-clo\/","title":{"rendered":"L&#8217;Original Cabernet Franc &#8211; 2023 &#8211; Domaine Clo"},"content":{"rendered":"<p>Un nez avec notes d\u2019agrumes, de fruits rouges et des touches min\u00e9rales typiques de la r\u00e9gion. \u00a0En bouche, il est pur, frais, avec une agr\u00e9able sensation savoureuse et min\u00e9rale qui r\u00e9v\u00e8le son origine.<\/p>\n<p>L&#8217;Original Cabernet Franc travaill\u00e9 comme blanc ou un rouge avec tout le savoir faire du Cyril Leau.<\/p>\n<p data-start=\"104\" data-end=\"302\"><em>A nose with notes of citrus, red fruits, and the typical mineral hints of the region. On the palate, it is pure and fresh, with a pleasant savory and mineral sensation that reflects its origin.<\/em><\/p>\n<p data-start=\"304\" data-end=\"415\"><em>The Original Cabernet Franc, crafted either as a white or a red, showcasing all of Cyril Leau\u2019s expertise.<\/em><\/p>\n<p>&nbsp;<\/p>\n<p><strong>Grape variety :<\/strong> 100% Cabernet Franc<\/p>\n<p><strong>Serving temperature :<\/strong> 10 &#8211; 12\u00b0C<\/p>\n<p><strong>Recommended aging :<\/strong> 5 ans<\/p>\n<p><strong>Foods pairing :<\/strong><\/p>\n<ul>\n<li>Ideal as an aperitif<\/li>\n<li>Grillade de poisson ou de viande<\/li>\n<li>Dessert de fruits<\/li>\n<\/ul>\n<p><img loading=\"lazy\" decoding=\"async\" class=\"alignnone wp-image-181\" src=\"https:\/\/thefrenchywine.com\/wp-content\/uploads\/2025\/07\/ab_image_full-300x300.png\" alt=\"\" width=\"231\" height=\"231\" \/><\/p>\n<p>&nbsp;<\/p>","protected":false},"excerpt":{"rendered":"<p>L&#8217;original Ros\u00e9 est sec mais pas trop!<br \/>\n<em>The Original Ros\u00e9 is dry, but not too much!<\/em><\/p>","protected":false},"featured_media":369,"comment_status":"open","ping_status":"closed","template":"","meta":{"_acf_changed":false,"content-type":"","om_disable_all_campaigns":false,"_monsterinsights_skip_tracking":false,"_monsterinsights_sitenote_active":false,"_monsterinsights_sitenote_note":"","_monsterinsights_sitenote_category":0},"product_brand":[67],"product_cat":[72,22],"product_tag":[],"class_list":{"0":"post-359","1":"product","2":"type-product","3":"status-publish","4":"has-post-thumbnail","6":"product_brand-domaine-clo","7":"product_cat-rose-sec","8":"product_cat-vins-roses","10":"first","11":"instock","12":"shipping-taxable","13":"purchasable","14":"product-type-simple"},"acf":[],"aioseo_notices":[],"_links":{"self":[{"href":"https:\/\/thefrenchywine.com\/en\/wp-json\/wp\/v2\/product\/359","targetHints":{"allow":["GET"]}}],"collection":[{"href":"https:\/\/thefrenchywine.com\/en\/wp-json\/wp\/v2\/product"}],"about":[{"href":"https:\/\/thefrenchywine.com\/en\/wp-json\/wp\/v2\/types\/product"}],"replies":[{"embeddable":true,"href":"https:\/\/thefrenchywine.com\/en\/wp-json\/wp\/v2\/comments?post=359"}],"wp:featuredmedia":[{"embeddable":true,"href":"https:\/\/thefrenchywine.com\/en\/wp-json\/wp\/v2\/media\/369"}],"wp:attachment":[{"href":"https:\/\/thefrenchywine.com\/en\/wp-json\/wp\/v2\/media?parent=359"}],"wp:term":[{"taxonomy":"product_brand","embeddable":true,"href":"https:\/\/thefrenchywine.com\/en\/wp-json\/wp\/v2\/product_brand?post=359"},{"taxonomy":"product_cat","embeddable":true,"href":"https:\/\/thefrenchywine.com\/en\/wp-json\/wp\/v2\/product_cat?post=359"},{"taxonomy":"product_tag","embeddable":true,"href":"https:\/\/thefrenchywine.com\/en\/wp-json\/wp\/v2\/product_tag?post=359"}],"curies":[{"name":"wp","href":"https:\/\/api.w.org\/{rel}","templated":true}]}}