{"id":358,"date":"2025-08-27T08:46:00","date_gmt":"2025-08-27T08:46:00","guid":{"rendered":"https:\/\/thefrenchywine.com\/?post_type=product&#038;p=358"},"modified":"2025-12-14T07:08:56","modified_gmt":"2025-12-14T07:08:56","slug":"loriginal-chardonnay-2023-domaine-clo","status":"publish","type":"product","link":"https:\/\/thefrenchywine.com\/en\/product\/loriginal-chardonnay-2023-domaine-clo\/","title":{"rendered":"L&#8217;Original Chardonnay &#8211; 2023 &#8211; Domaine Clo"},"content":{"rendered":"<p>Robe claire et brillante, jaune paille aux reflets verdoyants.<\/p>\n<p>Un nez aux notes de pomme verte fraiche, poire, citron et pamplemousse, accompagn\u00e9s de subtiles notes florales de fleurs blanches.<\/p>\n<p>Une bouche vive et fraiche avec une acidit\u00e9 croquante et des saveurs qui refl\u00e8tent le nez, compl\u00e9t\u00e9es par une touche de melon et une finale nette et min\u00e9rale.<\/p>\n<p>Ce vin est \u00e9quilibr\u00e9 avec une texture douce et une finale agr\u00e9ablement persistante.<\/p>\n<p style=\"text-align: left;\" data-start=\"104\" data-end=\"166\"><em>Clear and bright, straw-yellow with greenish reflections.<\/em><\/p>\n<p style=\"text-align: left;\" data-start=\"168\" data-end=\"293\"><em>On the nose, fresh notes of green apple, pear, lemon, and grapefruit, accompanied by subtle floral hints of white blossoms.<\/em><\/p>\n<p style=\"text-align: left;\" data-start=\"295\" data-end=\"443\"><em>The palate is lively and fresh, with crisp acidity and flavors that mirror the nose, complemented by a touch of melon and a clean, mineral finish.<\/em><\/p>\n<p style=\"text-align: left;\" data-start=\"445\" data-end=\"529\"><em>This wine is balanced, with a smooth texture and a pleasantly lingering finish.<\/em><\/p>\n<p>C\u00e9page : 100% Chardonnay<\/p>\n<p>Serving temperature :<\/p>\n<p>Temps de garde conseill\u00e9 : 4 \u00e0 5 ans<\/p>\n<p>Foods pairing :<\/p>\n<ul>\n<li>Ideal as an aperitif<\/li>\n<li>Fruits de mer (hu\u00eetres, crevettes,&#8230;)<\/li>\n<li>Poissons grill\u00e9s<\/li>\n<li>Viande blanche<\/li>\n<li>salade fra\u00eeche en \u00e9t\u00e9<\/li>\n<li>Fromage de ch\u00e8vre, &#8230;<\/li>\n<\/ul>\n<p><img loading=\"lazy\" decoding=\"async\" class=\"alignnone wp-image-181\" src=\"https:\/\/thefrenchywine.com\/wp-content\/uploads\/2025\/07\/ab_image_full-300x300.png\" alt=\"\" width=\"158\" height=\"158\" \/><\/p>","protected":false},"excerpt":{"rendered":"<p>Un chardonnay original \u00e0 partager entre amis \u00e0 tout moment &#8211; parfait en toute circonstance! Et Bio!!!<br \/>\n<em> An original Chardonnay to share with friends anytime \u2013 perfect for any occasion! And organic!<\/em><\/p>","protected":false},"featured_media":568,"comment_status":"open","ping_status":"closed","template":"","meta":{"_acf_changed":false,"content-type":"","om_disable_all_campaigns":false,"_monsterinsights_skip_tracking":false,"_monsterinsights_sitenote_active":false,"_monsterinsights_sitenote_note":"","_monsterinsights_sitenote_category":0},"product_brand":[67],"product_cat":[20],"product_tag":[],"class_list":{"0":"post-358","1":"product","2":"type-product","3":"status-publish","4":"has-post-thumbnail","6":"product_brand-domaine-clo","7":"product_cat-vins-blancs","9":"first","10":"instock","11":"shipping-taxable","12":"purchasable","13":"product-type-simple"},"acf":[],"aioseo_notices":[],"_links":{"self":[{"href":"https:\/\/thefrenchywine.com\/en\/wp-json\/wp\/v2\/product\/358","targetHints":{"allow":["GET"]}}],"collection":[{"href":"https:\/\/thefrenchywine.com\/en\/wp-json\/wp\/v2\/product"}],"about":[{"href":"https:\/\/thefrenchywine.com\/en\/wp-json\/wp\/v2\/types\/product"}],"replies":[{"embeddable":true,"href":"https:\/\/thefrenchywine.com\/en\/wp-json\/wp\/v2\/comments?post=358"}],"wp:featuredmedia":[{"embeddable":true,"href":"https:\/\/thefrenchywine.com\/en\/wp-json\/wp\/v2\/media\/568"}],"wp:attachment":[{"href":"https:\/\/thefrenchywine.com\/en\/wp-json\/wp\/v2\/media?parent=358"}],"wp:term":[{"taxonomy":"product_brand","embeddable":true,"href":"https:\/\/thefrenchywine.com\/en\/wp-json\/wp\/v2\/product_brand?post=358"},{"taxonomy":"product_cat","embeddable":true,"href":"https:\/\/thefrenchywine.com\/en\/wp-json\/wp\/v2\/product_cat?post=358"},{"taxonomy":"product_tag","embeddable":true,"href":"https:\/\/thefrenchywine.com\/en\/wp-json\/wp\/v2\/product_tag?post=358"}],"curies":[{"name":"wp","href":"https:\/\/api.w.org\/{rel}","templated":true}]}}