{"id":327,"date":"2025-08-27T08:48:47","date_gmt":"2025-08-27T08:48:47","guid":{"rendered":"https:\/\/thefrenchywine.com\/?post_type=product&#038;p=327"},"modified":"2025-10-26T20:16:28","modified_gmt":"2025-10-26T20:16:28","slug":"douceur-carmin-chateau-prince","status":"publish","type":"product","link":"https:\/\/thefrenchywine.com\/en\/product\/douceur-carmin-chateau-prince\/","title":{"rendered":"Douceur Carmin &#8211; Ch\u00e2teau Princ\u00e9"},"content":{"rendered":"<p>Vin mut\u00e9 \u00e0 la couleur Rouge profond aux reflets cuivr\u00e9s qui annonce une grande richesse en bouche. Un nez \u00e9pic\u00e9 aux notes de porto, de chocolat et de fruits noirs. En bouche, sa texture enrobante surprend avec ces notes de pruneaux et de mirabelle, avec une fin de bouche chocolat\u00e9 tr\u00e8s profond.<\/p>\n<p><em>A fortified wine with a deep red color and coppery reflections, promising great richness on the palate. The nose is spicy, with notes of port, chocolate, and dark fruits. On the palate, its enveloping texture surprises with flavors of prunes and mirabelle, finishing with a profoundly chocolatey note.<\/em><\/p>\n<p><em>Douceur Carmin<\/em> est issu de vigne de 45 ans d&#8217;\u00e2ge, \u00e9lev\u00e9 en barques pendant 24 mois.<\/p>\n<p>C\u00e9page : 100% Grolleau<\/p>\n<p>Serving temperature: 11\u201313\u202f\u00b0C (52\u201355\u202f\u00b0F)<\/p>\n<p>Temps de garde conseill\u00e9 : 20 \u00e0 30 ans<\/p>\n<p>Foods pairing :<\/p>\n<ul>\n<li>Fromage persill\u00e9<\/li>\n<li>Salade de fruits<\/li>\n<li>Sorbet et desserts de fruit\u00e9s<\/li>\n<li>Dessert au chocolat<\/li>\n<\/ul>","protected":false},"excerpt":{"rendered":"<p>\u00c9DITION LIMIT\u00c9E<br \/>\nUn Vin unique \u00e0 d\u00e9gust\u00e9 &#8211; Vin mut\u00e9 non-cuit d&#8217;une grandeur rondeur en bouche. Un vrai p\u00e9ch\u00e9 mignon!<\/p>\n<p>LIMITED EDITION<br \/>\nA unique wine to savor \u2013 a fortified, unheated wine with a wonderfully round palate. A true guilty pleasure!<\/p>","protected":false},"featured_media":328,"comment_status":"open","ping_status":"closed","template":"","meta":{"_acf_changed":false,"content-type":"","om_disable_all_campaigns":false,"_monsterinsights_skip_tracking":false,"_monsterinsights_sitenote_active":false,"_monsterinsights_sitenote_note":"","_monsterinsights_sitenote_category":0},"product_brand":[66],"product_cat":[23,19,26],"product_tag":[],"class_list":{"0":"post-327","1":"product","2":"type-product","3":"status-publish","4":"has-post-thumbnail","6":"product_brand-chateau-prince","7":"product_cat-vins-liquoreux","8":"product_cat-vins-rouges","9":"product_cat-vins-speciaux","11":"first","12":"instock","13":"shipping-taxable","14":"purchasable","15":"product-type-simple"},"acf":[],"aioseo_notices":[],"_links":{"self":[{"href":"https:\/\/thefrenchywine.com\/en\/wp-json\/wp\/v2\/product\/327","targetHints":{"allow":["GET"]}}],"collection":[{"href":"https:\/\/thefrenchywine.com\/en\/wp-json\/wp\/v2\/product"}],"about":[{"href":"https:\/\/thefrenchywine.com\/en\/wp-json\/wp\/v2\/types\/product"}],"replies":[{"embeddable":true,"href":"https:\/\/thefrenchywine.com\/en\/wp-json\/wp\/v2\/comments?post=327"}],"wp:featuredmedia":[{"embeddable":true,"href":"https:\/\/thefrenchywine.com\/en\/wp-json\/wp\/v2\/media\/328"}],"wp:attachment":[{"href":"https:\/\/thefrenchywine.com\/en\/wp-json\/wp\/v2\/media?parent=327"}],"wp:term":[{"taxonomy":"product_brand","embeddable":true,"href":"https:\/\/thefrenchywine.com\/en\/wp-json\/wp\/v2\/product_brand?post=327"},{"taxonomy":"product_cat","embeddable":true,"href":"https:\/\/thefrenchywine.com\/en\/wp-json\/wp\/v2\/product_cat?post=327"},{"taxonomy":"product_tag","embeddable":true,"href":"https:\/\/thefrenchywine.com\/en\/wp-json\/wp\/v2\/product_tag?post=327"}],"curies":[{"name":"wp","href":"https:\/\/api.w.org\/{rel}","templated":true}]}}