{"id":309,"date":"2025-08-11T23:24:58","date_gmt":"2025-08-11T23:24:58","guid":{"rendered":"https:\/\/thefrenchywine.com\/?post_type=product&#038;p=309"},"modified":"2025-10-26T20:19:55","modified_gmt":"2025-10-26T20:19:55","slug":"cremant-de-loire-rose-brut-domaine-des-hauts-perrays","status":"publish","type":"product","link":"https:\/\/thefrenchywine.com\/en\/product\/cremant-de-loire-rose-brut-domaine-des-hauts-perrays\/","title":{"rendered":"Cr\u00e9mant de Loire Ros\u00e9 Brut &#8211; Domaine des Hauts Perrays"},"content":{"rendered":"<p>Cr\u00e9mant Ros\u00e9 brut \u00e0 la rober saumon et brillante, aux bulles fines et intenses. Un nez complexe de fruits rouges ; en bouche, la rondeur de ce cr\u00e9mant allie fra\u00eecheur et sucrosit\u00e9 ma\u00eetris\u00e9.<\/p>\n<p><em>Brut Ros\u00e9 Cr\u00e9mant with a bright, salmon-pink hue and fine, persistent bubbles. The nose is complex, revealing red fruit aromas; on the palate, the roundness of this Cr\u00e9mant combines freshness with perfectly balanced sweetness.<\/em><\/p>\n<p><strong>Grape variety :<\/strong> 65% Cabernet Franc et 35% Chenin<\/p>\n<p><strong>Serving temperature :<\/strong> 8-10\u00b0C<\/p>\n<p><strong>Recommended aging :<\/strong> 3 ans<\/p>\n<p><strong>Foods pairing :<\/strong><\/p>\n<ul>\n<li>Ideal as an aperitif<\/li>\n<li>Dessert<\/li>\n<li>tout un repas estival<\/li>\n<\/ul>\n<p><img loading=\"lazy\" decoding=\"async\" class=\"alignnone wp-image-303\" src=\"https:\/\/thefrenchywine.com\/wp-content\/uploads\/2025\/08\/VIOR-300x300.png\" alt=\"\" width=\"174\" height=\"174\" srcset=\"https:\/\/thefrenchywine.com\/wp-content\/uploads\/2025\/08\/VIOR-300x300.png 300w, https:\/\/thefrenchywine.com\/wp-content\/uploads\/2025\/08\/VIOR-1024x1024.png 1024w, https:\/\/thefrenchywine.com\/wp-content\/uploads\/2025\/08\/VIOR-150x150.png 150w, https:\/\/thefrenchywine.com\/wp-content\/uploads\/2025\/08\/VIOR-768x768.png 768w, https:\/\/thefrenchywine.com\/wp-content\/uploads\/2025\/08\/VIOR-12x12.png 12w, https:\/\/thefrenchywine.com\/wp-content\/uploads\/2025\/08\/VIOR-600x600.png 600w, https:\/\/thefrenchywine.com\/wp-content\/uploads\/2025\/08\/VIOR-100x100.png 100w, https:\/\/thefrenchywine.com\/wp-content\/uploads\/2025\/08\/VIOR.png 1080w\" sizes=\"auto, (max-width: 174px) 100vw, 174px\" \/><\/p>","protected":false},"excerpt":{"rendered":"<p>Cr\u00e9mant Ros\u00e9 Brut d&#8217;une belle \u00e9l\u00e9gance aux fines bulles, ravira vos soir\u00e9es entre amis!<br \/>\n<em>Elegant Brut Ros\u00e9 Cr\u00e9mant with fine bubbles, perfect for your evenings with friends!<\/em><\/p>","protected":false},"featured_media":310,"comment_status":"open","ping_status":"closed","template":"","meta":{"_acf_changed":false,"content-type":"","om_disable_all_campaigns":false,"_monsterinsights_skip_tracking":false,"_monsterinsights_sitenote_active":false,"_monsterinsights_sitenote_note":"","_monsterinsights_sitenote_category":0},"product_brand":[64],"product_cat":[33,24,22],"product_tag":[],"class_list":{"0":"post-309","1":"product","2":"type-product","3":"status-publish","4":"has-post-thumbnail","6":"product_brand-domaine-des-hauts-perrays","7":"product_cat-cremant","8":"product_cat-vins-effervescents","9":"product_cat-vins-roses","11":"first","12":"instock","13":"shipping-taxable","14":"purchasable","15":"product-type-simple"},"acf":[],"aioseo_notices":[],"_links":{"self":[{"href":"https:\/\/thefrenchywine.com\/en\/wp-json\/wp\/v2\/product\/309","targetHints":{"allow":["GET"]}}],"collection":[{"href":"https:\/\/thefrenchywine.com\/en\/wp-json\/wp\/v2\/product"}],"about":[{"href":"https:\/\/thefrenchywine.com\/en\/wp-json\/wp\/v2\/types\/product"}],"replies":[{"embeddable":true,"href":"https:\/\/thefrenchywine.com\/en\/wp-json\/wp\/v2\/comments?post=309"}],"wp:featuredmedia":[{"embeddable":true,"href":"https:\/\/thefrenchywine.com\/en\/wp-json\/wp\/v2\/media\/310"}],"wp:attachment":[{"href":"https:\/\/thefrenchywine.com\/en\/wp-json\/wp\/v2\/media?parent=309"}],"wp:term":[{"taxonomy":"product_brand","embeddable":true,"href":"https:\/\/thefrenchywine.com\/en\/wp-json\/wp\/v2\/product_brand?post=309"},{"taxonomy":"product_cat","embeddable":true,"href":"https:\/\/thefrenchywine.com\/en\/wp-json\/wp\/v2\/product_cat?post=309"},{"taxonomy":"product_tag","embeddable":true,"href":"https:\/\/thefrenchywine.com\/en\/wp-json\/wp\/v2\/product_tag?post=309"}],"curies":[{"name":"wp","href":"https:\/\/api.w.org\/{rel}","templated":true}]}}