{"id":307,"date":"2025-08-11T23:25:21","date_gmt":"2025-08-11T23:25:21","guid":{"rendered":"https:\/\/thefrenchywine.com\/?post_type=product&#038;p=307"},"modified":"2025-10-26T20:19:33","modified_gmt":"2025-10-26T20:19:33","slug":"cabernet-danjou-2024-domaine-des-hauts-perrays","status":"publish","type":"product","link":"https:\/\/thefrenchywine.com\/en\/product\/cabernet-danjou-2024-domaine-des-hauts-perrays\/","title":{"rendered":"Cabernet d&#8217;Anjou 2024 &#8211; Domaine des Hauts Perrays"},"content":{"rendered":"<p>Cabernet d&#8217;Anjou \u00e0 la robe corail sublim\u00e9 par des reflets orang\u00e9s.\u00a0Un nez intense de fruits rouges et d&#8217;agrume relev\u00e9 d&#8217;un note florale ; En bouche, l&#8217;acidul\u00e9 et les sucre s&#8217;\u00e9quilibre parfaitement. Les fruits sont issu de vignes de 25 \u00e0 45 ans d&#8217;\u00e2ge et r\u00e9colt\u00e9 \u00e0 la main afin de respecter le terroir.<\/p>\n<p><em>Cabernet d&#8217;Anjou with a coral hue highlighted by orange reflections. The nose is intense, with red fruit and citrus aromas complemented by floral notes. On the palate, acidity and sweetness are perfectly balanced. The fruit comes from 25- to 45-year-old vines, hand-harvested to honor the terroir.<\/em><\/p>\n<p><strong>Grape variety :<\/strong> 100% Cabernet Franc<\/p>\n<p><strong>Serving temperature :<\/strong> 8-10\u00b0C<\/p>\n<p><strong>Temps de garde :<\/strong> 1 \u00e0 3 ans<\/p>\n<p><strong>Foods pairing :<\/strong><\/p>\n<ul>\n<li>\u00c0 l&#8217;ap\u00e9ritif<\/li>\n<li>Grillade<\/li>\n<li>Salade estivale<\/li>\n<li>Plat sucr\u00e9\/sal\u00e9 ou \u00e9pic\u00e9<\/li>\n<li>Dessert fruit\u00e9s<\/li>\n<\/ul>\n<p><img loading=\"lazy\" decoding=\"async\" class=\"alignnone wp-image-308\" src=\"https:\/\/thefrenchywine.com\/wp-content\/uploads\/2025\/08\/VigneronIndArgent25-300x300.png\" alt=\"\" width=\"151\" height=\"151\" srcset=\"https:\/\/thefrenchywine.com\/wp-content\/uploads\/2025\/08\/VigneronIndArgent25-300x300.png 300w, https:\/\/thefrenchywine.com\/wp-content\/uploads\/2025\/08\/VigneronIndArgent25-1024x1024.png 1024w, https:\/\/thefrenchywine.com\/wp-content\/uploads\/2025\/08\/VigneronIndArgent25-150x150.png 150w, https:\/\/thefrenchywine.com\/wp-content\/uploads\/2025\/08\/VigneronIndArgent25-768x768.png 768w, https:\/\/thefrenchywine.com\/wp-content\/uploads\/2025\/08\/VigneronIndArgent25-12x12.png 12w, https:\/\/thefrenchywine.com\/wp-content\/uploads\/2025\/08\/VigneronIndArgent25-600x600.png 600w, https:\/\/thefrenchywine.com\/wp-content\/uploads\/2025\/08\/VigneronIndArgent25-100x100.png 100w, https:\/\/thefrenchywine.com\/wp-content\/uploads\/2025\/08\/VigneronIndArgent25.png 1080w\" sizes=\"auto, (max-width: 151px) 100vw, 151px\" \/><\/p>","protected":false},"excerpt":{"rendered":"<p>Cabernet d&#8217;Anjou dans la tradition mais modernis\u00e9 par la volont\u00e9 des vignerons de faire parler le fruit plut\u00f4t que le sucre.<br \/>\nVous n&#8217;\u00eates pas adepte des vins sucr\u00e9s, ce ros\u00e9 doux est fait pour vous!<br \/>\n<em>Cabernet d&#8217;Anjou rooted in tradition but modernized by the winemakers\u2019 desire to let the fruit shine rather than the sugar.<br \/>\n<\/em><em>If you\u2019re not a fan of sweet wines, this lightly sweet ros\u00e9 is made for you!<\/em><\/p>","protected":false},"featured_media":270,"comment_status":"open","ping_status":"closed","template":"","meta":{"_acf_changed":false,"content-type":"","om_disable_all_campaigns":false,"_monsterinsights_skip_tracking":false,"_monsterinsights_sitenote_active":false,"_monsterinsights_sitenote_note":"","_monsterinsights_sitenote_category":0},"product_brand":[64],"product_cat":[73,22],"product_tag":[],"class_list":{"0":"post-307","1":"product","2":"type-product","3":"status-publish","4":"has-post-thumbnail","6":"product_brand-domaine-des-hauts-perrays","7":"product_cat-rose-doux","8":"product_cat-vins-roses","10":"first","11":"instock","12":"shipping-taxable","13":"purchasable","14":"product-type-simple"},"acf":[],"aioseo_notices":[],"_links":{"self":[{"href":"https:\/\/thefrenchywine.com\/en\/wp-json\/wp\/v2\/product\/307","targetHints":{"allow":["GET"]}}],"collection":[{"href":"https:\/\/thefrenchywine.com\/en\/wp-json\/wp\/v2\/product"}],"about":[{"href":"https:\/\/thefrenchywine.com\/en\/wp-json\/wp\/v2\/types\/product"}],"replies":[{"embeddable":true,"href":"https:\/\/thefrenchywine.com\/en\/wp-json\/wp\/v2\/comments?post=307"}],"wp:featuredmedia":[{"embeddable":true,"href":"https:\/\/thefrenchywine.com\/en\/wp-json\/wp\/v2\/media\/270"}],"wp:attachment":[{"href":"https:\/\/thefrenchywine.com\/en\/wp-json\/wp\/v2\/media?parent=307"}],"wp:term":[{"taxonomy":"product_brand","embeddable":true,"href":"https:\/\/thefrenchywine.com\/en\/wp-json\/wp\/v2\/product_brand?post=307"},{"taxonomy":"product_cat","embeddable":true,"href":"https:\/\/thefrenchywine.com\/en\/wp-json\/wp\/v2\/product_cat?post=307"},{"taxonomy":"product_tag","embeddable":true,"href":"https:\/\/thefrenchywine.com\/en\/wp-json\/wp\/v2\/product_tag?post=307"}],"curies":[{"name":"wp","href":"https:\/\/api.w.org\/{rel}","templated":true}]}}