{"id":290,"date":"2025-08-11T21:33:03","date_gmt":"2025-08-11T21:33:03","guid":{"rendered":"https:\/\/thefrenchywine.com\/?post_type=product&#038;p=290"},"modified":"2025-10-26T20:25:05","modified_gmt":"2025-10-26T20:25:05","slug":"bonnezeau-clos-des-melleresses-2020-domaine-des-petis-quarts","status":"publish","type":"product","link":"https:\/\/thefrenchywine.com\/en\/product\/bonnezeau-clos-des-melleresses-2020-domaine-des-petis-quarts\/","title":{"rendered":"Bonnezeau &#8211; Clos des Melleresses 2020 &#8211; Domaine des Petis Quarts"},"content":{"rendered":"<p>Bonnezeau unique d&#8217;une couleur or intense et profonde, riche d&#8217;une promesse de douceur du coteau expos\u00e9 plein sud, sur schiste gris et gris-vert et de phtanite.<\/p>\n<p>Un nez domin\u00e9 par note de fruits blancs cuits, caram\u00e9lis\u00e9s et confit, puis vient une note bois\u00e9 et vanill\u00e9 li\u00e9es \u00e0 l&#8217;\u00e9levage en f\u00fbt. En bouche, les note des fruits blancs persistent et se renforcent avec une pointe d&#8217;ananas qui souligne la saveur confite.<\/p>\n<p data-start=\"104\" data-end=\"260\"><em>Unique Bonnezeau with an intense, deep golden color, promising sweetness from the south-facing slopes on grey and grey-green schist and phyllite soils.<\/em><\/p>\n<p data-start=\"262\" data-end=\"517\"><em>The nose is dominated by baked, caramelized, and candied white fruit aromas, followed by oaky and vanilla notes from barrel aging. On the palate, the white fruit flavors persist and intensify, with a hint of pineapple enhancing the candied character.<\/em><\/p>\n<p>&nbsp;<\/p>\n<p><strong>Grape variety :<\/strong> 100% Chenin Blanc<\/p>\n<p><strong>Temp\u00e9rature de Service :<\/strong> 8- 10\u00b0C<\/p>\n<p><strong>Recommended aging :<\/strong> entre 10 et 30 ans (\u00e0 12-14\u00b0C)<\/p>\n<p><strong>Foods pairing :<\/strong><\/p>\n<ul>\n<li>Foie gras d&#8217;oie ou de canard,<\/li>\n<li>Coquillage et crustac\u00e9, Fromage \u00e0 p\u00e2te persill\u00e9 (roquefort, &#8230;) ou encore avec des<\/li>\n<li>Dessert aux fruits exotiques, une tarte tatin traditionnel \u00e0 la pomme ou bien \u00e0 la mangue.<\/li>\n<\/ul>\n<p><img loading=\"lazy\" decoding=\"async\" class=\"alignnone wp-image-294\" src=\"https:\/\/thefrenchywine.com\/wp-content\/uploads\/2025\/08\/CMBruxelle-300x300.png\" alt=\"\" width=\"173\" height=\"173\" srcset=\"https:\/\/thefrenchywine.com\/wp-content\/uploads\/2025\/08\/CMBruxelle-300x300.png 300w, https:\/\/thefrenchywine.com\/wp-content\/uploads\/2025\/08\/CMBruxelle-1024x1024.png 1024w, https:\/\/thefrenchywine.com\/wp-content\/uploads\/2025\/08\/CMBruxelle-150x150.png 150w, https:\/\/thefrenchywine.com\/wp-content\/uploads\/2025\/08\/CMBruxelle-768x768.png 768w, https:\/\/thefrenchywine.com\/wp-content\/uploads\/2025\/08\/CMBruxelle-12x12.png 12w, https:\/\/thefrenchywine.com\/wp-content\/uploads\/2025\/08\/CMBruxelle-600x600.png 600w, https:\/\/thefrenchywine.com\/wp-content\/uploads\/2025\/08\/CMBruxelle-100x100.png 100w, https:\/\/thefrenchywine.com\/wp-content\/uploads\/2025\/08\/CMBruxelle.png 1080w\" sizes=\"auto, (max-width: 173px) 100vw, 173px\" \/><img loading=\"lazy\" decoding=\"async\" class=\"alignnone wp-image-195\" src=\"https:\/\/thefrenchywine.com\/wp-content\/uploads\/2025\/07\/ligers-argent-300x300.png\" alt=\"\" width=\"166\" height=\"166\" srcset=\"https:\/\/thefrenchywine.com\/wp-content\/uploads\/2025\/07\/ligers-argent-300x300.png 300w, https:\/\/thefrenchywine.com\/wp-content\/uploads\/2025\/07\/ligers-argent-1024x1024.png 1024w, https:\/\/thefrenchywine.com\/wp-content\/uploads\/2025\/07\/ligers-argent-150x150.png 150w, https:\/\/thefrenchywine.com\/wp-content\/uploads\/2025\/07\/ligers-argent-768x768.png 768w, https:\/\/thefrenchywine.com\/wp-content\/uploads\/2025\/07\/ligers-argent-600x600.png 600w, https:\/\/thefrenchywine.com\/wp-content\/uploads\/2025\/07\/ligers-argent-100x100.png 100w, https:\/\/thefrenchywine.com\/wp-content\/uploads\/2025\/07\/ligers-argent.png 1200w\" sizes=\"auto, (max-width: 166px) 100vw, 166px\" \/><img loading=\"lazy\" decoding=\"async\" class=\"alignnone wp-image-196\" src=\"https:\/\/thefrenchywine.com\/wp-content\/uploads\/2025\/07\/medaille-or-300x300.png\" alt=\"\" width=\"169\" height=\"169\" srcset=\"https:\/\/thefrenchywine.com\/wp-content\/uploads\/2025\/07\/medaille-or-300x300.png 300w, https:\/\/thefrenchywine.com\/wp-content\/uploads\/2025\/07\/medaille-or-1024x1024.png 1024w, https:\/\/thefrenchywine.com\/wp-content\/uploads\/2025\/07\/medaille-or-150x150.png 150w, https:\/\/thefrenchywine.com\/wp-content\/uploads\/2025\/07\/medaille-or-768x768.png 768w, https:\/\/thefrenchywine.com\/wp-content\/uploads\/2025\/07\/medaille-or-600x600.png 600w, https:\/\/thefrenchywine.com\/wp-content\/uploads\/2025\/07\/medaille-or-100x100.png 100w, https:\/\/thefrenchywine.com\/wp-content\/uploads\/2025\/07\/medaille-or.png 1200w\" sizes=\"auto, (max-width: 169px) 100vw, 169px\" \/><img loading=\"lazy\" decoding=\"async\" class=\"alignnone wp-image-293\" src=\"https:\/\/thefrenchywine.com\/wp-content\/uploads\/2025\/08\/interloire-OR-2-300x300.png\" alt=\"\" width=\"175\" height=\"175\" srcset=\"https:\/\/thefrenchywine.com\/wp-content\/uploads\/2025\/08\/interloire-OR-2-300x300.png 300w, https:\/\/thefrenchywine.com\/wp-content\/uploads\/2025\/08\/interloire-OR-2-1024x1024.png 1024w, https:\/\/thefrenchywine.com\/wp-content\/uploads\/2025\/08\/interloire-OR-2-150x150.png 150w, https:\/\/thefrenchywine.com\/wp-content\/uploads\/2025\/08\/interloire-OR-2-768x768.png 768w, https:\/\/thefrenchywine.com\/wp-content\/uploads\/2025\/08\/interloire-OR-2-12x12.png 12w, https:\/\/thefrenchywine.com\/wp-content\/uploads\/2025\/08\/interloire-OR-2-600x600.png 600w, https:\/\/thefrenchywine.com\/wp-content\/uploads\/2025\/08\/interloire-OR-2-100x100.png 100w, https:\/\/thefrenchywine.com\/wp-content\/uploads\/2025\/08\/interloire-OR-2.png 1080w\" sizes=\"auto, (max-width: 175px) 100vw, 175px\" \/><img loading=\"lazy\" decoding=\"async\" class=\"alignnone wp-image-300\" src=\"https:\/\/thefrenchywine.com\/wp-content\/uploads\/2025\/08\/decanterWWA2022-300x300.png\" alt=\"\" width=\"158\" height=\"158\" srcset=\"https:\/\/thefrenchywine.com\/wp-content\/uploads\/2025\/08\/decanterWWA2022-300x300.png 300w, https:\/\/thefrenchywine.com\/wp-content\/uploads\/2025\/08\/decanterWWA2022-1024x1024.png 1024w, https:\/\/thefrenchywine.com\/wp-content\/uploads\/2025\/08\/decanterWWA2022-150x150.png 150w, https:\/\/thefrenchywine.com\/wp-content\/uploads\/2025\/08\/decanterWWA2022-768x768.png 768w, https:\/\/thefrenchywine.com\/wp-content\/uploads\/2025\/08\/decanterWWA2022-12x12.png 12w, https:\/\/thefrenchywine.com\/wp-content\/uploads\/2025\/08\/decanterWWA2022-600x600.png 600w, https:\/\/thefrenchywine.com\/wp-content\/uploads\/2025\/08\/decanterWWA2022-100x100.png 100w, https:\/\/thefrenchywine.com\/wp-content\/uploads\/2025\/08\/decanterWWA2022.png 1080w\" sizes=\"auto, (max-width: 158px) 100vw, 158px\" \/><\/p>\n<p>&nbsp;<\/p>","protected":false},"excerpt":{"rendered":"<p>Superbe vin parcellaire du clos des Melleresses, mill\u00e9sime 2020<br \/>\n<em>Outstanding single-parcel wine from Clos des Melleresses, vintage 2020.<\/em><\/p>","protected":false},"featured_media":295,"comment_status":"open","ping_status":"closed","template":"","meta":{"_acf_changed":false,"content-type":"","om_disable_all_campaigns":false,"_monsterinsights_skip_tracking":false,"_monsterinsights_sitenote_active":false,"_monsterinsights_sitenote_note":"","_monsterinsights_sitenote_category":0},"product_brand":[65],"product_cat":[23],"product_tag":[],"class_list":{"0":"post-290","1":"product","2":"type-product","3":"status-publish","4":"has-post-thumbnail","6":"product_brand-domaine-des-petits-quarts","7":"product_cat-vins-liquoreux","9":"first","10":"instock","11":"shipping-taxable","12":"purchasable","13":"product-type-simple"},"acf":[],"aioseo_notices":[],"_links":{"self":[{"href":"https:\/\/thefrenchywine.com\/en\/wp-json\/wp\/v2\/product\/290","targetHints":{"allow":["GET"]}}],"collection":[{"href":"https:\/\/thefrenchywine.com\/en\/wp-json\/wp\/v2\/product"}],"about":[{"href":"https:\/\/thefrenchywine.com\/en\/wp-json\/wp\/v2\/types\/product"}],"replies":[{"embeddable":true,"href":"https:\/\/thefrenchywine.com\/en\/wp-json\/wp\/v2\/comments?post=290"}],"wp:featuredmedia":[{"embeddable":true,"href":"https:\/\/thefrenchywine.com\/en\/wp-json\/wp\/v2\/media\/295"}],"wp:attachment":[{"href":"https:\/\/thefrenchywine.com\/en\/wp-json\/wp\/v2\/media?parent=290"}],"wp:term":[{"taxonomy":"product_brand","embeddable":true,"href":"https:\/\/thefrenchywine.com\/en\/wp-json\/wp\/v2\/product_brand?post=290"},{"taxonomy":"product_cat","embeddable":true,"href":"https:\/\/thefrenchywine.com\/en\/wp-json\/wp\/v2\/product_cat?post=290"},{"taxonomy":"product_tag","embeddable":true,"href":"https:\/\/thefrenchywine.com\/en\/wp-json\/wp\/v2\/product_tag?post=290"}],"curies":[{"name":"wp","href":"https:\/\/api.w.org\/{rel}","templated":true}]}}