{"id":289,"date":"2025-08-11T21:32:40","date_gmt":"2025-08-11T21:32:40","guid":{"rendered":"https:\/\/thefrenchywine.com\/?post_type=product&#038;p=289"},"modified":"2025-10-26T20:25:16","modified_gmt":"2025-10-26T20:25:16","slug":"bonnezeau-le-malabe-2021-domaine-des-petits-quarts","status":"publish","type":"product","link":"https:\/\/thefrenchywine.com\/en\/product\/bonnezeau-le-malabe-2021-domaine-des-petits-quarts\/","title":{"rendered":"Bonnezeau &#8211; Le Malab\u00e9 2021 &#8211; Domaine des Petits Quarts"},"content":{"rendered":"<p>Bonnezeau d&#8217;un or tr\u00e8s intense gorg\u00e9 sud soleil du matin. Un nez tr\u00e8s fruit\u00e9 de fruits blancs et jaunes caram\u00e9lis\u00e9 et aux agrumes confits. El\u00e9gant et ample en bouche aux notes d&#8217;abricot et de coing.<\/p>\n<p>Les grains sont r\u00e9colt\u00e9s \u00e0 la main apr\u00e8s la longue attente de surmaturit\u00e9 des grappes.<\/p>\n<p data-start=\"104\" data-end=\"346\"><em>Bonnezeau with a deep golden color, sun-kissed from the southern morning slopes. The nose is very fruity, with caramelized white and yellow fruits and candied citrus. Elegant and full on the palate, revealing notes of apricot and quince.<\/em><\/p>\n<p data-start=\"348\" data-end=\"444\"><em>The grapes are hand-harvested after a long wait for the berries to reach full overripeness.<\/em><\/p>\n<p>&nbsp;<\/p>\n<p><strong>Grape variety :<\/strong> 100% Chenin<\/p>\n<p><strong>Serving temperature :<\/strong> 8-10\u00b0C<\/p>\n<p><strong>Recommended aging :<\/strong> 10-30 ans (\u00e0 12\u00b0C)<\/p>\n<p><strong>Foods pairing :<\/strong><\/p>\n<ul>\n<li>Foie gras d&#8217;oie ou de canard mi-cuits ou po\u00eal\u00e9s,<\/li>\n<li>Crustac\u00e9s, Fromage persill\u00e9 (Roquefort, Bleu,&#8230;)<\/li>\n<li>Dessert exotique.<\/li>\n<\/ul>\n<p><img loading=\"lazy\" decoding=\"async\" class=\"alignnone wp-image-300\" src=\"https:\/\/thefrenchywine.com\/wp-content\/uploads\/2025\/08\/decanterWWA2022-300x300.png\" alt=\"\" width=\"151\" height=\"151\" srcset=\"https:\/\/thefrenchywine.com\/wp-content\/uploads\/2025\/08\/decanterWWA2022-300x300.png 300w, https:\/\/thefrenchywine.com\/wp-content\/uploads\/2025\/08\/decanterWWA2022-1024x1024.png 1024w, https:\/\/thefrenchywine.com\/wp-content\/uploads\/2025\/08\/decanterWWA2022-150x150.png 150w, https:\/\/thefrenchywine.com\/wp-content\/uploads\/2025\/08\/decanterWWA2022-768x768.png 768w, https:\/\/thefrenchywine.com\/wp-content\/uploads\/2025\/08\/decanterWWA2022-12x12.png 12w, https:\/\/thefrenchywine.com\/wp-content\/uploads\/2025\/08\/decanterWWA2022-600x600.png 600w, https:\/\/thefrenchywine.com\/wp-content\/uploads\/2025\/08\/decanterWWA2022-100x100.png 100w, https:\/\/thefrenchywine.com\/wp-content\/uploads\/2025\/08\/decanterWWA2022.png 1080w\" sizes=\"auto, (max-width: 151px) 100vw, 151px\" \/>\u00a0 <img loading=\"lazy\" decoding=\"async\" class=\"alignnone wp-image-297\" src=\"https:\/\/thefrenchywine.com\/wp-content\/uploads\/2025\/08\/Feminalise-OR.png-300x300.webp\" alt=\"\" width=\"151\" height=\"151\" srcset=\"https:\/\/thefrenchywine.com\/wp-content\/uploads\/2025\/08\/Feminalise-OR.png-300x300.webp 300w, https:\/\/thefrenchywine.com\/wp-content\/uploads\/2025\/08\/Feminalise-OR.png-150x150.webp 150w, https:\/\/thefrenchywine.com\/wp-content\/uploads\/2025\/08\/Feminalise-OR.png-12x12.webp 12w, https:\/\/thefrenchywine.com\/wp-content\/uploads\/2025\/08\/Feminalise-OR.png-100x100.webp 100w, https:\/\/thefrenchywine.com\/wp-content\/uploads\/2025\/08\/Feminalise-OR.png.webp 540w\" sizes=\"auto, (max-width: 151px) 100vw, 151px\" \/> <img loading=\"lazy\" decoding=\"async\" class=\"alignnone wp-image-301\" src=\"https:\/\/thefrenchywine.com\/wp-content\/uploads\/2025\/08\/CGA-argent23-300x300.png\" alt=\"\" width=\"153\" height=\"153\" srcset=\"https:\/\/thefrenchywine.com\/wp-content\/uploads\/2025\/08\/CGA-argent23-300x300.png 300w, https:\/\/thefrenchywine.com\/wp-content\/uploads\/2025\/08\/CGA-argent23-1024x1024.png 1024w, https:\/\/thefrenchywine.com\/wp-content\/uploads\/2025\/08\/CGA-argent23-150x150.png 150w, https:\/\/thefrenchywine.com\/wp-content\/uploads\/2025\/08\/CGA-argent23-768x768.png 768w, https:\/\/thefrenchywine.com\/wp-content\/uploads\/2025\/08\/CGA-argent23-12x12.png 12w, https:\/\/thefrenchywine.com\/wp-content\/uploads\/2025\/08\/CGA-argent23-600x600.png 600w, https:\/\/thefrenchywine.com\/wp-content\/uploads\/2025\/08\/CGA-argent23-100x100.png 100w, https:\/\/thefrenchywine.com\/wp-content\/uploads\/2025\/08\/CGA-argent23.png 1080w\" sizes=\"auto, (max-width: 153px) 100vw, 153px\" \/><\/p>","protected":false},"excerpt":{"rendered":"<p>\u00c0 D\u00e9couvrir d&#8217;urgence! Un premier pas vers ces merveilleux vins de Bonnezeau.<br \/>\n<em>A must-try! Your first step into the wonderful wines of Bonnezeau.<\/em><\/p>\n<p>&nbsp;<\/p>","protected":false},"featured_media":296,"comment_status":"closed","ping_status":"closed","template":"","meta":{"_acf_changed":false,"content-type":"","om_disable_all_campaigns":false,"_monsterinsights_skip_tracking":false,"_monsterinsights_sitenote_active":false,"_monsterinsights_sitenote_note":"","_monsterinsights_sitenote_category":0},"product_brand":[65],"product_cat":[23],"product_tag":[],"class_list":{"0":"post-289","1":"product","2":"type-product","3":"status-publish","4":"has-post-thumbnail","6":"product_brand-domaine-des-petits-quarts","7":"product_cat-vins-liquoreux","9":"first","10":"instock","11":"shipping-taxable","12":"purchasable","13":"product-type-simple"},"acf":[],"aioseo_notices":[],"_links":{"self":[{"href":"https:\/\/thefrenchywine.com\/en\/wp-json\/wp\/v2\/product\/289","targetHints":{"allow":["GET"]}}],"collection":[{"href":"https:\/\/thefrenchywine.com\/en\/wp-json\/wp\/v2\/product"}],"about":[{"href":"https:\/\/thefrenchywine.com\/en\/wp-json\/wp\/v2\/types\/product"}],"replies":[{"embeddable":true,"href":"https:\/\/thefrenchywine.com\/en\/wp-json\/wp\/v2\/comments?post=289"}],"wp:featuredmedia":[{"embeddable":true,"href":"https:\/\/thefrenchywine.com\/en\/wp-json\/wp\/v2\/media\/296"}],"wp:attachment":[{"href":"https:\/\/thefrenchywine.com\/en\/wp-json\/wp\/v2\/media?parent=289"}],"wp:term":[{"taxonomy":"product_brand","embeddable":true,"href":"https:\/\/thefrenchywine.com\/en\/wp-json\/wp\/v2\/product_brand?post=289"},{"taxonomy":"product_cat","embeddable":true,"href":"https:\/\/thefrenchywine.com\/en\/wp-json\/wp\/v2\/product_cat?post=289"},{"taxonomy":"product_tag","embeddable":true,"href":"https:\/\/thefrenchywine.com\/en\/wp-json\/wp\/v2\/product_tag?post=289"}],"curies":[{"name":"wp","href":"https:\/\/api.w.org\/{rel}","templated":true}]}}