{"id":274,"date":"2025-08-11T21:05:22","date_gmt":"2025-08-11T21:05:22","guid":{"rendered":"https:\/\/thefrenchywine.com\/?post_type=product&#038;p=274"},"modified":"2025-10-26T20:26:03","modified_gmt":"2025-10-26T20:26:03","slug":"coteaux-du-layon-2024-domaine-des-hauts-perrays","status":"publish","type":"product","link":"https:\/\/thefrenchywine.com\/en\/product\/coteaux-du-layon-2024-domaine-des-hauts-perrays\/","title":{"rendered":"Coteaux du Layon 2024 &#8211; Domaine des hauts Perrays"},"content":{"rendered":"<p>Coteaux du Layon aux couleurs jaune paille et ses reflets dor\u00e9s, un nez de fruits blanc tendant vers la douceur de la poire et la d\u00e9licatesse des fleurs blanches . En bouche, vous retrouverez des ar\u00f4me de coing confit et de miel. En fin de bouche, une touche min\u00e9rale et saline termine la d\u00e9gustation.<\/p>\n<p><em>Coteaux du Layon with a straw-yellow color and golden highlights. The nose reveals white fruit aromas, leaning towards the sweetness of pear and the delicacy of white flowers. On the palate, notes of candied quince and honey emerge, finishing with a subtle mineral and saline touch.<\/em><\/p>\n<p>&nbsp;<\/p>\n<p><strong>Grape variety :<\/strong> 100% Chenin<\/p>\n<p><strong>Serving temperature :<\/strong> 9 &#8211; 12\u00b0C<\/p>\n<p><strong>Temps de Garde conseill\u00e9 :<\/strong> 5 ans<\/p>\n<p><strong>Foods pairing :<\/strong><\/p>\n<ul>\n<li>Ap\u00e9ritif dinatoire (sal\u00e9 et sucr\u00e9),<\/li>\n<li>Fromage,<\/li>\n<li>Dessert (chocolat, meringu\u00e9, &#8230;)<\/li>\n<\/ul>\n<p>&nbsp;<\/p>\n<p><img loading=\"lazy\" decoding=\"async\" class=\"size-medium wp-image-275 alignnone\" src=\"https:\/\/thefrenchywine.com\/wp-content\/uploads\/2025\/08\/GHachette2023-211x300.png\" alt=\"\" width=\"211\" height=\"300\" srcset=\"https:\/\/thefrenchywine.com\/wp-content\/uploads\/2025\/08\/GHachette2023-211x300.png 211w, https:\/\/thefrenchywine.com\/wp-content\/uploads\/2025\/08\/GHachette2023-8x12.png 8w, https:\/\/thefrenchywine.com\/wp-content\/uploads\/2025\/08\/GHachette2023.png 374w\" sizes=\"auto, (max-width: 211px) 100vw, 211px\" \/><\/p>\n<p>&nbsp;<\/p>","protected":false},"excerpt":{"rendered":"<p>Un layon peu sucr\u00e9, pour faire ses premier pas dans ce magnifique c\u00e9page, et vinification typique angevine.<\/p>\n<p><em>A lightly sweet Layon, perfect for taking your first steps with this magnificent grape, crafted in the typical Anjou style.<\/em><\/p>","protected":false},"featured_media":271,"comment_status":"open","ping_status":"closed","template":"","meta":{"_acf_changed":false,"content-type":"","om_disable_all_campaigns":false,"_monsterinsights_skip_tracking":false,"_monsterinsights_sitenote_active":false,"_monsterinsights_sitenote_note":"","_monsterinsights_sitenote_category":0},"product_brand":[64],"product_cat":[23],"product_tag":[],"class_list":{"0":"post-274","1":"product","2":"type-product","3":"status-publish","4":"has-post-thumbnail","6":"product_brand-domaine-des-hauts-perrays","7":"product_cat-vins-liquoreux","9":"first","10":"instock","11":"shipping-taxable","12":"purchasable","13":"product-type-simple"},"acf":[],"aioseo_notices":[],"_links":{"self":[{"href":"https:\/\/thefrenchywine.com\/en\/wp-json\/wp\/v2\/product\/274","targetHints":{"allow":["GET"]}}],"collection":[{"href":"https:\/\/thefrenchywine.com\/en\/wp-json\/wp\/v2\/product"}],"about":[{"href":"https:\/\/thefrenchywine.com\/en\/wp-json\/wp\/v2\/types\/product"}],"replies":[{"embeddable":true,"href":"https:\/\/thefrenchywine.com\/en\/wp-json\/wp\/v2\/comments?post=274"}],"wp:featuredmedia":[{"embeddable":true,"href":"https:\/\/thefrenchywine.com\/en\/wp-json\/wp\/v2\/media\/271"}],"wp:attachment":[{"href":"https:\/\/thefrenchywine.com\/en\/wp-json\/wp\/v2\/media?parent=274"}],"wp:term":[{"taxonomy":"product_brand","embeddable":true,"href":"https:\/\/thefrenchywine.com\/en\/wp-json\/wp\/v2\/product_brand?post=274"},{"taxonomy":"product_cat","embeddable":true,"href":"https:\/\/thefrenchywine.com\/en\/wp-json\/wp\/v2\/product_cat?post=274"},{"taxonomy":"product_tag","embeddable":true,"href":"https:\/\/thefrenchywine.com\/en\/wp-json\/wp\/v2\/product_tag?post=274"}],"curies":[{"name":"wp","href":"https:\/\/api.w.org\/{rel}","templated":true}]}}