{"id":269,"date":"2025-08-11T21:32:03","date_gmt":"2025-08-11T21:32:03","guid":{"rendered":"https:\/\/thefrenchywine.com\/?post_type=product&#038;p=269"},"modified":"2026-03-01T19:51:41","modified_gmt":"2026-03-01T19:51:41","slug":"coteaux-du-layon-quartz-vieilles-vignes-2022-domaine-des-hauts-perrays","status":"publish","type":"product","link":"https:\/\/thefrenchywine.com\/en\/product\/coteaux-du-layon-quartz-vieilles-vignes-2022-domaine-des-hauts-perrays\/","title":{"rendered":"Coteaux du Layon &#8220;Quartz&#8221; Vieilles Vignes 2022 &#8211; Domaine des Hauts Perrays"},"content":{"rendered":"<p>Une magnifique couleur jaune paille aux reflets dor\u00e9s, qui d\u00e9veloppe un nez complexe de coin, de p\u00e2te de fruits et de miel. Sa pr\u00e9sence en bouche est riche et d\u00e9licate tr\u00e8s l\u00e9g\u00e8rement saline, dont l&#8217;\u00e9quilibre parfait entre sucrosit\u00e9 et acidit\u00e9 en fin de bouche. Un vrai d\u00e9lice pour les papilles.<\/p>\n<p><em>A beautiful straw-yellow color with golden highlights, offering a complex nose of quince, fruit paste, and honey. On the palate, it is rich and delicate, with a subtle saline touch, perfectly balanced between sweetness and acidity on the finish. A true delight for the senses.<\/em><\/p>\n<p>&nbsp;<\/p>\n<p><strong>Grape variety :<\/strong> 100% Chenin<\/p>\n<p><strong>Serving temperature :<\/strong> 9 &#8211; 12\u00b0c<\/p>\n<p><strong>Recommended aging :<\/strong> 10 ans<\/p>\n<p>&nbsp;<\/p>\n<p><img loading=\"lazy\" decoding=\"async\" class=\"alignnone wp-image-277\" src=\"https:\/\/thefrenchywine.com\/wp-content\/uploads\/2025\/08\/Ghachette2etoiles2024-240x300.png\" alt=\"\" width=\"145\" height=\"181\" srcset=\"https:\/\/thefrenchywine.com\/wp-content\/uploads\/2025\/08\/Ghachette2etoiles2024-240x300.png 240w, https:\/\/thefrenchywine.com\/wp-content\/uploads\/2025\/08\/Ghachette2etoiles2024-10x12.png 10w, https:\/\/thefrenchywine.com\/wp-content\/uploads\/2025\/08\/Ghachette2etoiles2024-600x750.png 600w, https:\/\/thefrenchywine.com\/wp-content\/uploads\/2025\/08\/Ghachette2etoiles2024.png 617w\" sizes=\"auto, (max-width: 145px) 100vw, 145px\" \/>\u00a0 \u00a0 <img loading=\"lazy\" decoding=\"async\" class=\"alignnone wp-image-303\" src=\"https:\/\/thefrenchywine.com\/wp-content\/uploads\/2025\/08\/VIOR-300x300.png\" alt=\"\" width=\"181\" height=\"181\" srcset=\"https:\/\/thefrenchywine.com\/wp-content\/uploads\/2025\/08\/VIOR-300x300.png 300w, https:\/\/thefrenchywine.com\/wp-content\/uploads\/2025\/08\/VIOR-1024x1024.png 1024w, https:\/\/thefrenchywine.com\/wp-content\/uploads\/2025\/08\/VIOR-150x150.png 150w, https:\/\/thefrenchywine.com\/wp-content\/uploads\/2025\/08\/VIOR-768x768.png 768w, https:\/\/thefrenchywine.com\/wp-content\/uploads\/2025\/08\/VIOR-12x12.png 12w, https:\/\/thefrenchywine.com\/wp-content\/uploads\/2025\/08\/VIOR-600x600.png 600w, https:\/\/thefrenchywine.com\/wp-content\/uploads\/2025\/08\/VIOR-100x100.png 100w, https:\/\/thefrenchywine.com\/wp-content\/uploads\/2025\/08\/VIOR.png 1080w\" sizes=\"auto, (max-width: 181px) 100vw, 181px\" \/> \u00a0<img loading=\"lazy\" decoding=\"async\" class=\"alignnone  wp-image-618\" src=\"https:\/\/thefrenchywine.com\/wp-content\/uploads\/2025\/08\/concour-liger-OR-1.png\" alt=\"\" width=\"184\" height=\"184\" srcset=\"https:\/\/thefrenchywine.com\/wp-content\/uploads\/2025\/08\/concour-liger-OR-1.png 278w, https:\/\/thefrenchywine.com\/wp-content\/uploads\/2025\/08\/concour-liger-OR-1-150x150.png 150w, https:\/\/thefrenchywine.com\/wp-content\/uploads\/2025\/08\/concour-liger-OR-1-12x12.png 12w, https:\/\/thefrenchywine.com\/wp-content\/uploads\/2025\/08\/concour-liger-OR-1-100x100.png 100w\" sizes=\"auto, (max-width: 184px) 100vw, 184px\" \/><\/p>","protected":false},"excerpt":{"rendered":"<p>Un vin riche en couleur et fin en bouche nomm\u00e9 par une vigne vieille d&#8217;un demi-si\u00e8cle sur les versants du Layon.<br \/>\n<em>A wine rich in color and delicate on the palate, named after a half-century-old vine on the slopes of the Layon.<\/em><\/p>","protected":false},"featured_media":273,"comment_status":"open","ping_status":"closed","template":"","meta":{"_acf_changed":false,"content-type":"","om_disable_all_campaigns":false,"_monsterinsights_skip_tracking":false,"_monsterinsights_sitenote_active":false,"_monsterinsights_sitenote_note":"","_monsterinsights_sitenote_category":0},"product_brand":[64],"product_cat":[23],"product_tag":[],"class_list":{"0":"post-269","1":"product","2":"type-product","3":"status-publish","4":"has-post-thumbnail","6":"product_brand-domaine-des-hauts-perrays","7":"product_cat-vins-liquoreux","9":"first","10":"instock","11":"shipping-taxable","12":"purchasable","13":"product-type-simple"},"acf":[],"aioseo_notices":[],"_links":{"self":[{"href":"https:\/\/thefrenchywine.com\/en\/wp-json\/wp\/v2\/product\/269","targetHints":{"allow":["GET"]}}],"collection":[{"href":"https:\/\/thefrenchywine.com\/en\/wp-json\/wp\/v2\/product"}],"about":[{"href":"https:\/\/thefrenchywine.com\/en\/wp-json\/wp\/v2\/types\/product"}],"replies":[{"embeddable":true,"href":"https:\/\/thefrenchywine.com\/en\/wp-json\/wp\/v2\/comments?post=269"}],"wp:featuredmedia":[{"embeddable":true,"href":"https:\/\/thefrenchywine.com\/en\/wp-json\/wp\/v2\/media\/273"}],"wp:attachment":[{"href":"https:\/\/thefrenchywine.com\/en\/wp-json\/wp\/v2\/media?parent=269"}],"wp:term":[{"taxonomy":"product_brand","embeddable":true,"href":"https:\/\/thefrenchywine.com\/en\/wp-json\/wp\/v2\/product_brand?post=269"},{"taxonomy":"product_cat","embeddable":true,"href":"https:\/\/thefrenchywine.com\/en\/wp-json\/wp\/v2\/product_cat?post=269"},{"taxonomy":"product_tag","embeddable":true,"href":"https:\/\/thefrenchywine.com\/en\/wp-json\/wp\/v2\/product_tag?post=269"}],"curies":[{"name":"wp","href":"https:\/\/api.w.org\/{rel}","templated":true}]}}