{"id":188,"date":"2025-08-11T21:35:10","date_gmt":"2025-08-11T21:35:10","guid":{"rendered":"https:\/\/thefrenchywine.com\/?post_type=product&#038;p=188"},"modified":"2025-09-07T19:44:08","modified_gmt":"2025-09-07T19:44:08","slug":"le-clos-du-chateau-2020-chateau-de-parnay","status":"publish","type":"product","link":"https:\/\/thefrenchywine.com\/en\/product\/le-clos-du-chateau-2020-chateau-de-parnay\/","title":{"rendered":"Le Clos du Ch\u00e2teau 2020 &#8211; Ch\u00e2teau de Parnay"},"content":{"rendered":"<p>Un nez qui fait d\u00e9couvrir le sous-sol de la r\u00e9gion Lig\u00e9rienne truff\u00e9 de troglodytes puis dans le verre, il s&#8217;ouvre pour d\u00e9voiler une \u00e9tonnante fraicheur aux notes florales, v\u00e9g\u00e9tales et de fruits rouges.<\/p>\n<p>Une bouche velours \u00a0aux tanins soyeux typique de son terroir argilo-calcaire, et une fin de bouche d&#8217;une belle vivacit\u00e9, comme la Loire.<\/p>\n<p data-start=\"104\" data-end=\"302\"><em>The nose reveals the underground treasures of the Loire region, dotted with troglodyte caves. In the glass, it opens up to reveal remarkable freshness with floral, vegetal, and red fruit notes.<\/em><\/p>\n<p data-start=\"304\" data-end=\"422\"><em>On the palate, velvety tannins reflect its clay-limestone terroir, finishing with a lively, Loire-like freshness.<\/em><\/p>\n<p><strong>Grape variety :<\/strong> 100% Cabernet Franc<\/p>\n<p><strong>Serving temperature :<\/strong> 13-15\u00b0c<\/p>\n<p><strong>Recommended aging :<\/strong> 5 \u00e0 10 ans<\/p>\n<p><strong>Notre conseil :<\/strong> Le Clos du Ch\u00e2teau est une merveille qui ravira vos papilles, vous surprendra surtout si vous avez d\u00e9j\u00e0 d\u00e9guster notre Blason Rouge &#8211; Ch\u00e2teau de Parnay.<\/p>\n<p>&nbsp;<\/p>\n<p><img loading=\"lazy\" decoding=\"async\" class=\"alignnone size-medium wp-image-181\" src=\"https:\/\/thefrenchywine.com\/wp-content\/uploads\/2025\/07\/ab_image_full-300x300.png\" alt=\"\" width=\"300\" height=\"300\" \/><\/p>\n<p><img loading=\"lazy\" decoding=\"async\" class=\"alignnone wp-image-189\" src=\"https:\/\/thefrenchywine.com\/wp-content\/uploads\/2025\/07\/Interloire-OR-298x300.png\" alt=\"\" width=\"186\" height=\"187\" srcset=\"https:\/\/thefrenchywine.com\/wp-content\/uploads\/2025\/07\/Interloire-OR-298x300.png 298w, https:\/\/thefrenchywine.com\/wp-content\/uploads\/2025\/07\/Interloire-OR-150x150.png 150w, https:\/\/thefrenchywine.com\/wp-content\/uploads\/2025\/07\/Interloire-OR-300x300.png 300w, https:\/\/thefrenchywine.com\/wp-content\/uploads\/2025\/07\/Interloire-OR-100x100.png 100w, https:\/\/thefrenchywine.com\/wp-content\/uploads\/2025\/07\/Interloire-OR.png 371w\" sizes=\"auto, (max-width: 186px) 100vw, 186px\" \/> <img loading=\"lazy\" decoding=\"async\" class=\"alignnone wp-image-190\" src=\"https:\/\/thefrenchywine.com\/wp-content\/uploads\/2025\/07\/liger-or-300x300.webp\" alt=\"\" width=\"191\" height=\"191\" srcset=\"https:\/\/thefrenchywine.com\/wp-content\/uploads\/2025\/07\/liger-or-300x300.webp 300w, https:\/\/thefrenchywine.com\/wp-content\/uploads\/2025\/07\/liger-or-150x150.webp 150w, https:\/\/thefrenchywine.com\/wp-content\/uploads\/2025\/07\/liger-or-100x100.webp 100w, https:\/\/thefrenchywine.com\/wp-content\/uploads\/2025\/07\/liger-or.webp 600w\" sizes=\"auto, (max-width: 191px) 100vw, 191px\" \/> <img loading=\"lazy\" decoding=\"async\" class=\"alignnone wp-image-191\" src=\"https:\/\/thefrenchywine.com\/wp-content\/uploads\/2025\/07\/hachette-2-etoiles-300x300.png\" alt=\"\" width=\"175\" height=\"175\" srcset=\"https:\/\/thefrenchywine.com\/wp-content\/uploads\/2025\/07\/hachette-2-etoiles-300x300.png 300w, https:\/\/thefrenchywine.com\/wp-content\/uploads\/2025\/07\/hachette-2-etoiles-150x150.png 150w, https:\/\/thefrenchywine.com\/wp-content\/uploads\/2025\/07\/hachette-2-etoiles-100x100.png 100w, https:\/\/thefrenchywine.com\/wp-content\/uploads\/2025\/07\/hachette-2-etoiles.png 500w\" sizes=\"auto, (max-width: 175px) 100vw, 175px\" \/> <img loading=\"lazy\" decoding=\"async\" class=\"alignnone wp-image-194\" src=\"https:\/\/thefrenchywine.com\/wp-content\/uploads\/2025\/07\/medaille-or-300x300.png\" alt=\"\" width=\"190\" height=\"190\" \/><\/p>","protected":false},"excerpt":{"rendered":"<p>Saumur champigny d&#8217;une grande qualit\u00e9 qui saura vous accompagner pendant vos moments de d\u00e9tente, seul, ou \u00e0 l&#8217;heure de l&#8217;ap\u00e9ritif ou bien lors d&#8217;un diner.<br \/>\n<em>A high-quality Saumur-Champigny, perfect to accompany your moments of relaxation\u2014whether enjoyed alone, as an aperitif, or during dinner.<\/em><\/p>","protected":false},"featured_media":193,"comment_status":"open","ping_status":"closed","template":"","meta":{"_acf_changed":false,"content-type":"","om_disable_all_campaigns":false,"_monsterinsights_skip_tracking":false,"_monsterinsights_sitenote_active":false,"_monsterinsights_sitenote_note":"","_monsterinsights_sitenote_category":0},"product_brand":[32],"product_cat":[69,19],"product_tag":[],"class_list":{"0":"post-188","1":"product","2":"type-product","3":"status-publish","4":"has-post-thumbnail","6":"product_brand-chateau-de-parnay","7":"product_cat-saumur-champigny","8":"product_cat-vins-rouges","10":"first","11":"instock","12":"shipping-taxable","13":"purchasable","14":"product-type-simple"},"acf":[],"aioseo_notices":[],"_links":{"self":[{"href":"https:\/\/thefrenchywine.com\/en\/wp-json\/wp\/v2\/product\/188","targetHints":{"allow":["GET"]}}],"collection":[{"href":"https:\/\/thefrenchywine.com\/en\/wp-json\/wp\/v2\/product"}],"about":[{"href":"https:\/\/thefrenchywine.com\/en\/wp-json\/wp\/v2\/types\/product"}],"replies":[{"embeddable":true,"href":"https:\/\/thefrenchywine.com\/en\/wp-json\/wp\/v2\/comments?post=188"}],"wp:featuredmedia":[{"embeddable":true,"href":"https:\/\/thefrenchywine.com\/en\/wp-json\/wp\/v2\/media\/193"}],"wp:attachment":[{"href":"https:\/\/thefrenchywine.com\/en\/wp-json\/wp\/v2\/media?parent=188"}],"wp:term":[{"taxonomy":"product_brand","embeddable":true,"href":"https:\/\/thefrenchywine.com\/en\/wp-json\/wp\/v2\/product_brand?post=188"},{"taxonomy":"product_cat","embeddable":true,"href":"https:\/\/thefrenchywine.com\/en\/wp-json\/wp\/v2\/product_cat?post=188"},{"taxonomy":"product_tag","embeddable":true,"href":"https:\/\/thefrenchywine.com\/en\/wp-json\/wp\/v2\/product_tag?post=188"}],"curies":[{"name":"wp","href":"https:\/\/api.w.org\/{rel}","templated":true}]}}