{"id":172,"date":"2025-08-11T21:37:09","date_gmt":"2025-08-11T21:37:09","guid":{"rendered":"https:\/\/thefrenchywine.com\/?post_type=product&#038;p=172"},"modified":"2025-10-26T20:23:17","modified_gmt":"2025-10-26T20:23:17","slug":"cremant-de-loire-2022-domaine-du-matin-calme","status":"publish","type":"product","link":"https:\/\/thefrenchywine.com\/en\/product\/cremant-de-loire-2022-domaine-du-matin-calme\/","title":{"rendered":"Cr\u00e9mant de Loire 2022 &#8211; Domaine du Matin Calme"},"content":{"rendered":"<p>Un cr\u00e9mant d&#8217;une belle couleur et aux bulles fines qui en fait un cr\u00e9mant d&#8217;\u00e9l\u00e9gance.<\/p>\n<p>Le nez est gourmand aux ar\u00f4mes de fruit blanc et jaune m\u00fbrs avec une touche d\u00e9licate de fleurs s\u00e9ch\u00e9es. La bouche est douce et suave sur une note de noisettes et d&#8217;amandes, une fin de bouche fraiche et gourmande.<\/p>\n<p data-start=\"104\" data-end=\"201\"><em>A Cr\u00e9mant with a beautiful color and fine bubbles, making it a truly elegant sparkling wine.<\/em><\/p>\n<p data-start=\"203\" data-end=\"430\"><em>The nose is indulgent, with aromas of ripe white and yellow fruits and a delicate hint of dried flowers. On the palate, it is soft and smooth with notes of hazelnuts and almonds, finishing fresh and delightfully flavorful.<\/em><\/p>\n<p>&nbsp;<\/p>\n<p>Il sera parfait tout au long du repas, de l&#8217;ap\u00e9ritif au dessert. Un excellent alli\u00e9 de vos plats de la mer ou encore de la cuisine asiatique.<\/p>\n<p><em>Perfect throughout the meal, from aperitif to dessert. An excellent companion to seafood dishes and Asian cuisine alike.<\/em><\/p>\n<p>&nbsp;<\/p>\n<p><strong>Grape variety :<\/strong> Chenin, Chardonnay et Grolleau noir<\/p>\n<p><strong>Serving temperature :<\/strong> 8 \u00e0 9\u00b0c<\/p>\n<p><strong>Recommended aging :<\/strong> 3 - 5 years<\/p>","protected":false},"excerpt":{"rendered":"<p>Des bulles fines et \u00e9l\u00e9gante d\u00e9bordantes de tout l&#8217;esprit de la Loire.<br \/>\n<em>Fine and elegant bubbles, brimming with the spirit of the Loire.<\/em><\/p>","protected":false},"featured_media":173,"comment_status":"open","ping_status":"closed","template":"","meta":{"_acf_changed":false,"content-type":"","om_disable_all_campaigns":false,"_monsterinsights_skip_tracking":false,"_monsterinsights_sitenote_active":false,"_monsterinsights_sitenote_note":"","_monsterinsights_sitenote_category":0},"product_brand":[30],"product_cat":[33,20,24],"product_tag":[],"class_list":{"0":"post-172","1":"product","2":"type-product","3":"status-publish","4":"has-post-thumbnail","6":"product_brand-domaine-du-matin-calme","7":"product_cat-cremant","8":"product_cat-vins-blancs","9":"product_cat-vins-effervescents","11":"first","12":"instock","13":"shipping-taxable","14":"purchasable","15":"product-type-simple"},"acf":[],"aioseo_notices":[],"_links":{"self":[{"href":"https:\/\/thefrenchywine.com\/en\/wp-json\/wp\/v2\/product\/172","targetHints":{"allow":["GET"]}}],"collection":[{"href":"https:\/\/thefrenchywine.com\/en\/wp-json\/wp\/v2\/product"}],"about":[{"href":"https:\/\/thefrenchywine.com\/en\/wp-json\/wp\/v2\/types\/product"}],"replies":[{"embeddable":true,"href":"https:\/\/thefrenchywine.com\/en\/wp-json\/wp\/v2\/comments?post=172"}],"wp:featuredmedia":[{"embeddable":true,"href":"https:\/\/thefrenchywine.com\/en\/wp-json\/wp\/v2\/media\/173"}],"wp:attachment":[{"href":"https:\/\/thefrenchywine.com\/en\/wp-json\/wp\/v2\/media?parent=172"}],"wp:term":[{"taxonomy":"product_brand","embeddable":true,"href":"https:\/\/thefrenchywine.com\/en\/wp-json\/wp\/v2\/product_brand?post=172"},{"taxonomy":"product_cat","embeddable":true,"href":"https:\/\/thefrenchywine.com\/en\/wp-json\/wp\/v2\/product_cat?post=172"},{"taxonomy":"product_tag","embeddable":true,"href":"https:\/\/thefrenchywine.com\/en\/wp-json\/wp\/v2\/product_tag?post=172"}],"curies":[{"name":"wp","href":"https:\/\/api.w.org\/{rel}","templated":true}]}}