{"id":170,"date":"2025-07-22T12:31:21","date_gmt":"2025-07-22T12:31:21","guid":{"rendered":"https:\/\/thefrenchywine.com\/?post_type=product&#038;p=170"},"modified":"2025-10-26T20:26:30","modified_gmt":"2025-10-26T20:26:30","slug":"rhyolites-du-cahier-2022-domaine-du-matin-calme","status":"publish","type":"product","link":"https:\/\/thefrenchywine.com\/en\/product\/rhyolites-du-cahier-2022-domaine-du-matin-calme\/","title":{"rendered":"Rhyolites du Cahier 2022 &#8211; Domaine du Matin Calme"},"content":{"rendered":"<p>Anjou Blanc issu d&#8217;une cuv\u00e9e parcellaire du lieu-dit &#8220;Le Cahier&#8221; sur un sol volcanique de rhyolite et de quartz qui lui conf\u00e8re un aspect jaune serin aux reflets d&#8217;or-vert, un nez joliment complexe au notes de fruits blanc m\u00fbrs et de miel, une bouche suave et ample, et une longueur en bouche l\u00e9g\u00e8rement saline.<\/p>\n<p><em>An Anjou Blanc from a single-parcel cuv\u00e9e, &#8216;Le Cahier&#8217;, grown on volcanic rhyolite and quartz soils. It shows a clear yellow hue with green-gold reflections, a beautifully complex nose of ripe white fruits and honey, a smooth and generous palate, and a slightly saline, lingering finish.<\/em><\/p>\n<p>&nbsp;<\/p>\n<p><strong>Grape variety :<\/strong> 100% Chenin<\/p>\n<p><strong>Serving temperature :<\/strong> 10-12\u00b0c<\/p>\n<p><strong>Recommended aging :<\/strong> 3 - 5 years<\/p>\n<p><strong>Note :<\/strong> Trigramme de Terre &#8211; symbolise la Simplicit\u00e9 et la G\u00e9n\u00e9rosit\u00e9 (de l&#8217;Anjou)<\/p>","protected":false},"excerpt":{"rendered":"<p>Anjou Blanc de caract\u00e8re volcanique aux accent brut de la terre mais qui sait trouver de la douceur en bouche.<\/p>\n<p>An Anjou Blanc with a volcanic character, raw and earthy, yet revealing surprising softness on the palate.<\/p>","protected":false},"featured_media":171,"comment_status":"open","ping_status":"closed","template":"","meta":{"_acf_changed":false,"content-type":"","om_disable_all_campaigns":false,"_monsterinsights_skip_tracking":false,"_monsterinsights_sitenote_active":false,"_monsterinsights_sitenote_note":"","_monsterinsights_sitenote_category":0},"product_brand":[30],"product_cat":[20],"product_tag":[63,62,40],"class_list":{"0":"post-170","1":"product","2":"type-product","3":"status-publish","4":"has-post-thumbnail","6":"product_brand-domaine-du-matin-calme","7":"product_cat-vins-blancs","8":"product_tag-anjou","9":"product_tag-blanc","10":"product_tag-chenin","12":"first","13":"instock","14":"shipping-taxable","15":"purchasable","16":"product-type-simple"},"acf":[],"aioseo_notices":[],"_links":{"self":[{"href":"https:\/\/thefrenchywine.com\/en\/wp-json\/wp\/v2\/product\/170","targetHints":{"allow":["GET"]}}],"collection":[{"href":"https:\/\/thefrenchywine.com\/en\/wp-json\/wp\/v2\/product"}],"about":[{"href":"https:\/\/thefrenchywine.com\/en\/wp-json\/wp\/v2\/types\/product"}],"replies":[{"embeddable":true,"href":"https:\/\/thefrenchywine.com\/en\/wp-json\/wp\/v2\/comments?post=170"}],"wp:featuredmedia":[{"embeddable":true,"href":"https:\/\/thefrenchywine.com\/en\/wp-json\/wp\/v2\/media\/171"}],"wp:attachment":[{"href":"https:\/\/thefrenchywine.com\/en\/wp-json\/wp\/v2\/media?parent=170"}],"wp:term":[{"taxonomy":"product_brand","embeddable":true,"href":"https:\/\/thefrenchywine.com\/en\/wp-json\/wp\/v2\/product_brand?post=170"},{"taxonomy":"product_cat","embeddable":true,"href":"https:\/\/thefrenchywine.com\/en\/wp-json\/wp\/v2\/product_cat?post=170"},{"taxonomy":"product_tag","embeddable":true,"href":"https:\/\/thefrenchywine.com\/en\/wp-json\/wp\/v2\/product_tag?post=170"}],"curies":[{"name":"wp","href":"https:\/\/api.w.org\/{rel}","templated":true}]}}