{"id":168,"date":"2025-08-11T21:34:36","date_gmt":"2025-08-11T21:34:36","guid":{"rendered":"https:\/\/thefrenchywine.com\/?post_type=product&#038;p=168"},"modified":"2026-04-09T19:17:07","modified_gmt":"2026-04-09T19:17:07","slug":"schistes-bleus-de-martigneau-2023-domaine-du-matin-calme","status":"publish","type":"product","link":"https:\/\/thefrenchywine.com\/en\/product\/schistes-bleus-de-martigneau-2023-domaine-du-matin-calme\/","title":{"rendered":"Schistes Bleus de Martigneau 2024 &#8211; Domaine du Matin Calme"},"content":{"rendered":"<p>Anjou Blanc from a single-parcel cuv\u00e9e in the \u2018Martigneau\u2019 lieu-dit, grown on the typical slate-schist soils of Anjou. It displays a bright yellow-golden color, a powerful nose with notes of mirabelle plum and pear, a rich and dense palate, and a finish combining the characteristic Chenin bitterness with refreshing acidity.<\/p>\n<p>&nbsp;<\/p>\n<p><strong>Grape variety :<\/strong> 100% Chenin<\/p>\n<p><strong>Serving temperature :<\/strong> 10-12\u00b0c<\/p>\n<p><strong>Recommended aging :<\/strong> 3 - 5 years<\/p>\n<p><strong>Note :<\/strong> Trigram of Air \u2013 symbolising the Power and Energy (of Anjou)<\/p>","protected":false},"excerpt":{"rendered":"<p>Un Anjou Blanc qui tire ses ar\u00f4mes du sous-sol d&#8217;ardoises de Martigneau o\u00f9 dort une \u00e9nergie brute. Ce Chenin en lib\u00e8re toute la puissance et mati\u00e8re vibrante, sculpt\u00e9e par le temps.<\/p>","protected":false},"featured_media":169,"comment_status":"open","ping_status":"closed","template":"","meta":{"_acf_changed":false,"content-type":"","om_disable_all_campaigns":false,"_monsterinsights_skip_tracking":false,"_monsterinsights_sitenote_active":false,"_monsterinsights_sitenote_note":"","_monsterinsights_sitenote_category":0},"product_brand":[30],"product_cat":[91,20],"product_tag":[],"class_list":{"0":"post-168","1":"product","2":"type-product","3":"status-publish","4":"has-post-thumbnail","6":"product_brand-domaine-du-matin-calme","7":"product_cat-anjou-blanc","8":"product_cat-vins-blancs","10":"first","11":"instock","12":"shipping-taxable","13":"purchasable","14":"product-type-simple"},"acf":[],"aioseo_notices":[],"_links":{"self":[{"href":"https:\/\/thefrenchywine.com\/en\/wp-json\/wp\/v2\/product\/168","targetHints":{"allow":["GET"]}}],"collection":[{"href":"https:\/\/thefrenchywine.com\/en\/wp-json\/wp\/v2\/product"}],"about":[{"href":"https:\/\/thefrenchywine.com\/en\/wp-json\/wp\/v2\/types\/product"}],"replies":[{"embeddable":true,"href":"https:\/\/thefrenchywine.com\/en\/wp-json\/wp\/v2\/comments?post=168"}],"wp:featuredmedia":[{"embeddable":true,"href":"https:\/\/thefrenchywine.com\/en\/wp-json\/wp\/v2\/media\/169"}],"wp:attachment":[{"href":"https:\/\/thefrenchywine.com\/en\/wp-json\/wp\/v2\/media?parent=168"}],"wp:term":[{"taxonomy":"product_brand","embeddable":true,"href":"https:\/\/thefrenchywine.com\/en\/wp-json\/wp\/v2\/product_brand?post=168"},{"taxonomy":"product_cat","embeddable":true,"href":"https:\/\/thefrenchywine.com\/en\/wp-json\/wp\/v2\/product_cat?post=168"},{"taxonomy":"product_tag","embeddable":true,"href":"https:\/\/thefrenchywine.com\/en\/wp-json\/wp\/v2\/product_tag?post=168"}],"curies":[{"name":"wp","href":"https:\/\/api.w.org\/{rel}","templated":true}]}}