{"id":164,"date":"2025-08-11T21:34:22","date_gmt":"2025-08-11T21:34:22","guid":{"rendered":"https:\/\/thefrenchywine.com\/?post_type=product&#038;p=164"},"modified":"2025-09-07T19:48:52","modified_gmt":"2025-09-07T19:48:52","slug":"sables-de-la-gagnerie-2023-domaine-du-matin-calme","status":"publish","type":"product","link":"https:\/\/thefrenchywine.com\/en\/product\/sables-de-la-gagnerie-2023-domaine-du-matin-calme\/","title":{"rendered":"Sables de la Gagnerie 2023 &#8211; Domaine du Matin Calme"},"content":{"rendered":"<p>Anjou Blanc issu d&#8217;une cuv\u00e9e parcellaire. Les Sable de la Gagnerie sont d&#8217;ancienne alluvions de la Loire ce qui lui conf\u00e8re un aspect jaune serin et cristallin, un nez fruit\u00e9 (poire, abricot) et floral (tilleul), une bouche rondeur et souple avec une fin de bouche plut\u00f4t suave et fraiche.<\/p>\n<p><em>Anjou Blanc from a single-parcel cuv\u00e9e. The &#8216;Sable de la Gagnerie&#8217; soils are ancient Loire alluviums, giving the wine a bright, crystalline yellow color, a fruity nose of pear and apricot with floral notes of linden, a round and supple palate, and a smooth, fresh finish.<\/em><\/p>\n<p><strong>Grape variety :<\/strong> 100% Chenin<\/p>\n<p><strong>Serving temperature :<\/strong> 10-12\u00b0c<\/p>\n<p><strong>Recommended aging :<\/strong> 3 - 5 years<\/p>\n<p><strong>Note :<\/strong> \u00a0Trigramme de l&#8217;Eau<\/p>","protected":false},"excerpt":{"rendered":"<p>Anjou Blanc parcellaire fruit\u00e9 et floral aux accents de la Loire, le Chenin s&#8217;exprime avec finesse sur des sables charg\u00e9s d&#8217;histoire.<br \/>\n<em>A single-parcel Anjou Blanc, fruity and floral with hints of the Loire. The Chenin expresses itself with finesse on these historically rich sandy soils.<\/em><\/p>","protected":false},"featured_media":165,"comment_status":"open","ping_status":"closed","template":"","meta":{"_acf_changed":false,"content-type":"","om_disable_all_campaigns":false,"_monsterinsights_skip_tracking":false,"_monsterinsights_sitenote_active":false,"_monsterinsights_sitenote_note":"","_monsterinsights_sitenote_category":0},"product_brand":[30],"product_cat":[20],"product_tag":[],"class_list":{"0":"post-164","1":"product","2":"type-product","3":"status-publish","4":"has-post-thumbnail","6":"product_brand-domaine-du-matin-calme","7":"product_cat-vins-blancs","9":"first","10":"instock","11":"shipping-taxable","12":"purchasable","13":"product-type-simple"},"acf":[],"aioseo_notices":[],"_links":{"self":[{"href":"https:\/\/thefrenchywine.com\/en\/wp-json\/wp\/v2\/product\/164","targetHints":{"allow":["GET"]}}],"collection":[{"href":"https:\/\/thefrenchywine.com\/en\/wp-json\/wp\/v2\/product"}],"about":[{"href":"https:\/\/thefrenchywine.com\/en\/wp-json\/wp\/v2\/types\/product"}],"replies":[{"embeddable":true,"href":"https:\/\/thefrenchywine.com\/en\/wp-json\/wp\/v2\/comments?post=164"}],"wp:featuredmedia":[{"embeddable":true,"href":"https:\/\/thefrenchywine.com\/en\/wp-json\/wp\/v2\/media\/165"}],"wp:attachment":[{"href":"https:\/\/thefrenchywine.com\/en\/wp-json\/wp\/v2\/media?parent=164"}],"wp:term":[{"taxonomy":"product_brand","embeddable":true,"href":"https:\/\/thefrenchywine.com\/en\/wp-json\/wp\/v2\/product_brand?post=164"},{"taxonomy":"product_cat","embeddable":true,"href":"https:\/\/thefrenchywine.com\/en\/wp-json\/wp\/v2\/product_cat?post=164"},{"taxonomy":"product_tag","embeddable":true,"href":"https:\/\/thefrenchywine.com\/en\/wp-json\/wp\/v2\/product_tag?post=164"}],"curies":[{"name":"wp","href":"https:\/\/api.w.org\/{rel}","templated":true}]}}