{"id":161,"date":"2025-08-11T21:32:22","date_gmt":"2025-08-11T21:32:22","guid":{"rendered":"https:\/\/thefrenchywine.com\/?post_type=product&#038;p=161"},"modified":"2026-03-27T19:05:27","modified_gmt":"2026-03-27T19:05:27","slug":"jazz-champagne-philbert","status":"publish","type":"product","link":"https:\/\/thefrenchywine.com\/en\/product\/jazz-champagne-philbert\/","title":{"rendered":"Jazz &#8211; Champagne Philbert"},"content":{"rendered":"<p>Champagne Blanc de noirs non-dos\u00e9 qui d\u00e9veloppe une aromatique complexe min\u00e9ral et de fruits secs, \u00e0 la couleur sable au reflet orang\u00e9. Une vraie musique en bouche.<\/p>\n<p data-start=\"158\" data-end=\"338\"><em>Blanc de Noirs Champagne, non-dos\u00e9, revealing a complex aromatic profile of minerals and dried fruits, with a sandy color and orange highlights. A true symphony on the palate.<\/em><\/p>\n<p>&nbsp;<\/p>\n<p><strong>Grape variety :<\/strong> 100% Pinot Noir<\/p>\n<p><strong>Temps de Garde conseill\u00e9 :<\/strong> 3 ans<\/p>\n<p><strong>Serving temperature :<\/strong> 10-12\u00b0C<\/p>\n<p><img loading=\"lazy\" decoding=\"async\" class=\"alignnone wp-image-149\" src=\"https:\/\/thefrenchywine.com\/wp-content\/uploads\/2025\/06\/HVE_produit_ocre-300x300.png\" alt=\"\" width=\"179\" height=\"179\" srcset=\"https:\/\/thefrenchywine.com\/wp-content\/uploads\/2025\/06\/HVE_produit_ocre-300x300.png 300w, https:\/\/thefrenchywine.com\/wp-content\/uploads\/2025\/06\/HVE_produit_ocre-1024x1024.png 1024w, https:\/\/thefrenchywine.com\/wp-content\/uploads\/2025\/06\/HVE_produit_ocre-150x150.png 150w, https:\/\/thefrenchywine.com\/wp-content\/uploads\/2025\/06\/HVE_produit_ocre-768x768.png 768w, https:\/\/thefrenchywine.com\/wp-content\/uploads\/2025\/06\/HVE_produit_ocre-600x600.png 600w, https:\/\/thefrenchywine.com\/wp-content\/uploads\/2025\/06\/HVE_produit_ocre-100x100.png 100w, https:\/\/thefrenchywine.com\/wp-content\/uploads\/2025\/06\/HVE_produit_ocre.png 1181w\" sizes=\"auto, (max-width: 179px) 100vw, 179px\" \/> \u00a0<img loading=\"lazy\" decoding=\"async\" class=\"alignnone wp-image-160\" src=\"https:\/\/thefrenchywine.com\/wp-content\/uploads\/2025\/07\/logo_national_png.png\" alt=\"\" width=\"109\" height=\"170\" \/>\u00a0 \u00a0 <img loading=\"lazy\" decoding=\"async\" class=\"wp-image-162 size-medium alignnone\" src=\"https:\/\/thefrenchywine.com\/wp-content\/uploads\/2025\/07\/Logo-Gaultmillau-300x67.png\" alt=\"\" width=\"300\" height=\"67\" srcset=\"https:\/\/thefrenchywine.com\/wp-content\/uploads\/2025\/07\/Logo-Gaultmillau-300x67.png 300w, https:\/\/thefrenchywine.com\/wp-content\/uploads\/2025\/07\/Logo-Gaultmillau-1024x228.png 1024w, https:\/\/thefrenchywine.com\/wp-content\/uploads\/2025\/07\/Logo-Gaultmillau-768x171.png 768w, https:\/\/thefrenchywine.com\/wp-content\/uploads\/2025\/07\/Logo-Gaultmillau-1536x342.png 1536w, https:\/\/thefrenchywine.com\/wp-content\/uploads\/2025\/07\/Logo-Gaultmillau-600x133.png 600w, https:\/\/thefrenchywine.com\/wp-content\/uploads\/2025\/07\/Logo-Gaultmillau.png 1920w\" sizes=\"auto, (max-width: 300px) 100vw, 300px\" \/><\/p>\n<p>&nbsp;<\/p>","protected":false},"excerpt":{"rendered":"<p>Un Champagne &#8220;<em>So Jazzy<\/em>&#8221; en bouche!<br \/>\n<em>A Champagne that\u2019s simply &#8216;So Jazzy&#8217; on the palate!<\/em><\/p>","protected":false},"featured_media":304,"comment_status":"open","ping_status":"closed","template":"","meta":{"_acf_changed":false,"content-type":"","om_disable_all_campaigns":false,"_monsterinsights_skip_tracking":false,"_monsterinsights_sitenote_active":false,"_monsterinsights_sitenote_note":"","_monsterinsights_sitenote_category":0},"product_brand":[31],"product_cat":[21],"product_tag":[],"class_list":{"0":"post-161","1":"product","2":"type-product","3":"status-publish","4":"has-post-thumbnail","6":"product_brand-champagne-philbert","7":"product_cat-champagnes","9":"first","10":"instock","11":"shipping-taxable","12":"purchasable","13":"product-type-simple"},"acf":[],"aioseo_notices":[],"_links":{"self":[{"href":"https:\/\/thefrenchywine.com\/en\/wp-json\/wp\/v2\/product\/161","targetHints":{"allow":["GET"]}}],"collection":[{"href":"https:\/\/thefrenchywine.com\/en\/wp-json\/wp\/v2\/product"}],"about":[{"href":"https:\/\/thefrenchywine.com\/en\/wp-json\/wp\/v2\/types\/product"}],"replies":[{"embeddable":true,"href":"https:\/\/thefrenchywine.com\/en\/wp-json\/wp\/v2\/comments?post=161"}],"wp:featuredmedia":[{"embeddable":true,"href":"https:\/\/thefrenchywine.com\/en\/wp-json\/wp\/v2\/media\/304"}],"wp:attachment":[{"href":"https:\/\/thefrenchywine.com\/en\/wp-json\/wp\/v2\/media?parent=161"}],"wp:term":[{"taxonomy":"product_brand","embeddable":true,"href":"https:\/\/thefrenchywine.com\/en\/wp-json\/wp\/v2\/product_brand?post=161"},{"taxonomy":"product_cat","embeddable":true,"href":"https:\/\/thefrenchywine.com\/en\/wp-json\/wp\/v2\/product_cat?post=161"},{"taxonomy":"product_tag","embeddable":true,"href":"https:\/\/thefrenchywine.com\/en\/wp-json\/wp\/v2\/product_tag?post=161"}],"curies":[{"name":"wp","href":"https:\/\/api.w.org\/{rel}","templated":true}]}}