{"id":157,"date":"2025-08-11T21:36:38","date_gmt":"2025-08-11T21:36:38","guid":{"rendered":"https:\/\/thefrenchywine.com\/?post_type=product&#038;p=157"},"modified":"2026-03-21T18:58:21","modified_gmt":"2026-03-21T18:58:21","slug":"solo-champagne-philbert","status":"publish","type":"product","link":"https:\/\/thefrenchywine.com\/en\/product\/solo-champagne-philbert\/","title":{"rendered":"Solo &#8211; Champagne Philbert"},"content":{"rendered":"<p>Cuv\u00e9e \u00e9labor\u00e9e \u00e0 partir des parcelle issue des coteaux 1er Cru de la montagne de Reims. La maison Philbert est pr\u00e9sente sur le secteur historique de la culture du Pinot Meunier. <em>Solo<\/em> est une exp\u00e9rience de la d\u00e9couverte de ce c\u00e9page seul, traditionnellement utilis\u00e9 en assemblage donnant de la rondeur aux champagnes.<\/p>\n<p data-start=\"161\" data-end=\"449\"><em>This cuv\u00e9e is crafted from parcels on the 1er Cru slopes of the Montagne de Reims. Maison Philbert is located in the historic heart of Pinot Meunier cultivation. &#8216;Solo&#8217; offers a unique experience of this grape on its own, traditionally used in blends to bring roundness to Champagne.<\/em><\/p>\n<p><strong>Grape variety :<\/strong> 100% Pinot Meunier<\/p>\n<p><strong>Temps de Garde Conseill\u00e9 :<\/strong> 3 - 5 years<\/p>\n<p><img loading=\"lazy\" decoding=\"async\" class=\"alignnone wp-image-149\" src=\"https:\/\/thefrenchywine.com\/wp-content\/uploads\/2025\/06\/HVE_produit_ocre-300x300.png\" alt=\"\" width=\"182\" height=\"182\" srcset=\"https:\/\/thefrenchywine.com\/wp-content\/uploads\/2025\/06\/HVE_produit_ocre-300x300.png 300w, https:\/\/thefrenchywine.com\/wp-content\/uploads\/2025\/06\/HVE_produit_ocre-1024x1024.png 1024w, https:\/\/thefrenchywine.com\/wp-content\/uploads\/2025\/06\/HVE_produit_ocre-150x150.png 150w, https:\/\/thefrenchywine.com\/wp-content\/uploads\/2025\/06\/HVE_produit_ocre-768x768.png 768w, https:\/\/thefrenchywine.com\/wp-content\/uploads\/2025\/06\/HVE_produit_ocre-600x600.png 600w, https:\/\/thefrenchywine.com\/wp-content\/uploads\/2025\/06\/HVE_produit_ocre-100x100.png 100w, https:\/\/thefrenchywine.com\/wp-content\/uploads\/2025\/06\/HVE_produit_ocre.png 1181w\" sizes=\"auto, (max-width: 182px) 100vw, 182px\" \/> <img loading=\"lazy\" decoding=\"async\" class=\"alignnone wp-image-160\" src=\"https:\/\/thefrenchywine.com\/wp-content\/uploads\/2025\/07\/logo_national_png.png\" alt=\"\" width=\"111\" height=\"174\" \/><\/p>\n<p>&nbsp;<\/p>","protected":false},"excerpt":{"rendered":"<p>Champagne 100% Pinot Meunier \u00e0 d\u00e9couvrir sans mod\u00e9ration &#8211; <em>100% Pinot Meunier Champagne \u2013 discover it without moderation!<\/em><\/p>","protected":false},"featured_media":158,"comment_status":"open","ping_status":"closed","template":"","meta":{"_acf_changed":false,"content-type":"","om_disable_all_campaigns":false,"_monsterinsights_skip_tracking":false,"_monsterinsights_sitenote_active":false,"_monsterinsights_sitenote_note":"","_monsterinsights_sitenote_category":0},"product_brand":[31],"product_cat":[21,24],"product_tag":[],"class_list":{"0":"post-157","1":"product","2":"type-product","3":"status-publish","4":"has-post-thumbnail","6":"product_brand-champagne-philbert","7":"product_cat-champagnes","8":"product_cat-vins-effervescents","10":"first","11":"instock","12":"shipping-taxable","13":"purchasable","14":"product-type-simple"},"acf":[],"aioseo_notices":[],"_links":{"self":[{"href":"https:\/\/thefrenchywine.com\/en\/wp-json\/wp\/v2\/product\/157","targetHints":{"allow":["GET"]}}],"collection":[{"href":"https:\/\/thefrenchywine.com\/en\/wp-json\/wp\/v2\/product"}],"about":[{"href":"https:\/\/thefrenchywine.com\/en\/wp-json\/wp\/v2\/types\/product"}],"replies":[{"embeddable":true,"href":"https:\/\/thefrenchywine.com\/en\/wp-json\/wp\/v2\/comments?post=157"}],"wp:featuredmedia":[{"embeddable":true,"href":"https:\/\/thefrenchywine.com\/en\/wp-json\/wp\/v2\/media\/158"}],"wp:attachment":[{"href":"https:\/\/thefrenchywine.com\/en\/wp-json\/wp\/v2\/media?parent=157"}],"wp:term":[{"taxonomy":"product_brand","embeddable":true,"href":"https:\/\/thefrenchywine.com\/en\/wp-json\/wp\/v2\/product_brand?post=157"},{"taxonomy":"product_cat","embeddable":true,"href":"https:\/\/thefrenchywine.com\/en\/wp-json\/wp\/v2\/product_cat?post=157"},{"taxonomy":"product_tag","embeddable":true,"href":"https:\/\/thefrenchywine.com\/en\/wp-json\/wp\/v2\/product_tag?post=157"}],"curies":[{"name":"wp","href":"https:\/\/api.w.org\/{rel}","templated":true}]}}