{"id":154,"date":"2025-08-11T21:37:44","date_gmt":"2025-08-11T21:37:44","guid":{"rendered":"https:\/\/thefrenchywine.com\/?post_type=product&#038;p=154"},"modified":"2026-03-27T20:00:39","modified_gmt":"2026-03-27T20:00:39","slug":"influence-champagne-philbert-fils","status":"publish","type":"product","link":"https:\/\/thefrenchywine.com\/en\/product\/influence-champagne-philbert-fils\/","title":{"rendered":"Influence &#8211; Champagne Philbert"},"content":{"rendered":"<p>Golden and lively Champagne, with toasty and vanilla notes that will delight your palate. Liqueur aged in oak barrels.<\/p>\n<p><strong>Grape variety :<\/strong> \u00a0Chardonnay, pinot noir and pinot meunier<\/p>\n<p><strong>Recommended aging :<\/strong> 3 - 5 years<\/p>\n<p>&nbsp;<\/p>\n<p><img loading=\"lazy\" decoding=\"async\" class=\"alignnone wp-image-149\" src=\"https:\/\/thefrenchywine.com\/wp-content\/uploads\/2025\/06\/HVE_produit_ocre-300x300.png\" alt=\"\" width=\"171\" height=\"171\" srcset=\"https:\/\/thefrenchywine.com\/wp-content\/uploads\/2025\/06\/HVE_produit_ocre-300x300.png 300w, https:\/\/thefrenchywine.com\/wp-content\/uploads\/2025\/06\/HVE_produit_ocre-1024x1024.png 1024w, https:\/\/thefrenchywine.com\/wp-content\/uploads\/2025\/06\/HVE_produit_ocre-150x150.png 150w, https:\/\/thefrenchywine.com\/wp-content\/uploads\/2025\/06\/HVE_produit_ocre-768x768.png 768w, https:\/\/thefrenchywine.com\/wp-content\/uploads\/2025\/06\/HVE_produit_ocre-600x600.png 600w, https:\/\/thefrenchywine.com\/wp-content\/uploads\/2025\/06\/HVE_produit_ocre-100x100.png 100w, https:\/\/thefrenchywine.com\/wp-content\/uploads\/2025\/06\/HVE_produit_ocre.png 1181w\" sizes=\"auto, (max-width: 171px) 100vw, 171px\" \/> <img loading=\"lazy\" decoding=\"async\" class=\"alignnone wp-image-150\" src=\"https:\/\/thefrenchywine.com\/wp-content\/uploads\/2025\/06\/medaille-hachette-294x300.png\" alt=\"\" width=\"164\" height=\"167\" srcset=\"https:\/\/thefrenchywine.com\/wp-content\/uploads\/2025\/06\/medaille-hachette-294x300.png 294w, https:\/\/thefrenchywine.com\/wp-content\/uploads\/2025\/06\/medaille-hachette.png 351w\" sizes=\"auto, (max-width: 164px) 100vw, 164px\" \/>\u00a0 \u00a0 <img loading=\"lazy\" decoding=\"async\" class=\"alignnone wp-image-160\" src=\"https:\/\/thefrenchywine.com\/wp-content\/uploads\/2025\/07\/logo_national_png.png\" alt=\"\" width=\"104\" height=\"163\" \/><\/p>","protected":false},"excerpt":{"rendered":"<p>Champagne vinifi\u00e9 en f\u00fbt de ch\u00eane \u00e0 d\u00e9couvrir sans retenue, surtout si c&#8217;est votre premier champagne!<\/p>","protected":false},"featured_media":159,"comment_status":"open","ping_status":"closed","template":"","meta":{"_acf_changed":false,"content-type":"","om_disable_all_campaigns":false,"_monsterinsights_skip_tracking":false,"_monsterinsights_sitenote_active":false,"_monsterinsights_sitenote_note":"","_monsterinsights_sitenote_category":0},"product_brand":[31],"product_cat":[21,24],"product_tag":[],"class_list":{"0":"post-154","1":"product","2":"type-product","3":"status-publish","4":"has-post-thumbnail","6":"product_brand-champagne-philbert","7":"product_cat-champagnes","8":"product_cat-vins-effervescents","10":"first","11":"instock","12":"shipping-taxable","13":"purchasable","14":"product-type-simple"},"acf":[],"aioseo_notices":[],"_links":{"self":[{"href":"https:\/\/thefrenchywine.com\/en\/wp-json\/wp\/v2\/product\/154","targetHints":{"allow":["GET"]}}],"collection":[{"href":"https:\/\/thefrenchywine.com\/en\/wp-json\/wp\/v2\/product"}],"about":[{"href":"https:\/\/thefrenchywine.com\/en\/wp-json\/wp\/v2\/types\/product"}],"replies":[{"embeddable":true,"href":"https:\/\/thefrenchywine.com\/en\/wp-json\/wp\/v2\/comments?post=154"}],"wp:featuredmedia":[{"embeddable":true,"href":"https:\/\/thefrenchywine.com\/en\/wp-json\/wp\/v2\/media\/159"}],"wp:attachment":[{"href":"https:\/\/thefrenchywine.com\/en\/wp-json\/wp\/v2\/media?parent=154"}],"wp:term":[{"taxonomy":"product_brand","embeddable":true,"href":"https:\/\/thefrenchywine.com\/en\/wp-json\/wp\/v2\/product_brand?post=154"},{"taxonomy":"product_cat","embeddable":true,"href":"https:\/\/thefrenchywine.com\/en\/wp-json\/wp\/v2\/product_cat?post=154"},{"taxonomy":"product_tag","embeddable":true,"href":"https:\/\/thefrenchywine.com\/en\/wp-json\/wp\/v2\/product_tag?post=154"}],"curies":[{"name":"wp","href":"https:\/\/api.w.org\/{rel}","templated":true}]}}