{"id":773,"date":"2026-04-09T18:30:49","date_gmt":"2026-04-09T18:30:49","guid":{"rendered":"https:\/\/thefrenchywine.com\/?page_id=773"},"modified":"2026-04-09T18:30:49","modified_gmt":"2026-04-09T18:30:49","slug":"chateau-prince","status":"publish","type":"page","link":"https:\/\/thefrenchywine.com\/en\/chateau-prince\/","title":{"rendered":"Chateau princ\u00e9"},"content":{"rendered":"<figure class=\"wp-block-image aligncenter size-large is-resized\"><img loading=\"lazy\" decoding=\"async\" width=\"1024\" height=\"1024\" src=\"https:\/\/thefrenchywine.com\/wp-content\/uploads\/2025\/08\/logoChPrince-1024x1024.png\" alt=\"\" class=\"wp-image-345\" style=\"width:249px;height:auto\" srcset=\"https:\/\/thefrenchywine.com\/wp-content\/uploads\/2025\/08\/logoChPrince-1024x1024.png 1024w, https:\/\/thefrenchywine.com\/wp-content\/uploads\/2025\/08\/logoChPrince-300x300.png 300w, https:\/\/thefrenchywine.com\/wp-content\/uploads\/2025\/08\/logoChPrince-150x150.png 150w, https:\/\/thefrenchywine.com\/wp-content\/uploads\/2025\/08\/logoChPrince-768x768.png 768w, https:\/\/thefrenchywine.com\/wp-content\/uploads\/2025\/08\/logoChPrince-12x12.png 12w, https:\/\/thefrenchywine.com\/wp-content\/uploads\/2025\/08\/logoChPrince-600x600.png 600w, https:\/\/thefrenchywine.com\/wp-content\/uploads\/2025\/08\/logoChPrince-100x100.png 100w, https:\/\/thefrenchywine.com\/wp-content\/uploads\/2025\/08\/logoChPrince.png 1080w\" sizes=\"auto, (max-width: 1024px) 100vw, 1024px\" \/><\/figure>\n\n\n\n<p>The story of Ch\u00e2teau Princ\u00e9 begins in the 11th century, when the estate was a medieval seigneury linked to the Royal Abbey of Fontevraud, laying the foundations of an exceptional historical heritage.<\/p>\n\n\n\n<p>In&nbsp;<strong>18<\/strong>0<strong>6<\/strong>the vineyard planted its first vines in the Princ\u00e9 terroir, south of Angers, marking the beginning of its winemaking destiny.<\/p>\n\n\n\n<p>The estate took a new turn in 2002 when R\u00e9gis Vincenot acquired it, revealing the full potential of the terroir. In 2014, Luc joined, initiating the conversion to organic farming, officially certified in 2017, and in 2023, the estate achieved Biodynamic certification.<\/p>\n\n\n\n<p>2022, a modern winery was built, allowing precise and respectful vinification. In 2024, a tasting cellar opened, offering a warm space to share the Ch\u00e2teau Princ\u00e9 experience, while in 2025, the estate unveiled its new identity and opened guest lodgings, extending this human and winemaking adventure.<\/p>\n\n\n\n<p>Today, Ch\u00e2teau Princ\u00e9 embodies elegance, tradition, and sustainability, producing authentic wines that reflect the soul of Anjou.<\/p>\n\n\n\n<figure class=\"wp-block-image size-large\"><img loading=\"lazy\" decoding=\"async\" width=\"1024\" height=\"334\" src=\"https:\/\/thefrenchywine.com\/wp-content\/uploads\/2026\/04\/Header-equipe-v2-1024x334.png\" alt=\"\" class=\"wp-image-774\" srcset=\"https:\/\/thefrenchywine.com\/wp-content\/uploads\/2026\/04\/Header-equipe-v2-1024x334.png 1024w, https:\/\/thefrenchywine.com\/wp-content\/uploads\/2026\/04\/Header-equipe-v2-300x98.png 300w, https:\/\/thefrenchywine.com\/wp-content\/uploads\/2026\/04\/Header-equipe-v2-768x250.png 768w, https:\/\/thefrenchywine.com\/wp-content\/uploads\/2026\/04\/Header-equipe-v2-1536x501.png 1536w, https:\/\/thefrenchywine.com\/wp-content\/uploads\/2026\/04\/Header-equipe-v2-18x6.png 18w, https:\/\/thefrenchywine.com\/wp-content\/uploads\/2026\/04\/Header-equipe-v2-600x196.png 600w, https:\/\/thefrenchywine.com\/wp-content\/uploads\/2026\/04\/Header-equipe-v2.png 1840w\" sizes=\"auto, (max-width: 1024px) 100vw, 1024px\" \/><\/figure>","protected":false},"excerpt":{"rendered":"<p>L\u2019histoire du&nbsp;Ch\u00e2teau Princ\u00e9&nbsp;commence au&nbsp;XIe si\u00e8cle, lorsque le domaine \u00e9tait une seigneurie m\u00e9di\u00e9vale rattach\u00e9e \u00e0 l\u2019Abbaye Royale de Fontevraud, posant les bases d\u2019un&nbsp;patrimoine historique exceptionnel. En&nbsp;1806, le vignoble plante ses&nbsp;premi\u00e8res vignes&nbsp;sur le terroir du lieu-dit Princ\u00e9, au sud d\u2019Angers, amor\u00e7ant sa destin\u00e9e viticole. Le domaine prend un nouvel \u00e9lan en&nbsp;2002&nbsp;avec le rachat par&nbsp;R\u00e9gis Vincenot, qui r\u00e9v\u00e8le [&hellip;]<\/p>\n","protected":false},"author":1,"featured_media":0,"parent":0,"menu_order":0,"comment_status":"closed","ping_status":"closed","template":"sans-titre","meta":{"_acf_changed":false,"content-type":"","om_disable_all_campaigns":false,"_monsterinsights_skip_tracking":false,"_monsterinsights_sitenote_active":false,"_monsterinsights_sitenote_note":"","_monsterinsights_sitenote_category":0,"footnotes":""},"class_list":["post-773","page","type-page","status-publish","hentry"],"acf":[],"aioseo_notices":[],"_links":{"self":[{"href":"https:\/\/thefrenchywine.com\/en\/wp-json\/wp\/v2\/pages\/773","targetHints":{"allow":["GET"]}}],"collection":[{"href":"https:\/\/thefrenchywine.com\/en\/wp-json\/wp\/v2\/pages"}],"about":[{"href":"https:\/\/thefrenchywine.com\/en\/wp-json\/wp\/v2\/types\/page"}],"author":[{"embeddable":true,"href":"https:\/\/thefrenchywine.com\/en\/wp-json\/wp\/v2\/users\/1"}],"replies":[{"embeddable":true,"href":"https:\/\/thefrenchywine.com\/en\/wp-json\/wp\/v2\/comments?post=773"}],"version-history":[{"count":1,"href":"https:\/\/thefrenchywine.com\/en\/wp-json\/wp\/v2\/pages\/773\/revisions"}],"predecessor-version":[{"id":775,"href":"https:\/\/thefrenchywine.com\/en\/wp-json\/wp\/v2\/pages\/773\/revisions\/775"}],"wp:attachment":[{"href":"https:\/\/thefrenchywine.com\/en\/wp-json\/wp\/v2\/media?parent=773"}],"curies":[{"name":"wp","href":"https:\/\/api.w.org\/{rel}","templated":true}]}}