{"id":771,"date":"2026-04-09T18:33:16","date_gmt":"2026-04-09T18:33:16","guid":{"rendered":"https:\/\/thefrenchywine.com\/?page_id=771"},"modified":"2026-04-09T18:33:16","modified_gmt":"2026-04-09T18:33:16","slug":"domaine-des-petits-quarts","status":"publish","type":"page","link":"https:\/\/thefrenchywine.com\/en\/domaine-des-petits-quarts\/","title":{"rendered":"Domaine des petits quarts"},"content":{"rendered":"<figure class=\"wp-block-image aligncenter size-large is-resized\"><img loading=\"lazy\" decoding=\"async\" width=\"1024\" height=\"1024\" src=\"https:\/\/thefrenchywine.com\/wp-content\/uploads\/2025\/08\/logoDPQ-1024x1024.png\" alt=\"\" class=\"wp-image-342\" style=\"width:369px;height:auto\" srcset=\"https:\/\/thefrenchywine.com\/wp-content\/uploads\/2025\/08\/logoDPQ-1024x1024.png 1024w, https:\/\/thefrenchywine.com\/wp-content\/uploads\/2025\/08\/logoDPQ-300x300.png 300w, https:\/\/thefrenchywine.com\/wp-content\/uploads\/2025\/08\/logoDPQ-150x150.png 150w, https:\/\/thefrenchywine.com\/wp-content\/uploads\/2025\/08\/logoDPQ-768x768.png 768w, https:\/\/thefrenchywine.com\/wp-content\/uploads\/2025\/08\/logoDPQ-12x12.png 12w, https:\/\/thefrenchywine.com\/wp-content\/uploads\/2025\/08\/logoDPQ-600x600.png 600w, https:\/\/thefrenchywine.com\/wp-content\/uploads\/2025\/08\/logoDPQ-100x100.png 100w, https:\/\/thefrenchywine.com\/wp-content\/uploads\/2025\/08\/logoDPQ.png 1080w\" sizes=\"auto, (max-width: 1024px) 100vw, 1024px\" \/><\/figure>\n\n\n\n<p>The story of&nbsp;<strong>Domaine des Petits Quarts<\/strong>&nbsp;begins in&nbsp;<strong>1887<\/strong>, when the Godineau family settled in&nbsp;<strong>Faye-d'Anjou<\/strong>, specializing in&nbsp;<strong>sweet and liquorous white wines.<\/strong>.<\/p>\n\n\n\n<p>In the 1980s&nbsp;<strong>1980<\/strong>,&nbsp;<strong>Jean Pascal Godineau<\/strong>the fourth generation, took the reins and cemented the estate\u2019s legendary status. His&nbsp;<strong>cuv\u00e9e \u201cGrain par Grain\u201d<\/strong>, was name&nbsp;<strong>the best sweet wine in the world<\/strong>&nbsp;in 1996, marking a true milestone. Since then, the estate\u2019s wines have won&nbsp;<strong>Gold medals<\/strong>&nbsp;and&nbsp;<strong>international acclaim<\/strong>, and in 2019, Jean Pascal was crowned&nbsp;<strong>Winemaker of the Year<\/strong>&nbsp;by the Hachette Guide.<\/p>\n\n\n\n<p>In&nbsp;<strong>2022<\/strong>the estate reached a new milestone: lacking a direct successor, Jean Pascal entrusted his legacy to&nbsp;<strong>four passionate Anjou families<\/strong>, determined to&nbsp;<strong>preserve the traditions<\/strong>&nbsp;while&nbsp;<strong>reinventing the estate's offerings<\/strong>&nbsp;for Loire wine enthusiasts.<\/p>\n\n\n\n<p>Today,&nbsp;<strong>Domaine des Petits Quarts<\/strong>&nbsp;continues to blend&nbsp;<strong>refinement, authenticity, and innovation<\/strong>, offering wines that tell a story and delight the most discerning palates.<\/p>","protected":false},"excerpt":{"rendered":"<p>L\u2019histoire du&nbsp;Domaine des Petits Quarts&nbsp;commence en&nbsp;1887, lorsque la famille Godineau s\u2019installe \u00e0&nbsp;Faye-d\u2019Anjou, sp\u00e9cialis\u00e9e dans les&nbsp;vins blancs moelleux et liquoreux. Dans les ann\u00e9es&nbsp;1980,&nbsp;Jean Pascal Godineau, quatri\u00e8me g\u00e9n\u00e9ration, prend les r\u00eanes et inscrit le domaine dans la l\u00e9gende. Sa&nbsp;cuv\u00e9e \u201cGrain par Grain\u201d, \u00e9lue&nbsp;meilleur vin liquoreux du monde&nbsp;en 1996, marque la cons\u00e9cration. Depuis, les vins du domaine remportent&nbsp;m\u00e9dailles [&hellip;]<\/p>\n","protected":false},"author":1,"featured_media":0,"parent":0,"menu_order":0,"comment_status":"closed","ping_status":"closed","template":"sans-titre","meta":{"_acf_changed":false,"content-type":"","om_disable_all_campaigns":false,"_monsterinsights_skip_tracking":false,"_monsterinsights_sitenote_active":false,"_monsterinsights_sitenote_note":"","_monsterinsights_sitenote_category":0,"footnotes":""},"class_list":["post-771","page","type-page","status-publish","hentry"],"acf":[],"aioseo_notices":[],"_links":{"self":[{"href":"https:\/\/thefrenchywine.com\/en\/wp-json\/wp\/v2\/pages\/771","targetHints":{"allow":["GET"]}}],"collection":[{"href":"https:\/\/thefrenchywine.com\/en\/wp-json\/wp\/v2\/pages"}],"about":[{"href":"https:\/\/thefrenchywine.com\/en\/wp-json\/wp\/v2\/types\/page"}],"author":[{"embeddable":true,"href":"https:\/\/thefrenchywine.com\/en\/wp-json\/wp\/v2\/users\/1"}],"replies":[{"embeddable":true,"href":"https:\/\/thefrenchywine.com\/en\/wp-json\/wp\/v2\/comments?post=771"}],"version-history":[{"count":1,"href":"https:\/\/thefrenchywine.com\/en\/wp-json\/wp\/v2\/pages\/771\/revisions"}],"predecessor-version":[{"id":772,"href":"https:\/\/thefrenchywine.com\/en\/wp-json\/wp\/v2\/pages\/771\/revisions\/772"}],"wp:attachment":[{"href":"https:\/\/thefrenchywine.com\/en\/wp-json\/wp\/v2\/media?parent=771"}],"curies":[{"name":"wp","href":"https:\/\/api.w.org\/{rel}","templated":true}]}}