{"id":767,"date":"2026-04-09T18:29:00","date_gmt":"2026-04-09T18:29:00","guid":{"rendered":"https:\/\/thefrenchywine.com\/?page_id=767"},"modified":"2026-04-09T18:30:10","modified_gmt":"2026-04-09T18:30:10","slug":"champagne-philbert","status":"publish","type":"page","link":"https:\/\/thefrenchywine.com\/en\/champagne-philbert\/","title":{"rendered":"Champagne Philbert"},"content":{"rendered":"<figure class=\"wp-block-image aligncenter size-large is-resized\"><img loading=\"lazy\" decoding=\"async\" width=\"1024\" height=\"1024\" src=\"https:\/\/thefrenchywine.com\/wp-content\/uploads\/2025\/08\/logoCHphilbert-1024x1024.png\" alt=\"\" class=\"wp-image-346\" style=\"width:218px;height:auto\" srcset=\"https:\/\/thefrenchywine.com\/wp-content\/uploads\/2025\/08\/logoCHphilbert-1024x1024.png 1024w, https:\/\/thefrenchywine.com\/wp-content\/uploads\/2025\/08\/logoCHphilbert-300x300.png 300w, https:\/\/thefrenchywine.com\/wp-content\/uploads\/2025\/08\/logoCHphilbert-150x150.png 150w, https:\/\/thefrenchywine.com\/wp-content\/uploads\/2025\/08\/logoCHphilbert-768x768.png 768w, https:\/\/thefrenchywine.com\/wp-content\/uploads\/2025\/08\/logoCHphilbert-12x12.png 12w, https:\/\/thefrenchywine.com\/wp-content\/uploads\/2025\/08\/logoCHphilbert-600x600.png 600w, https:\/\/thefrenchywine.com\/wp-content\/uploads\/2025\/08\/logoCHphilbert-100x100.png 100w, https:\/\/thefrenchywine.com\/wp-content\/uploads\/2025\/08\/logoCHphilbert.png 1080w\" sizes=\"auto, (max-width: 1024px) 100vw, 1024px\" \/><\/figure>\n\n\n\n<p>L&#8217;origine de la Maison date de la fin du XIXe si\u00e8cle. Les anc\u00eatres de la famille travaillaient d\u00e9j\u00e0 la vigne avant que Victor Philbert d\u00e9cide de se lancer dans la production de bouteilles de Champagne en 1923.\u00a0Victor s&#8217;implique alors dans le mouvement viticole naissant et participe \u00e0 la cr\u00e9ation de la premi\u00e8re coop\u00e9rative champenoise, dont il devient pr\u00e9sident.<\/p>\n\n\n\n<p>Son fils Henri Philbert lui succ\u00e8de. Il installe son propre pressoir et donne naissance \u00e0 la marque \u00ab Champagne H. Philbert \u00bb. C&#8217;est ensuite Claude Philbert qui d\u00e9veloppe le domaine et lui conf\u00e8re ses lettres de noblesse.\u00a0Henri Philbert devient r\u00e9coltant-manipulant en 1950. Depuis, la Maison ne c\u00e8de plus sa production \u00e0 la coop\u00e9rative \u2014 chaque bouteille na\u00eet des mains de la famille.<\/p>\n\n\n\n<p>Depuis 1997, ses petits-enfants J\u00e9r\u00f4me et Fr\u00e9d\u00e9rique sont \u00e0 la t\u00eate de la propri\u00e9t\u00e9, en confiant l&#8217;\u00e9laboration des cuv\u00e9es \u00e0 Yannick Dubois.\u00a0Six g\u00e9n\u00e9rations au total se sont succ\u00e9d\u00e9 sur ce domaine depuis Nicaise Philbert.<\/p>\n\n\n\n<p>L&#8217;exploitation est situ\u00e9e principalement \u00e0 Rilly-la-Montagne et dans les villages avoisinants de Ludes, Taissy, Montbr\u00e9 et Villers-Allerand, tous class\u00e9s en 1er Cru. Une exposition particuli\u00e8re, \u00e0 flanc de coteaux entre le Parc Naturel R\u00e9gional et le vignoble, dans l&#8217;un des plus anciens villages viticoles de Champagne.<\/p>\n\n\n\n<p>Les trois c\u00e9pages champenois sont cultiv\u00e9s : le Pinot Meunier qui conf\u00e8re force et caract\u00e8re, le Pinot Noir qui apporte le fruit\u00e9, et le Chardonnay qui donne fra\u00eecheur et finesse. La viticulture est raisonn\u00e9e, sans insecticide ni herbicide. Un soin particulier est apport\u00e9 \u00e0 chaque parcelle, dont la plus ancienne a plus de 60 ans.<\/p>\n\n\n\n<p>En cave, la vinification se fait en cuve, avec un vieillissement minimum de 3 ans pour les cuv\u00e9es courantes, et de 3 \u00e0 6 ans pour les autres.\u00a0La Maison est certifi\u00e9e HVE depuis 2019. La gamme s&#8217;articule autour de cuv\u00e9es tradition \u2014 Invitation, Mont Thib\u00e9, Influence, Ros\u00e9 Brut, Demi-sec \u2014 et de cuv\u00e9es premium \u2014 Grand R\u00e9pertoire, Solo, Jazz.<\/p>\n\n\n\n<figure class=\"wp-block-gallery has-nested-images columns-default is-cropped wp-block-gallery-1 is-layout-flex wp-block-gallery-is-layout-flex\">\n<figure class=\"wp-block-image size-large has-custom-border\" style=\"margin-top:var(--wp--preset--spacing--30);margin-bottom:var(--wp--preset--spacing--30)\"><img loading=\"lazy\" decoding=\"async\" width=\"683\" height=\"1024\" data-id=\"768\" src=\"https:\/\/thefrenchywine.com\/wp-content\/uploads\/2026\/04\/phphilbert-683x1024.png\" alt=\"\" class=\"wp-image-768\" style=\"border-style:none;border-width:0px;border-top-left-radius:0px;border-top-right-radius:0px;border-bottom-left-radius:0px;border-bottom-right-radius:0px\" srcset=\"https:\/\/thefrenchywine.com\/wp-content\/uploads\/2026\/04\/phphilbert-683x1024.png 683w, https:\/\/thefrenchywine.com\/wp-content\/uploads\/2026\/04\/phphilbert-200x300.png 200w, https:\/\/thefrenchywine.com\/wp-content\/uploads\/2026\/04\/phphilbert-768x1152.png 768w, https:\/\/thefrenchywine.com\/wp-content\/uploads\/2026\/04\/phphilbert-1024x1536.png 1024w, https:\/\/thefrenchywine.com\/wp-content\/uploads\/2026\/04\/phphilbert-1365x2048.png 1365w, https:\/\/thefrenchywine.com\/wp-content\/uploads\/2026\/04\/phphilbert-8x12.png 8w, https:\/\/thefrenchywine.com\/wp-content\/uploads\/2026\/04\/phphilbert-600x900.png 600w, https:\/\/thefrenchywine.com\/wp-content\/uploads\/2026\/04\/phphilbert-scaled.png 1707w\" sizes=\"auto, (max-width: 683px) 100vw, 683px\" \/><\/figure>\n\n\n\n<figure class=\"wp-block-image size-large\" style=\"margin-top:var(--wp--preset--spacing--60);margin-right:0;margin-bottom:var(--wp--preset--spacing--60);margin-left:0\"><img loading=\"lazy\" decoding=\"async\" width=\"788\" height=\"551\" data-id=\"769\" src=\"https:\/\/thefrenchywine.com\/wp-content\/uploads\/2026\/04\/slider3.jpg\" alt=\"\" class=\"wp-image-769\" srcset=\"https:\/\/thefrenchywine.com\/wp-content\/uploads\/2026\/04\/slider3.jpg 788w, https:\/\/thefrenchywine.com\/wp-content\/uploads\/2026\/04\/slider3-300x210.jpg 300w, https:\/\/thefrenchywine.com\/wp-content\/uploads\/2026\/04\/slider3-768x537.jpg 768w, https:\/\/thefrenchywine.com\/wp-content\/uploads\/2026\/04\/slider3-18x12.jpg 18w, https:\/\/thefrenchywine.com\/wp-content\/uploads\/2026\/04\/slider3-600x420.jpg 600w\" sizes=\"auto, (max-width: 788px) 100vw, 788px\" \/><\/figure>\n<\/figure>","protected":false},"excerpt":{"rendered":"<p>L&#8217;origine de la Maison date de la fin du XIXe si\u00e8cle. Les anc\u00eatres de la famille travaillaient d\u00e9j\u00e0 la vigne avant que Victor Philbert d\u00e9cide de se lancer dans la production de bouteilles de Champagne en 1923.\u00a0Victor s&#8217;implique alors dans le mouvement viticole naissant et participe \u00e0 la cr\u00e9ation de la premi\u00e8re coop\u00e9rative champenoise, dont [&hellip;]<\/p>\n","protected":false},"author":1,"featured_media":0,"parent":0,"menu_order":0,"comment_status":"closed","ping_status":"closed","template":"sans-titre","meta":{"_acf_changed":false,"content-type":"","om_disable_all_campaigns":false,"_monsterinsights_skip_tracking":false,"_monsterinsights_sitenote_active":false,"_monsterinsights_sitenote_note":"","_monsterinsights_sitenote_category":0,"footnotes":""},"class_list":["post-767","page","type-page","status-publish","hentry"],"acf":[],"aioseo_notices":[],"_links":{"self":[{"href":"https:\/\/thefrenchywine.com\/en\/wp-json\/wp\/v2\/pages\/767","targetHints":{"allow":["GET"]}}],"collection":[{"href":"https:\/\/thefrenchywine.com\/en\/wp-json\/wp\/v2\/pages"}],"about":[{"href":"https:\/\/thefrenchywine.com\/en\/wp-json\/wp\/v2\/types\/page"}],"author":[{"embeddable":true,"href":"https:\/\/thefrenchywine.com\/en\/wp-json\/wp\/v2\/users\/1"}],"replies":[{"embeddable":true,"href":"https:\/\/thefrenchywine.com\/en\/wp-json\/wp\/v2\/comments?post=767"}],"version-history":[{"count":1,"href":"https:\/\/thefrenchywine.com\/en\/wp-json\/wp\/v2\/pages\/767\/revisions"}],"predecessor-version":[{"id":770,"href":"https:\/\/thefrenchywine.com\/en\/wp-json\/wp\/v2\/pages\/767\/revisions\/770"}],"wp:attachment":[{"href":"https:\/\/thefrenchywine.com\/en\/wp-json\/wp\/v2\/media?parent=767"}],"curies":[{"name":"wp","href":"https:\/\/api.w.org\/{rel}","templated":true}]}}