{"id":737,"date":"2026-04-09T18:31:45","date_gmt":"2026-04-09T18:31:45","guid":{"rendered":"https:\/\/thefrenchywine.com\/?page_id=737"},"modified":"2026-04-09T18:31:45","modified_gmt":"2026-04-09T18:31:45","slug":"domaine-carriere-pradal","status":"publish","type":"page","link":"https:\/\/thefrenchywine.com\/en\/domaine-carriere-pradal\/","title":{"rendered":"Domaine Carri\u00e8re-Pradal"},"content":{"rendered":"<figure class=\"wp-block-image aligncenter size-large is-resized\"><img loading=\"lazy\" decoding=\"async\" width=\"1024\" height=\"1024\" src=\"https:\/\/thefrenchywine.com\/wp-content\/uploads\/2025\/10\/CarrierePradal-LOGO-BLAC-1024x1024.png\" alt=\"\" class=\"wp-image-515\" style=\"width:336px;height:auto\" srcset=\"https:\/\/thefrenchywine.com\/wp-content\/uploads\/2025\/10\/CarrierePradal-LOGO-BLAC-1024x1024.png 1024w, https:\/\/thefrenchywine.com\/wp-content\/uploads\/2025\/10\/CarrierePradal-LOGO-BLAC-300x300.png 300w, https:\/\/thefrenchywine.com\/wp-content\/uploads\/2025\/10\/CarrierePradal-LOGO-BLAC-150x150.png 150w, https:\/\/thefrenchywine.com\/wp-content\/uploads\/2025\/10\/CarrierePradal-LOGO-BLAC-768x768.png 768w, https:\/\/thefrenchywine.com\/wp-content\/uploads\/2025\/10\/CarrierePradal-LOGO-BLAC-12x12.png 12w, https:\/\/thefrenchywine.com\/wp-content\/uploads\/2025\/10\/CarrierePradal-LOGO-BLAC-600x600.png 600w, https:\/\/thefrenchywine.com\/wp-content\/uploads\/2025\/10\/CarrierePradal-LOGO-BLAC-100x100.png 100w, https:\/\/thefrenchywine.com\/wp-content\/uploads\/2025\/10\/CarrierePradal-LOGO-BLAC.png 1080w\" sizes=\"auto, (max-width: 1024px) 100vw, 1024px\" \/><\/figure>\n\n\n\n<p>Les familles Carri\u00e8re et Pradal se sont succ\u00e9d\u00e9es sur ce territoire languedocien depuis Napol\u00e9on III. Produisant d&#8217;abord leurs vins pour l&#8217;\u00e9v\u00each\u00e9 jusqu&#8217;au d\u00e9but du XIXe si\u00e8cle, elles ont travaill\u00e9 ces terres exigeantes qui seront reconnues par l&#8217;appellation AOP Languedoc en 1980.\u00a0C&#8217;est dans cet ancrage profond que le domaine a fa\u00e7onn\u00e9 son identit\u00e9 \u2014 et sa singularit\u00e9.<\/p>\n\n\n\n<p>La famille a toujours eu l&#8217;intuition des c\u00e9pages. D\u00e8s les ann\u00e9es 1940, la d\u00e9cision est prise de planter des hybrides r\u00e9sistants \u2014 un choix visionnaire pour l&#8217;\u00e9poque, qui anticipe des enjeux que la viticulture mondiale ne d\u00e9couvrira que des d\u00e9cennies plus tard. Plus r\u00e9cemment, c&#8217;est la r\u00e9introduction de c\u00e9pages autochtones comme le Picpoul Noir, le Morastel ou le Grenache Blanc qui a \u00e9t\u00e9 entreprise.<\/p>\n\n\n\n<p>Depuis plus de 40 ans, Catherine Carri\u00e8re-Pradal a progressivement lanc\u00e9 un projet d&#8217;agroforesterie de grande envergure sur le domaine.\u00a0Les vignes sont aujourd&#8217;hui entour\u00e9es et ponctu\u00e9es de haies qui cr\u00e9ent des corridors agro-\u00e9cologiques reliant les diff\u00e9rents espaces sauvages du domaine \u2014 bois, mare, bandes enherb\u00e9es. Ces zones permettent \u00e0 une faune plus riche de r\u00e9investir les espaces et contribuent \u00e0 une lutte naturelle contre les maladies de la vigne.\u00a0Outre la vigne, la famille cultive l&#8217;olivier, le grenadier et des ch\u00eanes truffiers.<\/p>\n\n\n\n<p>Les 60 hectares du domaine sont aujourd&#8217;hui entre les mains de la 7e g\u00e9n\u00e9ration, sur des terroirs en AOP Languedoc et IGP Pays d&#8217;Oc.\u00a0Depuis 2021, Baptiste Carri\u00e8re-Pradal conduit l&#8217;exploitation avec la m\u00eame conviction environnementale que sa m\u00e8re, prolong\u00e9e par une dynamique commerciale nouvelle : la gamme Carri\u00e8re-Pradal, lanc\u00e9e en 2017, compte des cuv\u00e9es comme &#8220;Troglodytes&#8221; \u2014 m\u00e9daill\u00e9e d&#8217;argent en 2024 \u2014 ou &#8220;GCB&#8221;, m\u00e9daill\u00e9e d&#8217;or la m\u00eame ann\u00e9e. Des vins qui refl\u00e8tent la diversit\u00e9 g\u00e9ologique et v\u00e9g\u00e9tale d&#8217;un domaine r\u00e9solument vivant.<\/p>\n\n\n\n<figure class=\"wp-block-gallery has-nested-images columns-default is-cropped wp-block-gallery-1 is-layout-flex wp-block-gallery-is-layout-flex\">\n<figure class=\"wp-block-image size-large\"><img loading=\"lazy\" decoding=\"async\" width=\"343\" height=\"682\" data-id=\"739\" src=\"https:\/\/thefrenchywine.com\/wp-content\/uploads\/2026\/04\/pradal-famille-3.jpg\" alt=\"\" class=\"wp-image-739\" srcset=\"https:\/\/thefrenchywine.com\/wp-content\/uploads\/2026\/04\/pradal-famille-3.jpg 343w, https:\/\/thefrenchywine.com\/wp-content\/uploads\/2026\/04\/pradal-famille-3-151x300.jpg 151w, https:\/\/thefrenchywine.com\/wp-content\/uploads\/2026\/04\/pradal-famille-3-6x12.jpg 6w\" sizes=\"auto, (max-width: 343px) 100vw, 343px\" \/><\/figure>\n\n\n\n<figure class=\"wp-block-image size-large\"><img loading=\"lazy\" decoding=\"async\" width=\"1024\" height=\"847\" data-id=\"741\" src=\"https:\/\/thefrenchywine.com\/wp-content\/uploads\/2026\/04\/pradal-photos-racines-scaled-1-1024x847.webp\" alt=\"\" class=\"wp-image-741\" srcset=\"https:\/\/thefrenchywine.com\/wp-content\/uploads\/2026\/04\/pradal-photos-racines-scaled-1-1024x847.webp 1024w, https:\/\/thefrenchywine.com\/wp-content\/uploads\/2026\/04\/pradal-photos-racines-scaled-1-300x248.webp 300w, https:\/\/thefrenchywine.com\/wp-content\/uploads\/2026\/04\/pradal-photos-racines-scaled-1-768x635.webp 768w, https:\/\/thefrenchywine.com\/wp-content\/uploads\/2026\/04\/pradal-photos-racines-scaled-1-1536x1271.webp 1536w, https:\/\/thefrenchywine.com\/wp-content\/uploads\/2026\/04\/pradal-photos-racines-scaled-1-2048x1694.webp 2048w, https:\/\/thefrenchywine.com\/wp-content\/uploads\/2026\/04\/pradal-photos-racines-scaled-1-15x12.webp 15w, https:\/\/thefrenchywine.com\/wp-content\/uploads\/2026\/04\/pradal-photos-racines-scaled-1-600x496.webp 600w\" sizes=\"auto, (max-width: 1024px) 100vw, 1024px\" \/><\/figure>\n\n\n\n<figure class=\"wp-block-image size-large\"><img loading=\"lazy\" decoding=\"async\" width=\"343\" height=\"682\" data-id=\"740\" src=\"https:\/\/thefrenchywine.com\/wp-content\/uploads\/2026\/04\/pradal-famille.jpg\" alt=\"\" class=\"wp-image-740\" srcset=\"https:\/\/thefrenchywine.com\/wp-content\/uploads\/2026\/04\/pradal-famille.jpg 343w, https:\/\/thefrenchywine.com\/wp-content\/uploads\/2026\/04\/pradal-famille-151x300.jpg 151w, https:\/\/thefrenchywine.com\/wp-content\/uploads\/2026\/04\/pradal-famille-6x12.jpg 6w\" sizes=\"auto, (max-width: 343px) 100vw, 343px\" \/><\/figure>\n\n\n\n<figure class=\"wp-block-image size-large\"><img loading=\"lazy\" decoding=\"async\" width=\"343\" height=\"682\" data-id=\"738\" src=\"https:\/\/thefrenchywine.com\/wp-content\/uploads\/2026\/04\/pradal-famille-2.jpg\" alt=\"\" class=\"wp-image-738\" srcset=\"https:\/\/thefrenchywine.com\/wp-content\/uploads\/2026\/04\/pradal-famille-2.jpg 343w, https:\/\/thefrenchywine.com\/wp-content\/uploads\/2026\/04\/pradal-famille-2-151x300.jpg 151w, https:\/\/thefrenchywine.com\/wp-content\/uploads\/2026\/04\/pradal-famille-2-6x12.jpg 6w\" sizes=\"auto, (max-width: 343px) 100vw, 343px\" \/><\/figure>\n\n\n\n<figure class=\"wp-block-image size-large\"><img loading=\"lazy\" decoding=\"async\" width=\"768\" height=\"845\" data-id=\"742\" src=\"https:\/\/thefrenchywine.com\/wp-content\/uploads\/2026\/04\/carriere-pradal-domaine-naissance.webp\" alt=\"\" class=\"wp-image-742\" srcset=\"https:\/\/thefrenchywine.com\/wp-content\/uploads\/2026\/04\/carriere-pradal-domaine-naissance.webp 768w, https:\/\/thefrenchywine.com\/wp-content\/uploads\/2026\/04\/carriere-pradal-domaine-naissance-273x300.webp 273w, https:\/\/thefrenchywine.com\/wp-content\/uploads\/2026\/04\/carriere-pradal-domaine-naissance-11x12.webp 11w, https:\/\/thefrenchywine.com\/wp-content\/uploads\/2026\/04\/carriere-pradal-domaine-naissance-600x660.webp 600w\" sizes=\"auto, (max-width: 768px) 100vw, 768px\" \/><\/figure>\n<\/figure>","protected":false},"excerpt":{"rendered":"<p>Les familles Carri\u00e8re et Pradal se sont succ\u00e9d\u00e9es sur ce territoire languedocien depuis Napol\u00e9on III. Produisant d&#8217;abord leurs vins pour l&#8217;\u00e9v\u00each\u00e9 jusqu&#8217;au d\u00e9but du XIXe si\u00e8cle, elles ont travaill\u00e9 ces terres exigeantes qui seront reconnues par l&#8217;appellation AOP Languedoc en 1980.\u00a0C&#8217;est dans cet ancrage profond que le domaine a fa\u00e7onn\u00e9 son identit\u00e9 \u2014 et sa [&hellip;]<\/p>\n","protected":false},"author":1,"featured_media":0,"parent":0,"menu_order":0,"comment_status":"closed","ping_status":"closed","template":"sans-titre","meta":{"_acf_changed":false,"content-type":"","om_disable_all_campaigns":false,"_monsterinsights_skip_tracking":false,"_monsterinsights_sitenote_active":false,"_monsterinsights_sitenote_note":"","_monsterinsights_sitenote_category":0,"footnotes":""},"class_list":["post-737","page","type-page","status-publish","hentry"],"acf":[],"aioseo_notices":[],"_links":{"self":[{"href":"https:\/\/thefrenchywine.com\/en\/wp-json\/wp\/v2\/pages\/737","targetHints":{"allow":["GET"]}}],"collection":[{"href":"https:\/\/thefrenchywine.com\/en\/wp-json\/wp\/v2\/pages"}],"about":[{"href":"https:\/\/thefrenchywine.com\/en\/wp-json\/wp\/v2\/types\/page"}],"author":[{"embeddable":true,"href":"https:\/\/thefrenchywine.com\/en\/wp-json\/wp\/v2\/users\/1"}],"replies":[{"embeddable":true,"href":"https:\/\/thefrenchywine.com\/en\/wp-json\/wp\/v2\/comments?post=737"}],"version-history":[{"count":1,"href":"https:\/\/thefrenchywine.com\/en\/wp-json\/wp\/v2\/pages\/737\/revisions"}],"predecessor-version":[{"id":743,"href":"https:\/\/thefrenchywine.com\/en\/wp-json\/wp\/v2\/pages\/737\/revisions\/743"}],"wp:attachment":[{"href":"https:\/\/thefrenchywine.com\/en\/wp-json\/wp\/v2\/media?parent=737"}],"curies":[{"name":"wp","href":"https:\/\/api.w.org\/{rel}","templated":true}]}}