{"id":731,"date":"2026-04-09T18:30:28","date_gmt":"2026-04-09T18:30:28","guid":{"rendered":"https:\/\/thefrenchywine.com\/?page_id=731"},"modified":"2026-04-09T18:30:28","modified_gmt":"2026-04-09T18:30:28","slug":"chateau-de-parnay","status":"publish","type":"page","link":"https:\/\/thefrenchywine.com\/en\/chateau-de-parnay\/","title":{"rendered":"Ch\u00e2teau de Parnay"},"content":{"rendered":"<figure class=\"wp-block-image aligncenter size-large is-resized\"><img loading=\"lazy\" decoding=\"async\" width=\"1024\" height=\"526\" src=\"https:\/\/thefrenchywine.com\/wp-content\/uploads\/2025\/08\/logo-chateau-de-parnay-1024x526.png\" alt=\"\" class=\"wp-image-344\" style=\"width:586px;height:auto\" srcset=\"https:\/\/thefrenchywine.com\/wp-content\/uploads\/2025\/08\/logo-chateau-de-parnay-1024x526.png 1024w, https:\/\/thefrenchywine.com\/wp-content\/uploads\/2025\/08\/logo-chateau-de-parnay-300x154.png 300w, https:\/\/thefrenchywine.com\/wp-content\/uploads\/2025\/08\/logo-chateau-de-parnay-768x395.png 768w, https:\/\/thefrenchywine.com\/wp-content\/uploads\/2025\/08\/logo-chateau-de-parnay-1536x789.png 1536w, https:\/\/thefrenchywine.com\/wp-content\/uploads\/2025\/08\/logo-chateau-de-parnay-18x9.png 18w, https:\/\/thefrenchywine.com\/wp-content\/uploads\/2025\/08\/logo-chateau-de-parnay-600x308.png 600w, https:\/\/thefrenchywine.com\/wp-content\/uploads\/2025\/08\/logo-chateau-de-parnay.png 1600w\" sizes=\"auto, (max-width: 1024px) 100vw, 1024px\" \/><\/figure>\n\n\n\n<p>La premi\u00e8re forteresse de Parnay remonte au Moyen \u00c2ge. \u00c0 la fin du XVe si\u00e8cle, les terres et le ch\u00e2teau deviennent la propri\u00e9t\u00e9 de Jehan du Plessis, Grand Argentier \u2014 autrement dit Ministre des Finances \u2014 du Roi Ren\u00e9 1er de Naples, qui fut \u00e9galement Duc d&#8217;Anjou entre 1434 et 1480.<\/p>\n\n\n\n<p>En 1794, le ch\u00e2teau est attaqu\u00e9 et br\u00fbl\u00e9 par les R\u00e9publicains. Il est le t\u00e9moin du massacre de 112 jeunes Royalistes condamn\u00e9s par le comit\u00e9 r\u00e9volutionnaire de Saumur, ex\u00e9cut\u00e9s devant le ch\u00e2teau et inhum\u00e9s dans une fosse commune toute proche. En 1820, une nouvelle b\u00e2tisse de style renaissance est construite sur ses ruines.<\/p>\n\n\n\n<p>Le 10 septembre 1887, Antoine Cristal acquiert la propri\u00e9t\u00e9 \u00e0 l&#8217;occasion de la succession de Mme Becquet de Marconnay.\u00a0Figure embl\u00e9matique du Saumurois, il va transformer le domaine et y laisser une empreinte ind\u00e9l\u00e9bile. C&#8217;est lui qui con\u00e7oit et fait construire \u00e0 partir de 1894 le c\u00e9l\u00e8bre Clos d&#8217;Entre les Murs, parcelle unique au monde de 0,56 hectare : chaque pied de vigne de Chenin blanc y est plant\u00e9 sur la face nord d&#8217;un mur de pierre de Champigny, les ceps traversant la paroi pour offrir aux raisins la chaleur de la face sud \u2014 \u00ab les pieds au frais et le ventre au soleil \u00bb.<\/p>\n\n\n\n<p>Au d\u00e9c\u00e8s d&#8217;Antoine Cristal en 1931, sa ni\u00e8ce Madame Vigeant et sa fille Madeleine h\u00e9ritent de la propri\u00e9t\u00e9, la mettent en g\u00e9rance puis la vendent en viager en 1948. La rente viag\u00e8re est rachet\u00e9e par Lucien Coll\u00e9 en d\u00e9cembre 1953. En 1996, au d\u00e9c\u00e8s de Mademoiselle Vigeant, la propri\u00e9t\u00e9 revient \u00e0 la famille Coll\u00e9.<\/p>\n\n\n\n<p>En d\u00e9cembre 2006, le Ch\u00e2teau de Parnay est repris par Mathias Levron et R\u00e9gis Vincenot. D\u00e8s leur installation, ils entreprennent de tr\u00e8s gros efforts tant au niveau du vignoble \u2014 augmentation de la surface foliaire, palissage, ma\u00eetrise des rendements \u2014 qu&#8217;au niveau du chai de vinification.<\/p>\n\n\n\n<p>La famille Vincenot et leur \u00e9quipe cultivent avec passion 35 hectares de vignes en Agriculture Biologique depuis 2015, avec pour leitmotiv : \u00ab Produire des vins d&#8217;exception dans le respect de l&#8217;homme et de l&#8217;environnement \u00bb.<\/p>\n\n\n\n<p>Le vignoble s&#8217;\u00e9tend sur quatre \u00eelots de parcelles, tous situ\u00e9s sur des terres argilo-calcaires marqu\u00e9es par la pr\u00e9sence de tuffeau. Les trois premi\u00e8res parcelles sont localis\u00e9es sur \u00ab la c\u00f4te \u00bb, \u00e0 cheval sur les communes de Parnay et Souzay-Champigny, surplombant la Loire \u00e0 environ 200 m\u00e8tres. La quatri\u00e8me parcelle se trouve sur les hauteurs de Dampierre-sur-Loire, sur la butte de la Folie, r\u00e9put\u00e9e pour sa pr\u00e9cocit\u00e9 et son exposition exceptionnelle sur les coteaux de la Loire.<\/p>\n\n\n\n<p>Le domaine est certifi\u00e9 Agriculture Biologique depuis 2013 et reste le fleuron de l&#8217;appellation Saumur Champigny.<\/p>\n\n\n\n<figure class=\"wp-block-image size-large\"><img loading=\"lazy\" decoding=\"async\" width=\"1024\" height=\"360\" src=\"https:\/\/thefrenchywine.com\/wp-content\/uploads\/2026\/04\/CHPlandscape-1024x360.jpg\" alt=\"\" class=\"wp-image-735\" srcset=\"https:\/\/thefrenchywine.com\/wp-content\/uploads\/2026\/04\/CHPlandscape-1024x360.jpg 1024w, https:\/\/thefrenchywine.com\/wp-content\/uploads\/2026\/04\/CHPlandscape-300x106.jpg 300w, https:\/\/thefrenchywine.com\/wp-content\/uploads\/2026\/04\/CHPlandscape-768x270.jpg 768w, https:\/\/thefrenchywine.com\/wp-content\/uploads\/2026\/04\/CHPlandscape-1536x540.jpg 1536w, https:\/\/thefrenchywine.com\/wp-content\/uploads\/2026\/04\/CHPlandscape-18x6.jpg 18w, https:\/\/thefrenchywine.com\/wp-content\/uploads\/2026\/04\/CHPlandscape-600x211.jpg 600w, https:\/\/thefrenchywine.com\/wp-content\/uploads\/2026\/04\/CHPlandscape.jpg 1800w\" sizes=\"auto, (max-width: 1024px) 100vw, 1024px\" \/><\/figure>\n\n\n\n<figure class=\"wp-block-gallery has-nested-images columns-default is-cropped wp-block-gallery-1 is-layout-flex wp-block-gallery-is-layout-flex\">\n<figure class=\"wp-block-image size-large\"><img loading=\"lazy\" decoding=\"async\" width=\"1024\" height=\"648\" data-id=\"733\" src=\"https:\/\/thefrenchywine.com\/wp-content\/uploads\/2026\/04\/parnay_190932-1024x648.jpg\" alt=\"\" class=\"wp-image-733\" srcset=\"https:\/\/thefrenchywine.com\/wp-content\/uploads\/2026\/04\/parnay_190932-1024x648.jpg 1024w, https:\/\/thefrenchywine.com\/wp-content\/uploads\/2026\/04\/parnay_190932-300x190.jpg 300w, https:\/\/thefrenchywine.com\/wp-content\/uploads\/2026\/04\/parnay_190932-768x486.jpg 768w, https:\/\/thefrenchywine.com\/wp-content\/uploads\/2026\/04\/parnay_190932-1536x972.jpg 1536w, https:\/\/thefrenchywine.com\/wp-content\/uploads\/2026\/04\/parnay_190932-18x12.jpg 18w, https:\/\/thefrenchywine.com\/wp-content\/uploads\/2026\/04\/parnay_190932-600x380.jpg 600w, https:\/\/thefrenchywine.com\/wp-content\/uploads\/2026\/04\/parnay_190932.jpg 1598w\" sizes=\"auto, (max-width: 1024px) 100vw, 1024px\" \/><\/figure>\n\n\n\n<figure class=\"wp-block-image size-large\"><img loading=\"lazy\" decoding=\"async\" width=\"1024\" height=\"360\" data-id=\"734\" src=\"https:\/\/thefrenchywine.com\/wp-content\/uploads\/2026\/04\/chateaudeparnay04032025site-1741096232-1024x360.webp\" alt=\"\" class=\"wp-image-734\" srcset=\"https:\/\/thefrenchywine.com\/wp-content\/uploads\/2026\/04\/chateaudeparnay04032025site-1741096232-1024x360.webp 1024w, https:\/\/thefrenchywine.com\/wp-content\/uploads\/2026\/04\/chateaudeparnay04032025site-1741096232-300x106.webp 300w, https:\/\/thefrenchywine.com\/wp-content\/uploads\/2026\/04\/chateaudeparnay04032025site-1741096232-768x270.webp 768w, https:\/\/thefrenchywine.com\/wp-content\/uploads\/2026\/04\/chateaudeparnay04032025site-1741096232-1536x540.webp 1536w, https:\/\/thefrenchywine.com\/wp-content\/uploads\/2026\/04\/chateaudeparnay04032025site-1741096232-18x6.webp 18w, https:\/\/thefrenchywine.com\/wp-content\/uploads\/2026\/04\/chateaudeparnay04032025site-1741096232-600x211.webp 600w, https:\/\/thefrenchywine.com\/wp-content\/uploads\/2026\/04\/chateaudeparnay04032025site-1741096232.webp 1800w\" sizes=\"auto, (max-width: 1024px) 100vw, 1024px\" \/><\/figure>\n<\/figure>","protected":false},"excerpt":{"rendered":"<p>La premi\u00e8re forteresse de Parnay remonte au Moyen \u00c2ge. \u00c0 la fin du XVe si\u00e8cle, les terres et le ch\u00e2teau deviennent la propri\u00e9t\u00e9 de Jehan du Plessis, Grand Argentier \u2014 autrement dit Ministre des Finances \u2014 du Roi Ren\u00e9 1er de Naples, qui fut \u00e9galement Duc d&#8217;Anjou entre 1434 et 1480. En 1794, le ch\u00e2teau [&hellip;]<\/p>\n","protected":false},"author":1,"featured_media":0,"parent":0,"menu_order":0,"comment_status":"closed","ping_status":"closed","template":"sans-titre","meta":{"_acf_changed":false,"content-type":"","om_disable_all_campaigns":false,"_monsterinsights_skip_tracking":false,"_monsterinsights_sitenote_active":false,"_monsterinsights_sitenote_note":"","_monsterinsights_sitenote_category":0,"footnotes":""},"class_list":["post-731","page","type-page","status-publish","hentry"],"acf":[],"aioseo_notices":[],"_links":{"self":[{"href":"https:\/\/thefrenchywine.com\/en\/wp-json\/wp\/v2\/pages\/731","targetHints":{"allow":["GET"]}}],"collection":[{"href":"https:\/\/thefrenchywine.com\/en\/wp-json\/wp\/v2\/pages"}],"about":[{"href":"https:\/\/thefrenchywine.com\/en\/wp-json\/wp\/v2\/types\/page"}],"author":[{"embeddable":true,"href":"https:\/\/thefrenchywine.com\/en\/wp-json\/wp\/v2\/users\/1"}],"replies":[{"embeddable":true,"href":"https:\/\/thefrenchywine.com\/en\/wp-json\/wp\/v2\/comments?post=731"}],"version-history":[{"count":2,"href":"https:\/\/thefrenchywine.com\/en\/wp-json\/wp\/v2\/pages\/731\/revisions"}],"predecessor-version":[{"id":736,"href":"https:\/\/thefrenchywine.com\/en\/wp-json\/wp\/v2\/pages\/731\/revisions\/736"}],"wp:attachment":[{"href":"https:\/\/thefrenchywine.com\/en\/wp-json\/wp\/v2\/media?parent=731"}],"curies":[{"name":"wp","href":"https:\/\/api.w.org\/{rel}","templated":true}]}}