{"id":713,"date":"2026-04-09T18:29:34","date_gmt":"2026-04-09T18:29:34","guid":{"rendered":"https:\/\/thefrenchywine.com\/?page_id=713"},"modified":"2026-04-09T18:29:34","modified_gmt":"2026-04-09T18:29:34","slug":"chateau-de-brize","status":"publish","type":"page","link":"https:\/\/thefrenchywine.com\/en\/chateau-de-brize\/","title":{"rendered":"Ch\u00e2teau de Briz\u00e9"},"content":{"rendered":"<figure class=\"wp-block-image aligncenter size-large is-resized is-style-default\" style=\"margin-right:0;margin-left:0\"><img loading=\"lazy\" decoding=\"async\" width=\"1024\" height=\"1024\" src=\"https:\/\/thefrenchywine.com\/wp-content\/uploads\/2025\/10\/logobrizeblc-1024x1024.png\" alt=\"\" class=\"wp-image-478\" style=\"width:366px;height:auto\" srcset=\"https:\/\/thefrenchywine.com\/wp-content\/uploads\/2025\/10\/logobrizeblc-1024x1024.png 1024w, https:\/\/thefrenchywine.com\/wp-content\/uploads\/2025\/10\/logobrizeblc-300x300.png 300w, https:\/\/thefrenchywine.com\/wp-content\/uploads\/2025\/10\/logobrizeblc-150x150.png 150w, https:\/\/thefrenchywine.com\/wp-content\/uploads\/2025\/10\/logobrizeblc-768x768.png 768w, https:\/\/thefrenchywine.com\/wp-content\/uploads\/2025\/10\/logobrizeblc-12x12.png 12w, https:\/\/thefrenchywine.com\/wp-content\/uploads\/2025\/10\/logobrizeblc-600x600.png 600w, https:\/\/thefrenchywine.com\/wp-content\/uploads\/2025\/10\/logobrizeblc-100x100.png 100w, https:\/\/thefrenchywine.com\/wp-content\/uploads\/2025\/10\/logobrizeblc.png 1080w\" sizes=\"auto, (max-width: 1024px) 100vw, 1024px\" \/><\/figure>\n\n\n\n<p class=\"translation-block\">Nestled in the heart of Anjou, The Ch\u00e2teau de Briz\u00e9 has been a symbol of Loire Valley winemaking since 1755. Founded by the Delhumeau family, the estate has been passed down through generations, each contributing to its enduring reputation for excellence an authenticity.<\/p>\n\n\n\n<p class=\"translation-block\">Covering around 40 hectares of vineyards, with 36 under vine, Ch\u00e2teau de Briz\u00e9 benefits from a rich mosaic of soils - silica-clay, schist, and tuffeau (chalky limestone) - that give depth and complexity to its wines. The estate cultivates e refined range of Loire varietals, including Chenin Blanc, Cabernet Franc, Cabernet Sauvignon, Gamay, Grolleau, Chardonnay and Pinot Noir.<\/p>\n\n\n\n<p>Committed to sustainable viticulture, the domaine proudly carries both Terra Vitis and High Environmental Value (HVE level 3) certifications, reflection its respect for the land and biodiversity. A full conversion to organic farming is also underway, planned for 2024.<\/p>\n\n\n\n<p>In 2022, the Dupont family took over from the Delhumeau family. Their ambition is to blend tradition with innovation \u2014 modernizing the cellars, restoring the buildings, and improving winemaking tools, all while preserving their deep connection to the land and respect for the terroir.<\/p>\n\n\n\n<figure class=\"wp-block-gallery has-nested-images columns-default is-cropped wp-block-gallery-1 is-layout-flex wp-block-gallery-is-layout-flex\">\n<figure class=\"wp-block-image size-large\"><img loading=\"lazy\" decoding=\"async\" width=\"682\" height=\"1024\" data-id=\"715\" src=\"https:\/\/thefrenchywine.com\/wp-content\/uploads\/2026\/04\/CHB-photo2-682x1024.png\" alt=\"\" class=\"wp-image-715\" srcset=\"https:\/\/thefrenchywine.com\/wp-content\/uploads\/2026\/04\/CHB-photo2-682x1024.png 682w, https:\/\/thefrenchywine.com\/wp-content\/uploads\/2026\/04\/CHB-photo2-200x300.png 200w, https:\/\/thefrenchywine.com\/wp-content\/uploads\/2026\/04\/CHB-photo2-768x1154.png 768w, https:\/\/thefrenchywine.com\/wp-content\/uploads\/2026\/04\/CHB-photo2-8x12.png 8w, https:\/\/thefrenchywine.com\/wp-content\/uploads\/2026\/04\/CHB-photo2-600x901.png 600w, https:\/\/thefrenchywine.com\/wp-content\/uploads\/2026\/04\/CHB-photo2.png 848w\" sizes=\"auto, (max-width: 682px) 100vw, 682px\" \/><\/figure>\n\n\n\n<figure class=\"wp-block-image size-large\"><img loading=\"lazy\" decoding=\"async\" width=\"681\" height=\"1024\" data-id=\"717\" src=\"https:\/\/thefrenchywine.com\/wp-content\/uploads\/2026\/04\/CHBphoto4-681x1024.png\" alt=\"\" class=\"wp-image-717\" srcset=\"https:\/\/thefrenchywine.com\/wp-content\/uploads\/2026\/04\/CHBphoto4-681x1024.png 681w, https:\/\/thefrenchywine.com\/wp-content\/uploads\/2026\/04\/CHBphoto4-199x300.png 199w, https:\/\/thefrenchywine.com\/wp-content\/uploads\/2026\/04\/CHBphoto4-768x1156.png 768w, https:\/\/thefrenchywine.com\/wp-content\/uploads\/2026\/04\/CHBphoto4-8x12.png 8w, https:\/\/thefrenchywine.com\/wp-content\/uploads\/2026\/04\/CHBphoto4-600x903.png 600w, https:\/\/thefrenchywine.com\/wp-content\/uploads\/2026\/04\/CHBphoto4.png 840w\" sizes=\"auto, (max-width: 681px) 100vw, 681px\" \/><\/figure>\n\n\n\n<figure class=\"wp-block-image size-large\"><img loading=\"lazy\" decoding=\"async\" width=\"755\" height=\"1024\" data-id=\"716\" src=\"https:\/\/thefrenchywine.com\/wp-content\/uploads\/2026\/04\/CHB-photo3-755x1024.png\" alt=\"\" class=\"wp-image-716\" srcset=\"https:\/\/thefrenchywine.com\/wp-content\/uploads\/2026\/04\/CHB-photo3-755x1024.png 755w, https:\/\/thefrenchywine.com\/wp-content\/uploads\/2026\/04\/CHB-photo3-221x300.png 221w, https:\/\/thefrenchywine.com\/wp-content\/uploads\/2026\/04\/CHB-photo3-768x1042.png 768w, https:\/\/thefrenchywine.com\/wp-content\/uploads\/2026\/04\/CHB-photo3-9x12.png 9w, https:\/\/thefrenchywine.com\/wp-content\/uploads\/2026\/04\/CHB-photo3-600x814.png 600w, https:\/\/thefrenchywine.com\/wp-content\/uploads\/2026\/04\/CHB-photo3.png 930w\" sizes=\"auto, (max-width: 755px) 100vw, 755px\" \/><\/figure>\n<\/figure>","protected":false},"excerpt":{"rendered":"<p>Le&nbsp;Domaine de Briz\u00e9, situ\u00e9 \u00e0 Martign\u00e9-Briand en Anjou, a \u00e9t\u00e9 fond\u00e9 en 1755 par la famille Delhumeau. Depuis plus de deux si\u00e8cles, le domaine se fa\u00e7onne une r\u00e9putation d\u2019excellence, port\u00e9e par plusieurs g\u00e9n\u00e9rations passionn\u00e9es et soucieuses de valoriser ce terroir d\u2019exception. Le vignoble, qui couvre environ\u00a040 hectares\u00a0dont 36 en production viticole, repose sur des sols [&hellip;]<\/p>\n","protected":false},"author":1,"featured_media":0,"parent":0,"menu_order":0,"comment_status":"closed","ping_status":"closed","template":"sans-titre","meta":{"_acf_changed":false,"content-type":"","om_disable_all_campaigns":false,"_monsterinsights_skip_tracking":false,"_monsterinsights_sitenote_active":false,"_monsterinsights_sitenote_note":"","_monsterinsights_sitenote_category":0,"footnotes":""},"class_list":["post-713","page","type-page","status-publish","hentry"],"acf":[],"aioseo_notices":[],"_links":{"self":[{"href":"https:\/\/thefrenchywine.com\/en\/wp-json\/wp\/v2\/pages\/713","targetHints":{"allow":["GET"]}}],"collection":[{"href":"https:\/\/thefrenchywine.com\/en\/wp-json\/wp\/v2\/pages"}],"about":[{"href":"https:\/\/thefrenchywine.com\/en\/wp-json\/wp\/v2\/types\/page"}],"author":[{"embeddable":true,"href":"https:\/\/thefrenchywine.com\/en\/wp-json\/wp\/v2\/users\/1"}],"replies":[{"embeddable":true,"href":"https:\/\/thefrenchywine.com\/en\/wp-json\/wp\/v2\/comments?post=713"}],"version-history":[{"count":3,"href":"https:\/\/thefrenchywine.com\/en\/wp-json\/wp\/v2\/pages\/713\/revisions"}],"predecessor-version":[{"id":719,"href":"https:\/\/thefrenchywine.com\/en\/wp-json\/wp\/v2\/pages\/713\/revisions\/719"}],"wp:attachment":[{"href":"https:\/\/thefrenchywine.com\/en\/wp-json\/wp\/v2\/media?parent=713"}],"curies":[{"name":"wp","href":"https:\/\/api.w.org\/{rel}","templated":true}]}}