{"id":700,"date":"2026-04-09T18:33:31","date_gmt":"2026-04-09T18:33:31","guid":{"rendered":"https:\/\/thefrenchywine.com\/?page_id=700"},"modified":"2026-04-09T18:33:31","modified_gmt":"2026-04-09T18:33:31","slug":"domaine-du-matin-calme","status":"publish","type":"page","link":"https:\/\/thefrenchywine.com\/en\/domaine-du-matin-calme\/","title":{"rendered":"Domaine du Matin Calme"},"content":{"rendered":"<figure class=\"wp-block-image aligncenter size-full is-resized\"><img loading=\"lazy\" decoding=\"async\" width=\"600\" height=\"400\" src=\"https:\/\/thefrenchywine.com\/wp-content\/uploads\/2026\/04\/logo-DMC-ss-fond.png\" alt=\"\" class=\"wp-image-701\" style=\"width:548px;height:auto\" srcset=\"https:\/\/thefrenchywine.com\/wp-content\/uploads\/2026\/04\/logo-DMC-ss-fond.png 600w, https:\/\/thefrenchywine.com\/wp-content\/uploads\/2026\/04\/logo-DMC-ss-fond-300x200.png 300w, https:\/\/thefrenchywine.com\/wp-content\/uploads\/2026\/04\/logo-DMC-ss-fond-18x12.png 18w\" sizes=\"auto, (max-width: 600px) 100vw, 600px\" \/><\/figure>\n\n\n\n<p>Les chemins d\u2019Anne-Laura et Victor se croisent sur les bancs de l\u2019Institut Jules Guyot \u00e0 Dijon, o\u00f9 na\u00eet une passion commune pour le vin et la vigne.<\/p>\n\n\n\n<p><strong>Victor<\/strong>, fils d\u2019agriculteur c\u00e9r\u00e9alier des Deux-S\u00e8vres, choisit le m\u00e9tier par vocation : Licence en\u00a0Sciences de la Vigne &amp; du Vin, puis Master en\u00a0Viticulture.<br><strong>Anne-Laura<\/strong>, originaire du Jura, se passionne pour la chimie du vin et d\u00e9croche le\u00a0Dipl\u00f4me National d\u2019\u0152nologue\u00a0apr\u00e8s sa formation en \u0153nologie.<\/p>\n\n\n\n<p>Together, they explored vineyards around the world \u2013 Burgundy, Champagne, C\u00f4tes du Rh\u00f4ne, New Zealand, and South Africa \u2013 before settling in the Loire at Sancerre to refine their project.<\/p>\n\n\n\n<p>Chaque bouteille refl\u00e8te leur&nbsp;travail m\u00e9ticuleux, leur&nbsp;passion pour la vigne&nbsp;et leur&nbsp;engagement pour des pratiques durables, respectueuses de la nature et de la biodiversit\u00e9.<\/p>\n\n\n\n<p>Chez eux,&nbsp;chaque cuv\u00e9e raconte une histoire, celle d\u2019un parcours guid\u00e9 par la tradition, l\u2019innovation et l\u2019amour du vin.<\/p>\n\n\n\n<figure class=\"wp-block-gallery has-nested-images columns-default is-cropped wp-block-gallery-1 is-layout-flex wp-block-gallery-is-layout-flex\">\n<figure class=\"wp-block-image size-large\"><img loading=\"lazy\" decoding=\"async\" width=\"1024\" height=\"811\" data-id=\"726\" src=\"https:\/\/thefrenchywine.com\/wp-content\/uploads\/2026\/04\/DMC-photovig1-1024x811.png\" alt=\"\" class=\"wp-image-726\" srcset=\"https:\/\/thefrenchywine.com\/wp-content\/uploads\/2026\/04\/DMC-photovig1-1024x811.png 1024w, https:\/\/thefrenchywine.com\/wp-content\/uploads\/2026\/04\/DMC-photovig1-300x237.png 300w, https:\/\/thefrenchywine.com\/wp-content\/uploads\/2026\/04\/DMC-photovig1-768x608.png 768w, https:\/\/thefrenchywine.com\/wp-content\/uploads\/2026\/04\/DMC-photovig1-15x12.png 15w, https:\/\/thefrenchywine.com\/wp-content\/uploads\/2026\/04\/DMC-photovig1-600x475.png 600w, https:\/\/thefrenchywine.com\/wp-content\/uploads\/2026\/04\/DMC-photovig1.png 1468w\" sizes=\"auto, (max-width: 1024px) 100vw, 1024px\" \/><\/figure>\n\n\n\n<figure class=\"wp-block-image size-large\"><img loading=\"lazy\" decoding=\"async\" width=\"768\" height=\"1024\" data-id=\"727\" src=\"https:\/\/thefrenchywine.com\/wp-content\/uploads\/2026\/04\/DMC-photo-2-768x1024.png\" alt=\"\" class=\"wp-image-727\" srcset=\"https:\/\/thefrenchywine.com\/wp-content\/uploads\/2026\/04\/DMC-photo-2-768x1024.png 768w, https:\/\/thefrenchywine.com\/wp-content\/uploads\/2026\/04\/DMC-photo-2-225x300.png 225w, https:\/\/thefrenchywine.com\/wp-content\/uploads\/2026\/04\/DMC-photo-2-9x12.png 9w, https:\/\/thefrenchywine.com\/wp-content\/uploads\/2026\/04\/DMC-photo-2-600x800.png 600w, https:\/\/thefrenchywine.com\/wp-content\/uploads\/2026\/04\/DMC-photo-2.png 1038w\" sizes=\"auto, (max-width: 768px) 100vw, 768px\" \/><\/figure>\n\n\n\n<figure class=\"wp-block-image size-large\"><img loading=\"lazy\" decoding=\"async\" width=\"1024\" height=\"1024\" data-id=\"728\" src=\"https:\/\/thefrenchywine.com\/wp-content\/uploads\/2026\/04\/DMC-photoil-3-1024x1024.png\" alt=\"\" class=\"wp-image-728\" srcset=\"https:\/\/thefrenchywine.com\/wp-content\/uploads\/2026\/04\/DMC-photoil-3-1024x1024.png 1024w, https:\/\/thefrenchywine.com\/wp-content\/uploads\/2026\/04\/DMC-photoil-3-300x300.png 300w, https:\/\/thefrenchywine.com\/wp-content\/uploads\/2026\/04\/DMC-photoil-3-150x150.png 150w, https:\/\/thefrenchywine.com\/wp-content\/uploads\/2026\/04\/DMC-photoil-3-768x768.png 768w, https:\/\/thefrenchywine.com\/wp-content\/uploads\/2026\/04\/DMC-photoil-3-12x12.png 12w, https:\/\/thefrenchywine.com\/wp-content\/uploads\/2026\/04\/DMC-photoil-3-600x600.png 600w, https:\/\/thefrenchywine.com\/wp-content\/uploads\/2026\/04\/DMC-photoil-3-100x100.png 100w, https:\/\/thefrenchywine.com\/wp-content\/uploads\/2026\/04\/DMC-photoil-3.png 1384w\" sizes=\"auto, (max-width: 1024px) 100vw, 1024px\" \/><\/figure>\n<\/figure>","protected":false},"excerpt":{"rendered":"<p>Les chemins d\u2019Anne-Laura et Victor se croisent sur les bancs de l\u2019Institut Jules Guyot \u00e0 Dijon, o\u00f9 na\u00eet une passion commune pour le vin et la vigne. Victor, fils d\u2019agriculteur c\u00e9r\u00e9alier des Deux-S\u00e8vres, choisit le m\u00e9tier par vocation : Licence en\u00a0Sciences de la Vigne &amp; du Vin, puis Master en\u00a0Viticulture.Anne-Laura, originaire du Jura, se passionne [&hellip;]<\/p>\n","protected":false},"author":1,"featured_media":0,"parent":0,"menu_order":0,"comment_status":"closed","ping_status":"closed","template":"sans-titre","meta":{"_acf_changed":false,"content-type":"","om_disable_all_campaigns":false,"_monsterinsights_skip_tracking":false,"_monsterinsights_sitenote_active":false,"_monsterinsights_sitenote_note":"","_monsterinsights_sitenote_category":0,"footnotes":""},"class_list":["post-700","page","type-page","status-publish","hentry"],"acf":[],"aioseo_notices":[],"_links":{"self":[{"href":"https:\/\/thefrenchywine.com\/en\/wp-json\/wp\/v2\/pages\/700","targetHints":{"allow":["GET"]}}],"collection":[{"href":"https:\/\/thefrenchywine.com\/en\/wp-json\/wp\/v2\/pages"}],"about":[{"href":"https:\/\/thefrenchywine.com\/en\/wp-json\/wp\/v2\/types\/page"}],"author":[{"embeddable":true,"href":"https:\/\/thefrenchywine.com\/en\/wp-json\/wp\/v2\/users\/1"}],"replies":[{"embeddable":true,"href":"https:\/\/thefrenchywine.com\/en\/wp-json\/wp\/v2\/comments?post=700"}],"version-history":[{"count":3,"href":"https:\/\/thefrenchywine.com\/en\/wp-json\/wp\/v2\/pages\/700\/revisions"}],"predecessor-version":[{"id":730,"href":"https:\/\/thefrenchywine.com\/en\/wp-json\/wp\/v2\/pages\/700\/revisions\/730"}],"wp:attachment":[{"href":"https:\/\/thefrenchywine.com\/en\/wp-json\/wp\/v2\/media?parent=700"}],"curies":[{"name":"wp","href":"https:\/\/api.w.org\/{rel}","templated":true}]}}