{"id":696,"date":"2026-04-09T18:31:33","date_gmt":"2026-04-09T18:31:33","guid":{"rendered":"https:\/\/thefrenchywine.com\/?page_id=696"},"modified":"2026-04-09T18:31:33","modified_gmt":"2026-04-09T18:31:33","slug":"domaine-boehler","status":"publish","type":"page","link":"https:\/\/thefrenchywine.com\/en\/domaine-boehler\/","title":{"rendered":"Domaine Boehler"},"content":{"rendered":"<figure class=\"wp-block-image aligncenter size-large is-resized\"><img loading=\"lazy\" decoding=\"async\" width=\"1024\" height=\"1024\" src=\"https:\/\/thefrenchywine.com\/wp-content\/uploads\/2026\/02\/BoehlerLOGOBLC-1024x1024.png\" alt=\"\" class=\"wp-image-612\" style=\"width:366px;height:auto\" srcset=\"https:\/\/thefrenchywine.com\/wp-content\/uploads\/2026\/02\/BoehlerLOGOBLC-1024x1024.png 1024w, https:\/\/thefrenchywine.com\/wp-content\/uploads\/2026\/02\/BoehlerLOGOBLC-300x300.png 300w, https:\/\/thefrenchywine.com\/wp-content\/uploads\/2026\/02\/BoehlerLOGOBLC-150x150.png 150w, https:\/\/thefrenchywine.com\/wp-content\/uploads\/2026\/02\/BoehlerLOGOBLC-768x768.png 768w, https:\/\/thefrenchywine.com\/wp-content\/uploads\/2026\/02\/BoehlerLOGOBLC-12x12.png 12w, https:\/\/thefrenchywine.com\/wp-content\/uploads\/2026\/02\/BoehlerLOGOBLC-600x600.png 600w, https:\/\/thefrenchywine.com\/wp-content\/uploads\/2026\/02\/BoehlerLOGOBLC-100x100.png 100w, https:\/\/thefrenchywine.com\/wp-content\/uploads\/2026\/02\/BoehlerLOGOBLC.png 1080w\" sizes=\"auto, (max-width: 1024px) 100vw, 1024px\" \/><\/figure>\n\n\n\n<p>Tout commence \u00e0 Molsheim, en 1650. La famille Boehler y plante ses racines \u2014 d\u2019abord comme tanneurs, pendant cinq g\u00e9n\u00e9rations, avant qu\u2019Antoine Boehler (1759\u20131827) ne tourne le regard vers les hauteurs et n\u2019y plante les premi\u00e8res vignes, au lieu-dit&nbsp;<em>Oberes Bruderthal.<\/em>.<\/p>\n\n\n\n<p>Les premi\u00e8res activit\u00e9s viticoles recens\u00e9es remontent \u00e0 1842. Mais c\u2019est dans les ann\u00e9es 70 que l\u2019histoire s\u2019emballe : Marie et Paul Boehler, jeunes mari\u00e9s et vignerons dans l\u2019\u00e2me, d\u00e9cident d\u2019embouteiller leur production. Trois hectares, un terroir d\u2019exception \u2014 le Bruderthal, bien avant qu\u2019il ne devienne Grand Cru \u2014 et une conviction chevill\u00e9e au corps : ici, c\u2019est la terre qui commande.<\/p>\n\n\n\n<p>En 1992, Ren\u00e9 et Josiane reprennent le flambeau. Ils abandonnent la polyculture, misent tout sur la vigne, et agrandissent progressivement le domaine avec l\u2019acquisition de parcelles d\u2019exception : Pfann, Leimen, Hahnenberg. Chaque lieu-dit, une signature. Chaque vin, une histoire.<\/p>\n\n\n\n<p>Aujourd\u2019hui, c\u2019est Julien Boehler qui veille sur ces 8 hectares certifi\u00e9s bio depuis le mill\u00e9sime 2021. Les vignes, toutes plant\u00e9es en coteaux autour de Molsheim, exigent un travail \u00e0 la main, rigoureux et passionn\u00e9. Les vendanges sont manuelles. La vinification, traditionnelle. Le respect du vivant, non n\u00e9gociable.<\/p>\n\n\n\n<p>\u00c0 15 km de Strasbourg, dans la cit\u00e9 Bugatti, le Domaine Boehler produit des vins blancs et rouges d\u2019Alsace qui portent en eux quatre si\u00e8cles d\u2019histoire, de transmission et d\u2019amour du terroir.<\/p>\n\n\n\n<figure class=\"wp-block-gallery has-nested-images columns-default is-cropped wp-block-gallery-1 is-layout-flex wp-block-gallery-is-layout-flex\">\n<figure class=\"wp-block-image size-large\"><img loading=\"lazy\" decoding=\"async\" width=\"1024\" height=\"682\" data-id=\"697\" src=\"https:\/\/thefrenchywine.com\/wp-content\/uploads\/2026\/04\/012325FAG003-1024x682.jpg\" alt=\"\" class=\"wp-image-697\" srcset=\"https:\/\/thefrenchywine.com\/wp-content\/uploads\/2026\/04\/012325FAG003-1024x682.jpg 1024w, https:\/\/thefrenchywine.com\/wp-content\/uploads\/2026\/04\/012325FAG003-300x200.jpg 300w, https:\/\/thefrenchywine.com\/wp-content\/uploads\/2026\/04\/012325FAG003-768x511.jpg 768w, https:\/\/thefrenchywine.com\/wp-content\/uploads\/2026\/04\/012325FAG003-1536x1023.jpg 1536w, https:\/\/thefrenchywine.com\/wp-content\/uploads\/2026\/04\/012325FAG003-2048x1364.jpg 2048w, https:\/\/thefrenchywine.com\/wp-content\/uploads\/2026\/04\/012325FAG003-18x12.jpg 18w, https:\/\/thefrenchywine.com\/wp-content\/uploads\/2026\/04\/012325FAG003-600x400.jpg 600w\" sizes=\"auto, (max-width: 1024px) 100vw, 1024px\" \/><\/figure>\n\n\n\n<figure class=\"wp-block-image size-large\"><img loading=\"lazy\" decoding=\"async\" width=\"768\" height=\"1024\" data-id=\"698\" src=\"https:\/\/thefrenchywine.com\/wp-content\/uploads\/2026\/04\/IMG20211006105538-768x1024.jpg\" alt=\"\" class=\"wp-image-698\" srcset=\"https:\/\/thefrenchywine.com\/wp-content\/uploads\/2026\/04\/IMG20211006105538-768x1024.jpg 768w, https:\/\/thefrenchywine.com\/wp-content\/uploads\/2026\/04\/IMG20211006105538-225x300.jpg 225w, https:\/\/thefrenchywine.com\/wp-content\/uploads\/2026\/04\/IMG20211006105538-1152x1536.jpg 1152w, https:\/\/thefrenchywine.com\/wp-content\/uploads\/2026\/04\/IMG20211006105538-1536x2048.jpg 1536w, https:\/\/thefrenchywine.com\/wp-content\/uploads\/2026\/04\/IMG20211006105538-9x12.jpg 9w, https:\/\/thefrenchywine.com\/wp-content\/uploads\/2026\/04\/IMG20211006105538-600x800.jpg 600w, https:\/\/thefrenchywine.com\/wp-content\/uploads\/2026\/04\/IMG20211006105538-scaled.jpg 1920w\" sizes=\"auto, (max-width: 768px) 100vw, 768px\" \/><\/figure>\n<\/figure>\n\n\n\n<p style=\"font-size:0.75rem\">Cr\u00e9dit photo : Domaine Boehler<\/p>","protected":false},"excerpt":{"rendered":"<p>Tout commence \u00e0 Molsheim, en 1650. La famille Boehler y plante ses racines \u2014 d\u2019abord comme tanneurs, pendant cinq g\u00e9n\u00e9rations, avant qu\u2019Antoine Boehler (1759\u20131827) ne tourne le regard vers les hauteurs et n\u2019y plante les premi\u00e8res vignes, au lieu-dit&nbsp;Oberes Bruderthal. Les premi\u00e8res activit\u00e9s viticoles recens\u00e9es remontent \u00e0 1842. Mais c\u2019est dans les ann\u00e9es 70 que [&hellip;]<\/p>\n","protected":false},"author":1,"featured_media":0,"parent":0,"menu_order":0,"comment_status":"closed","ping_status":"closed","template":"sans-titre","meta":{"_acf_changed":false,"content-type":"","om_disable_all_campaigns":false,"_monsterinsights_skip_tracking":false,"_monsterinsights_sitenote_active":false,"_monsterinsights_sitenote_note":"","_monsterinsights_sitenote_category":0,"footnotes":""},"class_list":["post-696","page","type-page","status-publish","hentry"],"acf":[],"aioseo_notices":[],"_links":{"self":[{"href":"https:\/\/thefrenchywine.com\/en\/wp-json\/wp\/v2\/pages\/696","targetHints":{"allow":["GET"]}}],"collection":[{"href":"https:\/\/thefrenchywine.com\/en\/wp-json\/wp\/v2\/pages"}],"about":[{"href":"https:\/\/thefrenchywine.com\/en\/wp-json\/wp\/v2\/types\/page"}],"author":[{"embeddable":true,"href":"https:\/\/thefrenchywine.com\/en\/wp-json\/wp\/v2\/users\/1"}],"replies":[{"embeddable":true,"href":"https:\/\/thefrenchywine.com\/en\/wp-json\/wp\/v2\/comments?post=696"}],"version-history":[{"count":2,"href":"https:\/\/thefrenchywine.com\/en\/wp-json\/wp\/v2\/pages\/696\/revisions"}],"predecessor-version":[{"id":722,"href":"https:\/\/thefrenchywine.com\/en\/wp-json\/wp\/v2\/pages\/696\/revisions\/722"}],"wp:attachment":[{"href":"https:\/\/thefrenchywine.com\/en\/wp-json\/wp\/v2\/media?parent=696"}],"curies":[{"name":"wp","href":"https:\/\/api.w.org\/{rel}","templated":true}]}}