{"id":690,"date":"2026-04-09T18:31:10","date_gmt":"2026-04-09T18:31:10","guid":{"rendered":"https:\/\/thefrenchywine.com\/?page_id=690"},"modified":"2026-04-09T18:31:10","modified_gmt":"2026-04-09T18:31:10","slug":"distillerie-du-morbihan","status":"publish","type":"page","link":"https:\/\/thefrenchywine.com\/en\/distillerie-du-morbihan\/","title":{"rendered":"Distillerie du Morbihan"},"content":{"rendered":"<figure class=\"wp-block-image aligncenter size-full is-resized\"><img loading=\"lazy\" decoding=\"async\" width=\"666\" height=\"375\" src=\"https:\/\/thefrenchywine.com\/wp-content\/uploads\/2026\/04\/rs_w-1160_h-653-removebg-preview.png\" alt=\"\" class=\"wp-image-720\" style=\"width:518px;height:auto\" srcset=\"https:\/\/thefrenchywine.com\/wp-content\/uploads\/2026\/04\/rs_w-1160_h-653-removebg-preview.png 666w, https:\/\/thefrenchywine.com\/wp-content\/uploads\/2026\/04\/rs_w-1160_h-653-removebg-preview-300x169.png 300w, https:\/\/thefrenchywine.com\/wp-content\/uploads\/2026\/04\/rs_w-1160_h-653-removebg-preview-18x10.png 18w, https:\/\/thefrenchywine.com\/wp-content\/uploads\/2026\/04\/rs_w-1160_h-653-removebg-preview-600x338.png 600w\" sizes=\"auto, (max-width: 666px) 100vw, 666px\" \/><\/figure>\n\n\n\n<p>La&nbsp;Distillerie du Morbihan&nbsp;est une distillerie artisanale fran\u00e7aise fond\u00e9e en&nbsp;ao\u00fbt 2023&nbsp;\u00e0&nbsp;Plescop, dans le&nbsp;Golfe du Morbihan en Bretagne&nbsp;(France) par&nbsp;Claire et Fran\u00e7ois Rychlewski.<\/p>\n\n\n\n<p>L\u2019aventure commence avec une passion pour le gin et les traditions locales. Apr\u00e8s avoir d\u00e9gust\u00e9 et pr\u00e9par\u00e9 des gins maison, notamment un sloe gin inspir\u00e9 des abondantes prunelles bretonnes, Claire et Fran\u00e7ois d\u00e9cident de transformer cette passion en projet professionnel.&nbsp;<\/p>\n\n\n\n<p>Form\u00e9s aupr\u00e8s du ma\u00eetre distillateur Jamie Baxter en Angleterre, ils acqui\u00e8rent un alambic Holstein de grande pr\u00e9cision, permettant de distiller des spirits d\u2019une grande finesse.&nbsp;<\/p>\n\n\n\n<p>En&nbsp;ao\u00fbt 2023, la distillerie lance son premier gin :&nbsp;GIN 56 London Dry Gin, un gin artisanal inspir\u00e9 par le&nbsp;golfe du Morbihan&nbsp;et sa proximit\u00e9 avec la mer. Moins d\u2019un an apr\u00e8s son lancement, ce gin remporte une&nbsp;m\u00e9daille de bronze \u00e0 l\u2019International Wine &amp; Spirit Competition (IWSC) 2024&nbsp;puis une&nbsp;m\u00e9daille d\u2019argent aux French Drinks Awards 2025.&nbsp;<\/p>\n\n\n\n<p>Poursuivant son d\u00e9veloppement, la distillerie \u00e9largit sa gamme en&nbsp;2025&nbsp;avec le lancement de&nbsp;ALGA\u00cfA Gin, un gin qui marie saveurs marines et botanique raffin\u00e9e, et qui re\u00e7oit \u00e0 son tour des distinctions internationales.<\/p>\n\n\n\n<p>Depuis ses d\u00e9buts, la Distillerie du Morbihan s\u2019affirme comme une&nbsp;distillerie artisanale bretonne innovante, alliant&nbsp;savoir-faire traditionnel et approche cr\u00e9ative&nbsp;des spiritueux premium Made in France.<\/p>\n\n\n\n<figure class=\"wp-block-gallery has-nested-images columns-default is-cropped wp-block-gallery-1 is-layout-flex wp-block-gallery-is-layout-flex\">\n<figure class=\"wp-block-image size-large is-style-default\"><img loading=\"lazy\" decoding=\"async\" width=\"1024\" height=\"683\" data-id=\"691\" src=\"https:\/\/thefrenchywine.com\/wp-content\/uploads\/2026\/04\/Gin56-distillerie-du-morbihan-ulrike-photographe-vannes-116-1024x683.jpg\" alt=\"\" class=\"wp-image-691\" srcset=\"https:\/\/thefrenchywine.com\/wp-content\/uploads\/2026\/04\/Gin56-distillerie-du-morbihan-ulrike-photographe-vannes-116-1024x683.jpg 1024w, https:\/\/thefrenchywine.com\/wp-content\/uploads\/2026\/04\/Gin56-distillerie-du-morbihan-ulrike-photographe-vannes-116-300x200.jpg 300w, https:\/\/thefrenchywine.com\/wp-content\/uploads\/2026\/04\/Gin56-distillerie-du-morbihan-ulrike-photographe-vannes-116-768x512.jpg 768w, https:\/\/thefrenchywine.com\/wp-content\/uploads\/2026\/04\/Gin56-distillerie-du-morbihan-ulrike-photographe-vannes-116-1536x1024.jpg 1536w, https:\/\/thefrenchywine.com\/wp-content\/uploads\/2026\/04\/Gin56-distillerie-du-morbihan-ulrike-photographe-vannes-116-18x12.jpg 18w, https:\/\/thefrenchywine.com\/wp-content\/uploads\/2026\/04\/Gin56-distillerie-du-morbihan-ulrike-photographe-vannes-116-600x400.jpg 600w, https:\/\/thefrenchywine.com\/wp-content\/uploads\/2026\/04\/Gin56-distillerie-du-morbihan-ulrike-photographe-vannes-116.jpg 2048w\" sizes=\"auto, (max-width: 1024px) 100vw, 1024px\" \/><\/figure>\n\n\n\n<figure class=\"wp-block-image size-large\"><img loading=\"lazy\" decoding=\"async\" width=\"683\" height=\"1024\" data-id=\"692\" src=\"https:\/\/thefrenchywine.com\/wp-content\/uploads\/2026\/04\/Gin56-distillerie-du-morbihan-ulrike-photographe-vannes-213-683x1024.jpg\" alt=\"\" class=\"wp-image-692\" srcset=\"https:\/\/thefrenchywine.com\/wp-content\/uploads\/2026\/04\/Gin56-distillerie-du-morbihan-ulrike-photographe-vannes-213-683x1024.jpg 683w, https:\/\/thefrenchywine.com\/wp-content\/uploads\/2026\/04\/Gin56-distillerie-du-morbihan-ulrike-photographe-vannes-213-200x300.jpg 200w, https:\/\/thefrenchywine.com\/wp-content\/uploads\/2026\/04\/Gin56-distillerie-du-morbihan-ulrike-photographe-vannes-213-768x1152.jpg 768w, https:\/\/thefrenchywine.com\/wp-content\/uploads\/2026\/04\/Gin56-distillerie-du-morbihan-ulrike-photographe-vannes-213-1024x1536.jpg 1024w, https:\/\/thefrenchywine.com\/wp-content\/uploads\/2026\/04\/Gin56-distillerie-du-morbihan-ulrike-photographe-vannes-213-1365x2048.jpg 1365w, https:\/\/thefrenchywine.com\/wp-content\/uploads\/2026\/04\/Gin56-distillerie-du-morbihan-ulrike-photographe-vannes-213-8x12.jpg 8w, https:\/\/thefrenchywine.com\/wp-content\/uploads\/2026\/04\/Gin56-distillerie-du-morbihan-ulrike-photographe-vannes-213-600x900.jpg 600w, https:\/\/thefrenchywine.com\/wp-content\/uploads\/2026\/04\/Gin56-distillerie-du-morbihan-ulrike-photographe-vannes-213-scaled.jpg 1707w\" sizes=\"auto, (max-width: 683px) 100vw, 683px\" \/><\/figure>\n\n\n\n<figure class=\"wp-block-image size-large\"><img loading=\"lazy\" decoding=\"async\" width=\"683\" height=\"1024\" data-id=\"693\" src=\"https:\/\/thefrenchywine.com\/wp-content\/uploads\/2026\/04\/Gin56-distillerie-du-morbihan-ulrike-photographe-vannes-40-683x1024.jpg\" alt=\"\" class=\"wp-image-693\" srcset=\"https:\/\/thefrenchywine.com\/wp-content\/uploads\/2026\/04\/Gin56-distillerie-du-morbihan-ulrike-photographe-vannes-40-683x1024.jpg 683w, https:\/\/thefrenchywine.com\/wp-content\/uploads\/2026\/04\/Gin56-distillerie-du-morbihan-ulrike-photographe-vannes-40-200x300.jpg 200w, https:\/\/thefrenchywine.com\/wp-content\/uploads\/2026\/04\/Gin56-distillerie-du-morbihan-ulrike-photographe-vannes-40-768x1152.jpg 768w, https:\/\/thefrenchywine.com\/wp-content\/uploads\/2026\/04\/Gin56-distillerie-du-morbihan-ulrike-photographe-vannes-40-1024x1536.jpg 1024w, https:\/\/thefrenchywine.com\/wp-content\/uploads\/2026\/04\/Gin56-distillerie-du-morbihan-ulrike-photographe-vannes-40-1365x2048.jpg 1365w, https:\/\/thefrenchywine.com\/wp-content\/uploads\/2026\/04\/Gin56-distillerie-du-morbihan-ulrike-photographe-vannes-40-8x12.jpg 8w, https:\/\/thefrenchywine.com\/wp-content\/uploads\/2026\/04\/Gin56-distillerie-du-morbihan-ulrike-photographe-vannes-40-600x900.jpg 600w, https:\/\/thefrenchywine.com\/wp-content\/uploads\/2026\/04\/Gin56-distillerie-du-morbihan-ulrike-photographe-vannes-40-scaled.jpg 1707w\" sizes=\"auto, (max-width: 683px) 100vw, 683px\" \/><\/figure>\n<\/figure>\n\n\n\n<p style=\"font-size:0.75rem\">Cr\u00e9dit photo : @maison_yriss<\/p>","protected":false},"excerpt":{"rendered":"<p>La&nbsp;Distillerie du Morbihan&nbsp;est une distillerie artisanale fran\u00e7aise fond\u00e9e en&nbsp;ao\u00fbt 2023&nbsp;\u00e0&nbsp;Plescop, dans le&nbsp;Golfe du Morbihan en Bretagne&nbsp;(France) par&nbsp;Claire et Fran\u00e7ois Rychlewski. L\u2019aventure commence avec une passion pour le gin et les traditions locales. Apr\u00e8s avoir d\u00e9gust\u00e9 et pr\u00e9par\u00e9 des gins maison, notamment un sloe gin inspir\u00e9 des abondantes prunelles bretonnes, Claire et Fran\u00e7ois d\u00e9cident de transformer [&hellip;]<\/p>\n","protected":false},"author":1,"featured_media":0,"parent":0,"menu_order":0,"comment_status":"closed","ping_status":"closed","template":"sans-titre","meta":{"_acf_changed":false,"content-type":"","om_disable_all_campaigns":false,"_monsterinsights_skip_tracking":false,"_monsterinsights_sitenote_active":false,"_monsterinsights_sitenote_note":"","_monsterinsights_sitenote_category":0,"footnotes":""},"class_list":["post-690","page","type-page","status-publish","hentry"],"acf":[],"aioseo_notices":[],"_links":{"self":[{"href":"https:\/\/thefrenchywine.com\/en\/wp-json\/wp\/v2\/pages\/690","targetHints":{"allow":["GET"]}}],"collection":[{"href":"https:\/\/thefrenchywine.com\/en\/wp-json\/wp\/v2\/pages"}],"about":[{"href":"https:\/\/thefrenchywine.com\/en\/wp-json\/wp\/v2\/types\/page"}],"author":[{"embeddable":true,"href":"https:\/\/thefrenchywine.com\/en\/wp-json\/wp\/v2\/users\/1"}],"replies":[{"embeddable":true,"href":"https:\/\/thefrenchywine.com\/en\/wp-json\/wp\/v2\/comments?post=690"}],"version-history":[{"count":3,"href":"https:\/\/thefrenchywine.com\/en\/wp-json\/wp\/v2\/pages\/690\/revisions"}],"predecessor-version":[{"id":721,"href":"https:\/\/thefrenchywine.com\/en\/wp-json\/wp\/v2\/pages\/690\/revisions\/721"}],"wp:attachment":[{"href":"https:\/\/thefrenchywine.com\/en\/wp-json\/wp\/v2\/media?parent=690"}],"curies":[{"name":"wp","href":"https:\/\/api.w.org\/{rel}","templated":true}]}}