{"id":681,"date":"2026-04-09T18:32:58","date_gmt":"2026-04-09T18:32:58","guid":{"rendered":"https:\/\/thefrenchywine.com\/?page_id=681"},"modified":"2026-04-09T18:32:58","modified_gmt":"2026-04-09T18:32:58","slug":"domaine-des-hauts-perray","status":"publish","type":"page","link":"https:\/\/thefrenchywine.com\/en\/domaine-des-hauts-perray\/","title":{"rendered":"Domaine des Hauts Perray"},"content":{"rendered":"<figure class=\"wp-block-image aligncenter size-large is-resized\"><img loading=\"lazy\" decoding=\"async\" width=\"1024\" height=\"1024\" src=\"https:\/\/thefrenchywine.com\/wp-content\/uploads\/2025\/08\/logoDHP-1024x1024.png\" alt=\"\" class=\"wp-image-341\" style=\"width:260px;height:auto\" srcset=\"https:\/\/thefrenchywine.com\/wp-content\/uploads\/2025\/08\/logoDHP-1024x1024.png 1024w, https:\/\/thefrenchywine.com\/wp-content\/uploads\/2025\/08\/logoDHP-300x300.png 300w, https:\/\/thefrenchywine.com\/wp-content\/uploads\/2025\/08\/logoDHP-150x150.png 150w, https:\/\/thefrenchywine.com\/wp-content\/uploads\/2025\/08\/logoDHP-768x768.png 768w, https:\/\/thefrenchywine.com\/wp-content\/uploads\/2025\/08\/logoDHP-12x12.png 12w, https:\/\/thefrenchywine.com\/wp-content\/uploads\/2025\/08\/logoDHP-600x600.png 600w, https:\/\/thefrenchywine.com\/wp-content\/uploads\/2025\/08\/logoDHP-100x100.png 100w, https:\/\/thefrenchywine.com\/wp-content\/uploads\/2025\/08\/logoDHP.png 1080w\" sizes=\"auto, (max-width: 1024px) 100vw, 1024px\" \/><\/figure>\n\n\n\n<p>Nestled in the heart of Anjou Noir, our estate spans 16 hectares of vineyards on schist-based soils. Our carefully tended vines produce a diverse range of wines with emblematic grape varieties: Chenin, Cabernet Franc, Grolleau, Pineau d\u2019Aunis, and Gamay.<\/p>\n\n\n\n<p>Each parcel is carefully and respectfully tended, giving rise to authentic wines that truly reflect our terroir.&nbsp;<\/p>\n\n\n\n<p>Behind these wines are Gabin, son of a Burgundian farmer who discovered his passion for wine in childhood and became an oenologist in 2015, and St\u00e9phane, who, after 15 years in telecommunications, switched careers to follow his passion as an epicurean and wine enthusiast.<\/p>\n\n\n\n<p>Together, they combine tradition, expertise, and a love for the vine to craft cuv\u00e9es that tell the unique story of their terroir.<\/p>\n\n\n\n<figure class=\"wp-block-gallery has-nested-images columns-default is-cropped wp-block-gallery-1 is-layout-flex wp-block-gallery-is-layout-flex\">\n<figure class=\"wp-block-image size-large\"><img loading=\"lazy\" decoding=\"async\" width=\"681\" height=\"1024\" data-id=\"685\" src=\"https:\/\/thefrenchywine.com\/wp-content\/uploads\/2026\/04\/DSC0446-681x1024.jpg\" alt=\"\" class=\"wp-image-685\" srcset=\"https:\/\/thefrenchywine.com\/wp-content\/uploads\/2026\/04\/DSC0446-681x1024.jpg 681w, https:\/\/thefrenchywine.com\/wp-content\/uploads\/2026\/04\/DSC0446-200x300.jpg 200w, https:\/\/thefrenchywine.com\/wp-content\/uploads\/2026\/04\/DSC0446-768x1155.jpg 768w, https:\/\/thefrenchywine.com\/wp-content\/uploads\/2026\/04\/DSC0446-1022x1536.jpg 1022w, https:\/\/thefrenchywine.com\/wp-content\/uploads\/2026\/04\/DSC0446-8x12.jpg 8w, https:\/\/thefrenchywine.com\/wp-content\/uploads\/2026\/04\/DSC0446-600x902.jpg 600w, https:\/\/thefrenchywine.com\/wp-content\/uploads\/2026\/04\/DSC0446.jpg 1317w\" sizes=\"auto, (max-width: 681px) 100vw, 681px\" \/><\/figure>\n\n\n\n<figure class=\"wp-block-image size-large\"><img loading=\"lazy\" decoding=\"async\" width=\"1024\" height=\"681\" data-id=\"687\" src=\"https:\/\/thefrenchywine.com\/wp-content\/uploads\/2026\/04\/DSC0048-1024x681.jpg\" alt=\"\" class=\"wp-image-687\" srcset=\"https:\/\/thefrenchywine.com\/wp-content\/uploads\/2026\/04\/DSC0048-1024x681.jpg 1024w, https:\/\/thefrenchywine.com\/wp-content\/uploads\/2026\/04\/DSC0048-300x200.jpg 300w, https:\/\/thefrenchywine.com\/wp-content\/uploads\/2026\/04\/DSC0048-768x511.jpg 768w, https:\/\/thefrenchywine.com\/wp-content\/uploads\/2026\/04\/DSC0048-1536x1022.jpg 1536w, https:\/\/thefrenchywine.com\/wp-content\/uploads\/2026\/04\/DSC0048-18x12.jpg 18w, https:\/\/thefrenchywine.com\/wp-content\/uploads\/2026\/04\/DSC0048-600x399.jpg 600w, https:\/\/thefrenchywine.com\/wp-content\/uploads\/2026\/04\/DSC0048.jpg 1979w\" sizes=\"auto, (max-width: 1024px) 100vw, 1024px\" \/><\/figure>\n\n\n\n<figure class=\"wp-block-image size-large\"><img loading=\"lazy\" decoding=\"async\" width=\"1024\" height=\"681\" data-id=\"683\" src=\"https:\/\/thefrenchywine.com\/wp-content\/uploads\/2026\/04\/DSC0340-1024x681.jpg\" alt=\"\" class=\"wp-image-683\" srcset=\"https:\/\/thefrenchywine.com\/wp-content\/uploads\/2026\/04\/DSC0340-1024x681.jpg 1024w, https:\/\/thefrenchywine.com\/wp-content\/uploads\/2026\/04\/DSC0340-300x200.jpg 300w, https:\/\/thefrenchywine.com\/wp-content\/uploads\/2026\/04\/DSC0340-768x511.jpg 768w, https:\/\/thefrenchywine.com\/wp-content\/uploads\/2026\/04\/DSC0340-1536x1022.jpg 1536w, https:\/\/thefrenchywine.com\/wp-content\/uploads\/2026\/04\/DSC0340-18x12.jpg 18w, https:\/\/thefrenchywine.com\/wp-content\/uploads\/2026\/04\/DSC0340-600x399.jpg 600w, https:\/\/thefrenchywine.com\/wp-content\/uploads\/2026\/04\/DSC0340.jpg 1979w\" sizes=\"auto, (max-width: 1024px) 100vw, 1024px\" \/><\/figure>\n\n\n\n<figure class=\"wp-block-image size-large\"><img loading=\"lazy\" decoding=\"async\" width=\"1024\" height=\"682\" data-id=\"686\" src=\"https:\/\/thefrenchywine.com\/wp-content\/uploads\/2026\/04\/DomainedesHautsPerrays_GabinStephane-1024x682.jpg\" alt=\"\" class=\"wp-image-686\" srcset=\"https:\/\/thefrenchywine.com\/wp-content\/uploads\/2026\/04\/DomainedesHautsPerrays_GabinStephane-1024x682.jpg 1024w, https:\/\/thefrenchywine.com\/wp-content\/uploads\/2026\/04\/DomainedesHautsPerrays_GabinStephane-300x200.jpg 300w, https:\/\/thefrenchywine.com\/wp-content\/uploads\/2026\/04\/DomainedesHautsPerrays_GabinStephane-768x511.jpg 768w, https:\/\/thefrenchywine.com\/wp-content\/uploads\/2026\/04\/DomainedesHautsPerrays_GabinStephane-1536x1023.jpg 1536w, https:\/\/thefrenchywine.com\/wp-content\/uploads\/2026\/04\/DomainedesHautsPerrays_GabinStephane-18x12.jpg 18w, https:\/\/thefrenchywine.com\/wp-content\/uploads\/2026\/04\/DomainedesHautsPerrays_GabinStephane-600x399.jpg 600w, https:\/\/thefrenchywine.com\/wp-content\/uploads\/2026\/04\/DomainedesHautsPerrays_GabinStephane.jpg 1939w\" sizes=\"auto, (max-width: 1024px) 100vw, 1024px\" \/><\/figure>\n\n\n\n<figure class=\"wp-block-image size-large\"><img loading=\"lazy\" decoding=\"async\" width=\"1024\" height=\"681\" data-id=\"688\" src=\"https:\/\/thefrenchywine.com\/wp-content\/uploads\/2026\/04\/DSC0515-1024x681.jpg\" alt=\"\" class=\"wp-image-688\" srcset=\"https:\/\/thefrenchywine.com\/wp-content\/uploads\/2026\/04\/DSC0515-1024x681.jpg 1024w, https:\/\/thefrenchywine.com\/wp-content\/uploads\/2026\/04\/DSC0515-300x200.jpg 300w, https:\/\/thefrenchywine.com\/wp-content\/uploads\/2026\/04\/DSC0515-768x511.jpg 768w, https:\/\/thefrenchywine.com\/wp-content\/uploads\/2026\/04\/DSC0515-1536x1022.jpg 1536w, https:\/\/thefrenchywine.com\/wp-content\/uploads\/2026\/04\/DSC0515-18x12.jpg 18w, https:\/\/thefrenchywine.com\/wp-content\/uploads\/2026\/04\/DSC0515-600x399.jpg 600w, https:\/\/thefrenchywine.com\/wp-content\/uploads\/2026\/04\/DSC0515.jpg 1979w\" sizes=\"auto, (max-width: 1024px) 100vw, 1024px\" \/><\/figure>\n<\/figure>\n\n\n\n<p style=\"font-size:0.75rem\">Cr\u00e9dit photo : Paul Stefanaggi<\/p>","protected":false},"excerpt":{"rendered":"<p>Nich\u00e9 au&nbsp;c\u0153ur de l\u2019Anjou Noir, notre domaine s\u2019\u00e9tend sur&nbsp;16 hectares&nbsp;de vignobles aux sols d\u2019alt\u00e9rites de schistes. Nos vignes sont soigneusement cultiv\u00e9es, offrant une&nbsp;gamme vari\u00e9e&nbsp;avec des c\u00e9pages embl\u00e9matiques :&nbsp;Chenin, Cabernet Franc, Grolleau, Pineau d\u2019Aunis et Gamay. Chaque parcelle est&nbsp;choy\u00e9e avec pr\u00e9cision et respect, donnant naissance \u00e0 des vins authentiques, v\u00e9ritables reflets de notre terroir.&nbsp; Derri\u00e8re ces [&hellip;]<\/p>\n","protected":false},"author":1,"featured_media":0,"parent":0,"menu_order":0,"comment_status":"closed","ping_status":"closed","template":"sans-titre","meta":{"_acf_changed":false,"content-type":"","om_disable_all_campaigns":false,"_monsterinsights_skip_tracking":false,"_monsterinsights_sitenote_active":false,"_monsterinsights_sitenote_note":"","_monsterinsights_sitenote_category":0,"footnotes":""},"class_list":["post-681","page","type-page","status-publish","hentry"],"acf":[],"aioseo_notices":[],"_links":{"self":[{"href":"https:\/\/thefrenchywine.com\/en\/wp-json\/wp\/v2\/pages\/681","targetHints":{"allow":["GET"]}}],"collection":[{"href":"https:\/\/thefrenchywine.com\/en\/wp-json\/wp\/v2\/pages"}],"about":[{"href":"https:\/\/thefrenchywine.com\/en\/wp-json\/wp\/v2\/types\/page"}],"author":[{"embeddable":true,"href":"https:\/\/thefrenchywine.com\/en\/wp-json\/wp\/v2\/users\/1"}],"replies":[{"embeddable":true,"href":"https:\/\/thefrenchywine.com\/en\/wp-json\/wp\/v2\/comments?post=681"}],"version-history":[{"count":2,"href":"https:\/\/thefrenchywine.com\/en\/wp-json\/wp\/v2\/pages\/681\/revisions"}],"predecessor-version":[{"id":725,"href":"https:\/\/thefrenchywine.com\/en\/wp-json\/wp\/v2\/pages\/681\/revisions\/725"}],"wp:attachment":[{"href":"https:\/\/thefrenchywine.com\/en\/wp-json\/wp\/v2\/media?parent=681"}],"curies":[{"name":"wp","href":"https:\/\/api.w.org\/{rel}","templated":true}]}}