{"id":671,"date":"2026-04-09T18:32:19","date_gmt":"2026-04-09T18:32:19","guid":{"rendered":"https:\/\/thefrenchywine.com\/?page_id=671"},"modified":"2026-04-09T18:32:19","modified_gmt":"2026-04-09T18:32:19","slug":"domaine-clo","status":"publish","type":"page","link":"https:\/\/thefrenchywine.com\/en\/domaine-clo\/","title":{"rendered":"Domaine Clo"},"content":{"rendered":"<figure class=\"wp-block-image aligncenter size-large is-resized\"><img loading=\"lazy\" decoding=\"async\" width=\"1024\" height=\"1024\" src=\"https:\/\/thefrenchywine.com\/wp-content\/uploads\/2025\/08\/logoCLO-1024x1024.png\" alt=\"\" class=\"wp-image-340\" style=\"width:273px;height:auto\" srcset=\"https:\/\/thefrenchywine.com\/wp-content\/uploads\/2025\/08\/logoCLO-1024x1024.png 1024w, https:\/\/thefrenchywine.com\/wp-content\/uploads\/2025\/08\/logoCLO-300x300.png 300w, https:\/\/thefrenchywine.com\/wp-content\/uploads\/2025\/08\/logoCLO-150x150.png 150w, https:\/\/thefrenchywine.com\/wp-content\/uploads\/2025\/08\/logoCLO-768x768.png 768w, https:\/\/thefrenchywine.com\/wp-content\/uploads\/2025\/08\/logoCLO-12x12.png 12w, https:\/\/thefrenchywine.com\/wp-content\/uploads\/2025\/08\/logoCLO-600x600.png 600w, https:\/\/thefrenchywine.com\/wp-content\/uploads\/2025\/08\/logoCLO-100x100.png 100w, https:\/\/thefrenchywine.com\/wp-content\/uploads\/2025\/08\/logoCLO.png 1080w\" sizes=\"auto, (max-width: 1024px) 100vw, 1024px\" \/><\/figure>\n\n\n\n<p>Le domaine CLO, c&#8217;est trois g\u00e9n\u00e9rations sur les m\u00eames terres. Le grand-p\u00e8re s&#8217;installe \u00e0 Puy-Notre-Dame en 1950. Le p\u00e8re reprend. Puis en 2015, Cyril Leau prend les r\u00eanes \u00e0 son tour \u2014 avec une ambition claire : magnifier les choix faits avant lui, sans trahir ce que la terre a \u00e0 dire.<\/p>\n\n\n\n<p>Le vignoble s&#8217;\u00e9tend sur une vingtaine d&#8217;hectares dans la diversit\u00e9 qu&#8217;offrent l&#8217;Anjou Noir sur schistes, l&#8217;Anjou Blanc sur sols de tuffeau argilo-calcaire, et le plateau de Brossay \u2014 une v\u00e9ritable curiosit\u00e9 g\u00e9ologique dans ce secteur.\u00a0Trois visages d&#8217;un m\u00eame territoire, trois expressions d&#8217;un m\u00eame engagement.<\/p>\n\n\n\n<p>Le domaine s&#8217;attache \u00e0 l&#8217;expression des terroirs et focalise son attention sur l&#8217;\u00e9coute et la compr\u00e9hension du vivant. C&#8217;est pourquoi la vigne est cultiv\u00e9e en agriculture biologique et que la d\u00e9fense de la biodiversit\u00e9 fait partie des convictions profondes du domaine.<\/p>\n\n\n\n<p>L&#8217;id\u00e9e est de recr\u00e9er des \u00e9cosyst\u00e8mes parcellaires \u2014 de petits clos, sortes de jardins \u2014 o\u00f9 cohabitent les multiples mod\u00e8les agricoles.\u00a0Une vision de la vigne comme paysage vivant, \u00e0 pr\u00e9server autant qu&#8217;\u00e0 cultiver.<\/p>\n\n\n\n<p>Chaque cuv\u00e9e est parcellaire : les raisins de chaque parcelle sont isol\u00e9s, sans m\u00e9lange. Dans la cave, on intervient tr\u00e8s peu. Si chaque parcelle a son caract\u00e8re, elle aura chaque ann\u00e9e des humeurs diff\u00e9rentes \u2014 et \u00e7a se ressent dans le vin.\u00a0Pas de lissage, pas de standardisation. Chaque mill\u00e9sime est une surprise assum\u00e9e, le reflet fid\u00e8le de ce que l&#8217;ann\u00e9e a \u00e9t\u00e9.<\/p>\n\n\n\n<p>Comme Cyril Leau le dit lui-m\u00eame : ses clients n&#8217;ach\u00e8tent pas seulement une bouteille de vin. Ils acqui\u00e8rent le prolongement d&#8217;un travail de la vigne \u00e0 la cave, la coh\u00e9rence d&#8217;une d\u00e9marche environnementale, et la magie d&#8217;un terroir qui s&#8217;exprime librement.<\/p>\n\n\n\n<figure class=\"wp-block-gallery has-nested-images columns-default is-cropped wp-block-gallery-1 is-layout-flex wp-block-gallery-is-layout-flex\">\n<figure class=\"wp-block-image size-large\"><img loading=\"lazy\" decoding=\"async\" width=\"1024\" height=\"683\" data-id=\"676\" src=\"https:\/\/thefrenchywine.com\/wp-content\/uploads\/2026\/04\/\u00a9-kazim-kreazim.com-Les-vins-de-Saumur-session-6-2_3-PND-21-1-1024x683.jpg\" alt=\"\" class=\"wp-image-676\" srcset=\"https:\/\/thefrenchywine.com\/wp-content\/uploads\/2026\/04\/\u00a9-kazim-kreazim.com-Les-vins-de-Saumur-session-6-2_3-PND-21-1-1024x683.jpg 1024w, https:\/\/thefrenchywine.com\/wp-content\/uploads\/2026\/04\/\u00a9-kazim-kreazim.com-Les-vins-de-Saumur-session-6-2_3-PND-21-1-300x200.jpg 300w, https:\/\/thefrenchywine.com\/wp-content\/uploads\/2026\/04\/\u00a9-kazim-kreazim.com-Les-vins-de-Saumur-session-6-2_3-PND-21-1-768x512.jpg 768w, https:\/\/thefrenchywine.com\/wp-content\/uploads\/2026\/04\/\u00a9-kazim-kreazim.com-Les-vins-de-Saumur-session-6-2_3-PND-21-1-1536x1024.jpg 1536w, https:\/\/thefrenchywine.com\/wp-content\/uploads\/2026\/04\/\u00a9-kazim-kreazim.com-Les-vins-de-Saumur-session-6-2_3-PND-21-1-2048x1365.jpg 2048w, https:\/\/thefrenchywine.com\/wp-content\/uploads\/2026\/04\/\u00a9-kazim-kreazim.com-Les-vins-de-Saumur-session-6-2_3-PND-21-1-18x12.jpg 18w, https:\/\/thefrenchywine.com\/wp-content\/uploads\/2026\/04\/\u00a9-kazim-kreazim.com-Les-vins-de-Saumur-session-6-2_3-PND-21-1-600x400.jpg 600w\" sizes=\"auto, (max-width: 1024px) 100vw, 1024px\" \/><\/figure>\n\n\n\n<figure class=\"wp-block-image size-large\"><img loading=\"lazy\" decoding=\"async\" width=\"1024\" height=\"576\" data-id=\"677\" src=\"https:\/\/thefrenchywine.com\/wp-content\/uploads\/2026\/04\/\u00a9-Kazim-Kreazim-Vins-de-Saumur-Vendanges-PND-2023-16-1024x576.jpg\" alt=\"\" class=\"wp-image-677\" srcset=\"https:\/\/thefrenchywine.com\/wp-content\/uploads\/2026\/04\/\u00a9-Kazim-Kreazim-Vins-de-Saumur-Vendanges-PND-2023-16-1024x576.jpg 1024w, https:\/\/thefrenchywine.com\/wp-content\/uploads\/2026\/04\/\u00a9-Kazim-Kreazim-Vins-de-Saumur-Vendanges-PND-2023-16-300x169.jpg 300w, https:\/\/thefrenchywine.com\/wp-content\/uploads\/2026\/04\/\u00a9-Kazim-Kreazim-Vins-de-Saumur-Vendanges-PND-2023-16-768x432.jpg 768w, https:\/\/thefrenchywine.com\/wp-content\/uploads\/2026\/04\/\u00a9-Kazim-Kreazim-Vins-de-Saumur-Vendanges-PND-2023-16-1536x864.jpg 1536w, https:\/\/thefrenchywine.com\/wp-content\/uploads\/2026\/04\/\u00a9-Kazim-Kreazim-Vins-de-Saumur-Vendanges-PND-2023-16-2048x1152.jpg 2048w, https:\/\/thefrenchywine.com\/wp-content\/uploads\/2026\/04\/\u00a9-Kazim-Kreazim-Vins-de-Saumur-Vendanges-PND-2023-16-18x10.jpg 18w, https:\/\/thefrenchywine.com\/wp-content\/uploads\/2026\/04\/\u00a9-Kazim-Kreazim-Vins-de-Saumur-Vendanges-PND-2023-16-600x338.jpg 600w\" sizes=\"auto, (max-width: 1024px) 100vw, 1024px\" \/><\/figure>\n\n\n\n<figure class=\"wp-block-image size-large\"><img loading=\"lazy\" decoding=\"async\" width=\"1024\" height=\"576\" data-id=\"675\" src=\"https:\/\/thefrenchywine.com\/wp-content\/uploads\/2026\/04\/\u00a9-kazim-kreazim.com-Les-vins-de-Saumur-session-6-2_3-PND-23-1024x576.jpg\" alt=\"\" class=\"wp-image-675\" srcset=\"https:\/\/thefrenchywine.com\/wp-content\/uploads\/2026\/04\/\u00a9-kazim-kreazim.com-Les-vins-de-Saumur-session-6-2_3-PND-23-1024x576.jpg 1024w, https:\/\/thefrenchywine.com\/wp-content\/uploads\/2026\/04\/\u00a9-kazim-kreazim.com-Les-vins-de-Saumur-session-6-2_3-PND-23-300x169.jpg 300w, https:\/\/thefrenchywine.com\/wp-content\/uploads\/2026\/04\/\u00a9-kazim-kreazim.com-Les-vins-de-Saumur-session-6-2_3-PND-23-768x432.jpg 768w, https:\/\/thefrenchywine.com\/wp-content\/uploads\/2026\/04\/\u00a9-kazim-kreazim.com-Les-vins-de-Saumur-session-6-2_3-PND-23-1536x864.jpg 1536w, https:\/\/thefrenchywine.com\/wp-content\/uploads\/2026\/04\/\u00a9-kazim-kreazim.com-Les-vins-de-Saumur-session-6-2_3-PND-23-2048x1152.jpg 2048w, https:\/\/thefrenchywine.com\/wp-content\/uploads\/2026\/04\/\u00a9-kazim-kreazim.com-Les-vins-de-Saumur-session-6-2_3-PND-23-18x10.jpg 18w, https:\/\/thefrenchywine.com\/wp-content\/uploads\/2026\/04\/\u00a9-kazim-kreazim.com-Les-vins-de-Saumur-session-6-2_3-PND-23-600x337.jpg 600w\" sizes=\"auto, (max-width: 1024px) 100vw, 1024px\" \/><\/figure>\n<\/figure>\n\n\n\n<p style=\"font-size:0.75rem\">cr\u00e9dit photo : Kazim\/Kreazim.com<\/p>","protected":false},"excerpt":{"rendered":"<p>Le domaine CLO, c&#8217;est trois g\u00e9n\u00e9rations sur les m\u00eames terres. Le grand-p\u00e8re s&#8217;installe \u00e0 Puy-Notre-Dame en 1950. Le p\u00e8re reprend. Puis en 2015, Cyril Leau prend les r\u00eanes \u00e0 son tour \u2014 avec une ambition claire : magnifier les choix faits avant lui, sans trahir ce que la terre a \u00e0 dire. Le vignoble s&#8217;\u00e9tend [&hellip;]<\/p>\n","protected":false},"author":1,"featured_media":0,"parent":0,"menu_order":0,"comment_status":"closed","ping_status":"closed","template":"sans-titre","meta":{"_acf_changed":false,"content-type":"","om_disable_all_campaigns":false,"_monsterinsights_skip_tracking":false,"_monsterinsights_sitenote_active":false,"_monsterinsights_sitenote_note":"","_monsterinsights_sitenote_category":0,"footnotes":""},"class_list":["post-671","page","type-page","status-publish","hentry"],"acf":[],"aioseo_notices":[],"_links":{"self":[{"href":"https:\/\/thefrenchywine.com\/en\/wp-json\/wp\/v2\/pages\/671","targetHints":{"allow":["GET"]}}],"collection":[{"href":"https:\/\/thefrenchywine.com\/en\/wp-json\/wp\/v2\/pages"}],"about":[{"href":"https:\/\/thefrenchywine.com\/en\/wp-json\/wp\/v2\/types\/page"}],"author":[{"embeddable":true,"href":"https:\/\/thefrenchywine.com\/en\/wp-json\/wp\/v2\/users\/1"}],"replies":[{"embeddable":true,"href":"https:\/\/thefrenchywine.com\/en\/wp-json\/wp\/v2\/comments?post=671"}],"version-history":[{"count":3,"href":"https:\/\/thefrenchywine.com\/en\/wp-json\/wp\/v2\/pages\/671\/revisions"}],"predecessor-version":[{"id":723,"href":"https:\/\/thefrenchywine.com\/en\/wp-json\/wp\/v2\/pages\/671\/revisions\/723"}],"wp:attachment":[{"href":"https:\/\/thefrenchywine.com\/en\/wp-json\/wp\/v2\/media?parent=671"}],"curies":[{"name":"wp","href":"https:\/\/api.w.org\/{rel}","templated":true}]}}