{"id":41,"date":"2025-06-26T12:01:21","date_gmt":"2025-06-26T12:01:21","guid":{"rendered":"https:\/\/thefrenchywine.com\/accueil\/"},"modified":"2026-04-09T13:37:17","modified_gmt":"2026-04-09T13:37:17","slug":"accueil","status":"publish","type":"page","link":"https:\/\/thefrenchywine.com\/en\/","title":{"rendered":"Accueil"},"content":{"rendered":"<div class=\"wp-block-group alignfull has-tertiary-background-color has-background has-global-padding is-layout-constrained wp-block-group-is-layout-constrained\" style=\"margin-top:0;margin-bottom:0;padding-top:var(--wp--preset--spacing--60);padding-bottom:var(--wp--preset--spacing--60)\">\n<div class=\"wp-block-columns alignwide are-vertically-aligned-center has-background-background-color has-background is-layout-flex wp-container-core-columns-is-layout-55a977bd wp-block-columns-is-layout-flex\" style=\"border-radius:1.5rem;padding-top:var(--wp--preset--spacing--40);padding-right:var(--wp--preset--spacing--40);padding-bottom:var(--wp--preset--spacing--40);padding-left:var(--wp--preset--spacing--40)\">\n<div class=\"wp-block-column is-vertically-aligned-center is-layout-flow wp-block-column-is-layout-flow\" style=\"flex-basis:40%\">\n<figure class=\"wp-block-image alignright is-resized has-custom-border\"><img loading=\"lazy\" decoding=\"async\" width=\"695\" height=\"1440\" src=\"https:\/\/thefrenchywine.com\/wp-content\/uploads\/2025\/10\/82283a8519f3446dd353f729de0d3d3c7cf0617e.jpg\" alt=\"\" class=\"wp-image-506\" style=\"border-radius:1.5rem;aspect-ratio:1;object-fit:cover;width:318px;height:auto\" srcset=\"https:\/\/thefrenchywine.com\/wp-content\/uploads\/2025\/10\/82283a8519f3446dd353f729de0d3d3c7cf0617e.jpg 695w, https:\/\/thefrenchywine.com\/wp-content\/uploads\/2025\/10\/82283a8519f3446dd353f729de0d3d3c7cf0617e-145x300.jpg 145w, https:\/\/thefrenchywine.com\/wp-content\/uploads\/2025\/10\/82283a8519f3446dd353f729de0d3d3c7cf0617e-494x1024.jpg 494w, https:\/\/thefrenchywine.com\/wp-content\/uploads\/2025\/10\/82283a8519f3446dd353f729de0d3d3c7cf0617e-6x12.jpg 6w, https:\/\/thefrenchywine.com\/wp-content\/uploads\/2025\/10\/82283a8519f3446dd353f729de0d3d3c7cf0617e-600x1243.jpg 600w\" sizes=\"auto, (max-width: 695px) 100vw, 695px\" \/><\/figure>\n<\/div>\n\n\n\n<div class=\"wp-block-column is-vertically-aligned-center is-layout-flow wp-block-column-is-layout-flow\" style=\"flex-basis:50%\">\n<div class=\"wp-block-group has-global-padding is-content-justification-left is-layout-constrained wp-container-core-group-is-layout-cdff7eec wp-block-group-is-layout-constrained\" style=\"padding-top:var(--wp--preset--spacing--30);padding-right:0;padding-bottom:var(--wp--preset--spacing--30);padding-left:0\">\n<h2 class=\"wp-block-heading\" style=\"margin-top:12px\"><mark style=\"background-color:rgba(0, 0, 0, 0);color:#d6b95b\" class=\"has-inline-color\">Experience French wine differently<\/mark><\/h2>\n\n\n\n<p class=\"has-medium-font-size\" style=\"margin-top:16px\"><mark style=\"background-color:rgba(0, 0, 0, 0);color:#d6b95b\" class=\"has-inline-color\"><em>A unique selection. A story in every bottle. <\/em><\/mark><em><mark style=\"background-color:rgba(0, 0, 0, 0);color:#d6b95b\" class=\"has-inline-color\">L<\/mark><\/em><mark style=\"background-color:rgba(0, 0, 0, 0);color:#d6b95b\" class=\"has-inline-color\"><em>Delivery across Europe<\/em><\/mark><\/p>\n\n\n\n<div class=\"wp-block-buttons is-layout-flex wp-container-core-buttons-is-layout-12dcd427 wp-block-buttons-is-layout-flex\" style=\"margin-top:var(--wp--preset--spacing--40)\">\n<div class=\"wp-block-button\"><a class=\"wp-block-button__link wp-element-button\" href=\"https:\/\/thefrenchywine.com\/en\/boutique\/\">Discover our handpicked wines<\/a><\/div>\n<\/div>\n<\/div>\n<\/div>\n<\/div>\n<\/div>\n\n\n\n<div class=\"wp-block-group alignfull has-tertiary-background-color has-background has-global-padding is-layout-constrained wp-container-core-group-is-layout-68d5e5bb wp-block-group-is-layout-constrained\" id=\"fonctionnalites\" style=\"margin-top:0;margin-bottom:0;padding-top:var(--wp--preset--spacing--50);padding-right:var(--wp--preset--spacing--30);padding-bottom:var(--wp--preset--spacing--60);padding-left:var(--wp--preset--spacing--30)\">\n<div class=\"wp-block-group alignwide is-vertical is-content-justification-center is-layout-flex wp-container-core-group-is-layout-ce155fab wp-block-group-is-layout-flex\">\n<div class=\"wp-block-group alignwide has-global-padding is-content-justification-left is-layout-constrained wp-container-core-group-is-layout-12dd3699 wp-block-group-is-layout-constrained\">\n<h2 class=\"wp-block-heading has-text-align-center has-large-font-size\" style=\"margin-top:12px\"><mark style=\"background-color:rgba(0, 0, 0, 0);color:#d6b95b\" class=\"has-inline-color\">Bring the true taste of French wines to your home<\/mark><\/h2>\n\n\n\n<p class=\"has-text-align-center\" style=\"margin-top:16px\"><mark style=\"background-color:rgba(0, 0, 0, 0);color:#d6b95b\" class=\"has-inline-color\">The Frenchy Wine offers an exclusive selection of French wines, in collaboration with passionate winemakers, to delight enthusiasts across France and Europe.<\/mark><\/p>\n<\/div>\n<\/div>\n\n\n\n<div class=\"wp-block-columns alignwide is-layout-flex wp-container-core-columns-is-layout-28f84493 wp-block-columns-is-layout-flex\">\n<div class=\"wp-block-column is-vertically-aligned-stretch is-layout-flow wp-block-column-is-layout-flow\" style=\"flex-basis:66.66%\">\n<div class=\"wp-block-columns are-vertically-aligned-center has-background-background-color has-background is-layout-flex wp-container-core-columns-is-layout-7ee115f0 wp-block-columns-is-layout-flex\" style=\"border-radius:0.5rem;padding-top:0;padding-right:0;padding-bottom:0;padding-left:0\">\n<div class=\"wp-block-column is-vertically-aligned-center is-layout-flow wp-block-column-is-layout-flow\">\n<figure class=\"wp-block-image has-custom-border wp-duotone-unset-1\"><img loading=\"lazy\" decoding=\"async\" width=\"965\" height=\"1440\" src=\"https:\/\/thefrenchywine.com\/wp-content\/uploads\/2025\/10\/23558618bcb1884f6b718fd540bd861fcda7d284.jpg\" alt=\"\" class=\"wp-image-507\" style=\"border-radius:0.5rem;aspect-ratio:0.6701570680628273\" srcset=\"https:\/\/thefrenchywine.com\/wp-content\/uploads\/2025\/10\/23558618bcb1884f6b718fd540bd861fcda7d284.jpg 965w, https:\/\/thefrenchywine.com\/wp-content\/uploads\/2025\/10\/23558618bcb1884f6b718fd540bd861fcda7d284-201x300.jpg 201w, https:\/\/thefrenchywine.com\/wp-content\/uploads\/2025\/10\/23558618bcb1884f6b718fd540bd861fcda7d284-686x1024.jpg 686w, https:\/\/thefrenchywine.com\/wp-content\/uploads\/2025\/10\/23558618bcb1884f6b718fd540bd861fcda7d284-768x1146.jpg 768w, https:\/\/thefrenchywine.com\/wp-content\/uploads\/2025\/10\/23558618bcb1884f6b718fd540bd861fcda7d284-8x12.jpg 8w, https:\/\/thefrenchywine.com\/wp-content\/uploads\/2025\/10\/23558618bcb1884f6b718fd540bd861fcda7d284-600x895.jpg 600w\" sizes=\"auto, (max-width: 965px) 100vw, 965px\" \/><\/figure>\n<\/div>\n\n\n\n<div class=\"wp-block-column is-vertically-aligned-center is-layout-flow wp-block-column-is-layout-flow\">\n<div class=\"wp-block-group has-global-padding is-content-justification-center is-layout-constrained wp-container-core-group-is-layout-a32548eb wp-block-group-is-layout-constrained\" style=\"border-radius:0.5rem;padding-top:var(--wp--preset--spacing--20);padding-right:var(--wp--preset--spacing--20);padding-bottom:var(--wp--preset--spacing--20);padding-left:var(--wp--preset--spacing--20)\">\n<h3 class=\"wp-block-heading has-medium-font-size\" style=\"line-height:1.5\"><mark style=\"background-color:rgba(0, 0, 0, 0);color:#d6b95b\" class=\"has-inline-color\">French Expertise<\/mark><\/h3>\n\n\n\n<p class=\"has-small-font-size\" style=\"margin-top:8px\">We are collaborating with renowned vineyards to ensure quality and authenticity<\/p>\n\n\n\n<ul class=\"wp-block-list\">\n<li style=\"font-size:clamp(0.875rem, 0.875rem + ((1vw - 0.2rem) * 0.208), 1rem);\">Champagne Philbert<\/li>\n\n\n\n<li style=\"font-size:clamp(0.875rem, 0.875rem + ((1vw - 0.2rem) * 0.208), 1rem);\">Ch\u00e2teau de Parnay<\/li>\n\n\n\n<li style=\"font-size:clamp(0.875rem, 0.875rem + ((1vw - 0.2rem) * 0.208), 1rem);\">Ch\u00e2teau Princ\u00e9<\/li>\n\n\n\n<li style=\"font-size:clamp(0.875rem, 0.875rem + ((1vw - 0.2rem) * 0.208), 1rem);\">Domaine Clo<\/li>\n\n\n\n<li style=\"font-size:clamp(0.875rem, 0.875rem + ((1vw - 0.2rem) * 0.208), 1rem);\">Domaine des Hauts Perrays<\/li>\n\n\n\n<li style=\"font-size:clamp(0.875rem, 0.875rem + ((1vw - 0.2rem) * 0.208), 1rem);\">Domaine des Petits Quarts<\/li>\n\n\n\n<li style=\"font-size:clamp(0.875rem, 0.875rem + ((1vw - 0.2rem) * 0.208), 1rem);\">Domaine du Matin calme<\/li>\n\n\n\n<li class=\"has-small-font-size\">Ch\u00e2teau de Briz\u00e9<\/li>\n\n\n\n<li class=\"has-small-font-size\">Domaine Carri\u00e8re Pradal<\/li>\n\n\n\n<li class=\"has-small-font-size\">Domaine Boehler<\/li>\n\n\n\n<li class=\"has-small-font-size\">Distillerie du Morbihan<\/li>\n\n\n\n<li class=\"has-small-font-size\">Domaine Tinel-Blondelet<\/li>\n\n\n\n<li class=\"has-small-font-size\">Domaine de Puilacher<\/li>\n<\/ul>\n\n\n\n<div class=\"wp-block-buttons is-layout-flex wp-block-buttons-is-layout-flex\">\n<div class=\"wp-block-button\"><a class=\"wp-block-button__link wp-element-button\" href=\"https:\/\/thefrenchywine.com\/en\/partenaires\/\">Our vineyards<\/a><\/div>\n<\/div>\n<\/div>\n<\/div>\n<\/div>\n\n\n\n<div class=\"wp-block-columns is-layout-flex wp-container-core-columns-is-layout-28f84493 wp-block-columns-is-layout-flex\">\n<div class=\"wp-block-column is-layout-flow wp-block-column-is-layout-flow\">\n<div class=\"wp-block-group has-background-background-color has-background has-global-padding is-layout-constrained wp-container-core-group-is-layout-d299574f wp-block-group-is-layout-constrained\" style=\"border-radius:0.5rem;min-height:100%;padding-top:var(--wp--preset--spacing--30);padding-right:var(--wp--preset--spacing--30);padding-bottom:var(--wp--preset--spacing--30);padding-left:var(--wp--preset--spacing--30)\">\n<figure class=\"wp-block-image size-large ext-aspect-landscape wp-duotone-primary-foreground\"><img decoding=\"async\" src=\"data:image\/svg+xml;base64,PHN2ZyB4bWxucz0iaHR0cDovL3d3dy53My5vcmcvMjAwMC9zdmciIHdpZHRoPSI0OCIgaGVpZ2h0PSI0OCIgZmlsbD0ibm9uZSIgdmlld0JveD0iMCAwIDQ4IDQ4Ij48bWFzayBpZD0iYSIgd2lkdGg9IjQ4IiBoZWlnaHQ9IjQ4IiB4PSIwIiB5PSIwIiBtYXNrVW5pdHM9InVzZXJTcGFjZU9uVXNlIiBzdHlsZT0ibWFzay10eXBlOmFscGhhIj48cGF0aCBmaWxsPSIjRDlEOUQ5IiBkPSJNMCAwaDQ4djQ4SDB6Ii8+PC9tYXNrPjxnIG1hc2s9InVybCgjYSkiPjxwYXRoIGZpbGw9IiMxQzFCMUYiIGQ9Ik0yNCA0NGMtMi44MzMgMC01LjQ2Ny0uNTA4LTcuOS0xLjUyNS0yLjQzMy0xLjAxNy00LjU1LTIuNDI1LTYuMzUtNC4yMjUtMS44LTEuOC0zLjIwOC0zLjkxNy00LjIyNS02LjM1QzQuNTA4IDI5LjQ2NyA0IDI2LjgzMyA0IDI0YzAtMi44LjUwOC01LjQxNyAxLjUyNS03Ljg1UzcuOTUgMTEuNiA5Ljc1IDkuOGMxLjgtMS44IDMuOTE3LTMuMjE3IDYuMzUtNC4yNVMyMS4xNjcgNCAyNCA0YzIuNSAwIDQuODMzLjQgNyAxLjIgMi4xNjcuOCA0LjExNyAxLjkgNS44NSAzLjNsLTIuMTUgMi4xNWExNi43MzIgMTYuNzMyIDAgMCAwLTQuOS0yLjdDMjggNy4zMTcgMjYuMDY3IDcgMjQgN2MtNC44MzMgMC04Ljg3NSAxLjYyNS0xMi4xMjUgNC44NzVTNyAxOS4xNjcgNyAyNHMxLjYyNSA4Ljg3NSA0Ljg3NSAxMi4xMjVTMTkuMTY3IDQxIDI0IDQxczguODc1LTEuNjI1IDEyLjEyNS00Ljg3NVM0MSAyOC44MzMgNDEgMjRjMC0xLS4wNzUtMS45NzUtLjIyNS0yLjkyNS0uMTUtLjk1LS4zNzUtMS44NzUtLjY3NS0yLjc3NWwyLjMtMi4zYTE5LjEyMiAxOS4xMjIgMCAwIDEgMS4yIDMuODVjLjI2NyAxLjMzMy40IDIuNzE3LjQgNC4xNSAwIDIuODMzLS41MTcgNS40NjctMS41NSA3LjktMS4wMzMgMi40MzMtMi40NSA0LjU1LTQuMjUgNi4zNS0xLjggMS44LTMuOTE3IDMuMjA4LTYuMzUgNC4yMjVDMjkuNDE3IDQzLjQ5MiAyNi44IDQ0IDI0IDQ0Wm0tMi45NS0xMC45LTguMjUtOC4zIDIuMjUtMi4yNSA2IDYgMjAuNy0yMC43IDIuMyAyLjI1LTIzIDIzWiIvPjwvZz48L3N2Zz4=\" alt=\"\" style=\"object-fit:cover\"\/><\/figure>\n\n\n\n<h3 class=\"wp-block-heading has-medium-font-size\" style=\"line-height:1.5\"><mark style=\"background-color:rgba(0, 0, 0, 0);color:#d6b95b\" class=\"has-inline-color\">Our favorite selections<\/mark><\/h3>\n\n\n\n<p class=\"has-small-font-size\" style=\"margin-top:8px\">Each bottle is carefully selected from passionate and inspiring winemakers.<\/p>\n<\/div>\n<\/div>\n\n\n\n<div class=\"wp-block-column is-layout-flow wp-block-column-is-layout-flow\">\n<div class=\"wp-block-group has-background-background-color has-background has-global-padding is-layout-constrained wp-container-core-group-is-layout-d299574f wp-block-group-is-layout-constrained\" style=\"border-radius:0.5rem;min-height:100%;padding-top:var(--wp--preset--spacing--30);padding-right:var(--wp--preset--spacing--30);padding-bottom:var(--wp--preset--spacing--30);padding-left:var(--wp--preset--spacing--30)\">\n<figure class=\"wp-block-image size-large ext-aspect-landscape wp-duotone-primary-foreground\"><img decoding=\"async\" src=\"data:image\/svg+xml;base64,PHN2ZyB4bWxucz0iaHR0cDovL3d3dy53My5vcmcvMjAwMC9zdmciIHdpZHRoPSI0OCIgaGVpZ2h0PSI0OCIgZmlsbD0ibm9uZSIgdmlld0JveD0iMCAwIDQ4IDQ4Ij48bWFzayBpZD0iYSIgd2lkdGg9IjQ4IiBoZWlnaHQ9IjQ4IiB4PSIwIiB5PSIwIiBtYXNrVW5pdHM9InVzZXJTcGFjZU9uVXNlIiBzdHlsZT0ibWFzay10eXBlOmFscGhhIj48cGF0aCBmaWxsPSIjRDlEOUQ5IiBkPSJNMCAwaDQ4djQ4SDB6Ii8+PC9tYXNrPjxnIG1hc2s9InVybCgjYSkiPjxwYXRoIGZpbGw9IiMxQzFCMUYiIGQ9Ik0yNCA0NGMtMi44MzMgMC01LjQ2Ny0uNTA4LTcuOS0xLjUyNS0yLjQzMy0xLjAxNy00LjU1LTIuNDI1LTYuMzUtNC4yMjUtMS44LTEuOC0zLjIwOC0zLjkxNy00LjIyNS02LjM1QzQuNTA4IDI5LjQ2NyA0IDI2LjgzMyA0IDI0YzAtMi44LjUwOC01LjQxNyAxLjUyNS03Ljg1UzcuOTUgMTEuNiA5Ljc1IDkuOGMxLjgtMS44IDMuOTE3LTMuMjE3IDYuMzUtNC4yNVMyMS4xNjcgNCAyNCA0YzIuNSAwIDQuODMzLjQgNyAxLjIgMi4xNjcuOCA0LjExNyAxLjkgNS44NSAzLjNsLTIuMTUgMi4xNWExNi43MzIgMTYuNzMyIDAgMCAwLTQuOS0yLjdDMjggNy4zMTcgMjYuMDY3IDcgMjQgN2MtNC44MzMgMC04Ljg3NSAxLjYyNS0xMi4xMjUgNC44NzVTNyAxOS4xNjcgNyAyNHMxLjYyNSA4Ljg3NSA0Ljg3NSAxMi4xMjVTMTkuMTY3IDQxIDI0IDQxczguODc1LTEuNjI1IDEyLjEyNS00Ljg3NVM0MSAyOC44MzMgNDEgMjRjMC0xLS4wNzUtMS45NzUtLjIyNS0yLjkyNS0uMTUtLjk1LS4zNzUtMS44NzUtLjY3NS0yLjc3NWwyLjMtMi4zYTE5LjEyMiAxOS4xMjIgMCAwIDEgMS4yIDMuODVjLjI2NyAxLjMzMy40IDIuNzE3LjQgNC4xNSAwIDIuODMzLS41MTcgNS40NjctMS41NSA3LjktMS4wMzMgMi40MzMtMi40NSA0LjU1LTQuMjUgNi4zNS0xLjggMS44LTMuOTE3IDMuMjA4LTYuMzUgNC4yMjVDMjkuNDE3IDQzLjQ5MiAyNi44IDQ0IDI0IDQ0Wm0tMi45NS0xMC45LTguMjUtOC4zIDIuMjUtMi4yNSA2IDYgMjAuNy0yMC43IDIuMyAyLjI1LTIzIDIzWiIvPjwvZz48L3N2Zz4=\" alt=\"\" style=\"object-fit:cover\"\/><\/figure>\n\n\n\n<h3 class=\"wp-block-heading has-medium-font-size\" style=\"line-height:1.5\"><mark style=\"background-color:rgba(0, 0, 0, 0);color:#d6b95b\" class=\"has-inline-color\">Reliable delivery<\/mark><\/h3>\n\n\n\n<p class=\"has-small-font-size\" style=\"margin-top:8px\">Have your favorite wines delivered to your home in just one week.<\/p>\n<\/div>\n<\/div>\n<\/div>\n<\/div>\n\n\n\n<div class=\"wp-block-column is-vertically-aligned-stretch is-layout-flow wp-block-column-is-layout-flow\" style=\"flex-basis:33.33%\">\n<div class=\"wp-block-group has-background-background-color has-background has-global-padding is-layout-constrained wp-container-core-group-is-layout-8f6f1862 wp-block-group-is-layout-constrained\" style=\"border-radius:0.5rem;min-height:100%;margin-top:0;margin-bottom:0;padding-top:0;padding-right:0;padding-bottom:0;padding-left:0\">\n<div class=\"wp-block-group has-global-padding is-layout-constrained wp-container-core-group-is-layout-df8428a5 wp-block-group-is-layout-constrained\" style=\"padding-top:0;padding-right:var(--wp--preset--spacing--30);padding-bottom:0;padding-left:var(--wp--preset--spacing--30)\">\n<div class=\"wp-block-cover alignfull\" style=\"min-height:392px;aspect-ratio:unset;\"><img decoding=\"async\" class=\"wp-block-cover__image-background\" alt=\"\" src=\"https:\/\/images.unsplash.com\/photo-1562601579-599dec564e06?ixid=M3w0MzUxNjF8MHwxfHNlYXJjaHwxfHx3aW5lJTIwYm90dGxlc3xlbnwwfHx8fDE3NTA4NjY4NTJ8MAu0026ixlib=rb-4.1.0u0026orientation=landscape?fit=cropu0026crop=entropy%2Cfacesu0026auto=format%2Ccompressu0026w=1280\" style=\"object-position:66% 64%\" data-object-fit=\"cover\" data-object-position=\"66% 64%\"\/><span aria-hidden=\"true\" class=\"wp-block-cover__background has-background-dim\"><\/span><div class=\"wp-block-cover__inner-container is-layout-flow wp-block-cover-is-layout-flow\">\n<h3 class=\"wp-block-heading has-text-align-center\" style=\"font-size:clamp(0.984rem, 0.984rem + ((1vw - 0.2rem) * 0.86), 1.5rem);\"><mark style=\"background-color:rgba(0, 0, 0, 0);color:#d6b95b\" class=\"has-inline-color\">Our committed customer care<\/mark><\/h3>\n<\/div><\/div>\n\n\n\n<p class=\"has-small-font-size\" style=\"margin-top:var(--wp--preset--spacing--30)\">From selection to delivery, we ensure a seamless and unique experience<\/p>\n\n\n\n<p class=\"has-small-font-size\">Expert assistance for your events \u2013 celebrations, weddings, and corporate occasions alike.<\/p>\n\n\n\n<div class=\"wp-block-buttons is-layout-flex wp-block-buttons-is-layout-flex\">\n<div class=\"wp-block-button\"><a class=\"wp-block-button__link wp-element-button\" href=\"https:\/\/thefrenchywine.com\/en\/evenement\/\">quote<\/a><\/div>\n<\/div>\n<\/div>\n<\/div>\n<\/div>\n<\/div>\n\n\n\n<div class=\"wp-block-cover alignwide\" style=\"border-radius:1.5rem;min-height:136px;aspect-ratio:unset;\"><img loading=\"lazy\" decoding=\"async\" width=\"960\" height=\"1440\" class=\"wp-block-cover__image-background wp-image-494\" alt=\"\" src=\"https:\/\/thefrenchywine.com\/wp-content\/uploads\/2025\/10\/e417a43948cbbccab5d6ad08ba67f7bab827a92f.jpg\" data-object-fit=\"cover\" srcset=\"https:\/\/thefrenchywine.com\/wp-content\/uploads\/2025\/10\/e417a43948cbbccab5d6ad08ba67f7bab827a92f.jpg 960w, https:\/\/thefrenchywine.com\/wp-content\/uploads\/2025\/10\/e417a43948cbbccab5d6ad08ba67f7bab827a92f-200x300.jpg 200w, https:\/\/thefrenchywine.com\/wp-content\/uploads\/2025\/10\/e417a43948cbbccab5d6ad08ba67f7bab827a92f-683x1024.jpg 683w, https:\/\/thefrenchywine.com\/wp-content\/uploads\/2025\/10\/e417a43948cbbccab5d6ad08ba67f7bab827a92f-768x1152.jpg 768w, https:\/\/thefrenchywine.com\/wp-content\/uploads\/2025\/10\/e417a43948cbbccab5d6ad08ba67f7bab827a92f-8x12.jpg 8w, https:\/\/thefrenchywine.com\/wp-content\/uploads\/2025\/10\/e417a43948cbbccab5d6ad08ba67f7bab827a92f-600x900.jpg 600w\" sizes=\"auto, (max-width: 960px) 100vw, 960px\" \/><span aria-hidden=\"true\" class=\"wp-block-cover__background has-background-dim-0 has-background-dim\"><\/span><div class=\"wp-block-cover__inner-container is-layout-flow wp-block-cover-is-layout-flow\">\n<div style=\"height:100px\" aria-hidden=\"true\" class=\"wp-block-spacer\"><\/div>\n<\/div><\/div>\n<\/div>","protected":false},"excerpt":{"rendered":"<p>D\u00e9couvrez les vins fran\u00e7ais autrement Une s\u00e9lection unique. Une histoire dans chaque bouteille. Livraison en Europe D\u00e9couvrez l&#8217;authenticit\u00e9 des vins fran\u00e7ais chez vous The Frenchy Wine vous propose une s\u00e9lection exclusive de vins fran\u00e7ais, en collaboration avec des vignerons passionn\u00e9s, pour ravir les amateurs partout en France et en Europe. Expertise Fran\u00e7aise Nous collaborons avec [&hellip;]<\/p>\n","protected":false},"author":1,"featured_media":0,"parent":0,"menu_order":1,"comment_status":"closed","ping_status":"closed","template":"no-title","meta":{"_acf_changed":false,"content-type":"","om_disable_all_campaigns":false,"_monsterinsights_skip_tracking":false,"_monsterinsights_sitenote_active":false,"_monsterinsights_sitenote_note":"","_monsterinsights_sitenote_category":0,"footnotes":""},"class_list":["post-41","page","type-page","status-publish","hentry"],"acf":[],"aioseo_notices":[],"_links":{"self":[{"href":"https:\/\/thefrenchywine.com\/en\/wp-json\/wp\/v2\/pages\/41","targetHints":{"allow":["GET"]}}],"collection":[{"href":"https:\/\/thefrenchywine.com\/en\/wp-json\/wp\/v2\/pages"}],"about":[{"href":"https:\/\/thefrenchywine.com\/en\/wp-json\/wp\/v2\/types\/page"}],"author":[{"embeddable":true,"href":"https:\/\/thefrenchywine.com\/en\/wp-json\/wp\/v2\/users\/1"}],"replies":[{"embeddable":true,"href":"https:\/\/thefrenchywine.com\/en\/wp-json\/wp\/v2\/comments?post=41"}],"version-history":[{"count":18,"href":"https:\/\/thefrenchywine.com\/en\/wp-json\/wp\/v2\/pages\/41\/revisions"}],"predecessor-version":[{"id":766,"href":"https:\/\/thefrenchywine.com\/en\/wp-json\/wp\/v2\/pages\/41\/revisions\/766"}],"wp:attachment":[{"href":"https:\/\/thefrenchywine.com\/en\/wp-json\/wp\/v2\/media?parent=41"}],"curies":[{"name":"wp","href":"https:\/\/api.w.org\/{rel}","templated":true}]}}