{"id":38,"date":"2025-06-26T12:01:19","date_gmt":"2025-06-26T12:01:19","guid":{"rendered":"https:\/\/thefrenchywine.com\/services\/"},"modified":"2026-04-09T18:47:08","modified_gmt":"2026-04-09T18:47:08","slug":"partenaires","status":"publish","type":"page","link":"https:\/\/thefrenchywine.com\/en\/partenaires\/","title":{"rendered":"Nos domaines"},"content":{"rendered":"<div class=\"wp-block-cover alignfull has-aspect-ratio\" style=\"margin-top:0;margin-bottom:0;padding-top:var(--wp--preset--spacing--50);padding-bottom:var(--wp--preset--spacing--50);aspect-ratio:auto;min-height:unset;\"><img loading=\"lazy\" decoding=\"async\" width=\"1440\" height=\"960\" class=\"wp-block-cover__image-background wp-image-499\" alt=\"\" src=\"https:\/\/thefrenchywine.com\/wp-content\/uploads\/2025\/10\/598628e838fa55843dcb2f379699c0a1f35ab3b4.jpg\" data-object-fit=\"cover\" srcset=\"https:\/\/thefrenchywine.com\/wp-content\/uploads\/2025\/10\/598628e838fa55843dcb2f379699c0a1f35ab3b4.jpg 1440w, https:\/\/thefrenchywine.com\/wp-content\/uploads\/2025\/10\/598628e838fa55843dcb2f379699c0a1f35ab3b4-300x200.jpg 300w, https:\/\/thefrenchywine.com\/wp-content\/uploads\/2025\/10\/598628e838fa55843dcb2f379699c0a1f35ab3b4-1024x683.jpg 1024w, https:\/\/thefrenchywine.com\/wp-content\/uploads\/2025\/10\/598628e838fa55843dcb2f379699c0a1f35ab3b4-768x512.jpg 768w, https:\/\/thefrenchywine.com\/wp-content\/uploads\/2025\/10\/598628e838fa55843dcb2f379699c0a1f35ab3b4-18x12.jpg 18w, https:\/\/thefrenchywine.com\/wp-content\/uploads\/2025\/10\/598628e838fa55843dcb2f379699c0a1f35ab3b4-600x400.jpg 600w\" sizes=\"auto, (max-width: 1440px) 100vw, 1440px\" \/><span aria-hidden=\"true\" class=\"wp-block-cover__background has-foreground-background-color has-background-dim-80 has-background-dim\"><\/span><div class=\"wp-block-cover__inner-container has-global-padding is-layout-constrained wp-block-cover-is-layout-constrained\">\n<p class=\"has-text-align-center has-text-color has-link-color wp-elements-a37c735a0aa153c000043b1b32837ffb\" style=\"color:#fafafa;font-size:clamp(1.188rem, 1.188rem + ((1vw - 0.2rem) * 1.153), 1.88rem);\"><mark style=\"background-color:rgba(0, 0, 0, 0)\" class=\"has-inline-color has-background-color\">Nos Ch\u00e2teaux et Domaines Partenaires<\/mark><\/p>\n<\/div><\/div>\n\n\n\n<div class=\"wp-block-group alignfull has-background-background-color has-background has-global-padding is-layout-constrained wp-container-core-group-is-layout-7276a2bb wp-block-group-is-layout-constrained\" id=\"a-propos\" style=\"margin-top:0;margin-bottom:0;padding-top:var(--wp--preset--spacing--60);padding-right:var(--wp--preset--spacing--30);padding-bottom:var(--wp--preset--spacing--60);padding-left:var(--wp--preset--spacing--30)\">\n<div class=\"wp-block-columns alignwide is-layout-flex wp-container-core-columns-is-layout-47c06fe3 wp-block-columns-is-layout-flex\">\n<div class=\"wp-block-column is-vertically-aligned-center is-layout-flow wp-container-core-column-is-layout-119bc444 wp-block-column-is-layout-flow\" style=\"flex-basis:60%\">\n<h4 class=\"wp-block-heading has-text-align-center\"><mark style=\"background-color:rgba(0, 0, 0, 0);color:#d6b95b\" class=\"has-inline-color\">The Frenchy Wine and Its Partners<\/mark><\/h4>\n\n\n\n<p style=\"line-height:1.5\">At&nbsp;<em>The Frenchy Wine<\/em>, we have chosen to collaborate with some of the most emblematic estates and ch\u00e2teaux of the Loire Valley \u2014 and soon, from all regions of France. Each partner embodies a unique terroir, a savoir-faire passed down through generations, and an authentic passion for the vine and wine.<\/p>\n<\/div>\n\n\n\n<div class=\"wp-block-column is-vertically-aligned-top is-layout-flow wp-container-core-column-is-layout-f5bb311e wp-block-column-is-layout-flow\" style=\"flex-basis:50%\"><\/div>\n<\/div>\n<\/div>\n\n\n\n<div class=\"wp-block-columns is-layout-flex wp-container-core-columns-is-layout-28f84493 wp-block-columns-is-layout-flex\">\n<div class=\"wp-block-column is-layout-flow wp-block-column-is-layout-flow\">\n<figure class=\"wp-block-image size-large\"><a href=\"https:\/\/thefrenchywine.com\/en\/domaine-carriere-pradal\/\"><img loading=\"lazy\" decoding=\"async\" width=\"1024\" height=\"1024\" src=\"https:\/\/thefrenchywine.com\/wp-content\/uploads\/2025\/10\/CarrierePradal-LOGO-BLAC-1024x1024.png\" alt=\"\" class=\"wp-image-515\" srcset=\"https:\/\/thefrenchywine.com\/wp-content\/uploads\/2025\/10\/CarrierePradal-LOGO-BLAC-1024x1024.png 1024w, https:\/\/thefrenchywine.com\/wp-content\/uploads\/2025\/10\/CarrierePradal-LOGO-BLAC-300x300.png 300w, https:\/\/thefrenchywine.com\/wp-content\/uploads\/2025\/10\/CarrierePradal-LOGO-BLAC-150x150.png 150w, https:\/\/thefrenchywine.com\/wp-content\/uploads\/2025\/10\/CarrierePradal-LOGO-BLAC-768x768.png 768w, https:\/\/thefrenchywine.com\/wp-content\/uploads\/2025\/10\/CarrierePradal-LOGO-BLAC-12x12.png 12w, https:\/\/thefrenchywine.com\/wp-content\/uploads\/2025\/10\/CarrierePradal-LOGO-BLAC-600x600.png 600w, https:\/\/thefrenchywine.com\/wp-content\/uploads\/2025\/10\/CarrierePradal-LOGO-BLAC-100x100.png 100w, https:\/\/thefrenchywine.com\/wp-content\/uploads\/2025\/10\/CarrierePradal-LOGO-BLAC.png 1080w\" sizes=\"auto, (max-width: 1024px) 100vw, 1024px\" \/><\/a><\/figure>\n\n\n\n<figure class=\"wp-block-image aligncenter size-large is-resized\"><a href=\"https:\/\/thefrenchywine.com\/en\/chateau-de-parnay\/\"><img loading=\"lazy\" decoding=\"async\" width=\"1024\" height=\"526\" src=\"https:\/\/thefrenchywine.com\/wp-content\/uploads\/2025\/08\/logo-chateau-de-parnay-1024x526.png\" alt=\"\" class=\"wp-image-344\" style=\"width:236px\" srcset=\"https:\/\/thefrenchywine.com\/wp-content\/uploads\/2025\/08\/logo-chateau-de-parnay-1024x526.png 1024w, https:\/\/thefrenchywine.com\/wp-content\/uploads\/2025\/08\/logo-chateau-de-parnay-300x154.png 300w, https:\/\/thefrenchywine.com\/wp-content\/uploads\/2025\/08\/logo-chateau-de-parnay-768x395.png 768w, https:\/\/thefrenchywine.com\/wp-content\/uploads\/2025\/08\/logo-chateau-de-parnay-1536x789.png 1536w, https:\/\/thefrenchywine.com\/wp-content\/uploads\/2025\/08\/logo-chateau-de-parnay-18x9.png 18w, https:\/\/thefrenchywine.com\/wp-content\/uploads\/2025\/08\/logo-chateau-de-parnay-600x308.png 600w, https:\/\/thefrenchywine.com\/wp-content\/uploads\/2025\/08\/logo-chateau-de-parnay.png 1600w\" sizes=\"auto, (max-width: 1024px) 100vw, 1024px\" \/><\/a><\/figure>\n\n\n\n<figure class=\"wp-block-image size-full\"><a href=\"https:\/\/thefrenchywine.com\/en\/distillerie-du-morbihan\/\"><img loading=\"lazy\" decoding=\"async\" width=\"666\" height=\"375\" src=\"https:\/\/thefrenchywine.com\/wp-content\/uploads\/2025\/12\/rs_w-1160_h-653-removebg-preview-1.png\" alt=\"\" class=\"wp-image-581\" style=\"object-fit:cover\" srcset=\"https:\/\/thefrenchywine.com\/wp-content\/uploads\/2025\/12\/rs_w-1160_h-653-removebg-preview-1.png 666w, https:\/\/thefrenchywine.com\/wp-content\/uploads\/2025\/12\/rs_w-1160_h-653-removebg-preview-1-300x169.png 300w, https:\/\/thefrenchywine.com\/wp-content\/uploads\/2025\/12\/rs_w-1160_h-653-removebg-preview-1-18x10.png 18w, https:\/\/thefrenchywine.com\/wp-content\/uploads\/2025\/12\/rs_w-1160_h-653-removebg-preview-1-600x338.png 600w\" sizes=\"auto, (max-width: 666px) 100vw, 666px\" \/><\/a><\/figure>\n\n\n\n\n<\/div>\n\n\n\n<div class=\"wp-block-column is-layout-flow wp-block-column-is-layout-flow\">\n<figure class=\"wp-block-image aligncenter size-large is-resized\"><a href=\"https:\/\/thefrenchywine.com\/en\/champagne-philbert\/\"><img loading=\"lazy\" decoding=\"async\" width=\"1024\" height=\"1024\" src=\"https:\/\/thefrenchywine.com\/wp-content\/uploads\/2025\/08\/logoCHphilbert-1024x1024.png\" alt=\"\" class=\"wp-image-346\" style=\"width:150px\" srcset=\"https:\/\/thefrenchywine.com\/wp-content\/uploads\/2025\/08\/logoCHphilbert-1024x1024.png 1024w, https:\/\/thefrenchywine.com\/wp-content\/uploads\/2025\/08\/logoCHphilbert-300x300.png 300w, https:\/\/thefrenchywine.com\/wp-content\/uploads\/2025\/08\/logoCHphilbert-150x150.png 150w, https:\/\/thefrenchywine.com\/wp-content\/uploads\/2025\/08\/logoCHphilbert-768x768.png 768w, https:\/\/thefrenchywine.com\/wp-content\/uploads\/2025\/08\/logoCHphilbert-12x12.png 12w, https:\/\/thefrenchywine.com\/wp-content\/uploads\/2025\/08\/logoCHphilbert-600x600.png 600w, https:\/\/thefrenchywine.com\/wp-content\/uploads\/2025\/08\/logoCHphilbert-100x100.png 100w, https:\/\/thefrenchywine.com\/wp-content\/uploads\/2025\/08\/logoCHphilbert.png 1080w\" sizes=\"auto, (max-width: 1024px) 100vw, 1024px\" \/><\/a><\/figure>\n\n\n\n<figure class=\"wp-block-image aligncenter size-large is-resized\"><a href=\"https:\/\/thefrenchywine.com\/en\/chateau-prince\/\"><img loading=\"lazy\" decoding=\"async\" width=\"1024\" height=\"1024\" src=\"https:\/\/thefrenchywine.com\/wp-content\/uploads\/2025\/08\/logoChPrince-1024x1024.png\" alt=\"\" class=\"wp-image-345\" style=\"width:181px\" srcset=\"https:\/\/thefrenchywine.com\/wp-content\/uploads\/2025\/08\/logoChPrince-1024x1024.png 1024w, https:\/\/thefrenchywine.com\/wp-content\/uploads\/2025\/08\/logoChPrince-300x300.png 300w, https:\/\/thefrenchywine.com\/wp-content\/uploads\/2025\/08\/logoChPrince-150x150.png 150w, https:\/\/thefrenchywine.com\/wp-content\/uploads\/2025\/08\/logoChPrince-768x768.png 768w, https:\/\/thefrenchywine.com\/wp-content\/uploads\/2025\/08\/logoChPrince-12x12.png 12w, https:\/\/thefrenchywine.com\/wp-content\/uploads\/2025\/08\/logoChPrince-600x600.png 600w, https:\/\/thefrenchywine.com\/wp-content\/uploads\/2025\/08\/logoChPrince-100x100.png 100w, https:\/\/thefrenchywine.com\/wp-content\/uploads\/2025\/08\/logoChPrince.png 1080w\" sizes=\"auto, (max-width: 1024px) 100vw, 1024px\" \/><\/a><\/figure>\n\n\n\n<figure class=\"wp-block-image aligncenter size-large is-resized\"><a href=\"https:\/\/thefrenchywine.com\/en\/domaine-clo\/\"><img loading=\"lazy\" decoding=\"async\" width=\"1024\" height=\"1024\" src=\"https:\/\/thefrenchywine.com\/wp-content\/uploads\/2025\/08\/logoCLO-1024x1024.png\" alt=\"\" class=\"wp-image-340\" style=\"width:154px\" srcset=\"https:\/\/thefrenchywine.com\/wp-content\/uploads\/2025\/08\/logoCLO-1024x1024.png 1024w, https:\/\/thefrenchywine.com\/wp-content\/uploads\/2025\/08\/logoCLO-300x300.png 300w, https:\/\/thefrenchywine.com\/wp-content\/uploads\/2025\/08\/logoCLO-150x150.png 150w, https:\/\/thefrenchywine.com\/wp-content\/uploads\/2025\/08\/logoCLO-768x768.png 768w, https:\/\/thefrenchywine.com\/wp-content\/uploads\/2025\/08\/logoCLO-12x12.png 12w, https:\/\/thefrenchywine.com\/wp-content\/uploads\/2025\/08\/logoCLO-600x600.png 600w, https:\/\/thefrenchywine.com\/wp-content\/uploads\/2025\/08\/logoCLO-100x100.png 100w, https:\/\/thefrenchywine.com\/wp-content\/uploads\/2025\/08\/logoCLO.png 1080w\" sizes=\"auto, (max-width: 1024px) 100vw, 1024px\" \/><\/a><\/figure>\n\n\n\n<figure class=\"wp-block-image aligncenter size-large is-resized\"><a href=\"https:\/\/thefrenchywine.com\/en\/domaine-des-hauts-perray\/\"><img loading=\"lazy\" decoding=\"async\" width=\"1024\" height=\"1024\" src=\"https:\/\/thefrenchywine.com\/wp-content\/uploads\/2025\/08\/logoDHP-1024x1024.png\" alt=\"\" class=\"wp-image-341\" style=\"width:155px\" srcset=\"https:\/\/thefrenchywine.com\/wp-content\/uploads\/2025\/08\/logoDHP-1024x1024.png 1024w, https:\/\/thefrenchywine.com\/wp-content\/uploads\/2025\/08\/logoDHP-300x300.png 300w, https:\/\/thefrenchywine.com\/wp-content\/uploads\/2025\/08\/logoDHP-150x150.png 150w, https:\/\/thefrenchywine.com\/wp-content\/uploads\/2025\/08\/logoDHP-768x768.png 768w, https:\/\/thefrenchywine.com\/wp-content\/uploads\/2025\/08\/logoDHP-12x12.png 12w, https:\/\/thefrenchywine.com\/wp-content\/uploads\/2025\/08\/logoDHP-600x600.png 600w, https:\/\/thefrenchywine.com\/wp-content\/uploads\/2025\/08\/logoDHP-100x100.png 100w, https:\/\/thefrenchywine.com\/wp-content\/uploads\/2025\/08\/logoDHP.png 1080w\" sizes=\"auto, (max-width: 1024px) 100vw, 1024px\" \/><\/a><\/figure>\n<\/div>\n\n\n\n<div class=\"wp-block-column is-layout-flow wp-block-column-is-layout-flow\">\n<figure class=\"wp-block-image size-large\"><a href=\"https:\/\/thefrenchywine.com\/en\/chateau-de-brize\/\"><img loading=\"lazy\" decoding=\"async\" width=\"1024\" height=\"1024\" src=\"https:\/\/thefrenchywine.com\/wp-content\/uploads\/2025\/10\/logobrizeblc-1024x1024.png\" alt=\"\" class=\"wp-image-478\" srcset=\"https:\/\/thefrenchywine.com\/wp-content\/uploads\/2025\/10\/logobrizeblc-1024x1024.png 1024w, https:\/\/thefrenchywine.com\/wp-content\/uploads\/2025\/10\/logobrizeblc-300x300.png 300w, https:\/\/thefrenchywine.com\/wp-content\/uploads\/2025\/10\/logobrizeblc-150x150.png 150w, https:\/\/thefrenchywine.com\/wp-content\/uploads\/2025\/10\/logobrizeblc-768x768.png 768w, https:\/\/thefrenchywine.com\/wp-content\/uploads\/2025\/10\/logobrizeblc-12x12.png 12w, https:\/\/thefrenchywine.com\/wp-content\/uploads\/2025\/10\/logobrizeblc-600x600.png 600w, https:\/\/thefrenchywine.com\/wp-content\/uploads\/2025\/10\/logobrizeblc-100x100.png 100w, https:\/\/thefrenchywine.com\/wp-content\/uploads\/2025\/10\/logobrizeblc.png 1080w\" sizes=\"auto, (max-width: 1024px) 100vw, 1024px\" \/><\/a><\/figure>\n\n\n\n<figure class=\"wp-block-image size-large\"><a href=\"https:\/\/thefrenchywine.com\/en\/domaine-boehler\/\"><img loading=\"lazy\" decoding=\"async\" width=\"1024\" height=\"1024\" src=\"https:\/\/thefrenchywine.com\/wp-content\/uploads\/2026\/02\/BoehlerLOGOBLC-1024x1024.png\" alt=\"\" class=\"wp-image-612\" style=\"object-fit:cover\" srcset=\"https:\/\/thefrenchywine.com\/wp-content\/uploads\/2026\/02\/BoehlerLOGOBLC-1024x1024.png 1024w, https:\/\/thefrenchywine.com\/wp-content\/uploads\/2026\/02\/BoehlerLOGOBLC-300x300.png 300w, https:\/\/thefrenchywine.com\/wp-content\/uploads\/2026\/02\/BoehlerLOGOBLC-150x150.png 150w, https:\/\/thefrenchywine.com\/wp-content\/uploads\/2026\/02\/BoehlerLOGOBLC-768x768.png 768w, https:\/\/thefrenchywine.com\/wp-content\/uploads\/2026\/02\/BoehlerLOGOBLC-12x12.png 12w, https:\/\/thefrenchywine.com\/wp-content\/uploads\/2026\/02\/BoehlerLOGOBLC-600x600.png 600w, https:\/\/thefrenchywine.com\/wp-content\/uploads\/2026\/02\/BoehlerLOGOBLC-100x100.png 100w, https:\/\/thefrenchywine.com\/wp-content\/uploads\/2026\/02\/BoehlerLOGOBLC.png 1080w\" sizes=\"auto, (max-width: 1024px) 100vw, 1024px\" \/><\/a><\/figure>\n\n\n\n<figure class=\"wp-block-image size-full\"><a href=\"https:\/\/thefrenchywine.com\/en\/domaine-de-langeliere\/\"><img loading=\"lazy\" decoding=\"async\" width=\"776\" height=\"322\" src=\"https:\/\/thefrenchywine.com\/wp-content\/uploads\/2026\/04\/Domaine_de_l_Angeliere_logo-removebg-preview.png\" alt=\"\" class=\"wp-image-704\" srcset=\"https:\/\/thefrenchywine.com\/wp-content\/uploads\/2026\/04\/Domaine_de_l_Angeliere_logo-removebg-preview.png 776w, https:\/\/thefrenchywine.com\/wp-content\/uploads\/2026\/04\/Domaine_de_l_Angeliere_logo-removebg-preview-300x124.png 300w, https:\/\/thefrenchywine.com\/wp-content\/uploads\/2026\/04\/Domaine_de_l_Angeliere_logo-removebg-preview-768x319.png 768w, https:\/\/thefrenchywine.com\/wp-content\/uploads\/2026\/04\/Domaine_de_l_Angeliere_logo-removebg-preview-18x7.png 18w, https:\/\/thefrenchywine.com\/wp-content\/uploads\/2026\/04\/Domaine_de_l_Angeliere_logo-removebg-preview-600x249.png 600w\" sizes=\"auto, (max-width: 776px) 100vw, 776px\" \/><\/a><\/figure>\n\n\n\n<figure class=\"wp-block-image size-full\"><a href=\"https:\/\/thefrenchywine.com\/en\/domaine-du-matin-calme\/\"><img loading=\"lazy\" decoding=\"async\" width=\"600\" height=\"400\" src=\"https:\/\/thefrenchywine.com\/wp-content\/uploads\/2026\/04\/logo-DMC-ss-fond.png\" alt=\"\" class=\"wp-image-701\" style=\"object-fit:cover\" srcset=\"https:\/\/thefrenchywine.com\/wp-content\/uploads\/2026\/04\/logo-DMC-ss-fond.png 600w, https:\/\/thefrenchywine.com\/wp-content\/uploads\/2026\/04\/logo-DMC-ss-fond-300x200.png 300w, https:\/\/thefrenchywine.com\/wp-content\/uploads\/2026\/04\/logo-DMC-ss-fond-18x12.png 18w\" sizes=\"auto, (max-width: 600px) 100vw, 600px\" \/><\/a><\/figure>\n<\/div>\n<\/div>","protected":false},"excerpt":{"rendered":"<p>The Frenchy Wine et ses Partenaires Chez&nbsp;The Frenchy Wine, nous avons choisi de collaborer avec des ch\u00e2teaux et domaines embl\u00e9matiques de la Vall\u00e9e de la Loire et bient\u00f4t avec toutes les r\u00e9gions de France. Chaque partenaire est le reflet d&#8217;un terroir unique, d&#8217;un savoir-faire transmis de g\u00e9n\u00e9ration en g\u00e9n\u00e9ration et d&#8217;une passions authentique pour la [&hellip;]<\/p>\n","protected":false},"author":1,"featured_media":0,"parent":0,"menu_order":0,"comment_status":"closed","ping_status":"closed","template":"no-title","meta":{"_acf_changed":false,"content-type":"","om_disable_all_campaigns":false,"_monsterinsights_skip_tracking":false,"_monsterinsights_sitenote_active":false,"_monsterinsights_sitenote_note":"","_monsterinsights_sitenote_category":0,"footnotes":""},"class_list":["post-38","page","type-page","status-publish","hentry"],"acf":[],"aioseo_notices":[],"_links":{"self":[{"href":"https:\/\/thefrenchywine.com\/en\/wp-json\/wp\/v2\/pages\/38","targetHints":{"allow":["GET"]}}],"collection":[{"href":"https:\/\/thefrenchywine.com\/en\/wp-json\/wp\/v2\/pages"}],"about":[{"href":"https:\/\/thefrenchywine.com\/en\/wp-json\/wp\/v2\/types\/page"}],"author":[{"embeddable":true,"href":"https:\/\/thefrenchywine.com\/en\/wp-json\/wp\/v2\/users\/1"}],"replies":[{"embeddable":true,"href":"https:\/\/thefrenchywine.com\/en\/wp-json\/wp\/v2\/comments?post=38"}],"version-history":[{"count":24,"href":"https:\/\/thefrenchywine.com\/en\/wp-json\/wp\/v2\/pages\/38\/revisions"}],"predecessor-version":[{"id":782,"href":"https:\/\/thefrenchywine.com\/en\/wp-json\/wp\/v2\/pages\/38\/revisions\/782"}],"wp:attachment":[{"href":"https:\/\/thefrenchywine.com\/en\/wp-json\/wp\/v2\/media?parent=38"}],"curies":[{"name":"wp","href":"https:\/\/api.w.org\/{rel}","templated":true}]}}