{"id":36,"date":"2025-06-26T12:01:18","date_gmt":"2025-06-26T12:01:18","guid":{"rendered":"https:\/\/thefrenchywine.com\/contact\/"},"modified":"2025-10-24T00:48:18","modified_gmt":"2025-10-24T00:48:18","slug":"contact","status":"publish","type":"page","link":"https:\/\/thefrenchywine.com\/en\/contact\/","title":{"rendered":"Contact"},"content":{"rendered":"<div class=\"wp-block-cover alignfull has-aspect-ratio\" style=\"margin-top:0;margin-bottom:0;padding-top:var(--wp--preset--spacing--50);padding-bottom:var(--wp--preset--spacing--50);aspect-ratio:auto;min-height:unset;\"><img loading=\"lazy\" decoding=\"async\" width=\"1440\" height=\"960\" class=\"wp-block-cover__image-background wp-image-499\" alt=\"\" src=\"https:\/\/thefrenchywine.com\/wp-content\/uploads\/2025\/10\/598628e838fa55843dcb2f379699c0a1f35ab3b4.jpg\" data-object-fit=\"cover\" srcset=\"https:\/\/thefrenchywine.com\/wp-content\/uploads\/2025\/10\/598628e838fa55843dcb2f379699c0a1f35ab3b4.jpg 1440w, https:\/\/thefrenchywine.com\/wp-content\/uploads\/2025\/10\/598628e838fa55843dcb2f379699c0a1f35ab3b4-300x200.jpg 300w, https:\/\/thefrenchywine.com\/wp-content\/uploads\/2025\/10\/598628e838fa55843dcb2f379699c0a1f35ab3b4-1024x683.jpg 1024w, https:\/\/thefrenchywine.com\/wp-content\/uploads\/2025\/10\/598628e838fa55843dcb2f379699c0a1f35ab3b4-768x512.jpg 768w, https:\/\/thefrenchywine.com\/wp-content\/uploads\/2025\/10\/598628e838fa55843dcb2f379699c0a1f35ab3b4-18x12.jpg 18w, https:\/\/thefrenchywine.com\/wp-content\/uploads\/2025\/10\/598628e838fa55843dcb2f379699c0a1f35ab3b4-600x400.jpg 600w\" sizes=\"auto, (max-width: 1440px) 100vw, 1440px\" \/><span aria-hidden=\"true\" class=\"wp-block-cover__background has-foreground-background-color has-background-dim-80 has-background-dim\"><\/span><div class=\"wp-block-cover__inner-container has-global-padding is-layout-constrained wp-block-cover-is-layout-constrained\">\n<p class=\"has-text-align-center has-text-color has-link-color wp-elements-f660cc60448efbbdb3d8f61f28622235\" style=\"color:#fafafa;font-size:clamp(1.188rem, 1.188rem + ((1vw - 0.2rem) * 1.153), 1.88rem);\">Contact<\/p>\n<\/div><\/div>\n\n<div class=\"wp-block-group alignfull has-background-background-color has-background has-global-padding is-layout-constrained wp-block-group-is-layout-constrained\" id=\"contactez-nous\" style=\"margin-top:0;margin-bottom:0;padding-top:var(--wp--preset--spacing--60);padding-bottom:var(--wp--preset--spacing--60)\">\n<div class=\"wp-block-columns alignwide is-layout-flex wp-container-core-columns-is-layout-47c06fe3 wp-block-columns-is-layout-flex\">\n<div class=\"wp-block-column is-layout-flow wp-block-column-is-layout-flow\" style=\"flex-basis:50%\">\n<figure class=\"wp-block-image has-custom-border\"><img loading=\"lazy\" decoding=\"async\" width=\"1440\" height=\"888\" class=\"wp-image-501\" src=\"https:\/\/thefrenchywine.com\/wp-content\/uploads\/2025\/10\/fecb1bce4088b1fea9161e85cb26f026cd76f243.jpg\" alt=\"\" style=\"border-radius:1rem;aspect-ratio:3\/4;object-fit:cover\" srcset=\"https:\/\/thefrenchywine.com\/wp-content\/uploads\/2025\/10\/fecb1bce4088b1fea9161e85cb26f026cd76f243.jpg 1440w, https:\/\/thefrenchywine.com\/wp-content\/uploads\/2025\/10\/fecb1bce4088b1fea9161e85cb26f026cd76f243-300x185.jpg 300w, https:\/\/thefrenchywine.com\/wp-content\/uploads\/2025\/10\/fecb1bce4088b1fea9161e85cb26f026cd76f243-1024x631.jpg 1024w, https:\/\/thefrenchywine.com\/wp-content\/uploads\/2025\/10\/fecb1bce4088b1fea9161e85cb26f026cd76f243-768x474.jpg 768w, https:\/\/thefrenchywine.com\/wp-content\/uploads\/2025\/10\/fecb1bce4088b1fea9161e85cb26f026cd76f243-18x12.jpg 18w, https:\/\/thefrenchywine.com\/wp-content\/uploads\/2025\/10\/fecb1bce4088b1fea9161e85cb26f026cd76f243-600x370.jpg 600w\" sizes=\"auto, (max-width: 1440px) 100vw, 1440px\" \/><\/figure>\n<\/div>\n\n\n\n<div class=\"wp-block-column is-layout-flow wp-block-column-is-layout-flow\" style=\"flex-basis:50%\">\n<div class=\"wp-block-group has-global-padding is-layout-constrained wp-block-group-is-layout-constrained\" style=\"margin-bottom:var(--wp--preset--spacing--40)\">\n<h2 class=\"wp-block-heading has-large-font-size\">D\u00e9couvrez notre s\u00e9lection exclusive de vins fran\u00e7ais<\/h2>\n\n\n\n<p style=\"margin-top:1rem\">Contactez-nous pour toute question ou demande de conseil personnalis\u00e9.<\/p>\n<\/div>\n\n\n\n<div class=\"wp-block-contact-form-7-contact-form-selector\">\n<div class=\"wpcf7 no-js\" id=\"wpcf7-f34-o1\" lang=\"fr-FR\" dir=\"ltr\" data-wpcf7-id=\"34\">\n<div class=\"screen-reader-response\"><p role=\"status\" aria-live=\"polite\" aria-atomic=\"true\"><\/p> <ul><\/ul><\/div>\n<form action=\"\/en\/wp-json\/wp\/v2\/pages\/36#wpcf7-f34-o1\" method=\"post\" class=\"wpcf7-form init\" aria-label=\"Formulaire de contact\" novalidate=\"novalidate\" data-status=\"init\" data-trp-original-action=\"\/en\/wp-json\/wp\/v2\/pages\/36#wpcf7-f34-o1\">\n<fieldset class=\"hidden-fields-container\"><input type=\"hidden\" name=\"_wpcf7\" value=\"34\" \/><input type=\"hidden\" name=\"_wpcf7_version\" value=\"6.1.5\" \/><input type=\"hidden\" name=\"_wpcf7_locale\" value=\"fr_FR\" \/><input type=\"hidden\" name=\"_wpcf7_unit_tag\" value=\"wpcf7-f34-o1\" \/><input type=\"hidden\" name=\"_wpcf7_container_post\" value=\"0\" \/><input type=\"hidden\" name=\"_wpcf7_posted_data_hash\" value=\"\" \/>\n<\/fieldset>\n<p><label> Votre nom<br \/>\n<span class=\"wpcf7-form-control-wrap\" data-name=\"your-name\"><input size=\"40\" maxlength=\"400\" class=\"wpcf7-form-control wpcf7-text wpcf7-validates-as-required\" autocomplete=\"name\" aria-required=\"true\" aria-invalid=\"false\" value=\"\" type=\"text\" name=\"your-name\" \/><\/span> <\/label>\n<\/p>\n<p><label> Votre e-mail<br \/>\n<span class=\"wpcf7-form-control-wrap\" data-name=\"your-email\"><input size=\"40\" maxlength=\"400\" class=\"wpcf7-form-control wpcf7-email wpcf7-validates-as-required wpcf7-text wpcf7-validates-as-email\" autocomplete=\"email\" aria-required=\"true\" aria-invalid=\"false\" value=\"\" type=\"email\" name=\"your-email\" \/><\/span> <\/label>\n<\/p>\n<p><label> Objet<br \/>\n<span class=\"wpcf7-form-control-wrap\" data-name=\"your-subject\"><input size=\"40\" maxlength=\"400\" class=\"wpcf7-form-control wpcf7-text wpcf7-validates-as-required\" aria-required=\"true\" aria-invalid=\"false\" value=\"\" type=\"text\" name=\"your-subject\" \/><\/span> <\/label>\n<\/p>\n<p><label> Votre message (facultatif)<br \/>\n<span class=\"wpcf7-form-control-wrap\" data-name=\"your-message\"><textarea cols=\"40\" rows=\"10\" maxlength=\"2000\" class=\"wpcf7-form-control wpcf7-textarea\" aria-invalid=\"false\" name=\"your-message\"><\/textarea><\/span> <\/label>\n<\/p>\n<p><input class=\"wpcf7-form-control wpcf7-submit has-spinner\" type=\"submit\" value=\"Envoyer\" \/>\n<\/p><div class=\"wpcf7-response-output\" aria-hidden=\"true\"><\/div>\n<input type=\"hidden\" name=\"trp-form-language\" value=\"en\"\/><\/form>\n<\/div>\n<\/div>\n<\/div>\n<\/div>\n<\/div>\n\n<div class=\"wp-block-group alignfull has-tertiary-background-color has-background has-global-padding is-layout-constrained wp-container-core-group-is-layout-7276a2bb wp-block-group-is-layout-constrained\" style=\"margin-top:0;margin-bottom:0;padding-top:var(--wp--preset--spacing--60);padding-right:var(--wp--preset--spacing--30);padding-bottom:var(--wp--preset--spacing--60);padding-left:var(--wp--preset--spacing--30)\">\n<div class=\"wp-block-group alignwide has-background-background-color has-background is-content-justification-space-between is-layout-flex wp-container-core-group-is-layout-4be20cc5 wp-block-group-is-layout-flex\" style=\"border-radius:1rem;padding-top:var(--wp--preset--spacing--50);padding-right:var(--wp--preset--spacing--50);padding-bottom:var(--wp--preset--spacing--50);padding-left:var(--wp--preset--spacing--50)\">\n<div class=\"wp-block-group has-global-padding is-layout-constrained wp-block-group-is-layout-constrained\">\n<h2 class=\"wp-block-heading has-large-font-size\">D\u00e9couvrez notre gamme exclusive de vins fran\u00e7ais<\/h2>\n\n\n\n<p style=\"margin-top:16px\">Contactez-nous pour des conseils personnalis\u00e9s et profitez d&#8217;offres exclusives sur nos vins s\u00e9lectionn\u00e9s<\/p>\n<\/div>\n\n\n\n<div class=\"wp-block-buttons is-content-justification-left is-layout-flex wp-container-core-buttons-is-layout-82056a45 wp-block-buttons-is-layout-flex\">\n<div class=\"wp-block-button\"><a class=\"wp-block-button__link wp-element-button\" href=\"https:\/\/thefrenchywine.com\/en\/boutique\/\">Contactez-nous<\/a><\/div>\n<\/div>\n<\/div>\n<\/div>","protected":false},"excerpt":{"rendered":"<p>D\u00e9couvrez notre s\u00e9lection exclusive de vins fran\u00e7ais Contactez-nous pour toute question ou demande de conseil personnalis\u00e9. D\u00e9couvrez notre gamme exclusive de vins fran\u00e7ais Contactez-nous pour des conseils personnalis\u00e9s et profitez d&#8217;offres exclusives sur nos vins s\u00e9lectionn\u00e9s<\/p>","protected":false},"author":1,"featured_media":0,"parent":0,"menu_order":0,"comment_status":"closed","ping_status":"closed","template":"no-title","meta":{"_acf_changed":false,"content-type":"","om_disable_all_campaigns":false,"_monsterinsights_skip_tracking":false,"_monsterinsights_sitenote_active":false,"_monsterinsights_sitenote_note":"","_monsterinsights_sitenote_category":0,"footnotes":""},"class_list":["post-36","page","type-page","status-publish","hentry"],"acf":[],"aioseo_notices":[],"_links":{"self":[{"href":"https:\/\/thefrenchywine.com\/en\/wp-json\/wp\/v2\/pages\/36","targetHints":{"allow":["GET"]}}],"collection":[{"href":"https:\/\/thefrenchywine.com\/en\/wp-json\/wp\/v2\/pages"}],"about":[{"href":"https:\/\/thefrenchywine.com\/en\/wp-json\/wp\/v2\/types\/page"}],"author":[{"embeddable":true,"href":"https:\/\/thefrenchywine.com\/en\/wp-json\/wp\/v2\/users\/1"}],"replies":[{"embeddable":true,"href":"https:\/\/thefrenchywine.com\/en\/wp-json\/wp\/v2\/comments?post=36"}],"version-history":[{"count":2,"href":"https:\/\/thefrenchywine.com\/en\/wp-json\/wp\/v2\/pages\/36\/revisions"}],"predecessor-version":[{"id":502,"href":"https:\/\/thefrenchywine.com\/en\/wp-json\/wp\/v2\/pages\/36\/revisions\/502"}],"wp:attachment":[{"href":"https:\/\/thefrenchywine.com\/en\/wp-json\/wp\/v2\/media?parent=36"}],"curies":[{"name":"wp","href":"https:\/\/api.w.org\/{rel}","templated":true}]}}