{"id":264,"date":"2025-07-31T10:08:02","date_gmt":"2025-07-31T10:08:02","guid":{"rendered":"https:\/\/thefrenchywine.com\/register\/"},"modified":"2025-07-31T10:08:02","modified_gmt":"2025-07-31T10:08:02","slug":"register","status":"publish","type":"page","link":"https:\/\/thefrenchywine.com\/en\/register\/","title":{"rendered":"S\u2019inscrire"},"content":{"rendered":"<div class=\"um um-register um-258\">\n\t<div class=\"um-form\" data-mode=\"register\">\n\t\t<form method=\"post\" action=\"\" data-trp-original-action=\"\">\n\t\t\t<div class=\"um-row _um_row_1\" style=\"margin: 0 0 30px 0;\"><div class=\"um-col-1\"><div  id=\"um_field_258_user_login\" class=\"um-field um-field-text  um-field-user_login um-field-text um-field-type_text\" data-key=\"user_login\"><div class=\"um-field-label\"><label for=\"user_login-258\">Identifiant<\/label><div class=\"um-clear\"><\/div><\/div><div class=\"um-field-area\"><input  autocomplete=\"off\" class=\"um-form-field valid\" type=\"text\" name=\"user_login-258\" id=\"user_login-258\" value=\"\" placeholder=\"\" data-validate=\"unique_username\" data-key=\"user_login\"  aria-invalid=\"false\" \/>\n\n\t\t\t\t\t\t<\/div><\/div><div  id=\"um_field_258_first_name\" class=\"um-field um-field-text  um-field-first_name um-field-text um-field-type_text\" data-key=\"first_name\"><div class=\"um-field-label\"><label for=\"first_name-258\">Pr\u00e9nom<\/label><div class=\"um-clear\"><\/div><\/div><div class=\"um-field-area\"><input  autocomplete=\"off\" class=\"um-form-field valid\" type=\"text\" name=\"first_name-258\" id=\"first_name-258\" value=\"\" placeholder=\"\" data-validate=\"\" data-key=\"first_name\"  aria-invalid=\"false\" \/>\n\n\t\t\t\t\t\t<\/div><\/div><div  id=\"um_field_258_last_name\" class=\"um-field um-field-text  um-field-last_name um-field-text um-field-type_text\" data-key=\"last_name\"><div class=\"um-field-label\"><label for=\"last_name-258\">Nom<\/label><div class=\"um-clear\"><\/div><\/div><div class=\"um-field-area\"><input  autocomplete=\"off\" class=\"um-form-field valid\" type=\"text\" name=\"last_name-258\" id=\"last_name-258\" value=\"\" placeholder=\"\" data-validate=\"\" data-key=\"last_name\"  aria-invalid=\"false\" \/>\n\n\t\t\t\t\t\t<\/div><\/div><div  id=\"um_field_258_user_email\" class=\"um-field um-field-text  um-field-user_email um-field-text um-field-type_text\" data-key=\"user_email\"><div class=\"um-field-label\"><label for=\"user_email-258\">Adresse e-mail<\/label><div class=\"um-clear\"><\/div><\/div><div class=\"um-field-area\"><input  autocomplete=\"off\" class=\"um-form-field valid\" type=\"text\" name=\"user_email-258\" id=\"user_email-258\" value=\"\" placeholder=\"\" data-validate=\"unique_email\" data-key=\"user_email\"  aria-invalid=\"false\" \/>\n\n\t\t\t\t\t\t<\/div><\/div><div  id=\"um_field_258_user_password\" class=\"um-field um-field-password  um-field-user_password um-field-password um-field-type_password\" data-key=\"user_password\"><div class=\"um-field-label\"><label for=\"user_password-258\">Mot de passe<\/label><div class=\"um-clear\"><\/div><\/div><div class=\"um-field-area\"><input class=\"um-form-field valid\" type=\"password\" name=\"user_password-258\" id=\"user_password-258\" value=\"\" placeholder=\"\" data-validate=\"\" data-key=\"user_password\"  aria-invalid=\"false\" \/>\n\n\t\t\t\t\t\t\t<\/div><\/div><div  id=\"um_field_258_confirm_user_password\" class=\"um-field um-field-password  um-field-user_password um-field-password um-field-type_password\" data-key=\"confirm_user_password\"><div class=\"um-field-label\"><label for=\"confirm_user_password-258\">Confirm Mot de passe<\/label><div class=\"um-clear\"><\/div><\/div><div class=\"um-field-area\"><input class=\"um-form-field valid\" type=\"password\" name=\"confirm_user_password-258\" id=\"confirm_user_password-258\" value=\"\" placeholder=\"Confirm Mot de passe\" data-validate=\"\" data-key=\"confirm_user_password\"  aria-invalid=\"false\" \/><\/div><\/div><div  id=\"um_field_258_birth_date\" class=\"um-field um-field-date  um-field-birth_date um-field-date um-field-type_date\" data-key=\"birth_date\"><div class=\"um-field-label\"><label for=\"birth_date-258\">Date de naissance<\/label><div class=\"um-clear\"><\/div><\/div><div class=\"um-field-area\"><div class=\"um-field-icon\"><i class=\"far fa-calendar-days\"><\/i><\/div><input   class=\"um-form-field valid um-datepicker um-iconed\" type=\"text\" name=\"birth_date-258\" id=\"birth_date-258\" value=\"\" placeholder=\"\" data-validate=\"\" data-key=\"birth_date\" data-range=\"years\" data-years=\"115\" data-years_x=\"past\" data-disabled_weekdays=\"\" data-date_min=\"1911,4,14\" data-date_max=\"2026,4,14\" data-format=\"d mmm yyyy\" data-value=\"\"  aria-invalid=\"false\" \/>\n\n\t\t\t\t\t\t<\/div><\/div><div  id=\"um_field_258_country\" class=\"um-field um-field-select  um-field-country um-field-select um-field-type_select\" data-key=\"country\"><div class=\"um-field-label\"><label for=\"country-258\">Pays<\/label><div class=\"um-clear\"><\/div><\/div><div class=\"um-field-area\"><select data-default=\"\"     name=\"country\" id=\"country\" data-validate=\"\" data-key=\"country\" class=\"um-form-field valid um-s1\" style=\"width: 100%\" data-placeholder=\"Choisissez un Pays\"   aria-invalid=\"false\" ><option value=\"\"><\/option><option value=\"Afghanistan\" >Afghanistan<\/option><option value=\"\u00celes \u00c5land\" >\u00celes \u00c5land<\/option><option value=\"Albanie\" >Albanie<\/option><option value=\"Alg\u00e9rie\" >Alg\u00e9rie<\/option><option value=\"Samoa am\u00e9ricaines\" >Samoa am\u00e9ricaines<\/option><option value=\"Andorre\" >Andorre<\/option><option value=\"Angola\" >Angola<\/option><option value=\"Anguilla\" >Anguilla<\/option><option value=\"Antarctique\" >Antarctique<\/option><option value=\"Antigua-et-Barbuda\" >Antigua-et-Barbuda<\/option><option value=\"Argentine\" >Argentine<\/option><option value=\"Arm\u00e9nie\" >Arm\u00e9nie<\/option><option value=\"Aruba\" >Aruba<\/option><option value=\"Australie\" >Australie<\/option><option value=\"Autriche\" >Autriche<\/option><option value=\"Azerba\u00efdjan\" >Azerba\u00efdjan<\/option><option value=\"Bahamas\" >Bahamas<\/option><option value=\"Bahre\u00efn\" >Bahre\u00efn<\/option><option value=\"Bangladesh\" >Bangladesh<\/option><option value=\"Barbade\" >Barbade<\/option><option value=\"Bi\u00e9lorussie\" >Bi\u00e9lorussie<\/option><option value=\"Belgique\" >Belgique<\/option><option value=\"Belize\" >Belize<\/option><option value=\"B\u00e9nin\" >B\u00e9nin<\/option><option value=\"Bermudes\" >Bermudes<\/option><option value=\"Bhoutan\" >Bhoutan<\/option><option value=\"Bolivie\" >Bolivie<\/option><option value=\"Bosnie-Herz\u00e9govine\" >Bosnie-Herz\u00e9govine<\/option><option value=\"Botswana\" >Botswana<\/option><option value=\"\u00cele Bouvet\" >\u00cele Bouvet<\/option><option value=\"Br\u00e9sil\" >Br\u00e9sil<\/option><option value=\"Territoire britannique de l\u2019oc\u00e9an Indien\" >Territoire britannique de l\u2019oc\u00e9an Indien<\/option><option value=\"Brunei\" >Brunei<\/option><option value=\"Bulgarie\" >Bulgarie<\/option><option value=\"Burkina Faso\" >Burkina Faso<\/option><option value=\"Burundi\" >Burundi<\/option><option value=\"Cambodge\" >Cambodge<\/option><option value=\"Cameroun\" >Cameroun<\/option><option value=\"Canada\" >Canada<\/option><option value=\"Cap-Vert\" >Cap-Vert<\/option><option value=\"\u00celes Ca\u00efmans\" >\u00celes Ca\u00efmans<\/option><option value=\"R\u00e9publique centrafricaine\" >R\u00e9publique centrafricaine<\/option><option value=\"Tchad\" >Tchad<\/option><option value=\"Chili\" >Chili<\/option><option value=\"Chine\" >Chine<\/option><option value=\"\u00cele Christmas\" >\u00cele Christmas<\/option><option value=\"\u00celes Cocos (Keeling)\" >\u00celes Cocos (Keeling)<\/option><option value=\"Colombie\" >Colombie<\/option><option value=\"Comores\" >Comores<\/option><option value=\"Congo\" >Congo<\/option><option value=\"R\u00e9publique\u00a0d\u00e9mocratique\u00a0du\u00a0Congo\" >R\u00e9publique\u00a0d\u00e9mocratique\u00a0du\u00a0Congo<\/option><option value=\"Iles Cook\" >Iles Cook<\/option><option value=\"Costa Rica\" >Costa Rica<\/option><option value=\"C\u00f4te d\u2019Ivoire\" >C\u00f4te d\u2019Ivoire<\/option><option value=\"Croatie\" >Croatie<\/option><option value=\"Cuba\" >Cuba<\/option><option value=\"Chypre\" >Chypre<\/option><option value=\"R\u00e9publique Tch\u00e8que\" >R\u00e9publique Tch\u00e8que<\/option><option value=\"Danemark\" >Danemark<\/option><option value=\"Djibouti\" >Djibouti<\/option><option value=\"Dominique\" >Dominique<\/option><option value=\"R\u00e9publique Dominicaine\" >R\u00e9publique Dominicaine<\/option><option value=\"\u00c9quateur\" >\u00c9quateur<\/option><option value=\"\u00c9gypte\" >\u00c9gypte<\/option><option value=\"Salvador\" >Salvador<\/option><option value=\"Guin\u00e9e \u00c9quatoriale\" >Guin\u00e9e \u00c9quatoriale<\/option><option value=\"\u00c9rythr\u00e9e\" >\u00c9rythr\u00e9e<\/option><option value=\"Estonie\" >Estonie<\/option><option value=\"\u00c9thiopie\" >\u00c9thiopie<\/option><option value=\"\u00celes Malouines\" >\u00celes Malouines<\/option><option value=\"\u00celes F\u00e9ro\u00e9\" >\u00celes F\u00e9ro\u00e9<\/option><option value=\"Fidji\" >Fidji<\/option><option value=\"Finlande\" >Finlande<\/option><option value=\"France\" >France<\/option><option value=\"Guyane\" >Guyane<\/option><option value=\"Polyn\u00e9sie fran\u00e7aise\" >Polyn\u00e9sie fran\u00e7aise<\/option><option value=\"Terres australes et antarctiques fran\u00e7aises\" >Terres australes et antarctiques fran\u00e7aises<\/option><option value=\"Gabon\" >Gabon<\/option><option value=\"Gambie\" >Gambie<\/option><option value=\"G\u00e9orgie\" >G\u00e9orgie<\/option><option value=\"Allemagne\" >Allemagne<\/option><option value=\"Ghana\" >Ghana<\/option><option value=\"Gibraltar\" >Gibraltar<\/option><option value=\"Gr\u00e8ce\" >Gr\u00e8ce<\/option><option value=\"Groenland\" >Groenland<\/option><option value=\"Grenade\" >Grenade<\/option><option value=\"Guadeloupe\" >Guadeloupe<\/option><option value=\"Guam\" >Guam<\/option><option value=\"Guatemala\" >Guatemala<\/option><option value=\"Guernesey\" >Guernesey<\/option><option value=\"Guin\u00e9e\" >Guin\u00e9e<\/option><option value=\"Guin\u00e9e-Bissau\" >Guin\u00e9e-Bissau<\/option><option value=\"Guyane\" >Guyane<\/option><option value=\"Ha\u00efti\" >Ha\u00efti<\/option><option value=\"\u00celes Heard-et-MacDonald\" >\u00celes Heard-et-MacDonald<\/option><option value=\"Vatican\" >Vatican<\/option><option value=\"Honduras\" >Honduras<\/option><option value=\"Hong Kong\" >Hong Kong<\/option><option value=\"Hongrie\" >Hongrie<\/option><option value=\"Islande\" >Islande<\/option><option value=\"Inde\" >Inde<\/option><option value=\"Indon\u00e9sie\" >Indon\u00e9sie<\/option><option value=\"Iran\" >Iran<\/option><option value=\"Irak\" >Irak<\/option><option value=\"Irlande\" >Irlande<\/option><option value=\"\u00cele de Man\" >\u00cele de Man<\/option><option value=\"Isra\u00ebl\" >Isra\u00ebl<\/option><option value=\"Italie\" >Italie<\/option><option value=\"Jama\u00efque\" >Jama\u00efque<\/option><option value=\"Japon\" >Japon<\/option><option value=\"Jersey\" >Jersey<\/option><option value=\"Jordanie\" >Jordanie<\/option><option value=\"Kazakhstan\" >Kazakhstan<\/option><option value=\"Kenya\" >Kenya<\/option><option value=\"Kiribati\" >Kiribati<\/option><option value=\"Cor\u00e9e du Nord\" >Cor\u00e9e du Nord<\/option><option value=\"Cor\u00e9e\u00a0du\u00a0Sud\" >Cor\u00e9e\u00a0du\u00a0Sud<\/option><option value=\"Kowe\u00eft\" >Kowe\u00eft<\/option><option value=\"Kirghizistan\" >Kirghizistan<\/option><option value=\"Personne de la R\u00e9publique d\u00e9mocratique du Laos\" >Personne de la R\u00e9publique d\u00e9mocratique du Laos<\/option><option value=\"Lettonie\" >Lettonie<\/option><option value=\"Liban\" >Liban<\/option><option value=\"Lesotho\" >Lesotho<\/option><option value=\"Liberia\" >Liberia<\/option><option value=\"Libye\" >Libye<\/option><option value=\"Liechtenstein\" >Liechtenstein<\/option><option value=\"Lituanie\" >Lituanie<\/option><option value=\"Luxembourg\" >Luxembourg<\/option><option value=\"Macao\" >Macao<\/option><option value=\"North Macedonia\" >North Macedonia<\/option><option value=\"Madagascar\" >Madagascar<\/option><option value=\"Malawi\" >Malawi<\/option><option value=\"Malaisie\" >Malaisie<\/option><option value=\"Maldives\" >Maldives<\/option><option value=\"Mali\" >Mali<\/option><option value=\"Malte\" >Malte<\/option><option value=\"Iles Marshall\" >Iles Marshall<\/option><option value=\"Martinique\" >Martinique<\/option><option value=\"Mauritanie\" >Mauritanie<\/option><option value=\"\u00cele Maurice\" >\u00cele Maurice<\/option><option value=\"Mayotte\" >Mayotte<\/option><option value=\"Mexique\" >Mexique<\/option><option value=\"Micron\u00e9sie\" >Micron\u00e9sie<\/option><option value=\"Moldavie\" >Moldavie<\/option><option value=\"Monaco\" >Monaco<\/option><option value=\"Mongolie\" >Mongolie<\/option><option value=\"Mont\u00e9n\u00e9gro\" >Mont\u00e9n\u00e9gro<\/option><option value=\"Montserrat\" >Montserrat<\/option><option value=\"Maroc\" >Maroc<\/option><option value=\"Mozambique\" >Mozambique<\/option><option value=\"Birmanie\" >Birmanie<\/option><option value=\"Namibie\" >Namibie<\/option><option value=\"Nauru\" >Nauru<\/option><option value=\"N\u00e9pal\" >N\u00e9pal<\/option><option value=\"Pays-Bas\" >Pays-Bas<\/option><option value=\"Antilles n\u00e9erlandaises\" >Antilles n\u00e9erlandaises<\/option><option value=\"Nouvelle Cal\u00e9donie\" >Nouvelle Cal\u00e9donie<\/option><option value=\"Nouvelle-Z\u00e9lande\" >Nouvelle-Z\u00e9lande<\/option><option value=\"Nicaragua\" >Nicaragua<\/option><option value=\"Niger\" >Niger<\/option><option value=\"Nigeria\" >Nigeria<\/option><option value=\"Niu\u00e9en\" >Niu\u00e9en<\/option><option value=\"\u00cele Norfolk\" >\u00cele Norfolk<\/option><option value=\"\u00celes Mariannes du Nord\" >\u00celes Mariannes du Nord<\/option><option value=\"Norv\u00e8ge\" >Norv\u00e8ge<\/option><option value=\"Oman\" >Oman<\/option><option value=\"Pakistan\" >Pakistan<\/option><option value=\"Palaos\" >Palaos<\/option><option value=\"Palestine\" >Palestine<\/option><option value=\"Panama\" >Panama<\/option><option value=\"Papouasie Nouvelle Guin\u00e9e\" >Papouasie Nouvelle Guin\u00e9e<\/option><option value=\"Paraguay\" >Paraguay<\/option><option value=\"P\u00e9rou\" >P\u00e9rou<\/option><option value=\"Philippines\" >Philippines<\/option><option value=\"Pitcairn\" >Pitcairn<\/option><option value=\"Pologne\" >Pologne<\/option><option value=\"Portugal\" >Portugal<\/option><option value=\"Porto Rico\" >Porto Rico<\/option><option value=\"Qatar\" >Qatar<\/option><option value=\"R\u00e9union\" >R\u00e9union<\/option><option value=\"Roumanie\" >Roumanie<\/option><option value=\"Russie\" >Russie<\/option><option value=\"Rwanda\" >Rwanda<\/option><option value=\"Saint Barth\u00e9lemy\" >Saint Barth\u00e9lemy<\/option><option value=\"Sainte H\u00e9l\u00e8ne\" >Sainte H\u00e9l\u00e8ne<\/option><option value=\"Saint-Christophe-et-Ni\u00e9v\u00e8s\" >Saint-Christophe-et-Ni\u00e9v\u00e8s<\/option><option value=\"Sainte Lucie\" >Sainte Lucie<\/option><option value=\"Saint-Martin (Antilles fran\u00e7aises)\" >Saint-Martin (Antilles fran\u00e7aises)<\/option><option value=\"Saint Pierre et Miquelon\" >Saint Pierre et Miquelon<\/option><option value=\"Saint-Vincent-et-les-Grenadines\" >Saint-Vincent-et-les-Grenadines<\/option><option value=\"Samoa\" >Samoa<\/option><option value=\"Saint Marin\" >Saint Marin<\/option><option value=\"S\u00e3o Tom\u00e9-et-Principe\" >S\u00e3o Tom\u00e9-et-Principe<\/option><option value=\"Arabie Saoudite\" >Arabie Saoudite<\/option><option value=\"S\u00e9n\u00e9gal\" >S\u00e9n\u00e9gal<\/option><option value=\"Serbie\" >Serbie<\/option><option value=\"Seychelles\" >Seychelles<\/option><option value=\"Sierra Leone\" >Sierra Leone<\/option><option value=\"Singapour\" >Singapour<\/option><option value=\"Slovaquie\" >Slovaquie<\/option><option value=\"Slov\u00e9nie\" >Slov\u00e9nie<\/option><option value=\"\u00celes Salomon\" >\u00celes Salomon<\/option><option value=\"Somalie\" >Somalie<\/option><option value=\"Afrique du Sud\" >Afrique du Sud<\/option><option value=\"G\u00e9orgie du Sud-et-les \u00celes Sandwich du Sud\" >G\u00e9orgie du Sud-et-les \u00celes Sandwich du Sud<\/option><option value=\"Soudan du Sud\" >Soudan du Sud<\/option><option value=\"Espagne\" >Espagne<\/option><option value=\"Sri Lanka\" >Sri Lanka<\/option><option value=\"Soudan\" >Soudan<\/option><option value=\"Suriname\" >Suriname<\/option><option value=\"Svalbard et Jan Mayen\" >Svalbard et Jan Mayen<\/option><option value=\"Eswatini\" >Eswatini<\/option><option value=\"Su\u00e8de\" >Su\u00e8de<\/option><option value=\"Suisse\" >Suisse<\/option><option value=\"Syrie\" >Syrie<\/option><option value=\"Ta\u00efwan\" >Ta\u00efwan<\/option><option value=\"Tadjikistan\" >Tadjikistan<\/option><option value=\"Tanzanie\" >Tanzanie<\/option><option value=\"Tha\u00eflande\" >Tha\u00eflande<\/option><option value=\"Timor-Leste\" >Timor-Leste<\/option><option value=\"Togo\" >Togo<\/option><option value=\"Tok\u00e9laou\" >Tok\u00e9laou<\/option><option value=\"Tonga\" >Tonga<\/option><option value=\"Trinidad et Tobago\" >Trinidad et Tobago<\/option><option value=\"Tunisie\" >Tunisie<\/option><option value=\"Turquie\" >Turquie<\/option><option value=\"Turkm\u00e9nistan\" >Turkm\u00e9nistan<\/option><option value=\"\u00celes Turques-et-Ca\u00efques\" >\u00celes Turques-et-Ca\u00efques<\/option><option value=\"Tuvalu\" >Tuvalu<\/option><option value=\"Ouganda\" >Ouganda<\/option><option value=\"Ukraine\" >Ukraine<\/option><option value=\"Emirats Arabes Unis\" >Emirats Arabes Unis<\/option><option value=\"Royaume-Uni\" >Royaume-Uni<\/option><option value=\"\u00c9tats-Unis d\u2019Am\u00e9rique\" >\u00c9tats-Unis d\u2019Am\u00e9rique<\/option><option value=\"\u00celes mineures \u00e9loign\u00e9es des \u00c9tats-Unis\" >\u00celes mineures \u00e9loign\u00e9es des \u00c9tats-Unis<\/option><option value=\"Uruguay\" >Uruguay<\/option><option value=\"Ouzb\u00e9kistan\" >Ouzb\u00e9kistan<\/option><option value=\"Vanuatu\" >Vanuatu<\/option><option value=\"Venezuela\" >Venezuela<\/option><option value=\"Vi\u00eatnam\" >Vi\u00eatnam<\/option><option value=\"\u00celes Vierges britanniques\" >\u00celes Vierges britanniques<\/option><option value=\"\u00celes Vierges am\u00e9ricaines\" >\u00celes Vierges am\u00e9ricaines<\/option><option value=\"Wallis et Futuna\" >Wallis et Futuna<\/option><option value=\"Sahara occidental\" >Sahara occidental<\/option><option value=\"Yemen\" >Yemen<\/option><option value=\"Zambie\" >Zambie<\/option><option value=\"Zimbabwe\" >Zimbabwe<\/option><\/select><\/div><\/div><\/div><\/div>\t<input type=\"hidden\" name=\"form_id\" id=\"form_id_258\" value=\"258\" \/>\n\t\t<p class=\"um_request_name\">\n\t\t<label for=\"um_request_258\">Only fill in if you are not human<\/label>\n\t\t<input type=\"hidden\" name=\"um_request\" id=\"um_request_258\" class=\"input\" value=\"\" size=\"25\" autocomplete=\"off\" \/>\n\t<\/p>\n\t<input type=\"hidden\" id=\"_wpnonce\" name=\"_wpnonce\" value=\"16d0508bab\" \/><input type=\"hidden\" name=\"_wp_http_referer\" value=\"\/en\/wp-json\/wp\/v2\/pages\/264\" \/>\n\t<div class=\"um-col-alt\">\n\n\t\t\n\t\t\t<div class=\"um-left um-half\">\n\t\t\t\t<input type=\"submit\" value=\"S\u2019inscrire\" class=\"um-button\" id=\"um-submit-btn\" \/>\n\t\t\t<\/div>\n\t\t\t<div class=\"um-right um-half\">\n\t\t\t\t<a href=\"https:\/\/thefrenchywine.com\/en\/login\/\" class=\"um-button um-alt\">\n\t\t\t\t\tConnexion\t\t\t\t<\/a>\n\t\t\t<\/div>\n\n\t\t\n\t\t<div class=\"um-clear\"><\/div>\n\n\t<\/div>\n\n\t\t\t<input type=\"hidden\" name=\"trp-form-language\" value=\"en\"\/><\/form>\n\t<\/div>\n<\/div>\n<style>\n\t\t\t.um-258.um {\n\t\t\tmax-width: 450px;\n\t\t}\n\t\t<\/style>","protected":false},"excerpt":{"rendered":"","protected":false},"author":1,"featured_media":0,"parent":0,"menu_order":0,"comment_status":"closed","ping_status":"closed","template":"","meta":{"_acf_changed":false,"content-type":"","om_disable_all_campaigns":false,"_monsterinsights_skip_tracking":false,"_monsterinsights_sitenote_active":false,"_monsterinsights_sitenote_note":"","_monsterinsights_sitenote_category":0,"footnotes":""},"class_list":["post-264","page","type-page","status-publish","hentry"],"acf":[],"aioseo_notices":[],"_links":{"self":[{"href":"https:\/\/thefrenchywine.com\/en\/wp-json\/wp\/v2\/pages\/264","targetHints":{"allow":["GET"]}}],"collection":[{"href":"https:\/\/thefrenchywine.com\/en\/wp-json\/wp\/v2\/pages"}],"about":[{"href":"https:\/\/thefrenchywine.com\/en\/wp-json\/wp\/v2\/types\/page"}],"author":[{"embeddable":true,"href":"https:\/\/thefrenchywine.com\/en\/wp-json\/wp\/v2\/users\/1"}],"replies":[{"embeddable":true,"href":"https:\/\/thefrenchywine.com\/en\/wp-json\/wp\/v2\/comments?post=264"}],"version-history":[{"count":0,"href":"https:\/\/thefrenchywine.com\/en\/wp-json\/wp\/v2\/pages\/264\/revisions"}],"wp:attachment":[{"href":"https:\/\/thefrenchywine.com\/en\/wp-json\/wp\/v2\/media?parent=264"}],"curies":[{"name":"wp","href":"https:\/\/api.w.org\/{rel}","templated":true}]}}