{"id":252,"date":"2025-07-25T18:34:57","date_gmt":"2025-07-25T18:34:57","guid":{"rendered":"https:\/\/thefrenchywine.com\/?page_id=252"},"modified":"2025-08-12T11:00:44","modified_gmt":"2025-08-12T11:00:44","slug":"evenement","status":"publish","type":"page","link":"https:\/\/thefrenchywine.com\/en\/evenement\/","title":{"rendered":"Event"},"content":{"rendered":"\n<p style=\"margin-top:0;margin-right:var(--wp--preset--spacing--70);margin-bottom:0;margin-left:var(--wp--preset--spacing--70)\">Vous pr\u00e9parez un mariage, une f\u00eate, un anniversaire ou un \u00e9v\u00e9nement professionnel ?<br>The Frenchy Wine vous propose une s\u00e9lection sur-mesure de vins fran\u00e7ais pour sublimer chaque moment.<\/p>\n\n\n\n<p>Remplissez ce formulaire pour recevoir une proposition personnalis\u00e9e, adapt\u00e9e \u00e0 vos go\u00fbts, votre budget et le nombre de convives.<\/p>\n\n\n<style id=\"wpforms-css-vars-249-block-f9e6c45e-fe30-483c-87c7-658d565646cd\">\n\t\t\t\t#wpforms-249.wpforms-block-f9e6c45e-fe30-483c-87c7-658d565646cd {\n\t\t\t\t--wpforms-label-color: #d6b95b;\n--wpforms-label-sublabel-color: #d6b95b;\n--wpforms-field-background-color: #fcf8f2;\n--wpforms-field-text-color: #1e2e39;\n--wpforms-button-background-color: #d6b95b;\n--wpforms-field-size-input-height: 31px;\n--wpforms-field-size-input-spacing: 10px;\n--wpforms-field-size-font-size: 14px;\n--wpforms-field-size-line-height: 17px;\n--wpforms-field-size-padding-h: 9px;\n--wpforms-field-size-checkbox-size: 14px;\n--wpforms-field-size-sublabel-spacing: 5px;\n--wpforms-field-size-icon-size: 0.75;\n--wpforms-label-size-font-size: 16px;\n--wpforms-label-size-line-height: 19px;\n--wpforms-label-size-sublabel-font-size: 14px;\n--wpforms-label-size-sublabel-line-height: 17px;\n--wpforms-button-size-font-size: 17px;\n--wpforms-button-size-height: 41px;\n--wpforms-button-size-padding-h: 15px;\n--wpforms-button-size-margin-top: 10px;\n\t\t\t}\n\t\t\t<\/style><div class=\"wpforms-container wpforms-container-full wpforms-block wpforms-block-f9e6c45e-fe30-483c-87c7-658d565646cd wpforms-render-modern\" id=\"wpforms-249\"><form id=\"wpforms-form-249\" class=\"wpforms-validate wpforms-form wpforms-ajax-form\" data-formid=\"249\" method=\"post\" enctype=\"multipart\/form-data\" action=\"\/en\/wp-json\/wp\/v2\/pages\/252\" data-token=\"576106e61fe7ffb15ad6e34b369246fd\" data-token-time=\"1776178096\"><noscript class=\"wpforms-error-noscript\">Please enable JavaScript in your browser to complete this form.<\/noscript><div id=\"wpforms-error-noscript\" style=\"display: none;\">Please enable JavaScript in your browser to complete this form.<\/div><div class=\"wpforms-field-container\"><div id=\"wpforms-249-field_1-container\" class=\"wpforms-field wpforms-field-name\" data-field-id=\"1\"><fieldset><legend class=\"wpforms-field-label\">Nom <span class=\"wpforms-required-label\" aria-hidden=\"true\">*<\/span><\/legend><div class=\"wpforms-field-row wpforms-field-medium\"><div class=\"wpforms-field-row-block wpforms-first wpforms-one-half\"><input type=\"text\" id=\"wpforms-249-field_1\" class=\"wpforms-field-name-first wpforms-field-required\" name=\"wpforms[fields][1][first]\" aria-errormessage=\"wpforms-249-field_1-error\" required><label for=\"wpforms-249-field_1\" class=\"wpforms-field-sublabel after\">First<\/label><\/div><div class=\"wpforms-field-row-block wpforms-one-half\"><input type=\"text\" id=\"wpforms-249-field_1-last\" class=\"wpforms-field-name-last wpforms-field-required\" name=\"wpforms[fields][1][last]\" aria-errormessage=\"wpforms-249-field_1-last-error\" required><label for=\"wpforms-249-field_1-last\" class=\"wpforms-field-sublabel after\">Last<\/label><\/div><\/div><\/fieldset><\/div><div id=\"wpforms-249-field_2-container\" class=\"wpforms-field wpforms-field-email\" data-field-id=\"2\"><label class=\"wpforms-field-label\" for=\"wpforms-249-field_2\">E-mail <span class=\"wpforms-required-label\" aria-hidden=\"true\">*<\/span><\/label><input type=\"email\" id=\"wpforms-249-field_2\" class=\"wpforms-field-medium wpforms-field-required\" name=\"wpforms[fields][2]\" spellcheck=\"false\" aria-errormessage=\"wpforms-249-field_2-error\" required><\/div><div id=\"wpforms-249-field_11-container\" class=\"wpforms-field wpforms-field-text\" data-field-id=\"11\"><label class=\"wpforms-field-label\" for=\"wpforms-249-field_11\">Date de l&#039;\u00e9v\u00e8nement<\/label><input type=\"text\" id=\"wpforms-249-field_11\" class=\"wpforms-field-medium\" name=\"wpforms[fields][11]\" aria-errormessage=\"wpforms-249-field_11-error\" ><\/div><div id=\"wpforms-249-field_10-container\" class=\"wpforms-field wpforms-field-textarea\" data-field-id=\"10\"><label class=\"wpforms-field-label\" for=\"wpforms-249-field_10\">Adresse du Devis<\/label><textarea id=\"wpforms-249-field_10\" class=\"wpforms-field-medium\" name=\"wpforms[fields][10]\" aria-errormessage=\"wpforms-249-field_10-error\" ><\/textarea><\/div><div id=\"wpforms-249-field_12-container\" class=\"wpforms-field wpforms-field-text\" data-field-id=\"12\"><label class=\"wpforms-field-label\" for=\"wpforms-249-field_12\">N\u00b0 TVA (pour les entreprises)<\/label><input type=\"text\" id=\"wpforms-249-field_12\" class=\"wpforms-field-medium\" name=\"wpforms[fields][12]\" aria-errormessage=\"wpforms-249-field_12-error\" ><\/div>\t\t<div id=\"wpforms-249-field_6-container\"\n\t\t\tclass=\"wpforms-field wpforms-field-text\"\n\t\t\tdata-field-type=\"text\"\n\t\t\tdata-field-id=\"6\"\n\t\t\t>\n\t\t\t<label class=\"wpforms-field-label\" for=\"wpforms-249-field_6\" >Type d\u00e9v\u00e8nement E-mail<\/label>\n\t\t\t<input type=\"text\" id=\"wpforms-249-field_6\" class=\"wpforms-field-medium\" name=\"wpforms[fields][6]\" >\n\t\t<\/div>\n\t\t<div id=\"wpforms-249-field_3-container\" class=\"wpforms-field wpforms-field-select wpforms-field-select-style-classic\" data-field-id=\"3\"><label class=\"wpforms-field-label\" for=\"wpforms-249-field_3\">Type d\u00e9v\u00e8nement<\/label><select id=\"wpforms-249-field_3\" class=\"wpforms-field-medium\" name=\"wpforms[fields][3]\"><option value=\"Mariage\"  class=\"choice-1 depth-1\"  >Mariage<\/option><option value=\"F\u00eate de famille\"  class=\"choice-2 depth-1\"  >F\u00eate de famille<\/option><option value=\"Anniversaire\"  class=\"choice-3 depth-1\"  >Anniversaire<\/option><option value=\"Soir\u00e9e entre amis\"  class=\"choice-5 depth-1\"  >Soir\u00e9e entre amis<\/option><option value=\"R\u00e9union professionnelle\"  class=\"choice-6 depth-1\"  >R\u00e9union professionnelle<\/option><option value=\"\u00c9v\u00e8nement d&#039;entreprise\"  class=\"choice-7 depth-1\"  >\u00c9v\u00e8nement d&#8217;entreprise<\/option><\/select><\/div><div id=\"wpforms-249-field_4-container\" class=\"wpforms-field wpforms-field-number\" data-field-id=\"4\"><label class=\"wpforms-field-label\" for=\"wpforms-249-field_4\">Nombre de convives approximatif <span class=\"wpforms-required-label\" aria-hidden=\"true\">*<\/span><\/label><input type=\"number\" id=\"wpforms-249-field_4\" class=\"wpforms-field-medium wpforms-field-required\" name=\"wpforms[fields][4]\" step=\"any\" aria-errormessage=\"wpforms-249-field_4-error\" aria-describedby=\"wpforms-249-field_4-description\" required><div id=\"wpforms-249-field_4-description\" class=\"wpforms-field-description\">Indiquez le nombre de convives attendu \u00e0 votre \u00e9v\u00e8nement<\/div><\/div><div id=\"wpforms-249-field_5-container\" class=\"wpforms-field wpforms-field-number-slider\" data-field-id=\"5\"><label class=\"wpforms-field-label\" for=\"wpforms-249-field_5\">Budget estim\u00e9 en \u20ac<\/label>\n<input\n\ttype=\"range\"\n\tid=\"wpforms-249-field_5\" class=\"wpforms-field-medium\" name=\"wpforms[fields][5]\" value=\"100\" aria-errormessage=\"wpforms-249-field_5-error\" aria-describedby=\"wpforms-249-field_5-description\"\t\tmin=\"100\"\n\tmax=\"5000\"\n\tstep=\"50\">\n\n<div class=\"wpforms-field-number-slider-hint\"\n\tdata-hint=\"Valeur s\u00e9lectionn\u00e9e\u00a0: {value}\">\n\tValeur s\u00e9lectionn\u00e9e\u00a0: <b>100<\/b><\/div>\n<div id=\"wpforms-249-field_5-description\" class=\"wpforms-field-description\">Indiquez le budget maximal pour votre \u00e9v\u00e8nement, hors d&#8217;\u00e9ventuel frais de port<\/div><\/div><div id=\"wpforms-249-field_9-container\" class=\"wpforms-field wpforms-field-checkbox\" data-field-id=\"9\"><fieldset><legend class=\"wpforms-field-label\">Vos pr\u00e9f\u00e9rences <span class=\"wpforms-required-label\" aria-hidden=\"true\">*<\/span><\/legend><ul id=\"wpforms-249-field_9\" class=\"wpforms-field-required\"><li class=\"choice-1 depth-1\"><input type=\"checkbox\" id=\"wpforms-249-field_9_1\" name=\"wpforms[fields][9][]\" value=\"Vin Effervescent\" aria-errormessage=\"wpforms-249-field_9_1-error\" required ><label class=\"wpforms-field-label-inline\" for=\"wpforms-249-field_9_1\">Vin Effervescent<\/label><\/li><li class=\"choice-2 depth-1\"><input type=\"checkbox\" id=\"wpforms-249-field_9_2\" name=\"wpforms[fields][9][]\" value=\"Vin Blanc Sec\" aria-errormessage=\"wpforms-249-field_9_2-error\" required ><label class=\"wpforms-field-label-inline\" for=\"wpforms-249-field_9_2\">Vin Blanc Sec<\/label><\/li><li class=\"choice-3 depth-1\"><input type=\"checkbox\" id=\"wpforms-249-field_9_3\" name=\"wpforms[fields][9][]\" value=\"Vin Blanc Moelleux\/ Liquoreux\" aria-errormessage=\"wpforms-249-field_9_3-error\" required ><label class=\"wpforms-field-label-inline\" for=\"wpforms-249-field_9_3\">Vin Blanc Moelleux\/ Liquoreux<\/label><\/li><li class=\"choice-6 depth-1\"><input type=\"checkbox\" id=\"wpforms-249-field_9_6\" name=\"wpforms[fields][9][]\" value=\"Vin Ros\u00e9 Sec\" aria-errormessage=\"wpforms-249-field_9_6-error\" required ><label class=\"wpforms-field-label-inline\" for=\"wpforms-249-field_9_6\">Vin Ros\u00e9 Sec<\/label><\/li><li class=\"choice-5 depth-1\"><input type=\"checkbox\" id=\"wpforms-249-field_9_5\" name=\"wpforms[fields][9][]\" value=\"Vin Ros\u00e9 Demi Sec\" aria-errormessage=\"wpforms-249-field_9_5-error\" required ><label class=\"wpforms-field-label-inline\" for=\"wpforms-249-field_9_5\">Vin Ros\u00e9 Demi Sec<\/label><\/li><li class=\"choice-4 depth-1\"><input type=\"checkbox\" id=\"wpforms-249-field_9_4\" name=\"wpforms[fields][9][]\" value=\"Vin Rouge\" aria-errormessage=\"wpforms-249-field_9_4-error\" required ><label class=\"wpforms-field-label-inline\" for=\"wpforms-249-field_9_4\">Vin Rouge<\/label><\/li><\/ul><\/fieldset><\/div><div id=\"wpforms-249-field_7-container\" class=\"wpforms-field wpforms-field-textarea\" data-field-id=\"7\"><label class=\"wpforms-field-label\" for=\"wpforms-249-field_7\">Informations Compl\u00e9mentaires<\/label><textarea id=\"wpforms-249-field_7\" class=\"wpforms-field-medium\" name=\"wpforms[fields][7]\" aria-errormessage=\"wpforms-249-field_7-error\" aria-describedby=\"wpforms-249-field_7-description\" ><\/textarea><div id=\"wpforms-249-field_7-description\" class=\"wpforms-field-description\">Indiquez nous tout ce que vous souhaiter!<\/div><\/div><script>\n\t\t\t\t( function() {\n\t\t\t\t\tconst style = document.createElement( 'style' );\n\t\t\t\t\tstyle.appendChild( document.createTextNode( '#wpforms-249-field_6-container { position: absolute !important; overflow: hidden !important; display: inline !important; height: 1px !important; width: 1px !important; z-index: -1000 !important; padding: 0 !important; } #wpforms-249-field_6-container input { visibility: hidden; } #wpforms-conversational-form-page #wpforms-249-field_6-container label { counter-increment: none; }' ) );\n\t\t\t\t\tdocument.head.appendChild( style );\n\t\t\t\t\tdocument.currentScript?.remove();\n\t\t\t\t} )();\n\t\t\t<\/script><\/div><!-- .wpforms-field-container --><div class=\"wpforms-submit-container\" ><input type=\"hidden\" name=\"wpforms[id]\" value=\"249\"><input type=\"hidden\" name=\"page_title\" value=\"\"><input type=\"hidden\" name=\"page_url\" value=\"https:\/\/thefrenchywine.com\/en\/wp-json\/wp\/v2\/pages\/252\"><input type=\"hidden\" name=\"url_referer\" value=\"\"><button type=\"submit\" name=\"wpforms[submit]\" id=\"wpforms-submit-249\" class=\"wpforms-submit\" data-alt-text=\"Envoi...\" data-submit-text=\"Envoyer\" aria-live=\"assertive\" value=\"wpforms-submit\">Envoyer<\/button><img loading=\"lazy\" decoding=\"async\" src=\"https:\/\/thefrenchywine.com\/wp-content\/plugins\/wpforms-lite\/assets\/images\/submit-spin.svg\" class=\"wpforms-submit-spinner\" style=\"display: none;\" width=\"26\" height=\"26\" alt=\"Loading\"><\/div><\/form><\/div>  <!-- .wpforms-container -->","protected":false},"excerpt":{"rendered":"<p>Vous pr\u00e9parez un mariage, une f\u00eate, un anniversaire ou un \u00e9v\u00e9nement professionnel ?The Frenchy Wine vous propose une s\u00e9lection sur-mesure de vins fran\u00e7ais pour sublimer chaque moment. Remplissez ce formulaire pour recevoir une proposition personnalis\u00e9e, adapt\u00e9e \u00e0 vos go\u00fbts, votre budget et le nombre de convives.<\/p>","protected":false},"author":1,"featured_media":0,"parent":0,"menu_order":0,"comment_status":"closed","ping_status":"closed","template":"","meta":{"_acf_changed":false,"content-type":"","om_disable_all_campaigns":false,"_monsterinsights_skip_tracking":false,"_monsterinsights_sitenote_active":false,"_monsterinsights_sitenote_note":"","_monsterinsights_sitenote_category":0,"footnotes":""},"class_list":["post-252","page","type-page","status-publish","hentry"],"acf":[],"aioseo_notices":[],"_links":{"self":[{"href":"https:\/\/thefrenchywine.com\/en\/wp-json\/wp\/v2\/pages\/252","targetHints":{"allow":["GET"]}}],"collection":[{"href":"https:\/\/thefrenchywine.com\/en\/wp-json\/wp\/v2\/pages"}],"about":[{"href":"https:\/\/thefrenchywine.com\/en\/wp-json\/wp\/v2\/types\/page"}],"author":[{"embeddable":true,"href":"https:\/\/thefrenchywine.com\/en\/wp-json\/wp\/v2\/users\/1"}],"replies":[{"embeddable":true,"href":"https:\/\/thefrenchywine.com\/en\/wp-json\/wp\/v2\/comments?post=252"}],"version-history":[{"count":3,"href":"https:\/\/thefrenchywine.com\/en\/wp-json\/wp\/v2\/pages\/252\/revisions"}],"predecessor-version":[{"id":312,"href":"https:\/\/thefrenchywine.com\/en\/wp-json\/wp\/v2\/pages\/252\/revisions\/312"}],"wp:attachment":[{"href":"https:\/\/thefrenchywine.com\/en\/wp-json\/wp\/v2\/media?parent=252"}],"curies":[{"name":"wp","href":"https:\/\/api.w.org\/{rel}","templated":true}]}}